{"id":2504,"date":"2022-01-21T11:48:35","date_gmt":"2022-01-21T04:48:35","guid":{"rendered":"https:\/\/demo8.thuythu.com\/lebaostore\/product\/iphone-xr-128gb\/"},"modified":"2022-02-19T12:30:53","modified_gmt":"2022-02-19T05:30:53","slug":"iphone-xr-128gb-vn-a","status":"publish","type":"product","link":"https:\/\/demo8.thuythu.com\/lebaostore\/iphone\/iphone-xr\/iphone-xr-128gb-vn-a\/","title":{"rendered":"iPhone XR 128GB VN\/a"},"content":{"rendered":"<h3><strong>N\u1ed9i dung v\u1ec1 t\u00ednh n\u0103ng\u00a0<\/strong><\/h3>\n<p>iPhone XR s\u1edf h\u1eefu m\u00e0n h\u00ecnh Liquid Retina 6.1 inch<sup>1<\/sup>. S\u00e1u m\u00e0u s\u1eafc s\u1ed1ng \u0111\u1ed9ng. Face ID ti\u00ean ti\u1ebfn cho ph\u00e9p b\u1ea1n m\u1edf kh\u00f3a iPhone v\u00e0 \u0111\u0103ng nh\u1eadp an to\u00e0n v\u00e0o c\u00e1c \u1ee9ng d\u1ee5ng ch\u1ec9 v\u1edbi m\u1ed9t \u00e1nh nh\u00ecn. Chip A12 Bionic s\u1eed d\u1ee5ng c\u00f4ng ngh\u1ec7 m\u00e1y h\u1ecdc theo th\u1eddi gian th\u1ef1c \u0111\u1ec3 thay \u0111\u1ed5i c\u00e1ch b\u1ea1n ch\u1ee5p \u1ea3nh, ch\u01a1i game, tr\u1ea3i nghi\u1ec7m th\u1ef1c t\u1ebf \u1ea3o t\u0103ng c\u01b0\u1eddng v\u00e0 h\u01a1n th\u1ebf n\u1eefa. H\u1ec7 th\u1ed1ng camera 12MP v\u1edbi ch\u1ebf \u0111\u1ed9 ch\u1ee5p Ch\u00e2n Dung, hi\u1ec7u \u1ee9ng Chi\u1ebfu S\u00e1ng Ch\u00e2n Dung, hi\u1ec7u \u1ee9ng bokeh n\u00e2ng cao v\u00e0 Depth Control \u0111\u1ec3 ch\u1ee5p \u1ea3nh ch\u00e2n dung ch\u1ea5t l\u01b0\u1ee3ng studio. C\u00f9ng v\u1edbi thi\u1ebft k\u1ebf ch\u1ed1ng n\u01b0\u1edbc<sup>2<\/sup>.<\/p>\n<h3><strong>T\u00ednh n\u0103ng n\u1ed5i b\u1eadt\u00a0<\/strong><\/h3>\n<p>\u2022 M\u00e0n h\u00ecnh Liquid Retina HD LCD 6.1 inch<sup>1<\/sup><\/p>\n<p>\u2022 Ch\u1ed1ng n\u01b0\u1edbc v\u00e0 ch\u1ed1ng b\u1ee5i (ch\u1ed1ng n\u01b0\u1edbc \u1edf \u0111\u1ed9 s\u00e2u 1 m\u00e9t trong v\u00f2ng t\u1ed1i \u0111a 30 ph\u00fat, \u0111\u1ea1t m\u1ee9c IP67)<sup>2<\/sup><\/p>\n<p>\u2022 Camera Wide 12MP v\u1edbi ch\u1ebf \u0111\u1ed9 Ch\u00e2n Dung, hi\u1ec7u \u1ee9ng Chi\u1ebfu S\u00e1ng Ch\u00e2n Dung, Depth Control, HDR th\u00f4ng minh, v\u00e0 video 4K t\u1ed1c \u0111\u1ed9 t\u1ed1i \u0111a 60 fps<\/p>\n<p>\u2022 H\u1ec7 th\u1ed1ng camera tr\u01b0\u1edbc TrueDepth 7MP v\u1edbi ch\u1ebf \u0111\u1ed9 Ch\u00e2n Dung, hi\u1ec7u \u1ee9ng Chi\u1ebfu S\u00e1ng Ch\u00e2n Dung, Depth Control, v\u00e0 kh\u1ea3 n\u0103ng quay video 1080p<\/p>\n<p>\u2022 X\u00e1c th\u1ef1c b\u1ea3o m\u1eadt v\u1edbi Face ID<\/p>\n<p>\u2022 A12 Bionic v\u1edbi Neural Engine th\u1ebf h\u1ec7 th\u1ee9 hai<\/p>\n<p>\u2022 Kh\u1ea3 n\u0103ng s\u1ea1c nhanh<\/p>\n<p>\u2022 S\u1ea1c kh\u00f4ng d\u00e2y<sup>3<\/sup><\/p>\n<p>\u2022 iOS 14 v\u1edbi c\u00e1c ti\u1ec7n \u00edch \u0111\u01b0\u1ee3c thi\u1ebft k\u1ebf l\u1ea1i tr\u00ean M\u00e0n H\u00ecnh Ch\u00ednh, Th\u01b0 Vi\u1ec7n \u1ee8ng D\u1ee5ng ho\u00e0n to\u00e0n m\u1edbi, App Clips c\u00f9ng nhi\u1ec1u t\u00ednh n\u0103ng kh\u00e1c.<\/p>\n<h3><strong>Ph\u00e1p l\u00fd\u00a0<\/strong><\/h3>\n<p><sup><span style=\"font-size: 10.8333px;\">1<\/span><\/sup>M\u00e0n h\u00ecnh c\u00f3 c\u00e1c g\u00f3c bo tr\u00f2n. Khi t\u00ednh theo h\u00ecnh ch\u1eef nh\u1eadt, k\u00edch th\u01b0\u1edbc m\u00e0n h\u00ecnh iPhone XR l\u00e0 6.06 inch theo \u0111\u01b0\u1eddng ch\u00e9o. Di\u1ec7n t\u00edch hi\u1ec3n th\u1ecb th\u1ef1c t\u1ebf nh\u1ecf h\u01a1n.<\/p>\n<p><sup>2<\/sup>iPhone XR c\u00f3 kh\u1ea3 n\u0103ng ch\u1ed1ng tia n\u01b0\u1edbc, ch\u1ed1ng n\u01b0\u1edbc v\u00e0 ch\u1ed1ng b\u1ee5i. S\u1ea3n ph\u1ea9m \u0111\u00e3 qua ki\u1ec3m nghi\u1ec7m trong \u0111i\u1ec1u ki\u1ec7n ph\u00f2ng th\u00ed nghi\u1ec7m c\u00f3 ki\u1ec3m so\u00e1t \u0111\u1ea1t m\u1ee9c IP67 theo ti\u00eau chu\u1ea9n IEC 60529 (ch\u1ed1ng n\u01b0\u1edbc \u1edf \u0111\u1ed9 s\u00e2u t\u1ed1i \u0111a 1 m\u00e9t trong v\u00f2ng t\u1ed1i \u0111a 30 ph\u00fat). Kh\u1ea3 n\u0103ng ch\u1ed1ng tia n\u01b0\u1edbc, ch\u1ed1ng n\u01b0\u1edbc v\u00e0 ch\u1ed1ng b\u1ee5i kh\u00f4ng ph\u1ea3i l\u00e0 c\u00e1c \u0111i\u1ec1u ki\u1ec7n v\u0129nh vi\u1ec5n, v\u00e0 kh\u1ea3 n\u0103ng n\u00e0y c\u00f3 th\u1ec3 gi\u1ea3m do hao m\u00f2n th\u00f4ng th\u01b0\u1eddng. Kh\u00f4ng s\u1ea1c pin khi iPhone \u0111ang b\u1ecb \u01b0\u1edbt. Vui l\u00f2ng tham kh\u1ea3o h\u01b0\u1edbng d\u1eabn s\u1eed d\u1ee5ng \u0111\u1ec3 bi\u1ebft c\u00e1ch lau s\u1ea1ch v\u00e0 l\u00e0m kh\u00f4 m\u00e1y. Kh\u00f4ng b\u1ea3o h\u00e0nh s\u1ea3n ph\u1ea9m b\u1ecb h\u1ecfng do th\u1ea5m ch\u1ea5t l\u1ecfng.<\/p>\n<p><sup>3<\/sup>Kh\u00f4ng b\u00e1n k\u00e8m b\u1ed9 s\u1ea1c kh\u00f4ng d\u00e2y Qi.<\/p>\n<div class=\"bg-article\"><\/div>\n<p><a class=\"btn-detail\">Xem th\u00eam<\/a><\/p>\n","protected":false},"excerpt":{"rendered":"<p>N\u1ed9i dung v\u1ec1 t\u00ednh n\u0103ng\u00a0 iPhone XR s\u1edf h\u1eefu m\u00e0n h\u00ecnh Liquid Retina 6.1 inch1. S\u00e1u m\u00e0u s\u1eafc s\u1ed1ng \u0111\u1ed9ng. Face ID ti\u00ean ti\u1ebfn cho ph\u00e9p b\u1ea1n m\u1edf kh\u00f3a iPhone v\u00e0 \u0111\u0103ng nh\u1eadp an to\u00e0n v\u00e0o c\u00e1c \u1ee9ng d\u1ee5ng ch\u1ec9 v\u1edbi m\u1ed9t \u00e1nh nh\u00ecn. Chip A12 Bionic s\u1eed d\u1ee5ng c\u00f4ng ngh\u1ec7 m\u00e1y h\u1ecdc theo th\u1eddi &#8230; <a title=\"iPhone XR 128GB VN\/a\" class=\"read-more\" href=\"https:\/\/demo8.thuythu.com\/lebaostore\/iphone\/iphone-xr\/iphone-xr-128gb-vn-a\/\" aria-label=\"More on iPhone XR 128GB VN\/a\">Read more<\/a><\/p>\n","protected":false},"featured_media":532,"template":"","meta":[],"product_cat":[16,84],"product_tag":[],"_links":{"self":[{"href":"https:\/\/demo8.thuythu.com\/lebaostore\/wp-json\/wp\/v2\/product\/2504"}],"collection":[{"href":"https:\/\/demo8.thuythu.com\/lebaostore\/wp-json\/wp\/v2\/product"}],"about":[{"href":"https:\/\/demo8.thuythu.com\/lebaostore\/wp-json\/wp\/v2\/types\/product"}],"wp:featuredmedia":[{"embeddable":true,"href":"https:\/\/demo8.thuythu.com\/lebaostore\/wp-json\/wp\/v2\/media\/532"}],"wp:attachment":[{"href":"https:\/\/demo8.thuythu.com\/lebaostore\/wp-json\/wp\/v2\/media?parent=2504"}],"wp:term":[{"taxonomy":"product_cat","embeddable":true,"href":"https:\/\/demo8.thuythu.com\/lebaostore\/wp-json\/wp\/v2\/product_cat?post=2504"},{"taxonomy":"product_tag","embeddable":true,"href":"https:\/\/demo8.thuythu.com\/lebaostore\/wp-json\/wp\/v2\/product_tag?post=2504"}],"curies":[{"name":"wp","href":"https:\/\/api.w.org\/{rel}","templated":true}]}}