{"id":2670,"date":"2022-01-21T11:49:34","date_gmt":"2022-01-21T04:49:34","guid":{"rendered":"https:\/\/demo8.thuythu.com\/lebaostore\/product\/macbook-pro-14-inch-m1-pro-2021-ram-16-gb-ssd-512-gb\/"},"modified":"2022-03-07T21:58:22","modified_gmt":"2022-03-07T14:58:22","slug":"macbook-pro-14-inch-m1-pro-2021-ram-16-gb-ssd-512-gb","status":"publish","type":"product","link":"https:\/\/demo8.thuythu.com\/lebaostore\/mac\/macbook-pro\/macbook-pro-14-inch-m1-pro-2021-ram-16-gb-ssd-512-gb\/","title":{"rendered":"MacBook Pro 14 inch M1 Pro 2021 RAM 16 GB &#8211; SSD 512 GB"},"content":{"rendered":"<h3><strong>N\u1ed9i dung v\u1ec1 t\u00ednh n\u0103ng<\/strong><\/h3>\n<p>MacBook Pro m\u1edbi mang \u0111\u1ebfn hi\u1ec7u n\u0103ng cao \u1ea5n t\u01b0\u1ee3ng cho ng\u01b0\u1eddi d\u00f9ng pro. L\u1ef1a ch\u1ecdn M1 Pro m\u1ea1nh m\u1ebd hay M1 Max c\u00f2n m\u1ea1nh h\u01a1n th\u1ebf \u0111\u1ec3 t\u0103ng t\u1ed1c x\u1eed l\u00fd c\u00e1c lu\u1ed3ng c\u00f4ng vi\u1ec7c \u0111\u1eb3ng c\u1ea5p pro c\u00f9ng th\u1eddi l\u01b0\u1ee3ng pin \u0111\u00e1ng kinh ng\u1ea1c.<sup>1<\/sup> V\u1edbi m\u00e0n h\u00ecnh Liquid Retina XDR 14 inch s\u1ed1ng \u0111\u1ed9ng v\u00e0 nhi\u1ec1u c\u1ed5ng k\u1ebft n\u1ed1i chuy\u00ean nghi\u1ec7p, b\u1ea1n c\u00f3 th\u1ec3 l\u00e0m \u0111\u01b0\u1ee3c nhi\u1ec1u vi\u1ec7c h\u01a1n bao gi\u1edd h\u1ebft v\u1edbi MacBook Pro.<sup>2<\/sup><\/p>\n<h3><strong>T\u00ednh n\u0103ng n\u1ed5i b\u1eadt<\/strong><\/h3>\n<p>\u2022\u00a0Chip M1 Max ho\u1eb7c M1 Pro do Apple thi\u1ebft k\u1ebf t\u1ea1o ra m\u1ed9t c\u00fa nh\u1ea3y v\u1ecdt v\u1ec1 hi\u1ec7u n\u0103ng m\u00e1y h\u1ecdc, CPU v\u00e0 GPU<\/p>\n<p>\u2022\u00a0CPU l\u00ean \u0111\u1ebfn 10 l\u00f5i cho hi\u1ec7u n\u0103ng nhanh h\u01a1n \u0111\u1ebfn 3.7x, x\u1eed l\u00fd c\u00e1c lu\u1ed3ng c\u00f4ng vi\u1ec7c chuy\u00ean nghi\u1ec7p nhanh h\u01a1n bao gi\u1edd h\u1ebft<sup>3<\/sup><\/p>\n<p>\u2022\u00a0GPU l\u00ean \u0111\u1ebfn 32 l\u00f5i v\u1edbi t\u1ed1c \u0111\u1ed9 x\u1eed l\u00fd \u0111\u1ed3 h\u1ecda nhanh h\u01a1n \u0111\u1ebfn 13x cho c\u00e1c \u1ee9ng d\u1ee5ng v\u00e0 game c\u00f3 \u0111\u1ed3 h\u1ecda kh\u1ee7ng<sup>3<\/sup><\/p>\n<p>\u2022\u00a0Neural Engine 16 l\u00f5i cho hi\u1ec7u n\u0103ng m\u00e1y h\u1ecdc nhanh h\u01a1n \u0111\u1ebfn 11x<sup>3<\/sup><\/p>\n<p>\u2022\u00a0Th\u1eddi l\u01b0\u1ee3ng pin l\u00e2u h\u01a1n, l\u00ean \u0111\u1ebfn 17 gi\u1edd<sup>1<\/sup><\/p>\n<p>\u2022\u00a0B\u1ed9 nh\u1edb th\u1ed1ng nh\u1ea5t l\u00ean \u0111\u1ebfn 64GB gi\u00fap b\u1ea1n l\u00e0m vi\u1ec7c g\u00ec c\u0169ng nhanh ch\u00f3ng v\u00e0 tr\u00f4i ch\u1ea3y<\/p>\n<p>\u2022\u00a0\u1ed4 l\u01b0u tr\u1eef SSD si\u00eau nhanh l\u00ean \u0111\u1ebfn 8TB gi\u00fap m\u1edf c\u00e1c \u1ee9ng d\u1ee5ng v\u00e0 t\u1eadp tin ch\u1ec9 trong t\u00edch t\u1eafc<\/p>\n<p>\u2022\u00a0M\u00e0n h\u00ecnh Liquid Retina XDR 14 inch s\u1eafc n\u00e9t v\u1edbi Extreme Dynamic Range v\u00e0 t\u1ef7 l\u1ec7 t\u01b0\u01a1ng ph\u1ea3n c\u1ef1c cao<sup>2<\/sup><\/p>\n<p>\u2022\u00a0Camera FaceTime HD 1080p v\u1edbi b\u1ed9 x\u1eed l\u00fd t\u00edn hi\u1ec7u h\u00ecnh \u1ea3nh ti\u00ean ti\u1ebfn cho c\u00e1c cu\u1ed9c g\u1ecdi video s\u1eafc n\u00e9t h\u01a1n<\/p>\n<p>\u2022\u00a0H\u1ec7 th\u1ed1ng \u00e2m thanh 6 loa v\u1edbi loa tr\u1ea7m kh\u1eed l\u1ef1c<\/p>\n<p>\u2022\u00a0Ba micro ph\u1ed1i h\u1ee3p chu\u1ea9n studio thu gi\u1ecdng n\u00f3i c\u1ee7a b\u1ea1n r\u00f5 h\u01a1n<\/p>\n<p>\u2022\u00a0Ba c\u1ed5ng Thunderbolt 4, c\u1ed5ng HDMI, khe th\u1ebb nh\u1edb SDXC, jack c\u1eafm tai nghe, c\u1ed5ng MagSafe 3<\/p>\n<p>\u2022\u00a0Wi-Fi 6 th\u1ebf h\u1ec7 m\u1edbi gi\u00fap k\u1ebft n\u1ed1i nhanh h\u01a1n<\/p>\n<p>\u2022\u00a0B\u00e0n ph\u00edm Magic Keyboard c\u00f3 \u0111\u00e8n n\u1ec1n v\u00e0 Touch ID gi\u00fap m\u1edf kh\u00f3a v\u00e0 thanh to\u00e1n an to\u00e0n h\u01a1n macOS Monterey cho ph\u00e9p b\u1ea1n k\u1ebft n\u1ed1i, chia s\u1ebb v\u00e0 s\u00e1ng t\u1ea1o h\u01a1n bao gi\u1edd h\u1ebft, v\u1edbi c\u00e1c b\u1ea3n c\u1eadp nh\u1eadt FaceTime m\u1edbi \u0111\u1ea7y th\u00fa v\u1ecb v\u00e0 Safari \u0111\u00e3 \u0111\u01b0\u1ee3c thi\u1ebft k\u1ebf l\u1ea1i<\/p>\n<p>\u2022\u00a0Hi\u1ec7n c\u00f3 m\u00e0u x\u00e1m b\u1ea1c v\u00e0 b\u1ea1c<\/p>\n<h3><strong>Ph\u00e1p l\u00fd<\/strong><\/h3>\n<p>Hi\u1ec7n c\u00f3 s\u1eb5n c\u00e1c l\u1ef1a ch\u1ecdn \u0111\u1ec3 n\u00e2ng c\u1ea5p.<\/p>\n<p><sup>1<\/sup>Th\u1eddi l\u01b0\u1ee3ng pin kh\u00e1c nhau t\u00f9y theo c\u00e1ch s\u1eed d\u1ee5ng v\u00e0 c\u1ea5u h\u00ecnh. Truy c\u1eadp apple.com\/batteries \u0111\u1ec3 bi\u1ebft th\u00eam th\u00f4ng tin.<\/p>\n<p><sup>2<\/sup>M\u00e0n h\u00ecnh c\u1ee7a MacBook Pro 14 inch c\u00f3 c\u00e1c g\u00f3c tr\u00ean \u0111\u01b0\u1ee3c bo tr\u00f2n. Khi t\u00ednh theo h\u00ecnh ch\u1eef nh\u1eadt chu\u1ea9n, k\u00edch th\u01b0\u1edbc m\u00e0n h\u00ecnh theo \u0111\u01b0\u1eddng ch\u00e9o l\u00e0 14.2 inch (di\u1ec7n t\u00edch hi\u1ec3n th\u1ecb th\u1ef1c t\u1ebf nh\u1ecf h\u01a1n).<\/p>\n<p><sup>3<\/sup>So v\u1edbi th\u1ebf h\u1ec7 tr\u01b0\u1edbc.<\/p>\n<div class=\"bg-article\"><\/div>\n<p><a class=\"btn-detail\">Xem th\u00eam<\/a><\/p>\n","protected":false},"excerpt":{"rendered":"<p>N\u1ed9i dung v\u1ec1 t\u00ednh n\u0103ng MacBook Pro m\u1edbi mang \u0111\u1ebfn hi\u1ec7u n\u0103ng cao \u1ea5n t\u01b0\u1ee3ng cho ng\u01b0\u1eddi d\u00f9ng pro. L\u1ef1a ch\u1ecdn M1 Pro m\u1ea1nh m\u1ebd hay M1 Max c\u00f2n m\u1ea1nh h\u01a1n th\u1ebf \u0111\u1ec3 t\u0103ng t\u1ed1c x\u1eed l\u00fd c\u00e1c lu\u1ed3ng c\u00f4ng vi\u1ec7c \u0111\u1eb3ng c\u1ea5p pro c\u00f9ng th\u1eddi l\u01b0\u1ee3ng pin \u0111\u00e1ng kinh ng\u1ea1c.1 V\u1edbi m\u00e0n h\u00ecnh Liquid &#8230; <a title=\"MacBook Pro 14 inch M1 Pro 2021 RAM 16 GB &#8211; SSD 512 GB\" class=\"read-more\" href=\"https:\/\/demo8.thuythu.com\/lebaostore\/mac\/macbook-pro\/macbook-pro-14-inch-m1-pro-2021-ram-16-gb-ssd-512-gb\/\" aria-label=\"More on MacBook Pro 14 inch M1 Pro 2021 RAM 16 GB &#8211; SSD 512 GB\">Read more<\/a><\/p>\n","protected":false},"featured_media":2015,"template":"","meta":[],"product_cat":[31,20],"product_tag":[],"_links":{"self":[{"href":"https:\/\/demo8.thuythu.com\/lebaostore\/wp-json\/wp\/v2\/product\/2670"}],"collection":[{"href":"https:\/\/demo8.thuythu.com\/lebaostore\/wp-json\/wp\/v2\/product"}],"about":[{"href":"https:\/\/demo8.thuythu.com\/lebaostore\/wp-json\/wp\/v2\/types\/product"}],"wp:featuredmedia":[{"embeddable":true,"href":"https:\/\/demo8.thuythu.com\/lebaostore\/wp-json\/wp\/v2\/media\/2015"}],"wp:attachment":[{"href":"https:\/\/demo8.thuythu.com\/lebaostore\/wp-json\/wp\/v2\/media?parent=2670"}],"wp:term":[{"taxonomy":"product_cat","embeddable":true,"href":"https:\/\/demo8.thuythu.com\/lebaostore\/wp-json\/wp\/v2\/product_cat?post=2670"},{"taxonomy":"product_tag","embeddable":true,"href":"https:\/\/demo8.thuythu.com\/lebaostore\/wp-json\/wp\/v2\/product_tag?post=2670"}],"curies":[{"name":"wp","href":"https:\/\/api.w.org\/{rel}","templated":true}]}}