{"id":2673,"date":"2022-01-21T11:49:34","date_gmt":"2022-01-21T04:49:34","guid":{"rendered":"https:\/\/demo8.thuythu.com\/lebaostore\/product\/macbook-pro-13-inch-m1-2020-ram-8-gb-ssd-512-gb\/"},"modified":"2022-03-07T21:52:47","modified_gmt":"2022-03-07T14:52:47","slug":"macbook-pro-13-inch-m1-2020-ram-8-gb-ssd-512-gb","status":"publish","type":"product","link":"https:\/\/demo8.thuythu.com\/lebaostore\/mac\/macbook-pro\/macbook-pro-13-inch-m1-2020-ram-8-gb-ssd-512-gb\/","title":{"rendered":"MacBook Pro 13 inch M1 2020 RAM 8 GB &#8211; SSD 512 GB"},"content":{"rendered":"<p><img class=\" lazyloaded\" title=\"MacBook Pro M1 2020 - Gi\u1edbi thi\u1ec7u\" src=\"https:\/\/demo8.thuythu.com\/lebaostore\/wp-content\/uploads\/2022\/01\/apple-macbook-pro-2020-z11c-s-1.jpg\" alt=\"MacBook Pro M1 2020 - Gi\u1edbi thi\u1ec7u\" data-src=\"https:\/\/demo8.thuythu.com\/lebaostore\/wp-content\/uploads\/2022\/01\/apple-macbook-pro-2020-z11c-s-1.jpg\" \/><img class=\" lazyloaded\" title=\"MacBook Pro M1 2020 - Chip M1\" src=\"https:\/\/demo8.thuythu.com\/lebaostore\/wp-content\/uploads\/2022\/01\/apple-macbook-pro-2020-z11c-s-2.jpg\" alt=\"MacBook Pro M1 2020 - Chip M1\" data-src=\"https:\/\/demo8.thuythu.com\/lebaostore\/wp-content\/uploads\/2022\/01\/apple-macbook-pro-2020-z11c-s-2.jpg\" \/><img class=\" lazyloaded\" title=\"MacBook Pro M1 2020 - CPU\" src=\"https:\/\/demo8.thuythu.com\/lebaostore\/wp-content\/uploads\/2022\/01\/apple-macbook-pro-2020-z11c-s-3.jpg\" alt=\"MacBook Pro M1 2020 - CPU\" data-src=\"https:\/\/demo8.thuythu.com\/lebaostore\/wp-content\/uploads\/2022\/01\/apple-macbook-pro-2020-z11c-s-3.jpg\" \/><img class=\" lazyloaded\" title=\"MacBook Pro M1 2020 - GPU\" src=\"https:\/\/demo8.thuythu.com\/lebaostore\/wp-content\/uploads\/2022\/01\/apple-macbook-pro-2020-z11c-s-4.jpg\" alt=\"MacBook Pro M1 2020 - GPU\" data-src=\"https:\/\/demo8.thuythu.com\/lebaostore\/wp-content\/uploads\/2022\/01\/apple-macbook-pro-2020-z11c-s-4.jpg\" \/><img class=\" lazyloaded\" title=\"MacBook Pro M1 2020 - Neural Engine\" src=\"https:\/\/demo8.thuythu.com\/lebaostore\/wp-content\/uploads\/2022\/01\/apple-macbook-pro-2020-z11c-s-5.jpg\" alt=\"MacBook Pro M1 2020 - Neural Engine\" data-src=\"https:\/\/demo8.thuythu.com\/lebaostore\/wp-content\/uploads\/2022\/01\/apple-macbook-pro-2020-z11c-s-5.jpg\" \/><img class=\" lazyloaded\" title=\"MacBook Pro M1 2020 - macOS Big Sur\" src=\"https:\/\/demo8.thuythu.com\/lebaostore\/wp-content\/uploads\/2022\/01\/apple-macbook-pro-2020-z11c-s-6.jpg\" alt=\"MacBook Pro M1 2020 - macOS Big Sur\" data-src=\"https:\/\/demo8.thuythu.com\/lebaostore\/wp-content\/uploads\/2022\/01\/apple-macbook-pro-2020-z11c-s-6.jpg\" \/><img class=\" lazyloaded\" title=\"MacBook Pro M1 2020 - B\u1ed9 s\u01b0u t\u1eadp\" src=\"https:\/\/demo8.thuythu.com\/lebaostore\/wp-content\/uploads\/2022\/01\/apple-macbook-pro-2020-z11c-s-7.jpg\" alt=\"MacBook Pro M1 2020 - B\u1ed9 s\u01b0u t\u1eadp\" data-src=\"https:\/\/demo8.thuythu.com\/lebaostore\/wp-content\/uploads\/2022\/01\/apple-macbook-pro-2020-z11c-s-7.jpg\" \/><img class=\" lazyloaded\" title=\"MacBook Pro M1 2020 - Th\u00f4ng tin pin\" src=\"https:\/\/demo8.thuythu.com\/lebaostore\/wp-content\/uploads\/2022\/01\/apple-macbook-pro-2020-z11c-s-8.jpg\" alt=\"MacBook Pro M1 2020 - Th\u00f4ng tin pin\" data-src=\"https:\/\/demo8.thuythu.com\/lebaostore\/wp-content\/uploads\/2022\/01\/apple-macbook-pro-2020-z11c-s-8.jpg\" \/><img class=\" lazyloaded\" title=\"MacBook Pro M1 2020 - SSD\" src=\"https:\/\/demo8.thuythu.com\/lebaostore\/wp-content\/uploads\/2022\/01\/apple-macbook-pro-2020-z11c-s-9.jpg\" alt=\"MacBook Pro M1 2020 - SSD\" data-src=\"https:\/\/demo8.thuythu.com\/lebaostore\/wp-content\/uploads\/2022\/01\/apple-macbook-pro-2020-z11c-s-9.jpg\" \/><img class=\" lazyloaded\" title=\"MacBook Pro M1 2020 - B\u1ea3o m\u1eadt\" src=\"https:\/\/demo8.thuythu.com\/lebaostore\/wp-content\/uploads\/2022\/01\/apple-macbook-pro-2020-z11c-s-10.jpg\" alt=\"MacBook Pro M1 2020 - B\u1ea3o m\u1eadt\" data-src=\"https:\/\/demo8.thuythu.com\/lebaostore\/wp-content\/uploads\/2022\/01\/apple-macbook-pro-2020-z11c-s-10.jpg\" \/><img class=\" lazyloaded\" title=\"MacBook Pro M1 2020 - M\u00e0n h\u00ecnh\" src=\"https:\/\/demo8.thuythu.com\/lebaostore\/wp-content\/uploads\/2022\/01\/apple-macbook-pro-2020-z11c-s-11.jpg\" alt=\"MacBook Pro M1 2020 - M\u00e0n h\u00ecnh\" data-src=\"https:\/\/demo8.thuythu.com\/lebaostore\/wp-content\/uploads\/2022\/01\/apple-macbook-pro-2020-z11c-s-11.jpg\" \/><img class=\" lazyloaded\" title=\"MacBook Pro M1 2020 - \u0110\u1ed9 s\u00e1ng\" src=\"https:\/\/demo8.thuythu.com\/lebaostore\/wp-content\/uploads\/2022\/01\/apple-macbook-pro-2020-z11c-s-12.jpg\" alt=\"MacBook Pro M1 2020 - \u0110\u1ed9 s\u00e1ng\" data-src=\"https:\/\/demo8.thuythu.com\/lebaostore\/wp-content\/uploads\/2022\/01\/apple-macbook-pro-2020-z11c-s-12.jpg\" \/><img class=\" lazyloaded\" title=\"MacBook Pro M1 2020 - True Tone\" src=\"https:\/\/demo8.thuythu.com\/lebaostore\/wp-content\/uploads\/2022\/01\/apple-macbook-pro-2020-z11c-s-13.jpg\" alt=\"MacBook Pro M1 2020 - True Tone\" data-src=\"https:\/\/demo8.thuythu.com\/lebaostore\/wp-content\/uploads\/2022\/01\/apple-macbook-pro-2020-z11c-s-13.jpg\" \/><img class=\" lazyloaded\" title=\"MacBook Pro M1 2020 - Camera\" src=\"https:\/\/demo8.thuythu.com\/lebaostore\/wp-content\/uploads\/2022\/01\/apple-macbook-pro-2020-z11c-s-14.jpg\" alt=\"MacBook Pro M1 2020 - Camera\" data-src=\"https:\/\/demo8.thuythu.com\/lebaostore\/wp-content\/uploads\/2022\/01\/apple-macbook-pro-2020-z11c-s-14.jpg\" \/><img class=\" lazyloaded\" title=\"MacBook Pro M1 2020 - Face Time\" src=\"https:\/\/demo8.thuythu.com\/lebaostore\/wp-content\/uploads\/2022\/01\/apple-macbook-pro-2020-z11c-s-15.jpg\" alt=\"MacBook Pro M1 2020 - Face Time\" data-src=\"https:\/\/demo8.thuythu.com\/lebaostore\/wp-content\/uploads\/2022\/01\/apple-macbook-pro-2020-z11c-s-15.jpg\" \/><img class=\"lazyload\" title=\"MacBook Pro M1 2020 - B\u00e0n ph\u00edm\" alt=\"MacBook Pro M1 2020 - B\u00e0n ph\u00edm\" data-src=\"https:\/\/demo8.thuythu.com\/lebaostore\/wp-content\/uploads\/2022\/01\/apple-macbook-pro-2020-z11c-s-16.jpg\" \/><img class=\"lazyload\" title=\"MacBook Pro M1 2020 - Touch Bar\" alt=\"MacBook Pro M1 2020 - Touch Bar\" data-src=\"https:\/\/demo8.thuythu.com\/lebaostore\/wp-content\/uploads\/2022\/01\/apple-macbook-pro-2020-z11c-s-17.jpg\" \/><img class=\"lazyload\" title=\"MacBook Pro M1 2020 - Touch ID\" alt=\"MacBook Pro M1 2020 - Touch ID\" data-src=\"https:\/\/demo8.thuythu.com\/lebaostore\/wp-content\/uploads\/2022\/01\/apple-macbook-pro-2020-z11c-s-18.jpg\" \/><img class=\"lazyload\" title=\"MacBook Pro M1 2020 - K\u1ebft n\u1ed1i\" alt=\"MacBook Pro M1 2020 - K\u1ebft n\u1ed1i\" data-src=\"https:\/\/demo8.thuythu.com\/lebaostore\/wp-content\/uploads\/2022\/01\/apple-macbook-pro-2020-z11c-s-19.jpg\" \/><img class=\"lazyload\" title=\"MacBook Pro M1 2020 - WiFi \" alt=\"MacBook Pro M1 2020 - WiFi \" data-src=\"https:\/\/demo8.thuythu.com\/lebaostore\/wp-content\/uploads\/2022\/01\/apple-macbook-pro-2020-z11c-s-20.jpg\" \/><\/p>\n<h3><strong>N\u1ed9i dung v\u1ec1 t\u00ednh n\u0103ng<\/strong><\/h3>\n<p>Chip Apple M1 \u0111\u1ecbnh ngh\u0129a l\u1ea1i MacBook Pro 13 inch. S\u1edf h\u1eefu CPU 8 l\u00f5i x\u1eed l\u00fd si\u00eau t\u1ed1c c\u00e1c lu\u1ed3ng c\u00f4ng vi\u1ec7c ph\u1ee9c h\u1ee3p\u00a0trong l\u0129nh v\u1ef1c h\u00ecnh \u1ea3nh, m\u00e3 h\u00f3a, bi\u00ean t\u1eadp video c\u00f9ng nhi\u1ec1u vi\u1ec7c kh\u00e1c. GPU 8 l\u00f5i si\u00eau m\u1ea1nh x\u1eed l\u00fd g\u1ecdn c\u00e1c t\u00e1c v\u1ee5 \u0111\u1ed3\u00a0h\u1ecda kh\u1ee7ng v\u00e0 ch\u1ea1y game si\u00eau m\u01b0\u1ee3t. Neural Engine 16 l\u00f5i ti\u00ean ti\u1ebfn t\u0103ng c\u01b0\u1eddng s\u1ee9c m\u1ea1nh c\u00f4ng ngh\u1ec7 m\u00e1y h\u1ecdc t\u00edch\u00a0h\u1ee3p trong c\u00e1c \u1ee9ng d\u1ee5ng y\u00eau th\u00edch c\u1ee7a b\u1ea1n. B\u1ed9 nh\u1edb th\u1ed1ng nh\u1ea5t si\u00eau nhanh cho m\u1ecdi ho\u1ea1t \u0111\u1ed9ng m\u01b0\u1ee3t m\u00e0. V\u00e0 th\u1eddi\u00a0l\u01b0\u1ee3ng pin d\u00e0i nh\u1ea5t t\u1eebng c\u00f3 tr\u00ean m\u00e1y Mac, l\u00ean \u0111\u1ebfn 20 gi\u1edd.<sup>1<\/sup>\u00a0\u0110\u00e2y ch\u00ednh l\u00e0 chi\u1ebfc m\u00e1y t\u00ednh x\u00e1ch tay chuy\u00ean nghi\u1ec7p th\u1ecbnh\u00a0h\u00e0nh nh\u1ea5t c\u1ee7a Apple. Hi\u1ec7u n\u0103ng cao h\u01a1n h\u1eb3n, pro h\u01a1n h\u1eb3n.<\/p>\n<h3><strong>Ph\u00e1p l\u00fd<\/strong><\/h3>\n<p><sup>1<\/sup>Th\u1eddi l\u01b0\u1ee3ng pin kh\u00e1c nhau t\u00f9y theo c\u00e1ch s\u1eed d\u1ee5ng v\u00e0 c\u1ea5u h\u00ecnh. Truy c\u1eadp apple.com\/batteries \u0111\u1ec3 bi\u1ebft th\u00eam th\u00f4ng tin.<\/p>\n<div class=\"bg-article\"><\/div>\n<p><a class=\"btn-detail\">Xem th\u00eam<\/a><\/p>\n","protected":false},"excerpt":{"rendered":"<p>N\u1ed9i dung v\u1ec1 t\u00ednh n\u0103ng Chip Apple M1 \u0111\u1ecbnh ngh\u0129a l\u1ea1i MacBook Pro 13 inch. S\u1edf h\u1eefu CPU 8 l\u00f5i x\u1eed l\u00fd si\u00eau t\u1ed1c c\u00e1c lu\u1ed3ng c\u00f4ng vi\u1ec7c ph\u1ee9c h\u1ee3p\u00a0trong l\u0129nh v\u1ef1c h\u00ecnh \u1ea3nh, m\u00e3 h\u00f3a, bi\u00ean t\u1eadp video c\u00f9ng nhi\u1ec1u vi\u1ec7c kh\u00e1c. GPU 8 l\u00f5i si\u00eau m\u1ea1nh x\u1eed l\u00fd g\u1ecdn c\u00e1c t\u00e1c v\u1ee5 \u0111\u1ed3\u00a0h\u1ecda &#8230; <a title=\"MacBook Pro 13 inch M1 2020 RAM 8 GB &#8211; SSD 512 GB\" class=\"read-more\" href=\"https:\/\/demo8.thuythu.com\/lebaostore\/mac\/macbook-pro\/macbook-pro-13-inch-m1-2020-ram-8-gb-ssd-512-gb\/\" aria-label=\"More on MacBook Pro 13 inch M1 2020 RAM 8 GB &#8211; SSD 512 GB\">Read more<\/a><\/p>\n","protected":false},"featured_media":877,"template":"","meta":[],"product_cat":[31,20],"product_tag":[],"_links":{"self":[{"href":"https:\/\/demo8.thuythu.com\/lebaostore\/wp-json\/wp\/v2\/product\/2673"}],"collection":[{"href":"https:\/\/demo8.thuythu.com\/lebaostore\/wp-json\/wp\/v2\/product"}],"about":[{"href":"https:\/\/demo8.thuythu.com\/lebaostore\/wp-json\/wp\/v2\/types\/product"}],"wp:featuredmedia":[{"embeddable":true,"href":"https:\/\/demo8.thuythu.com\/lebaostore\/wp-json\/wp\/v2\/media\/877"}],"wp:attachment":[{"href":"https:\/\/demo8.thuythu.com\/lebaostore\/wp-json\/wp\/v2\/media?parent=2673"}],"wp:term":[{"taxonomy":"product_cat","embeddable":true,"href":"https:\/\/demo8.thuythu.com\/lebaostore\/wp-json\/wp\/v2\/product_cat?post=2673"},{"taxonomy":"product_tag","embeddable":true,"href":"https:\/\/demo8.thuythu.com\/lebaostore\/wp-json\/wp\/v2\/product_tag?post=2673"}],"curies":[{"name":"wp","href":"https:\/\/api.w.org\/{rel}","templated":true}]}}