{"id":2685,"date":"2022-01-21T11:49:34","date_gmt":"2022-01-21T04:49:34","guid":{"rendered":"https:\/\/demo8.thuythu.com\/lebaostore\/product\/macbook-air-13-inch-m1-2020-ram-16-gb-ssd-512-gb\/"},"modified":"2022-02-27T12:54:49","modified_gmt":"2022-02-27T05:54:49","slug":"macbook-air-13-inch-m1-2020-ram-16-gb-ssd-512-gb","status":"publish","type":"product","link":"https:\/\/demo8.thuythu.com\/lebaostore\/mac\/macbook-air\/macbook-air-13-inch-m1-2020-ram-16-gb-ssd-512-gb\/","title":{"rendered":"MacBook Air 13 inch M1 2020 RAM 16 GB &#8211; SSD 512 GB"},"content":{"rendered":"<p><img class=\" lazyloaded\" title=\"MacBook Air M1 2020 - Gi\u1edbi thi\u1ec7u\" src=\"https:\/\/demo8.thuythu.com\/lebaostore\/wp-content\/uploads\/2022\/01\/apple-macbook-air-m1-2020-z12a00050-121021-053846.jpg\" alt=\"MacBook Air M1 2020 - Gi\u1edbi thi\u1ec7u\" data-src=\"https:\/\/demo8.thuythu.com\/lebaostore\/wp-content\/uploads\/2022\/01\/apple-macbook-air-m1-2020-z12a00050-121021-053846.jpg\" \/><img class=\" lazyloaded\" title=\"MacBook Air M1 2020 - Chip M1\" src=\"https:\/\/demo8.thuythu.com\/lebaostore\/wp-content\/uploads\/2022\/01\/apple-macbook-air-m1-2020-z12a00050-121021-053847.jpg\" alt=\"MacBook Air M1 2020 - Chip M1\" data-src=\"https:\/\/demo8.thuythu.com\/lebaostore\/wp-content\/uploads\/2022\/01\/apple-macbook-air-m1-2020-z12a00050-121021-053847.jpg\" \/><img class=\" lazyloaded\" title=\"MacBook Air M1 2020 - CPU\" src=\"https:\/\/demo8.thuythu.com\/lebaostore\/wp-content\/uploads\/2022\/01\/apple-macbook-air-m1-2020-z12a00050-121021-053847-1.jpg\" alt=\"MacBook Air M1 2020 - CPU\" data-src=\"https:\/\/demo8.thuythu.com\/lebaostore\/wp-content\/uploads\/2022\/01\/apple-macbook-air-m1-2020-z12a00050-121021-053847-1.jpg\" \/><img class=\" lazyloaded\" title=\"MacBook Air M1 2020 - GPU\" src=\"https:\/\/demo8.thuythu.com\/lebaostore\/wp-content\/uploads\/2022\/01\/apple-macbook-air-m1-2020-z12a00050-121021-053848.jpg\" alt=\"MacBook Air M1 2020 - GPU\" data-src=\"https:\/\/demo8.thuythu.com\/lebaostore\/wp-content\/uploads\/2022\/01\/apple-macbook-air-m1-2020-z12a00050-121021-053848.jpg\" \/><img class=\" lazyloaded\" title=\"MacBook Air M1 2020 - Th\u1eddi l\u01b0\u1ee3ng pin\" src=\"https:\/\/demo8.thuythu.com\/lebaostore\/wp-content\/uploads\/2022\/01\/apple-macbook-air-m1-2020-z12a00050-121021-053849.jpg\" alt=\"MacBook Air M1 2020 - Th\u1eddi l\u01b0\u1ee3ng pin\" data-src=\"https:\/\/demo8.thuythu.com\/lebaostore\/wp-content\/uploads\/2022\/01\/apple-macbook-air-m1-2020-z12a00050-121021-053849.jpg\" \/><img class=\" lazyloaded\" title=\"MacBook Air M1 2020 - Neural Engine\" src=\"https:\/\/demo8.thuythu.com\/lebaostore\/wp-content\/uploads\/2022\/01\/apple-macbook-air-m1-2020-z12a00050-121021-053849-1.jpg\" alt=\"MacBook Air M1 2020 - Neural Engine\" data-src=\"https:\/\/demo8.thuythu.com\/lebaostore\/wp-content\/uploads\/2022\/01\/apple-macbook-air-m1-2020-z12a00050-121021-053849-1.jpg\" \/><img class=\" lazyloaded\" title=\"MacBook Air M1 2020 - macOS Big Sur\" src=\"https:\/\/demo8.thuythu.com\/lebaostore\/wp-content\/uploads\/2022\/01\/apple-macbook-air-m1-2020-z12a00050-121021-053850.jpg\" alt=\"MacBook Air M1 2020 - macOS Big Sur\" data-src=\"https:\/\/demo8.thuythu.com\/lebaostore\/wp-content\/uploads\/2022\/01\/apple-macbook-air-m1-2020-z12a00050-121021-053850.jpg\" \/><img class=\" lazyloaded\" title=\"MacBook Air M1 2020 - \u1ee8ng d\u1ee5ng\" src=\"https:\/\/demo8.thuythu.com\/lebaostore\/wp-content\/uploads\/2022\/01\/apple-macbook-air-m1-2020-z12a00050-121021-053850-1.jpg\" alt=\"MacBook Air M1 2020 - \u1ee8ng d\u1ee5ng\" data-src=\"https:\/\/demo8.thuythu.com\/lebaostore\/wp-content\/uploads\/2022\/01\/apple-macbook-air-m1-2020-z12a00050-121021-053850-1.jpg\" \/><img class=\"lazyload\" title=\"MacBook Air M1 2020 - SSD\" alt=\"MacBook Air M1 2020 - SSD\" data-src=\"https:\/\/demo8.thuythu.com\/lebaostore\/wp-content\/uploads\/2022\/01\/apple-macbook-air-m1-2020-z12a00050-121021-053851.jpg\" \/><img class=\"lazyload\" title=\"MacBook Air M1 2020 - B\u1ea3o m\u1eadt\" alt=\"MacBook Air M1 2020 - B\u1ea3o m\u1eadt\" data-src=\"https:\/\/demo8.thuythu.com\/lebaostore\/wp-content\/uploads\/2022\/01\/apple-macbook-air-m1-2020-z12a00050-121021-053852.jpg\" \/><img class=\"lazyload\" title=\"MacBook Air M1 2020 - M\u00e0n h\u00ecnh\" alt=\"MacBook Air M1 2020 - M\u00e0n h\u00ecnh\" data-src=\"https:\/\/demo8.thuythu.com\/lebaostore\/wp-content\/uploads\/2022\/01\/apple-macbook-air-m1-2020-z12a00050-121021-053852-1.jpg\" \/><img class=\"lazyload\" title=\"MacBook Air M1 2020 - \u0110\u1ed9 ph\u1ee7 m\u00e0u\" alt=\"MacBook Air M1 2020 - \u0110\u1ed9 ph\u1ee7 m\u00e0u\" data-src=\"https:\/\/demo8.thuythu.com\/lebaostore\/wp-content\/uploads\/2022\/01\/apple-macbook-air-m1-2020-z12a00050-121021-053853.jpg\" \/><img class=\"lazyload\" title=\"MacBook Air M1 2020 - True Tone\" alt=\"MacBook Air M1 2020 - True Tone\" data-src=\"https:\/\/demo8.thuythu.com\/lebaostore\/wp-content\/uploads\/2022\/01\/apple-macbook-air-m1-2020-z12a00050-121021-053854.jpg\" \/><img class=\"lazyload\" title=\"MacBook Air M1 2020 - Camera\" alt=\"MacBook Air M1 2020 - Camera\" data-src=\"https:\/\/demo8.thuythu.com\/lebaostore\/wp-content\/uploads\/2022\/01\/apple-macbook-air-m1-2020-z12a00050-121021-053854-1.jpg\" \/><img class=\"lazyload\" title=\"MacBook Air M1 2020 - Face Time\" alt=\"MacBook Air M1 2020 - Face Time\" data-src=\"https:\/\/demo8.thuythu.com\/lebaostore\/wp-content\/uploads\/2022\/01\/apple-macbook-air-m1-2020-z12a00050-121021-053855.jpg\" \/><img class=\"lazyload\" title=\"MacBook Air M1 2020 - B\u00e0n ph\u00edm\" alt=\"MacBook Air M1 2020 - B\u00e0n ph\u00edm\" data-src=\"https:\/\/demo8.thuythu.com\/lebaostore\/wp-content\/uploads\/2022\/01\/apple-macbook-air-m1-2020-z12a00050-121021-053856.jpg\" \/><img class=\"lazyload\" title=\"MacBook Air M1 2020 - Trackpad\" alt=\"MacBook Air M1 2020 - Trackpad\" data-src=\"https:\/\/demo8.thuythu.com\/lebaostore\/wp-content\/uploads\/2022\/01\/apple-macbook-air-m1-2020-z12a00050-121021-053856-1.jpg\" \/><img class=\"lazyload\" title=\"MacBook Air M1 2020 - Touch ID\" alt=\"MacBook Air M1 2020 - Touch ID\" data-src=\"https:\/\/demo8.thuythu.com\/lebaostore\/wp-content\/uploads\/2022\/01\/apple-macbook-air-m1-2020-z12a00050-121021-053857.jpg\" \/><img class=\"lazyload\" title=\"MacBook Air M1 2020 - K\u1ebft n\u1ed1i\" alt=\"MacBook Air M1 2020 - K\u1ebft n\u1ed1i\" data-src=\"https:\/\/demo8.thuythu.com\/lebaostore\/wp-content\/uploads\/2022\/01\/apple-macbook-air-m1-2020-z12a00050-121021-053857-1.jpg\" \/><img class=\"lazyload\" title=\"MacBook Air M1 2020 - WiFi\" alt=\"MacBook Air M1 2020 - WiFi\" data-src=\"https:\/\/demo8.thuythu.com\/lebaostore\/wp-content\/uploads\/2022\/01\/apple-macbook-air-m1-2020-z12a00050-121021-053858.jpg\" \/><\/p>\n<h3><strong>N\u1ed9i dung v\u1ec1 t\u00ednh n\u0103ng<\/strong><\/h3>\n<p>M\u00e1y t\u00ednh x\u00e1ch tay m\u1ecfng v\u00e0 nh\u1eb9 nh\u1ea5t c\u1ee7a Apple, nay si\u00eau m\u1ea1nh m\u1ebd v\u1edbi chip Apple M1. X\u1eed l\u00fd c\u00f4ng vi\u1ec7c gi\u00fap b\u1ea1n v\u1edbi CPU 8 l\u00f5i nhanh nh\u01b0 ch\u1edbp. \u0110\u01b0a c\u00e1c \u1ee9ng d\u1ee5ng v\u00e0 game c\u00f3 \u0111\u1ed3 h\u1ecda kh\u1ee7ng l\u00ean m\u1ed9t t\u1ea7m cao m\u1edbi v\u1edbi GPU 8 l\u00f5i. \u0110\u1ed3ng th\u1eddi, t\u0103ng t\u1ed1c c\u00e1c t\u00e1c v\u1ee5 m\u00e1y h\u1ecdc v\u1edbi Neural Engine 16 l\u00f5i. T\u1ea5t c\u1ea3 g\u00f3i g\u1ecdn trong m\u1ed9t thi\u1ebft k\u1ebf kh\u00f4ng qu\u1ea1t, kh\u00f4ng ti\u1ebfng \u1ed3n, th\u1eddi l\u01b0\u1ee3ng pin d\u00e0i nh\u1ea5t t\u1eeb tr\u01b0\u1edbc \u0111\u1ebfn nay l\u00ean \u0111\u1ebfn 18 gi\u1edd.<sup>1<\/sup>\u00a0MacBook Air. V\u1eabn c\u1ef1c k\u1ef3 c\u01a1 \u0111\u1ed9ng. M\u00e0 m\u1ea1nh m\u1ebd h\u01a1n nhi\u1ec1u.<\/p>\n<h3><strong>Ph\u00e1p l\u00fd<\/strong><\/h3>\n<p>Hi\u1ec7n c\u00f3 s\u1eb5n c\u00e1c l\u1ef1a ch\u1ecdn \u0111\u1ec3 n\u00e2ng c\u1ea5p.<\/p>\n<p><sup>1<\/sup>Th\u1eddi l\u01b0\u1ee3ng pin kh\u00e1c nhau t\u00f9y theo c\u00e1ch s\u1eed d\u1ee5ng v\u00e0 c\u1ea5u h\u00ecnh. Truy c\u1eadp apple.com\/batteries \u0111\u1ec3 bi\u1ebft th\u00eam th\u00f4ng tin.<\/p>\n<div class=\"bg-article\"><\/div>\n<p><a class=\"btn-detail\">Xem th\u00eam<\/a><\/p>\n","protected":false},"excerpt":{"rendered":"<p>N\u1ed9i dung v\u1ec1 t\u00ednh n\u0103ng M\u00e1y t\u00ednh x\u00e1ch tay m\u1ecfng v\u00e0 nh\u1eb9 nh\u1ea5t c\u1ee7a Apple, nay si\u00eau m\u1ea1nh m\u1ebd v\u1edbi chip Apple M1. X\u1eed l\u00fd c\u00f4ng vi\u1ec7c gi\u00fap b\u1ea1n v\u1edbi CPU 8 l\u00f5i nhanh nh\u01b0 ch\u1edbp. \u0110\u01b0a c\u00e1c \u1ee9ng d\u1ee5ng v\u00e0 game c\u00f3 \u0111\u1ed3 h\u1ecda kh\u1ee7ng l\u00ean m\u1ed9t t\u1ea7m cao m\u1edbi v\u1edbi GPU 8 l\u00f5i. &#8230; <a title=\"MacBook Air 13 inch M1 2020 RAM 16 GB &#8211; SSD 512 GB\" class=\"read-more\" href=\"https:\/\/demo8.thuythu.com\/lebaostore\/mac\/macbook-air\/macbook-air-13-inch-m1-2020-ram-16-gb-ssd-512-gb\/\" aria-label=\"More on MacBook Air 13 inch M1 2020 RAM 16 GB &#8211; SSD 512 GB\">Read more<\/a><\/p>\n","protected":false},"featured_media":2026,"template":"","meta":[],"product_cat":[32,20],"product_tag":[],"_links":{"self":[{"href":"https:\/\/demo8.thuythu.com\/lebaostore\/wp-json\/wp\/v2\/product\/2685"}],"collection":[{"href":"https:\/\/demo8.thuythu.com\/lebaostore\/wp-json\/wp\/v2\/product"}],"about":[{"href":"https:\/\/demo8.thuythu.com\/lebaostore\/wp-json\/wp\/v2\/types\/product"}],"wp:featuredmedia":[{"embeddable":true,"href":"https:\/\/demo8.thuythu.com\/lebaostore\/wp-json\/wp\/v2\/media\/2026"}],"wp:attachment":[{"href":"https:\/\/demo8.thuythu.com\/lebaostore\/wp-json\/wp\/v2\/media?parent=2685"}],"wp:term":[{"taxonomy":"product_cat","embeddable":true,"href":"https:\/\/demo8.thuythu.com\/lebaostore\/wp-json\/wp\/v2\/product_cat?post=2685"},{"taxonomy":"product_tag","embeddable":true,"href":"https:\/\/demo8.thuythu.com\/lebaostore\/wp-json\/wp\/v2\/product_tag?post=2685"}],"curies":[{"name":"wp","href":"https:\/\/api.w.org\/{rel}","templated":true}]}}