{"id":2704,"date":"2022-01-21T11:49:52","date_gmt":"2022-01-21T04:49:52","guid":{"rendered":"https:\/\/demo8.thuythu.com\/lebaostore\/product\/imac-24-inch-m1-2021-8-core-gpu-ram-8-gb-ssd-512-gb\/"},"modified":"2022-01-24T15:02:53","modified_gmt":"2022-01-24T08:02:53","slug":"imac-24-inch-m1-2021-8-core-gpu-ram-8-gb-ssd-512-gb","status":"publish","type":"product","link":"https:\/\/demo8.thuythu.com\/lebaostore\/mac\/imac\/imac-24-inch-m1-2021-8-core-gpu-ram-8-gb-ssd-512-gb\/","title":{"rendered":"iMac 24 inch M1 2021 8-Core GPU RAM 8 GB &#8211; SSD 512 GB"},"content":{"rendered":"<h3><strong>N\u1ed9i dung v\u1ec1 t\u00ednh n\u0103ng\u00a0<\/strong><\/h3>\n<p>B\u1ea1n ch\u01b0a t\u1eebng th\u1ea5y m\u00e1y t\u00ednh n\u00e0o nh\u01b0 th\u1ebf. V\u1edbi thi\u1ebft k\u1ebf m\u1ecfng \u1ea5n t\u01b0\u1ee3ng nh\u1edd chip Apple M1. M\u00e0n h\u00ecnh Retina 4.5K 24\u00a0inch v\u1edbi h\u01a1n 1 t\u1ef7 m\u00e0u, \u0111em \u0111\u1ebfn cho b\u1ea1n b\u1ee9c tranh to\u00e0n di\u1ec7n v\u1edbi chi ti\u1ebft s\u1ed1ng \u0111\u1ed9ng.<sup>1<\/sup> Camera v\u00e0 micro t\u1ed1t nh\u1ea5t t\u1eebng\u00a0c\u00f3 \u1edf Mac cho ch\u1ea5t l\u01b0\u1ee3ng h\u00ecnh \u1ea3nh v\u00e0 \u00e2m thanh t\u1ed1t nh\u1ea5t. C\u00f9ng v\u1edbi \u00e2m thanh s\u00e1u loa ng\u1eadp tr\u00e0n kh\u00f4ng gian n\u00e2ng tr\u1ea3i\u00a0nghi\u1ec7m phim \u1ea3nh v\u00e0 \u00e2m nh\u1ea1c l\u00ean m\u1ed9t \u0111\u1eb3ng c\u1ea5p m\u1edbi. Ph\u1ed1i h\u1ee3p m\u01b0\u1ee3t m\u00e0 v\u1edbi iPhone \u0111\u1ec3 b\u1ea1n c\u00f3 th\u1ec3 xem tin nh\u1eafn v\u00e0\u00a0nghe cu\u1ed9c g\u1ecdi ngay tr\u00ean iMac c\u1ee7a m\u00ecnh. V\u00e0 v\u1edbi \u0111\u1ee7 m\u00e0u s\u1eafc \u0111\u1ec3 l\u1ef1a ch\u1ecdn, \u0111\u00f3 l\u00e0 m\u1ed9t thi\u1ebft b\u1ecb t\u1ea5t c\u1ea3 trong m\u1ed9t m\u00e0 b\u1ea1n\u00a0c\u1ea7n.<\/p>\n<h3><strong>T\u00ednh n\u0103ng n\u1ed5i b\u1eadt\u00a0<\/strong><\/h3>\n<p>\u2022\u00a0M\u00e0n h\u00ecnh Retina 4.5K 24 inch v\u1edbi gam m\u00e0u r\u1ed9ng P3 v\u00e0 \u0111\u1ed9 s\u00e1ng 500 nit<sup>1<\/sup><\/p>\n<p>\u2022\u00a0Chip Apple M1 \u0111em \u0111\u1ebfn hi\u1ec7u n\u0103ng m\u1ea1nh m\u1ebd v\u1edbi CPU 8 l\u00f5i v\u00e0 GPU 7 ho\u1eb7c 8 l\u00f5i<\/p>\n<p>\u2022\u00a0Thi\u1ebft k\u1ebf m\u1ecfng \u1ea5n t\u01b0\u1ee3ng 11.5 mm v\u1edbi s\u1eafc m\u00e0u s\u1ed1ng \u0111\u1ed9ng<\/p>\n<p>\u2022\u00a0Camera FaceTime HD 1080p v\u1edbi M1 ISP \u0111\u1ec3 quay video ch\u1ea5t l\u01b0\u1ee3ng \u1ea5n t\u01b0\u1ee3ng<\/p>\n<p>\u2022\u00a0D\u00e3y ba micro chu\u1ea9n ph\u00f2ng thu \u0111\u1ec3 th\u1ef1c hi\u1ec7n cu\u1ed9c g\u1ecdi v\u00e0 ghi \u00e2m ti\u1ebfng trong nh\u01b0 pha l\u00ea<\/p>\n<p>\u2022\u00a0H\u1ec7 th\u1ed1ng \u00e2m thanh s\u00e1u loa cho tr\u1ea3i nghi\u1ec7m \u00e2m thanh ch\u1ea5t l\u01b0\u1ee3ng cao v\u00e0 m\u1ea1nh m\u1ebd \u1ea5n t\u01b0\u1ee3ng<\/p>\n<p>\u2022\u00a0B\u1ed9 l\u01b0u tr\u1eef SSD si\u00eau nhanh l\u00ean \u0111\u1ebfn 512 GB<\/p>\n<p>\u2022\u00a0Hai c\u1ed5ng Thunderbolt \/ USB 4 v\u00e0 l\u00ean \u0111\u1ebfn hai c\u1ed5ng USB 3<\/p>\n<p>\u2022\u00a0Wi-Fi 6 si\u00eau nhanh v\u00e0 c\u00f4ng ngh\u1ec7 kh\u00f4ng d\u00e2y Bluetooth 5.0<\/p>\n<p>\u2022\u00a0Ph\u1ed1i m\u00e0u ho\u00e0n h\u1ea3o gi\u1eefa Magic Mouse v\u00e0 Magic Keyboard ho\u1eb7c Magic Keyboard v\u00e0 Touch ID<sup>2<\/sup><\/p>\n<p>\u2022\u00a0macOS s\u1edf h\u1eefu thi\u1ebft k\u1ebf \u1ea5n t\u01b0\u1ee3ng, d\u1ec5 s\u1eed d\u1ee5ng v\u00e0 ph\u1ed1i h\u1ee3p m\u01b0\u1ee3t m\u00e0 v\u1edbi iPhone<\/p>\n<p>\u2022\u00a0C\u00f3 c\u00e1c m\u00e0u xanh d\u01b0\u01a1ng, xanh l\u00e1, h\u1ed3ng, b\u1ea1c, v\u00e0ng, cam v\u00e0 t\u00edm<\/p>\n<h3><strong>Ph\u00e1p l\u00fd<\/strong><\/h3>\n<p>C\u00f3 s\u1eb5n c\u00e1c l\u1ef1a ch\u1ecdn c\u1ea5u h\u00ecnh. C\u00e1c m\u00e0u iMac c\u00f3 s\u1eb5n t\u1ea1i c\u1eeda h\u00e0ng c\u00f3 th\u1ec3 thay \u0111\u1ed5i.<\/p>\n<p><sup>1<\/sup>K\u00edch th\u01b0\u1edbc th\u1eadt c\u1ee7a m\u00e0n h\u00ecnh theo \u0111\u01b0\u1eddng ch\u00e9o l\u00e0 23.5 inch.<\/p>\n<p><sup>2<\/sup>Magic Keyboard v\u1edbi Touch ID \u0111\u01b0\u1ee3c cung c\u1ea5p d\u01b0\u1edbi d\u1ea1ng m\u1ed9t l\u1ef1a ch\u1ecdn cho ph\u00e9p t\u00f9y ch\u1ec9nh c\u1ea5u h\u00ecnh.<\/p>\n<div class=\"bg-article\"><\/div>\n<p><a class=\"btn-detail\">Xem th\u00eam<\/a><\/p>\n","protected":false},"excerpt":{"rendered":"<p>N\u1ed9i dung v\u1ec1 t\u00ednh n\u0103ng\u00a0 B\u1ea1n ch\u01b0a t\u1eebng th\u1ea5y m\u00e1y t\u00ednh n\u00e0o nh\u01b0 th\u1ebf. V\u1edbi thi\u1ebft k\u1ebf m\u1ecfng \u1ea5n t\u01b0\u1ee3ng nh\u1edd chip Apple M1. M\u00e0n h\u00ecnh Retina 4.5K 24\u00a0inch v\u1edbi h\u01a1n 1 t\u1ef7 m\u00e0u, \u0111em \u0111\u1ebfn cho b\u1ea1n b\u1ee9c tranh to\u00e0n di\u1ec7n v\u1edbi chi ti\u1ebft s\u1ed1ng \u0111\u1ed9ng.1 Camera v\u00e0 micro t\u1ed1t nh\u1ea5t t\u1eebng\u00a0c\u00f3 \u1edf Mac &#8230; <a title=\"iMac 24 inch M1 2021 8-Core GPU RAM 8 GB &#8211; SSD 512 GB\" class=\"read-more\" href=\"https:\/\/demo8.thuythu.com\/lebaostore\/mac\/imac\/imac-24-inch-m1-2021-8-core-gpu-ram-8-gb-ssd-512-gb\/\" aria-label=\"More on iMac 24 inch M1 2021 8-Core GPU RAM 8 GB &#8211; SSD 512 GB\">Read more<\/a><\/p>\n","protected":false},"featured_media":932,"template":"","meta":[],"product_cat":[95,20],"product_tag":[],"_links":{"self":[{"href":"https:\/\/demo8.thuythu.com\/lebaostore\/wp-json\/wp\/v2\/product\/2704"}],"collection":[{"href":"https:\/\/demo8.thuythu.com\/lebaostore\/wp-json\/wp\/v2\/product"}],"about":[{"href":"https:\/\/demo8.thuythu.com\/lebaostore\/wp-json\/wp\/v2\/types\/product"}],"wp:featuredmedia":[{"embeddable":true,"href":"https:\/\/demo8.thuythu.com\/lebaostore\/wp-json\/wp\/v2\/media\/932"}],"wp:attachment":[{"href":"https:\/\/demo8.thuythu.com\/lebaostore\/wp-json\/wp\/v2\/media?parent=2704"}],"wp:term":[{"taxonomy":"product_cat","embeddable":true,"href":"https:\/\/demo8.thuythu.com\/lebaostore\/wp-json\/wp\/v2\/product_cat?post=2704"},{"taxonomy":"product_tag","embeddable":true,"href":"https:\/\/demo8.thuythu.com\/lebaostore\/wp-json\/wp\/v2\/product_tag?post=2704"}],"curies":[{"name":"wp","href":"https:\/\/api.w.org\/{rel}","templated":true}]}}