{"id":2713,"date":"2022-01-21T11:49:52","date_gmt":"2022-01-21T04:49:52","guid":{"rendered":"https:\/\/demo8.thuythu.com\/lebaostore\/product\/mac-mini-m1-2020-ram-8-gb-ssd-256-gb\/"},"modified":"2022-01-24T14:58:03","modified_gmt":"2022-01-24T07:58:03","slug":"mac-mini-m1-2020-ram-8-gb-ssd-256-gb","status":"publish","type":"product","link":"https:\/\/demo8.thuythu.com\/lebaostore\/mac\/mac-mini\/mac-mini-m1-2020-ram-8-gb-ssd-256-gb\/","title":{"rendered":"Mac mini M1 2020 RAM 8 GB &#8211; SSD 256 GB"},"content":{"rendered":"<p><img class=\" lazyloaded\" title=\"Mac mini M1 2020 - N\u1ed9i l\u1ef1c m\u1edbi\" src=\"https:\/\/demo8.thuythu.com\/lebaostore\/wp-content\/uploads\/2022\/01\/mac-mini-m1-mgnr3saa-121021-040357.jpg\" alt=\"Mac mini M1 2020 - N\u1ed9i l\u1ef1c m\u1edbi\" data-src=\"https:\/\/demo8.thuythu.com\/lebaostore\/wp-content\/uploads\/2022\/01\/mac-mini-m1-mgnr3saa-121021-040357.jpg\" \/><img class=\" lazyloaded\" title=\"Mac mini M1 2020 - Chip Apple M1\" src=\"https:\/\/demo8.thuythu.com\/lebaostore\/wp-content\/uploads\/2022\/01\/mac-mini-m1-mgnr3saa-121021-040357-1.jpg\" alt=\"Mac mini M1 2020 - Chip Apple M1\" data-src=\"https:\/\/demo8.thuythu.com\/lebaostore\/wp-content\/uploads\/2022\/01\/mac-mini-m1-mgnr3saa-121021-040357-1.jpg\" \/><img class=\" lazyloaded\" title=\"Mac mini M1 2020 - CPU 8 l\u00f5i\" src=\"https:\/\/demo8.thuythu.com\/lebaostore\/wp-content\/uploads\/2022\/01\/mac-mini-m1-mgnr3saa-121021-040358.jpg\" alt=\"Mac mini M1 2020 - CPU 8 l\u00f5i\" data-src=\"https:\/\/demo8.thuythu.com\/lebaostore\/wp-content\/uploads\/2022\/01\/mac-mini-m1-mgnr3saa-121021-040358.jpg\" \/><img class=\" lazyloaded\" title=\"Mac mini M1 2020 - GPU 8 l\u00f5i\" src=\"https:\/\/demo8.thuythu.com\/lebaostore\/wp-content\/uploads\/2022\/01\/mac-mini-m1-mgnr3saa-121021-040359.jpg\" alt=\"Mac mini M1 2020 - GPU 8 l\u00f5i\" data-src=\"https:\/\/demo8.thuythu.com\/lebaostore\/wp-content\/uploads\/2022\/01\/mac-mini-m1-mgnr3saa-121021-040359.jpg\" \/><img class=\" lazyloaded\" title=\"Mac mini M1 2020 - Neural Engine 16 l\u00f5i\" src=\"https:\/\/demo8.thuythu.com\/lebaostore\/wp-content\/uploads\/2022\/01\/mac-mini-m1-mgnr3saa-121021-040359-1.jpg\" alt=\"Mac mini M1 2020 - Neural Engine 16 l\u00f5i\" data-src=\"https:\/\/demo8.thuythu.com\/lebaostore\/wp-content\/uploads\/2022\/01\/mac-mini-m1-mgnr3saa-121021-040359-1.jpg\" \/><img class=\" lazyloaded\" title=\"Mac mini M1 2020 - macOS Big Sur\" src=\"https:\/\/demo8.thuythu.com\/lebaostore\/wp-content\/uploads\/2022\/01\/mac-mini-m1-mgnr3saa-121021-040400.jpg\" alt=\"Mac mini M1 2020 - macOS Big Sur\" data-src=\"https:\/\/demo8.thuythu.com\/lebaostore\/wp-content\/uploads\/2022\/01\/mac-mini-m1-mgnr3saa-121021-040400.jpg\" \/><img class=\" lazyloaded\" title=\"Mac mini M1 2020 - T\u1ed1c \u0111\u1ed9 m\u1ea1nh m\u1ebd h\u01a1n\" src=\"https:\/\/demo8.thuythu.com\/lebaostore\/wp-content\/uploads\/2022\/01\/mac-mini-m1-mgnr3saa-131021-120037.jpg\" alt=\"Mac mini M1 2020 - T\u1ed1c \u0111\u1ed9 m\u1ea1nh m\u1ebd h\u01a1n\" data-src=\"https:\/\/demo8.thuythu.com\/lebaostore\/wp-content\/uploads\/2022\/01\/mac-mini-m1-mgnr3saa-131021-120037.jpg\" \/><img class=\" lazyloaded\" title=\"Mac mini M1 2020 - Thi\u1ebft k\u1ebf nh\u1ecf g\u1ecdn, b\u1ed9 nh\u1edb th\u1ed1ng nh\u1ea5t\" src=\"https:\/\/demo8.thuythu.com\/lebaostore\/wp-content\/uploads\/2022\/01\/mac-mini-m1-mgnr3saa-121021-040401.jpg\" alt=\"Mac mini M1 2020 - Thi\u1ebft k\u1ebf nh\u1ecf g\u1ecdn, b\u1ed9 nh\u1edb th\u1ed1ng nh\u1ea5t\" data-src=\"https:\/\/demo8.thuythu.com\/lebaostore\/wp-content\/uploads\/2022\/01\/mac-mini-m1-mgnr3saa-121021-040401.jpg\" \/><img class=\" lazyloaded\" title=\"Mac mini M1 2020 - L\u01b0u gi\u1eef SSD, b\u1ea3o m\u1eadt an to\u00e0n\" src=\"https:\/\/demo8.thuythu.com\/lebaostore\/wp-content\/uploads\/2022\/01\/mac-mini-m1-mgnr3saa-121021-040402.jpg\" alt=\"Mac mini M1 2020 - L\u01b0u gi\u1eef SSD, b\u1ea3o m\u1eadt an to\u00e0n\" data-src=\"https:\/\/demo8.thuythu.com\/lebaostore\/wp-content\/uploads\/2022\/01\/mac-mini-m1-mgnr3saa-121021-040402.jpg\" \/><img class=\" lazyloaded\" title=\"Mac mini M1 2020 - Linh ho\u1ea1t, \u0111\u1eb7t \u0111\u00e2u c\u0169ng v\u1eeba\" src=\"https:\/\/demo8.thuythu.com\/lebaostore\/wp-content\/uploads\/2022\/01\/mac-mini-m1-mgnr3saa-121021-040402-1.jpg\" alt=\"Mac mini M1 2020 - Linh ho\u1ea1t, \u0111\u1eb7t \u0111\u00e2u c\u0169ng v\u1eeba\" data-src=\"https:\/\/demo8.thuythu.com\/lebaostore\/wp-content\/uploads\/2022\/01\/mac-mini-m1-mgnr3saa-121021-040402-1.jpg\" \/><img class=\" lazyloaded\" title=\"Mac mini M1 2020 - K\u1ebft n\u1ed1i v\u00e0 m\u1edf r\u1ed9ng\" src=\"https:\/\/demo8.thuythu.com\/lebaostore\/wp-content\/uploads\/2022\/01\/mac-mini-m1-mgnr3saa-121021-040403.jpg\" alt=\"Mac mini M1 2020 - K\u1ebft n\u1ed1i v\u00e0 m\u1edf r\u1ed9ng\" data-src=\"https:\/\/demo8.thuythu.com\/lebaostore\/wp-content\/uploads\/2022\/01\/mac-mini-m1-mgnr3saa-121021-040403.jpg\" \/><img class=\" lazyloaded\" title=\"Mac mini M1 2020 - Thunderbolt, Wifi 6\" src=\"https:\/\/demo8.thuythu.com\/lebaostore\/wp-content\/uploads\/2022\/01\/mac-mini-m1-mgnr3saa-121021-040404.jpg\" alt=\"Mac mini M1 2020 - Thunderbolt, Wifi 6\" data-src=\"https:\/\/demo8.thuythu.com\/lebaostore\/wp-content\/uploads\/2022\/01\/mac-mini-m1-mgnr3saa-121021-040404.jpg\" \/><\/p>\n<p><img class=\" lazyloaded\" title=\"So s\u00e1nh Mac mini v\u00e0 iMac 24 inch\" src=\"https:\/\/demo8.thuythu.com\/lebaostore\/wp-content\/uploads\/2022\/01\/mac-mini-m1-mgnr3saa-121021-033221-scaled.jpg\" alt=\"So s\u00e1nh Mac mini v\u00e0 iMac 24 inch\" data-src=\"https:\/\/demo8.thuythu.com\/lebaostore\/wp-content\/uploads\/2022\/01\/mac-mini-m1-mgnr3saa-121021-033221-scaled.jpg\" \/><\/p>\n<h3><strong>N\u1ed9i dung v\u1ec1 t\u00ednh n\u0103ng<\/strong><\/h3>\n<p>Chip Apple M1 \u0111\u01b0a Mac mini l\u00ean m\u1ed9t \u0111\u1eb3ng c\u1ea5p hi\u1ec7u n\u0103ng ho\u00e0n to\u00e0n m\u1edbi. V\u1edbi hi\u1ec7u n\u0103ng CPU nhanh h\u01a1n \u0111\u1ebfn 3x, t\u1ed1c \u0111\u1ed9 x\u1eed l\u00fd \u0111\u1ed3 h\u1ecda nhanh h\u01a1n \u0111\u1ebfn 6x, Neural Engine m\u1ea1nh m\u1ebd v\u1edbi c\u00f4ng ngh\u1ec7 m\u00e1y h\u1ecdc nhanh h\u01a1n \u0111\u1ebfn 15x v\u00e0 b\u1ed9 nh\u1edb th\u1ed1ng nh\u1ea5t si\u00eau nhanh \u2013 t\u1ea5t c\u1ea3 g\u00f3i g\u1ecdn trong m\u1ed9t thi\u1ebft k\u1ebf c\u1ef1c k\u1ef3 nh\u1ecf g\u1ecdn.* \u0110\u1ec3 b\u1ea1n c\u00f3 th\u1ec3 s\u00e1ng t\u1ea1o, l\u00e0m vi\u1ec7c v\u00e0 gi\u1ea3i tr\u00ed tr\u00ean chi\u1ebfc Mac mini c\u00f3 t\u1ed1c \u0111\u1ed9 v\u00e0 s\u1ee9c m\u1ea1nh v\u01b0\u1ee3t xa nh\u1eefng g\u00ec b\u1ea1n t\u1eebng t\u01b0\u1edfng t\u01b0\u1ee3ng.<\/p>\n<h3><strong>Ph\u00e1p l\u00fd<\/strong><\/h3>\n<p>Hi\u1ec7n c\u00f3 s\u1eb5n c\u00e1c l\u1ef1a ch\u1ecdn \u0111\u1ec3 n\u00e2ng c\u1ea5p.<\/p>\n<p>*So v\u1edbi th\u1ebf h\u1ec7 m\u00e1y tr\u01b0\u1edbc.<\/p>\n<div class=\"bg-article\"><\/div>\n<p><a class=\"btn-detail\">Xem th\u00eam<\/a><\/p>\n","protected":false},"excerpt":{"rendered":"<p>N\u1ed9i dung v\u1ec1 t\u00ednh n\u0103ng Chip Apple M1 \u0111\u01b0a Mac mini l\u00ean m\u1ed9t \u0111\u1eb3ng c\u1ea5p hi\u1ec7u n\u0103ng ho\u00e0n to\u00e0n m\u1edbi. V\u1edbi hi\u1ec7u n\u0103ng CPU nhanh h\u01a1n \u0111\u1ebfn 3x, t\u1ed1c \u0111\u1ed9 x\u1eed l\u00fd \u0111\u1ed3 h\u1ecda nhanh h\u01a1n \u0111\u1ebfn 6x, Neural Engine m\u1ea1nh m\u1ebd v\u1edbi c\u00f4ng ngh\u1ec7 m\u00e1y h\u1ecdc nhanh h\u01a1n \u0111\u1ebfn 15x v\u00e0 b\u1ed9 nh\u1edb th\u1ed1ng &#8230; <a title=\"Mac mini M1 2020 RAM 8 GB &#8211; SSD 256 GB\" class=\"read-more\" href=\"https:\/\/demo8.thuythu.com\/lebaostore\/mac\/mac-mini\/mac-mini-m1-2020-ram-8-gb-ssd-256-gb\/\" aria-label=\"More on Mac mini M1 2020 RAM 8 GB &#8211; SSD 256 GB\">Read more<\/a><\/p>\n","protected":false},"featured_media":979,"template":"","meta":[],"product_cat":[96,20],"product_tag":[],"_links":{"self":[{"href":"https:\/\/demo8.thuythu.com\/lebaostore\/wp-json\/wp\/v2\/product\/2713"}],"collection":[{"href":"https:\/\/demo8.thuythu.com\/lebaostore\/wp-json\/wp\/v2\/product"}],"about":[{"href":"https:\/\/demo8.thuythu.com\/lebaostore\/wp-json\/wp\/v2\/types\/product"}],"wp:featuredmedia":[{"embeddable":true,"href":"https:\/\/demo8.thuythu.com\/lebaostore\/wp-json\/wp\/v2\/media\/979"}],"wp:attachment":[{"href":"https:\/\/demo8.thuythu.com\/lebaostore\/wp-json\/wp\/v2\/media?parent=2713"}],"wp:term":[{"taxonomy":"product_cat","embeddable":true,"href":"https:\/\/demo8.thuythu.com\/lebaostore\/wp-json\/wp\/v2\/product_cat?post=2713"},{"taxonomy":"product_tag","embeddable":true,"href":"https:\/\/demo8.thuythu.com\/lebaostore\/wp-json\/wp\/v2\/product_tag?post=2713"}],"curies":[{"name":"wp","href":"https:\/\/api.w.org\/{rel}","templated":true}]}}