{"id":2717,"date":"2022-01-21T11:50:02","date_gmt":"2022-01-21T04:50:02","guid":{"rendered":"https:\/\/demo8.thuythu.com\/lebaostore\/product\/airpods-max\/"},"modified":"2022-02-28T11:28:52","modified_gmt":"2022-02-28T04:28:52","slug":"airpods-max","status":"publish","type":"product","link":"https:\/\/demo8.thuythu.com\/lebaostore\/am-thanh\/airpods\/airpods-max\/","title":{"rendered":"AirPods Max"},"content":{"rendered":"<h3><\/h3>\n<h3><strong>N\u1ed9i dung v\u1ec1 t\u00ednh n\u0103ng\u00a0<\/strong><\/h3>\n<p>AirPods Max \u0111\u1ecbnh ngh\u0129a l\u1ea1i tai nghe ch\u1ee5p tai. Driver loa \u0111i\u1ec7n \u0111\u1ed9ng do Apple thi\u1ebft k\u1ebf cho \u00e2m thanh s\u1ed1ng \u0111\u1ed9ng v\u1edbi \u0111\u1ed9 trung th\u1ef1c cao. M\u1ecdi chi ti\u1ebft, t\u1eeb g\u1ecdng \u0111eo \u0111\u1ebfn \u0111\u1ec7m tai, \u0111\u1ec1u \u0111\u01b0\u1ee3c thi\u1ebft k\u1ebf v\u1eeba v\u1eb7n l\u1ea1 th\u01b0\u1eddng.<br \/>\nT\u00ednh n\u0103ng Ch\u1ee7 \u0110\u1ed9ng Kh\u1eed Ti\u1ebfng \u1ed2n d\u1eabn \u0111\u1ea7u th\u1ecb tr\u01b0\u1eddng gi\u00fap ng\u0103n ch\u1eb7n c\u00e1c \u00e2m thanh b\u00ean ngo\u00e0i l\u1ecdt v\u00e0o tai trong khi Ch\u1ebf \u0110\u1ed9 Xuy\u00ean \u00c2m cho ph\u00e9p b\u1ea1n nghe \u00e2m thanh xung quanh. V\u00e0 ch\u1ebf \u0111\u1ed9 \u00e2m thanh kh\u00f4ng gian v\u1edbi t\u00ednh n\u0103ng theo d\u00f5i chuy\u1ec3n \u0111\u1ed9ng c\u1ee7a \u0111\u1ea7u \u0111em \u0111\u1ebfn \u00e2m thanh v\u00f2m gi\u1ed1ng nh\u01b0 b\u1ea1n \u0111ang \u1edf trong r\u1ea1p h\u00e1t.<sup>1<\/sup><\/p>\n<h3><strong>T\u00ednh n\u0103ng n\u1ed5i b\u1eadt\u00a0<\/strong><\/h3>\n<ul>\n<li>Driver loa \u0111i\u1ec7n \u0111\u1ed9ng do Apple thi\u1ebft k\u1ebf cho \u00e2m thanh c\u00f3 \u0111\u1ed9 trung th\u1ef1c cao.<\/li>\n<li>T\u00ednh n\u0103ng Ch\u1ee7 \u0110\u1ed9ng Kh\u1eed Ti\u1ebfng \u1ed2n gi\u00fap ng\u0103n ch\u1eb7n c\u00e1c \u00e2m thanh b\u00ean ngo\u00e0i l\u1ecdt v\u00e0o tai \u0111\u1ec3 b\u1ea1n c\u00f3 th\u1ec3 \u0111\u1eafm ch\u00ecm v\u00e0o \u00e2m nh\u1ea1c.<\/li>\n<li>Ch\u1ebf \u0110\u1ed9 Xuy\u00ean\u00a0 m gi\u00fap b\u1ea1n nghe v\u00e0 t\u01b0\u01a1ng t\u00e1c v\u1edbi th\u1ebf gi\u1edbi xung quanh.<\/li>\n<li>Ch\u1ebf \u0111\u1ed9 \u00e2m thanh kh\u00f4ng gian v\u1edbi t\u00ednh n\u0103ng theo d\u00f5i chuy\u1ec3n \u0111\u1ed9ng c\u1ee7a \u0111\u1ea7u \u0111em \u0111\u1ebfn \u00e2m thanh v\u00f2m gi\u1ed1ng nh\u01b0 b\u1ea1n \u0111ang \u1edf trong r\u1ea1p h\u00e1t.<sup>1<\/sup><\/li>\n<li>\u00a0m thanh \u0111i\u1ec7n to\u00e1n k\u1ebft h\u1ee3p thi\u1ebft k\u1ebf \u00e2m t\u00f9y ch\u1ec9nh v\u1edbi ph\u1ea7n m\u1ec1m v\u00e0 chip Apple H1 t\u1ea1o ra tr\u1ea3i nghi\u1ec7m nghe \u0111\u1ed9t ph\u00e1.<\/li>\n<li>G\u1ecdng \u0111eo c\u00f3 l\u01b0\u1edbi \u0111an tho\u00e1ng kh\u00ed v\u00e0 \u0111\u1ec7m tai b\u1eb1ng foam ho\u1ea1t t\u00ednh v\u1eeba v\u1eb7n l\u1ea1 th\u01b0\u1eddng.<\/li>\n<li>Tr\u1ea3i nghi\u1ec7m tuy\u1ec7t v\u1eddi, thi\u1ebft l\u1eadp d\u1ec5 d\u00e0ng, t\u00ednh n\u0103ng nh\u1eadn bi\u1ebft khi \u0111eo v\u00e0 chuy\u1ec3n \u0111\u1ed5i m\u01b0\u1ee3t m\u00e0 gi\u1eefa c\u00e1c thi\u1ebft b\u1ecb.<sup>2<\/sup><\/li>\n<li>D\u1ec5 d\u00e0ng chia s\u1ebb \u00e2m thanh gi\u1eefa hai b\u1ed9 AirPods tr\u00ean iPhone, iPad, iPod touch ho\u1eb7c Apple TV.<\/li>\n<li>Th\u1eddi gian nghe nh\u1ea1c, xem video ho\u1eb7c \u0111\u00e0m tho\u1ea1i 20 gi\u1edd khi b\u1eadt t\u00ednh n\u0103ng Ch\u1ee7 \u0110\u1ed9ng Kh\u1eed Ti\u1ebfng \u1ed2n v\u00e0 \u00e2m thanh kh\u00f4ng gian.<sup>3<\/sup><\/li>\n<li>B\u1ea3o qu\u1ea3n thi\u1ebft b\u1ecb \u1edf ch\u1ebf \u0111\u1ed9 pin c\u1ef1c th\u1ea5p v\u1edbi Smart Case m\u1ecfng nh\u1eb9.<\/li>\n<li>Hi\u1ec7n c\u00f3 m\u00e0u b\u1ea1c, x\u00e1m b\u1ea1c, xanh da tr\u1eddi, xanh l\u00e1 v\u00e0 h\u1ed3ng.<\/li>\n<\/ul>\n<h3><strong>Ph\u00e1p l\u00fd<\/strong><\/h3>\n<p><sup>1<\/sup>Ch\u1ebf \u0111\u1ed9 \u00e2m thanh kh\u00f4ng gian ph\u00f9 h\u1ee3p \u0111\u1ec3 xem phim, TV v\u00e0 video tr\u00ean c\u00e1c \u1ee9ng d\u1ee5ng \u0111\u01b0\u1ee3c h\u1ed7 tr\u1ee3. C\u1ea7n c\u00f3 iPhone ho\u1eb7c iPad.<br \/>\n<sup>2<\/sup>C\u1ea7n c\u00f3 t\u00e0i kho\u1ea3n iCloud v\u00e0 macOS 11.1, iOS 14.3, iPadOS 14.3, watchOS 7.2 ho\u1eb7c tvOS 14.3 tr\u1edf l\u00ean.<br \/>\n<sup>3<\/sup>Th\u1eddi l\u01b0\u1ee3ng pin kh\u00e1c nhau t\u00f9y theo c\u00e1ch s\u1eed d\u1ee5ng. Truy c\u1eadp apple.com\/batteries \u0111\u1ec3 bi\u1ebft th\u00eam th\u00f4ng tin<\/p>\n<div class=\"bg-article\"><\/div>\n<p><a class=\"btn-detail\">Xem th\u00eam<\/a><\/p>\n","protected":false},"excerpt":{"rendered":"<p>N\u1ed9i dung v\u1ec1 t\u00ednh n\u0103ng\u00a0 AirPods Max \u0111\u1ecbnh ngh\u0129a l\u1ea1i tai nghe ch\u1ee5p tai. Driver loa \u0111i\u1ec7n \u0111\u1ed9ng do Apple thi\u1ebft k\u1ebf cho \u00e2m thanh s\u1ed1ng \u0111\u1ed9ng v\u1edbi \u0111\u1ed9 trung th\u1ef1c cao. M\u1ecdi chi ti\u1ebft, t\u1eeb g\u1ecdng \u0111eo \u0111\u1ebfn \u0111\u1ec7m tai, \u0111\u1ec1u \u0111\u01b0\u1ee3c thi\u1ebft k\u1ebf v\u1eeba v\u1eb7n l\u1ea1 th\u01b0\u1eddng. T\u00ednh n\u0103ng Ch\u1ee7 \u0110\u1ed9ng Kh\u1eed Ti\u1ebfng &#8230; <a title=\"AirPods Max\" class=\"read-more\" href=\"https:\/\/demo8.thuythu.com\/lebaostore\/am-thanh\/airpods\/airpods-max\/\" aria-label=\"More on AirPods Max\">Read more<\/a><\/p>\n","protected":false},"featured_media":992,"template":"","meta":[],"product_cat":[98,21],"product_tag":[],"_links":{"self":[{"href":"https:\/\/demo8.thuythu.com\/lebaostore\/wp-json\/wp\/v2\/product\/2717"}],"collection":[{"href":"https:\/\/demo8.thuythu.com\/lebaostore\/wp-json\/wp\/v2\/product"}],"about":[{"href":"https:\/\/demo8.thuythu.com\/lebaostore\/wp-json\/wp\/v2\/types\/product"}],"wp:featuredmedia":[{"embeddable":true,"href":"https:\/\/demo8.thuythu.com\/lebaostore\/wp-json\/wp\/v2\/media\/992"}],"wp:attachment":[{"href":"https:\/\/demo8.thuythu.com\/lebaostore\/wp-json\/wp\/v2\/media?parent=2717"}],"wp:term":[{"taxonomy":"product_cat","embeddable":true,"href":"https:\/\/demo8.thuythu.com\/lebaostore\/wp-json\/wp\/v2\/product_cat?post=2717"},{"taxonomy":"product_tag","embeddable":true,"href":"https:\/\/demo8.thuythu.com\/lebaostore\/wp-json\/wp\/v2\/product_tag?post=2717"}],"curies":[{"name":"wp","href":"https:\/\/api.w.org\/{rel}","templated":true}]}}