{"id":2723,"date":"2022-01-21T11:50:02","date_gmt":"2022-01-21T04:50:02","guid":{"rendered":"https:\/\/demo8.thuythu.com\/lebaostore\/product\/airpods-2-hop-sac-thuong\/"},"modified":"2022-02-28T11:27:24","modified_gmt":"2022-02-28T04:27:24","slug":"airpods-2-hop-sac-thuong","status":"publish","type":"product","link":"https:\/\/demo8.thuythu.com\/lebaostore\/am-thanh\/airpods\/airpods-2-hop-sac-thuong\/","title":{"rendered":"AirPods 2 H\u1ed9p s\u1ea1c th\u01b0\u1eddng"},"content":{"rendered":"<h3><strong>Tai nghe Bluetooth AirPods 2 Apple MV7N2 Tr\u1eafng\u00a0v\u1eabn gi\u1eef cho m\u00ecnh thi\u1ebft k\u1ebf hi\u1ec7n \u0111\u1ea1i, cao c\u1ea5p, h\u1ee3p th\u1eddi trang<\/strong><\/h3>\n<h3><\/h3>\n<h3><\/h3>\n<p><img class=\" lazyloaded\" title=\"Tai nghe Bluetooth AirPods 2 Apple MV7N2 Tr\u1eafng thi\u1ebft k\u1ebf hi\u1ec7n \u0111\u1ea1i, cao c\u1ea5p\" src=\"https:\/\/demo8.thuythu.com\/lebaostore\/wp-content\/uploads\/2022\/01\/tai-nghe-bluetooth-airpods-2-apple-mv7n2-trang-1-org1.jpg\" alt=\"Tai nghe Bluetooth AirPods 2 Apple MV7N2 Tr\u1eafng thi\u1ebft k\u1ebf hi\u1ec7n \u0111\u1ea1i, cao c\u1ea5p\" data-src=\"https:\/\/demo8.thuythu.com\/lebaostore\/wp-content\/uploads\/2022\/01\/tai-nghe-bluetooth-airpods-2-apple-mv7n2-trang-1-org1.jpg\" \/><\/p>\n<h3><strong>Tai nghe\u00a0AirPods 2 trang b\u1ecb chip H1 gi\u00fap tai nghe k\u1ebft n\u1ed1i \u1ed5n \u0111\u1ecbnh, nhanh ch\u00f3ng v\u00e0 ti\u1ebft ki\u1ec7m pin h\u01a1n<\/strong><\/h3>\n<p>&nbsp;<\/p>\n<p><img class=\" ls-is-cached lazyloaded\" title=\"Tai nghe Bluetooth AirPods 2 Apple MV7N2 Tr\u1eafng h\u1ed7 tr\u1ee3 chip H1 x\u1eed l\u00fd t\u1ed1t h\u01a1n \" src=\"https:\/\/demo8.thuythu.com\/lebaostore\/wp-content\/uploads\/2022\/01\/tai-nghe-bluetooth-airpods-2-apple-mv7n2-trang-1-org3.jpg\" alt=\"Tai nghe Bluetooth AirPods 2 Apple MV7N2 Tr\u1eafng h\u1ed7 tr\u1ee3 chip H1 x\u1eed l\u00fd t\u1ed1t h\u01a1n \" data-src=\"https:\/\/demo8.thuythu.com\/lebaostore\/wp-content\/uploads\/2022\/01\/tai-nghe-bluetooth-airpods-2-apple-mv7n2-trang-1-org3.jpg\" \/><\/p>\n<h3><strong>H\u1ed7 tr\u1ee3 k\u00edch ho\u1ea1t Siri b\u1eb1ng gi\u1ecdng n\u00f3i &#8220;Hey, Siri&#8221; v\u00e0 thao t\u00e1c c\u1ea3m \u1ee9ng ti\u1ec7n l\u1ee3i<\/strong><\/h3>\n<p>Ngo\u00e0i ra,\u00a0tai nghe Bluetooth\u00a0AirPods 2 c\u00f2n h\u1ed7 tr\u1ee3 nh\u1eadn cu\u1ed9c g\u1ecdi, v\u00ec th\u1ebf b\u1ea1n c\u00f3 th\u1ec3 nghe ho\u1eb7c t\u1ea1m d\u1eebng \u0111o\u1ea1n nh\u1ea1c \u0111ang ph\u00e1t tr\u00ean \u0111i\u1ec7n tho\u1ea1i b\u1eb1ng nh\u1eefng thao t\u00e1c ch\u1ea1m c\u1ea3m \u1ee9ng tr\u00ean tai nghe, c\u1ef1c k\u1ef3 ti\u1ec7n l\u1ee3i cho ng\u01b0\u1eddi d\u00f9ng khi di chuy\u1ec3n.<\/p>\n<p><img class=\"lazyload\" title=\"Tai nghe Bluetooth AirPods 2 Apple MV7N2 Tr\u1eafng k\u00edch ho\u1ea1t Siri b\u1eb1ng gi\u1ecdng n\u00f3i \" alt=\"Tai nghe Bluetooth AirPods 2 Apple MV7N2 Tr\u1eafng k\u00edch ho\u1ea1t Siri b\u1eb1ng gi\u1ecdng n\u00f3i \" data-src=\"https:\/\/demo8.thuythu.com\/lebaostore\/wp-content\/uploads\/2022\/01\/tai-nghe-bluetooth-airpods-2-apple-mv7n2-trang-1-org-2.jpg\" \/><\/p>\n<h3><strong>K\u1ebft n\u1ed1i \u0111\u01b0\u1ee3c h\u1ea7u h\u1ebft v\u1edbi c\u00e1c thi\u1ebft b\u1ecb Apple v\u00e0 c\u1ea3 v\u1edbi c\u00e1c thi\u1ebft b\u1ecb h\u1ec7 \u0111i\u1ec1u h\u00e0nh Android, Windows<\/strong><\/h3>\n<p>Tai nghe Apple\u00a0AirPods 2 s\u1eed d\u1ee5ng chu\u1ea9n k\u1ebft n\u1ed1i\u00a0<strong>Bluetooth 5.0\u00a0<\/strong>\u0111\u01b0\u1ee3c t\u1ed1i \u01b0u cho m\u1ecdi thi\u1ebft b\u1ecb c\u1ee7a h\u00e3ng nh\u01b0\u00a0iMac, Macbook, Apple Watch,\u00a0iPhone, iPadv\u00e0 c\u1ea3 nh\u1eefng thi\u1ebft b\u1ecb\u00a0\u0111i\u1ec7n tho\u1ea1i,\u00a0m\u00e1y t\u00ednh b\u1ea3ng\u00a0ch\u1ea1y Android hay\u00a0laptop, m\u00e1y t\u00ednh Windows.<\/p>\n<p><img class=\"lazyload\" title=\"Tai nghe Bluetooth AirPods 2 Apple MV7N2 Tr\u1eafng k\u1ebft n\u1ed1i v\u1edbi h\u1ea7u h\u1ebft c\u00e1c thi\u1ebft b\u1ecb Apple\" alt=\"Tai nghe Bluetooth AirPods 2 Apple MV7N2 Tr\u1eafng k\u1ebft n\u1ed1i v\u1edbi h\u1ea7u h\u1ebft c\u00e1c thi\u1ebft b\u1ecb Apple\" data-src=\"https:\/\/demo8.thuythu.com\/lebaostore\/wp-content\/uploads\/2022\/01\/tai-nghe-bluetooth-airpods-2-apple-mv7n2-trang-1-org-23.jpg\" \/><\/p>\n<h3><strong>Trang b\u1ecb c\u00f4ng ngh\u1ec7 kh\u1eed ti\u1ebfng \u1ed3n cu\u1ed9c g\u1ecdi, \u0111\u1ea3m b\u1ea3o ch\u1ea5t l\u01b0\u1ee3ng cu\u1ed9c \u0111\u00e0m tho\u1ea1i t\u1ed1t nh\u1ea5t<\/strong><\/h3>\n<p>Tai nghe Bluetooth Apple\u00a0AirPods 2 trang b\u1ecb t\u00ednh n\u0103ng kh\u1eed \u1ed3n \u0111\u1ec3 t\u1ea1o \u0111i\u1ec3m nh\u1ea5n kh\u00e1c bi\u1ec7t so v\u1edbi chi\u1ebfc AirPods th\u1ebf h\u1ec7 \u0111\u1ea7u, nh\u1eb1m cho ra\u00a0<strong>ch\u1ea5t \u00e2m tuy\u1ec7t v\u1eddi<\/strong>\u00a0<strong>v\u00e0<\/strong>\u00a0<strong>c\u1ea3i thi\u1ec7n kho\u1ea3ng c\u00e1ch k\u1ebft n\u1ed1i<\/strong>\u00a0gi\u1eefa c\u00e1c thi\u1ebft b\u1ecb.<\/p>\n<p><img class=\"lazyload\" title=\"Tai nghe Bluetooth AirPods 2 Apple MV7N2 Tr\u1eafng kh\u1eed ti\u1ebfng \u1ed3n\" alt=\"Tai nghe Bluetooth AirPods 2 Apple MV7N2 Tr\u1eafng kh\u1eed ti\u1ebfng \u1ed3n\" data-src=\"https:\/\/demo8.thuythu.com\/lebaostore\/wp-content\/uploads\/2022\/01\/tai-nghe-bluetooth-airpods-2-apple-mv7n2-trang-1-org-25.jpg\" \/><\/p>\n<h3><strong>Nghe nh\u1ea1c l\u00ean \u0111\u1ebfn 5 gi\u1edd cho m\u1ed7i m\u1ed9t l\u1ea7n s\u1ea1c nhanh 15 ph\u00fat v\u00e0 c\u00f3 th\u1ec3 s\u1eed d\u1ee5ng h\u01a1n 24 gi\u1edd khi s\u1ea1c nhi\u1ec1u l\u1ea7n v\u1edbi h\u1ed9p s\u1ea1c<\/strong><\/h3>\n<p>\u0110i\u1ec3m \u0111\u1eb7c bi\u1ec7t tr\u00ean\u00a0tai nghe True Wireless,\u00a0<strong>s\u1ea1c nhanh 15 ph\u00fat<\/strong>\u00a0s\u1ebd c\u00f3 th\u1ec3 nghe \u0111\u1ebfn\u00a0<strong>3 gi\u1edd\u00a0<\/strong>(s\u1eed d\u1ee5ng \u1edf m\u1ee9c \u00e2m l\u01b0\u1ee3ng 50%) nh\u1edd\u00a0<strong>c\u00f4ng ngh\u1ec7 s\u1ea1c nhanh<\/strong>\u00a0t\u00edch h\u1ee3p, nhanh g\u1ecdn ti\u1ec7n l\u1ee3i.<\/p>\n<p><img class=\"lazyload\" title=\"Tai nghe Bluetooth AirPods 2 Apple MV7N2 Tr\u1eafng s\u1eed d\u1ee5ng pin d\u00e0i l\u00e2u\" alt=\"Tai nghe Bluetooth AirPods 2 Apple MV7N2 Tr\u1eafng s\u1eed d\u1ee5ng pin d\u00e0i l\u00e2u\" data-src=\"https:\/\/demo8.thuythu.com\/lebaostore\/wp-content\/uploads\/2022\/01\/tai-nghe-bluetooth-airpods-2-apple-mv7n2-trang-15.jpg\" \/><\/p>\n<div class=\"bg-article\"><\/div>\n<p><a class=\"btn-detail\">Xem th\u00eam<\/a><\/p>\n","protected":false},"excerpt":{"rendered":"<p>Tai nghe Bluetooth AirPods 2 Apple MV7N2 Tr\u1eafng\u00a0v\u1eabn gi\u1eef cho m\u00ecnh thi\u1ebft k\u1ebf hi\u1ec7n \u0111\u1ea1i, cao c\u1ea5p, h\u1ee3p th\u1eddi trang Tai nghe\u00a0AirPods 2 trang b\u1ecb chip H1 gi\u00fap tai nghe k\u1ebft n\u1ed1i \u1ed5n \u0111\u1ecbnh, nhanh ch\u00f3ng v\u00e0 ti\u1ebft ki\u1ec7m pin h\u01a1n &nbsp; H\u1ed7 tr\u1ee3 k\u00edch ho\u1ea1t Siri b\u1eb1ng gi\u1ecdng n\u00f3i &#8220;Hey, Siri&#8221; v\u00e0 thao t\u00e1c &#8230; <a title=\"AirPods 2 H\u1ed9p s\u1ea1c th\u01b0\u1eddng\" class=\"read-more\" href=\"https:\/\/demo8.thuythu.com\/lebaostore\/am-thanh\/airpods\/airpods-2-hop-sac-thuong\/\" aria-label=\"More on AirPods 2 H\u1ed9p s\u1ea1c th\u01b0\u1eddng\">Read more<\/a><\/p>\n","protected":false},"featured_media":1020,"template":"","meta":[],"product_cat":[98,21],"product_tag":[],"_links":{"self":[{"href":"https:\/\/demo8.thuythu.com\/lebaostore\/wp-json\/wp\/v2\/product\/2723"}],"collection":[{"href":"https:\/\/demo8.thuythu.com\/lebaostore\/wp-json\/wp\/v2\/product"}],"about":[{"href":"https:\/\/demo8.thuythu.com\/lebaostore\/wp-json\/wp\/v2\/types\/product"}],"wp:featuredmedia":[{"embeddable":true,"href":"https:\/\/demo8.thuythu.com\/lebaostore\/wp-json\/wp\/v2\/media\/1020"}],"wp:attachment":[{"href":"https:\/\/demo8.thuythu.com\/lebaostore\/wp-json\/wp\/v2\/media?parent=2723"}],"wp:term":[{"taxonomy":"product_cat","embeddable":true,"href":"https:\/\/demo8.thuythu.com\/lebaostore\/wp-json\/wp\/v2\/product_cat?post=2723"},{"taxonomy":"product_tag","embeddable":true,"href":"https:\/\/demo8.thuythu.com\/lebaostore\/wp-json\/wp\/v2\/product_tag?post=2723"}],"curies":[{"name":"wp","href":"https:\/\/api.w.org\/{rel}","templated":true}]}}