{"id":2725,"date":"2022-01-21T11:50:02","date_gmt":"2022-01-21T04:50:02","guid":{"rendered":"https:\/\/demo8.thuythu.com\/lebaostore\/product\/airpods-2-hop-sac-khong-day\/"},"modified":"2022-02-28T11:24:42","modified_gmt":"2022-02-28T04:24:42","slug":"airpods-2-hop-sac-khong-day","status":"publish","type":"product","link":"https:\/\/demo8.thuythu.com\/lebaostore\/am-thanh\/airpods\/airpods-2-hop-sac-khong-day\/","title":{"rendered":"AirPods 2 H\u1ed9p s\u1ea1c kh\u00f4ng d\u00e2y"},"content":{"rendered":"<p><img class=\" lazyloaded\" title=\"Airpods 2 H\u1ed9p s\u1ea1c kh\u00f4ng d\u00e2y\" src=\"https:\/\/demo8.thuythu.com\/lebaostore\/wp-content\/uploads\/2022\/01\/tai-nghe-bluetooth-airpods-2-wireless-charge-mrxj2-101021-091658.jpg\" alt=\"Airpods 2 H\u1ed9p s\u1ea1c kh\u00f4ng d\u00e2y\" data-src=\"https:\/\/demo8.thuythu.com\/lebaostore\/wp-content\/uploads\/2022\/01\/tai-nghe-bluetooth-airpods-2-wireless-charge-mrxj2-101021-091658.jpg\" \/><img class=\" lazyloaded\" title=\"Airpods 2 H\u1ed9p s\u1ea1c kh\u00f4ng d\u00e2y\" src=\"https:\/\/demo8.thuythu.com\/lebaostore\/wp-content\/uploads\/2022\/01\/tai-nghe-bluetooth-airpods-2-wireless-charge-mrxj2-101021-091658-1.jpg\" alt=\"Airpods 2 H\u1ed9p s\u1ea1c kh\u00f4ng d\u00e2y\" data-src=\"https:\/\/demo8.thuythu.com\/lebaostore\/wp-content\/uploads\/2022\/01\/tai-nghe-bluetooth-airpods-2-wireless-charge-mrxj2-101021-091658-1.jpg\" \/><img class=\" lazyloaded\" title=\"Airpods 2 H\u1ed9p s\u1ea1c kh\u00f4ng d\u00e2y\" src=\"https:\/\/demo8.thuythu.com\/lebaostore\/wp-content\/uploads\/2022\/01\/tai-nghe-bluetooth-airpods-2-wireless-charge-mrxj2-101021-091659-1.jpg\" alt=\"Airpods 2 H\u1ed9p s\u1ea1c kh\u00f4ng d\u00e2y\" data-src=\"https:\/\/demo8.thuythu.com\/lebaostore\/wp-content\/uploads\/2022\/01\/tai-nghe-bluetooth-airpods-2-wireless-charge-mrxj2-101021-091659-1.jpg\" \/><img class=\" lazyloaded\" title=\"Airpods 2 H\u1ed9p s\u1ea1c kh\u00f4ng d\u00e2y\" src=\"https:\/\/demo8.thuythu.com\/lebaostore\/wp-content\/uploads\/2022\/01\/tai-nghe-bluetooth-airpods-2-wireless-charge-mrxj2-101021-091659.jpg\" alt=\"Airpods 2 H\u1ed9p s\u1ea1c kh\u00f4ng d\u00e2y\" data-src=\"https:\/\/demo8.thuythu.com\/lebaostore\/wp-content\/uploads\/2022\/01\/tai-nghe-bluetooth-airpods-2-wireless-charge-mrxj2-101021-091659.jpg\" \/><img class=\" lazyloaded\" title=\"Airpods 2 H\u1ed9p s\u1ea1c kh\u00f4ng d\u00e2y\" src=\"https:\/\/demo8.thuythu.com\/lebaostore\/wp-content\/uploads\/2022\/01\/tai-nghe-bluetooth-airpods-2-wireless-charge-mrxj2-101021-091700.jpg\" alt=\"Airpods 2 H\u1ed9p s\u1ea1c kh\u00f4ng d\u00e2y\" data-src=\"https:\/\/demo8.thuythu.com\/lebaostore\/wp-content\/uploads\/2022\/01\/tai-nghe-bluetooth-airpods-2-wireless-charge-mrxj2-101021-091700.jpg\" \/><img class=\" lazyloaded\" title=\"Airpods 2 H\u1ed9p s\u1ea1c kh\u00f4ng d\u00e2y\" src=\"https:\/\/demo8.thuythu.com\/lebaostore\/wp-content\/uploads\/2022\/01\/tai-nghe-bluetooth-airpods-2-wireless-charge-mrxj2-101021-091700-1.jpg\" alt=\"Airpods 2 H\u1ed9p s\u1ea1c kh\u00f4ng d\u00e2y\" data-src=\"https:\/\/demo8.thuythu.com\/lebaostore\/wp-content\/uploads\/2022\/01\/tai-nghe-bluetooth-airpods-2-wireless-charge-mrxj2-101021-091700-1.jpg\" \/><img class=\" lazyloaded\" title=\"Airpods 2 H\u1ed9p s\u1ea1c kh\u00f4ng d\u00e2y\" src=\"https:\/\/demo8.thuythu.com\/lebaostore\/wp-content\/uploads\/2022\/01\/tai-nghe-bluetooth-airpods-2-wireless-charge-mrxj2-101021-091701.jpg\" alt=\"Airpods 2 H\u1ed9p s\u1ea1c kh\u00f4ng d\u00e2y\" data-src=\"https:\/\/demo8.thuythu.com\/lebaostore\/wp-content\/uploads\/2022\/01\/tai-nghe-bluetooth-airpods-2-wireless-charge-mrxj2-101021-091701.jpg\" \/><img class=\" lazyloaded\" title=\"Airpods 2 H\u1ed9p s\u1ea1c kh\u00f4ng d\u00e2y\" src=\"https:\/\/demo8.thuythu.com\/lebaostore\/wp-content\/uploads\/2022\/01\/tai-nghe-bluetooth-airpods-2-wireless-charge-mrxj2-101021-091701-1.jpg\" alt=\"Airpods 2 H\u1ed9p s\u1ea1c kh\u00f4ng d\u00e2y\" data-src=\"https:\/\/demo8.thuythu.com\/lebaostore\/wp-content\/uploads\/2022\/01\/tai-nghe-bluetooth-airpods-2-wireless-charge-mrxj2-101021-091701-1.jpg\" \/><\/p>\n<h3><strong>N\u1ed9i dung v\u1ec1 t\u00ednh n\u0103ng\u00a0<\/strong><\/h3>\n<p>AirPods \u0111em \u0111\u1ebfn \u00e2m thanh ch\u1ea5t l\u01b0\u1ee3ng cao cho tr\u1ea3i nghi\u1ec7m tai nghe kh\u00f4ng d\u00e2y tuy\u1ec7t v\u1eddi ch\u01b0a t\u1eebng c\u00f3. V\u1edbi\u00a0H\u1ed9p S\u1ea1c Kh\u00f4ng D\u00e2y, b\u1ea1n ch\u1ec9 c\u1ea7n \u0111\u1eb7t tai nghe l\u00ean \u0111\u1ec7m s\u1ea1c v\u00e0 th\u1ebf l\u00e0 xong. Tai nghe s\u1eb5n s\u00e0ng \u0111\u1ec3 s\u1eed d\u1ee5ng\u00a0v\u1edbi t\u1ea5t c\u1ea3 c\u00e1c thi\u1ebft b\u1ecb c\u1ee7a b\u1ea1n.<sup>1 <\/sup>K\u1ebft n\u1ed1i t\u1ee9c th\u00ec khi \u0111eo v\u00e0o tai. Th\u1eadt k\u1ef3 di\u1ec7u.<\/p>\n<h3><strong>T\u00ednh n\u0103ng n\u1ed5i b\u1eadt\u00a0<\/strong><\/h3>\n<ul>\n<li>V\u1eeba v\u1eb7n v\u1edbi m\u1ecdi k\u00edch c\u1ee1, tho\u1ea3i m\u00e1i c\u1ea3 ng\u00e0y d\u00e0i.<\/li>\n<li>T\u1ef1 \u0111\u1ed9ng b\u1eadt, t\u1ef1 \u0111\u1ed9ng k\u1ebft n\u1ed1i.<\/li>\n<li>D\u1ec5 d\u00e0ng k\u1ebft n\u1ed1i v\u1edbi t\u1ea5t c\u1ea3 thi\u1ebft b\u1ecb Apple c\u1ee7a b\u1ea1n.<sup>1<\/sup><\/li>\n<li>\u0110i\u1ec1u khi\u1ec3n nh\u1ea1c v\u00e0 cu\u1ed9c g\u1ecdi c\u1ee7a b\u1ea1n t\u1eeb AirPods.<\/li>\n<li>D\u1ec5 d\u00e0ng chia s\u1ebb \u00e2m thanh gi\u1eefa hai b\u1ed9 AirPods tr\u00ean iPhone, iPad, iPod touch ho\u1eb7c Apple TV.<\/li>\n<li>Chuy\u1ec3n \u0111\u1ed5i m\u01b0\u1ee3t m\u00e0 gi\u1eefa c\u00e1c thi\u1ebft b\u1ecb Apple.<sup>1<\/sup><\/li>\n<li>S\u1ea1c ti\u1ec7n l\u1ee3i b\u1eb1ng b\u1ed9 s\u1ea1c chu\u1ea9n Qi ho\u1eb7c c\u00e1p Lightning \u0111i k\u00e8m.<\/li>\n<li>H\u1ed9p S\u1ea1c Kh\u00f4ng D\u00e2y \u0111em \u0111\u1ebfn th\u1eddi l\u01b0\u1ee3ng pin h\u01a1n 24 gi\u1edd.<sup>2<\/sup><\/li>\n<\/ul>\n<h3><strong>Ph\u00e1p l\u00fd<\/strong><\/h3>\n<p><sup>1<\/sup>C\u1ea7n c\u00f3 t\u00e0i kho\u1ea3n iCloud v\u00e0 macOS 11.1, iOS 14.3, iPadOS 14.3, watchOS 7.2 ho\u1eb7c tvOS 14.3 tr\u1edf l\u00ean.<br \/>\n<sup>2<\/sup>Th\u1eddi l\u01b0\u1ee3ng pin kh\u00e1c nhau t\u00f9y theo c\u00e1ch s\u1eed d\u1ee5ng v\u00e0 c\u1ea5u h\u00ecnh. Truy c\u1eadp apple.com\/batteries \u0111\u1ec3 bi\u1ebft th\u00eam th\u00f4ng tin.<\/p>\n<div class=\"bg-article\"><\/div>\n<p><a class=\"btn-detail\">Xem th\u00eam<\/a><\/p>\n","protected":false},"excerpt":{"rendered":"<p>N\u1ed9i dung v\u1ec1 t\u00ednh n\u0103ng\u00a0 AirPods \u0111em \u0111\u1ebfn \u00e2m thanh ch\u1ea5t l\u01b0\u1ee3ng cao cho tr\u1ea3i nghi\u1ec7m tai nghe kh\u00f4ng d\u00e2y tuy\u1ec7t v\u1eddi ch\u01b0a t\u1eebng c\u00f3. V\u1edbi\u00a0H\u1ed9p S\u1ea1c Kh\u00f4ng D\u00e2y, b\u1ea1n ch\u1ec9 c\u1ea7n \u0111\u1eb7t tai nghe l\u00ean \u0111\u1ec7m s\u1ea1c v\u00e0 th\u1ebf l\u00e0 xong. Tai nghe s\u1eb5n s\u00e0ng \u0111\u1ec3 s\u1eed d\u1ee5ng\u00a0v\u1edbi t\u1ea5t c\u1ea3 c\u00e1c thi\u1ebft b\u1ecb c\u1ee7a &#8230; <a title=\"AirPods 2 H\u1ed9p s\u1ea1c kh\u00f4ng d\u00e2y\" class=\"read-more\" href=\"https:\/\/demo8.thuythu.com\/lebaostore\/am-thanh\/airpods\/airpods-2-hop-sac-khong-day\/\" aria-label=\"More on AirPods 2 H\u1ed9p s\u1ea1c kh\u00f4ng d\u00e2y\">Read more<\/a><\/p>\n","protected":false},"featured_media":1020,"template":"","meta":[],"product_cat":[98,21],"product_tag":[],"_links":{"self":[{"href":"https:\/\/demo8.thuythu.com\/lebaostore\/wp-json\/wp\/v2\/product\/2725"}],"collection":[{"href":"https:\/\/demo8.thuythu.com\/lebaostore\/wp-json\/wp\/v2\/product"}],"about":[{"href":"https:\/\/demo8.thuythu.com\/lebaostore\/wp-json\/wp\/v2\/types\/product"}],"wp:featuredmedia":[{"embeddable":true,"href":"https:\/\/demo8.thuythu.com\/lebaostore\/wp-json\/wp\/v2\/media\/1020"}],"wp:attachment":[{"href":"https:\/\/demo8.thuythu.com\/lebaostore\/wp-json\/wp\/v2\/media?parent=2725"}],"wp:term":[{"taxonomy":"product_cat","embeddable":true,"href":"https:\/\/demo8.thuythu.com\/lebaostore\/wp-json\/wp\/v2\/product_cat?post=2725"},{"taxonomy":"product_tag","embeddable":true,"href":"https:\/\/demo8.thuythu.com\/lebaostore\/wp-json\/wp\/v2\/product_tag?post=2725"}],"curies":[{"name":"wp","href":"https:\/\/api.w.org\/{rel}","templated":true}]}}