{"id":2727,"date":"2022-01-21T11:50:02","date_gmt":"2022-01-21T04:50:02","guid":{"rendered":"https:\/\/demo8.thuythu.com\/lebaostore\/product\/airpods-pro-hop-sac-khong-day\/"},"modified":"2022-02-28T11:30:16","modified_gmt":"2022-02-28T04:30:16","slug":"airpods-pro-hop-sac-khong-day","status":"publish","type":"product","link":"https:\/\/demo8.thuythu.com\/lebaostore\/am-thanh\/airpods\/airpods-pro-hop-sac-khong-day\/","title":{"rendered":"Airpods Pro H\u1ed9p s\u1ea1c kh\u00f4ng d\u00e2y"},"content":{"rendered":"<p><img class=\" lazyloaded\" title=\"Airpods Pro\" src=\"https:\/\/demo8.thuythu.com\/lebaostore\/wp-content\/uploads\/2022\/01\/tai-nghe-bluetooth-airpods-pro-apple-mwp22-101021-091206.jpg\" alt=\"Airpods Pro\" data-src=\"https:\/\/demo8.thuythu.com\/lebaostore\/wp-content\/uploads\/2022\/01\/tai-nghe-bluetooth-airpods-pro-apple-mwp22-101021-091206.jpg\" \/><img class=\" lazyloaded\" title=\"Airpods Pro\" src=\"https:\/\/demo8.thuythu.com\/lebaostore\/wp-content\/uploads\/2022\/01\/tai-nghe-bluetooth-airpods-pro-apple-mwp22-111021-055542.jpg\" alt=\"Airpods Pro\" data-src=\"https:\/\/demo8.thuythu.com\/lebaostore\/wp-content\/uploads\/2022\/01\/tai-nghe-bluetooth-airpods-pro-apple-mwp22-111021-055542.jpg\" \/><img class=\" lazyloaded\" title=\"Airpods Pro\" src=\"https:\/\/demo8.thuythu.com\/lebaostore\/wp-content\/uploads\/2022\/01\/tai-nghe-bluetooth-airpods-pro-apple-mwp22-111021-055543.jpg\" alt=\"Airpods Pro\" data-src=\"https:\/\/demo8.thuythu.com\/lebaostore\/wp-content\/uploads\/2022\/01\/tai-nghe-bluetooth-airpods-pro-apple-mwp22-111021-055543.jpg\" \/><img class=\" lazyloaded\" title=\"Airpods Pro\" src=\"https:\/\/demo8.thuythu.com\/lebaostore\/wp-content\/uploads\/2022\/01\/tai-nghe-bluetooth-airpods-pro-apple-mwp22-111021-055544-1.jpg\" alt=\"Airpods Pro\" data-src=\"https:\/\/demo8.thuythu.com\/lebaostore\/wp-content\/uploads\/2022\/01\/tai-nghe-bluetooth-airpods-pro-apple-mwp22-111021-055544-1.jpg\" \/><img class=\" lazyloaded\" title=\"Airpods Pro\" src=\"https:\/\/demo8.thuythu.com\/lebaostore\/wp-content\/uploads\/2022\/01\/tai-nghe-bluetooth-airpods-pro-apple-mwp22-111021-055544.jpg\" alt=\"Airpods Pro\" data-src=\"https:\/\/demo8.thuythu.com\/lebaostore\/wp-content\/uploads\/2022\/01\/tai-nghe-bluetooth-airpods-pro-apple-mwp22-111021-055544.jpg\" \/><img class=\" lazyloaded\" title=\"Airpods Pro\" src=\"https:\/\/demo8.thuythu.com\/lebaostore\/wp-content\/uploads\/2022\/01\/tai-nghe-bluetooth-airpods-pro-apple-mwp22-111021-055545-1.jpg\" alt=\"Airpods Pro\" data-src=\"https:\/\/demo8.thuythu.com\/lebaostore\/wp-content\/uploads\/2022\/01\/tai-nghe-bluetooth-airpods-pro-apple-mwp22-111021-055545-1.jpg\" \/><img class=\" lazyloaded\" title=\"Airpods Pro\" src=\"https:\/\/demo8.thuythu.com\/lebaostore\/wp-content\/uploads\/2022\/01\/tai-nghe-bluetooth-airpods-pro-apple-mwp22-111021-055545.jpg\" alt=\"Airpods Pro\" data-src=\"https:\/\/demo8.thuythu.com\/lebaostore\/wp-content\/uploads\/2022\/01\/tai-nghe-bluetooth-airpods-pro-apple-mwp22-111021-055545.jpg\" \/><img class=\" lazyloaded\" title=\"Airpods Pro\" src=\"https:\/\/demo8.thuythu.com\/lebaostore\/wp-content\/uploads\/2022\/01\/tai-nghe-bluetooth-airpods-pro-apple-mwp22-111021-055546.jpg\" alt=\"Airpods Pro\" data-src=\"https:\/\/demo8.thuythu.com\/lebaostore\/wp-content\/uploads\/2022\/01\/tai-nghe-bluetooth-airpods-pro-apple-mwp22-111021-055546.jpg\" \/><img class=\" lazyloaded\" title=\"Airpods Pro\" src=\"https:\/\/demo8.thuythu.com\/lebaostore\/wp-content\/uploads\/2022\/01\/tai-nghe-bluetooth-airpods-pro-apple-mwp22-111021-055547-1.jpg\" alt=\"Airpods Pro\" data-src=\"https:\/\/demo8.thuythu.com\/lebaostore\/wp-content\/uploads\/2022\/01\/tai-nghe-bluetooth-airpods-pro-apple-mwp22-111021-055547-1.jpg\" \/><img class=\" lazyloaded\" title=\"Airpods Pro\" src=\"https:\/\/demo8.thuythu.com\/lebaostore\/wp-content\/uploads\/2022\/01\/tai-nghe-bluetooth-airpods-pro-apple-mwp22-111021-055547.jpg\" alt=\"Airpods Pro\" data-src=\"https:\/\/demo8.thuythu.com\/lebaostore\/wp-content\/uploads\/2022\/01\/tai-nghe-bluetooth-airpods-pro-apple-mwp22-111021-055547.jpg\" \/><img class=\" lazyloaded\" title=\"Airpods Pro\" src=\"https:\/\/demo8.thuythu.com\/lebaostore\/wp-content\/uploads\/2022\/01\/tai-nghe-bluetooth-airpods-pro-apple-mwp22-111021-055548.jpg\" alt=\"Airpods Pro\" data-src=\"https:\/\/demo8.thuythu.com\/lebaostore\/wp-content\/uploads\/2022\/01\/tai-nghe-bluetooth-airpods-pro-apple-mwp22-111021-055548.jpg\" \/><\/p>\n<h3><strong>N\u1ed9i dung v\u1ec1 t\u00ednh n\u0103ng\u00a0<\/strong><\/h3>\n<p>T\u00ednh n\u0103ng Ch\u1ee7 \u0110\u1ed9ng Kh\u1eed Ti\u1ebfng \u1ed2n t\u1ea1o ra \u00e2m thanh s\u1ed1ng \u0111\u1ed9ng. Ch\u1ebf \u0110\u1ed9 Xuy\u00ean \u00c2m gi\u00fap b\u1ea1n nghe v\u00e0 t\u01b0\u01a1ng t\u00e1c v\u1edbi th\u1ebf gi\u1edbi xung quanh. Ch\u1ecdn l\u1ef1a m\u1ed9t trong ba k\u00edch c\u1ee1 kh\u00e1c nhau c\u1ee7a \u0111\u1ea7u silicon m\u1ec1m m\u1ea1i \u0111\u1ec3 tai nghe lu\u00f4n \u00f4m kh\u00edt tho\u1ea3i m\u00e1i. Ch\u1ed1ng m\u1ed3 h\u00f4i v\u00e0 ch\u1ed1ng n\u01b0\u1edbc.<sup>1<\/sup> T\u1ea5t c\u1ea3 trong m\u1ed9t chi\u1ebfc tai nghe nh\u00e9t tai d\u1ec5 thi\u1ebft l\u1eadp v\u00e0 t\u01b0\u01a1ng th\u00edch ho\u00e0n to\u00e0n v\u1edbi m\u1ecdi thi\u1ebft b\u1ecb Apple c\u1ee7a b\u1ea1n.<sup>2<\/sup><\/p>\n<h3><strong>Ph\u00e1p l\u00fd<\/strong><\/h3>\n<p><sup>1<\/sup>AirPods Pro c\u00f3 kh\u1ea3 n\u0103ng ch\u1ed1ng m\u1ed3 h\u00f4i v\u00e0 ch\u1ed1ng n\u01b0\u1edbc, c\u00f3 th\u1ec3 s\u1eed d\u1ee5ng trong c\u00e1c m\u00f4n th\u1ec3 thao v\u00e0 luy\u1ec7n t\u1eadp kh\u00f4ng li\u00ean quan \u0111\u1ebfn n\u01b0\u1edbc. Tai nghe c\u0169ng \u0111\u1ea1t chu\u1ea9n IPX4. Kh\u1ea3 n\u0103ng ch\u1ed1ng m\u1ed3 h\u00f4i v\u00e0 ch\u1ed1ng n\u01b0\u1edbc kh\u00f4ng ph\u1ea3i l\u00e0 \u0111i\u1ec1u ki\u1ec7n v\u0129nh vi\u1ec5n. H\u1ed9p s\u1ea1c kh\u00f4ng c\u00f3 kh\u1ea3 n\u0103ng ch\u1ed1ng m\u1ed3 h\u00f4i ho\u1eb7c ch\u1ed1ng n\u01b0\u1edbc.<\/p>\n<p>\u00b2C\u1ea7n c\u00f3 t\u00e0i kho\u1ea3n iCloud v\u00e0 macOS 11.1, iOS 14.3, iPadOS 14.3, watchOS 7.2 ho\u1eb7c tvOS 14.3 tr\u1edf l\u00ean.<\/p>\n<div class=\"bg-article\"><\/div>\n<p><a class=\"btn-detail\">Xem th\u00eam<\/a><\/p>\n","protected":false},"excerpt":{"rendered":"<p>N\u1ed9i dung v\u1ec1 t\u00ednh n\u0103ng\u00a0 T\u00ednh n\u0103ng Ch\u1ee7 \u0110\u1ed9ng Kh\u1eed Ti\u1ebfng \u1ed2n t\u1ea1o ra \u00e2m thanh s\u1ed1ng \u0111\u1ed9ng. Ch\u1ebf \u0110\u1ed9 Xuy\u00ean \u00c2m gi\u00fap b\u1ea1n nghe v\u00e0 t\u01b0\u01a1ng t\u00e1c v\u1edbi th\u1ebf gi\u1edbi xung quanh. Ch\u1ecdn l\u1ef1a m\u1ed9t trong ba k\u00edch c\u1ee1 kh\u00e1c nhau c\u1ee7a \u0111\u1ea7u silicon m\u1ec1m m\u1ea1i \u0111\u1ec3 tai nghe lu\u00f4n \u00f4m kh\u00edt tho\u1ea3i m\u00e1i. &#8230; <a title=\"Airpods Pro H\u1ed9p s\u1ea1c kh\u00f4ng d\u00e2y\" class=\"read-more\" href=\"https:\/\/demo8.thuythu.com\/lebaostore\/am-thanh\/airpods\/airpods-pro-hop-sac-khong-day\/\" aria-label=\"More on Airpods Pro H\u1ed9p s\u1ea1c kh\u00f4ng d\u00e2y\">Read more<\/a><\/p>\n","protected":false},"featured_media":1046,"template":"","meta":[],"product_cat":[98,21],"product_tag":[],"_links":{"self":[{"href":"https:\/\/demo8.thuythu.com\/lebaostore\/wp-json\/wp\/v2\/product\/2727"}],"collection":[{"href":"https:\/\/demo8.thuythu.com\/lebaostore\/wp-json\/wp\/v2\/product"}],"about":[{"href":"https:\/\/demo8.thuythu.com\/lebaostore\/wp-json\/wp\/v2\/types\/product"}],"wp:featuredmedia":[{"embeddable":true,"href":"https:\/\/demo8.thuythu.com\/lebaostore\/wp-json\/wp\/v2\/media\/1046"}],"wp:attachment":[{"href":"https:\/\/demo8.thuythu.com\/lebaostore\/wp-json\/wp\/v2\/media?parent=2727"}],"wp:term":[{"taxonomy":"product_cat","embeddable":true,"href":"https:\/\/demo8.thuythu.com\/lebaostore\/wp-json\/wp\/v2\/product_cat?post=2727"},{"taxonomy":"product_tag","embeddable":true,"href":"https:\/\/demo8.thuythu.com\/lebaostore\/wp-json\/wp\/v2\/product_tag?post=2727"}],"curies":[{"name":"wp","href":"https:\/\/api.w.org\/{rel}","templated":true}]}}