{"id":2733,"date":"2022-01-21T11:50:02","date_gmt":"2022-01-21T04:50:02","guid":{"rendered":"https:\/\/demo8.thuythu.com\/lebaostore\/product\/earpods-jack-cam-lighning\/"},"modified":"2022-01-21T11:50:11","modified_gmt":"2022-01-21T04:50:11","slug":"earpods-jack-cam-lighning","status":"publish","type":"product","link":"https:\/\/demo8.thuythu.com\/lebaostore\/am-thanh\/earpods\/earpods-jack-cam-lighning\/","title":{"rendered":"EarPods jack c\u1eafm Lighning"},"content":{"rendered":"<p><span style=\"font-size: 13px;\">Kh\u00f4ng gi\u1ed1ng nh\u01b0 tai nghe nh\u00e9t tai tr\u00f2n truy\u1ec1n th\u1ed1ng, EarPods \u0111\u01b0\u1ee3c thi\u1ebft k\u1ebf theo h\u00ecnh d\u1ea1ng c\u1ee7a tai. Ch\u00ednh v\u00ec v\u1eady, tai nghe n\u00e0y \u0111em \u0111\u1ebfn cho ng\u01b0\u1eddi s\u1eed d\u1ee5ng c\u1ea3m gi\u00e1c tho\u1ea3i m\u00e1i h\u01a1n b\u1ea5t k\u1ef3 tai nghe nh\u00e9t tai tr\u00f2n n\u00e0o.<\/span><\/p>\n<p>Loa b\u00ean trong EarPods \u0111\u01b0\u1ee3c thi\u1ebft k\u1ebf \u0111\u1ec3 t\u1ed1i \u0111a h\u00f3a \u0111\u1ea7u ra \u00e2m thanh v\u00e0 gi\u1ea3m thi\u1ec3u vi\u1ec7c m\u1ea5t \u00e2m thanh, mang l\u1ea1i cho b\u1ea1n \u00e2m thanh ch\u1ea5t l\u01b0\u1ee3ng cao.<\/p>\n<p>EarPods c\u0169ng c\u00f3 \u0111i\u1ec1u khi\u1ec3n c\u00e0i s\u1eb5n cho ph\u00e9p b\u1ea1n \u0111i\u1ec1u ch\u1ec9nh \u00e2m l\u01b0\u1ee3ng, \u0111i\u1ec1u khi\u1ec3n vi\u1ec7c ph\u00e1t nh\u1ea1c v\u00e0 video c\u0169ng nh\u01b0 tr\u1ea3 l\u1eddi ho\u1eb7c k\u1ebft th\u00fac cu\u1ed9c g\u1ecdi b\u1eb1ng c\u00e1ch b\u1ea5m v\u00e0o d\u00e2y tai nghe.&nbsp;<\/p>\n","protected":false},"excerpt":{"rendered":"<p>Kh\u00f4ng gi\u1ed1ng nh\u01b0 tai nghe nh\u00e9t tai tr\u00f2n truy\u1ec1n th\u1ed1ng, EarPods \u0111\u01b0\u1ee3c thi\u1ebft k\u1ebf theo h\u00ecnh d\u1ea1ng c\u1ee7a tai. Ch\u00ednh v\u00ec v\u1eady, tai nghe n\u00e0y \u0111em \u0111\u1ebfn cho ng\u01b0\u1eddi s\u1eed d\u1ee5ng c\u1ea3m gi\u00e1c tho\u1ea3i m\u00e1i h\u01a1n b\u1ea5t k\u1ef3 tai nghe nh\u00e9t tai tr\u00f2n n\u00e0o. Loa b\u00ean trong EarPods \u0111\u01b0\u1ee3c thi\u1ebft k\u1ebf \u0111\u1ec3 t\u1ed1i \u0111a h\u00f3a &#8230; <a title=\"EarPods jack c\u1eafm Lighning\" class=\"read-more\" href=\"https:\/\/demo8.thuythu.com\/lebaostore\/am-thanh\/earpods\/earpods-jack-cam-lighning\/\" aria-label=\"More on EarPods jack c\u1eafm Lighning\">Read more<\/a><\/p>\n","protected":false},"featured_media":1055,"template":"","meta":[],"product_cat":[100,21],"product_tag":[],"_links":{"self":[{"href":"https:\/\/demo8.thuythu.com\/lebaostore\/wp-json\/wp\/v2\/product\/2733"}],"collection":[{"href":"https:\/\/demo8.thuythu.com\/lebaostore\/wp-json\/wp\/v2\/product"}],"about":[{"href":"https:\/\/demo8.thuythu.com\/lebaostore\/wp-json\/wp\/v2\/types\/product"}],"wp:featuredmedia":[{"embeddable":true,"href":"https:\/\/demo8.thuythu.com\/lebaostore\/wp-json\/wp\/v2\/media\/1055"}],"wp:attachment":[{"href":"https:\/\/demo8.thuythu.com\/lebaostore\/wp-json\/wp\/v2\/media?parent=2733"}],"wp:term":[{"taxonomy":"product_cat","embeddable":true,"href":"https:\/\/demo8.thuythu.com\/lebaostore\/wp-json\/wp\/v2\/product_cat?post=2733"},{"taxonomy":"product_tag","embeddable":true,"href":"https:\/\/demo8.thuythu.com\/lebaostore\/wp-json\/wp\/v2\/product_tag?post=2733"}],"curies":[{"name":"wp","href":"https:\/\/api.w.org\/{rel}","templated":true}]}}