{"id":2737,"date":"2022-01-21T11:50:02","date_gmt":"2022-01-21T04:50:02","guid":{"rendered":"https:\/\/demo8.thuythu.com\/lebaostore\/product\/tai-nghe-khong-day-beats-high-performance\/"},"modified":"2022-01-21T11:50:13","modified_gmt":"2022-01-21T04:50:13","slug":"tai-nghe-khong-day-beats-high-performance","status":"publish","type":"product","link":"https:\/\/demo8.thuythu.com\/lebaostore\/am-thanh\/beats\/tai-nghe-khong-day-beats-high-performance\/","title":{"rendered":"Tai nghe kh\u00f4ng d\u00e2y Beats High-Performance"},"content":{"rendered":"<h3><strong>Hi\u1ec7u su\u1ea5t m\u1ea1nh m\u1ebd&nbsp;<\/strong><\/h3>\n<p>\u0110\u01b0\u1ee3c h\u1ed7 tr\u1ee3 b\u1edfi chip tai nghe Apple H1, tai nghe Powerbeats kh\u00f4ng d\u00e2y hi\u1ec7u su\u1ea5t cao \u0111\u01b0\u1ee3c ch\u1ebf t\u1ea1o \u0111\u1ec3 ph\u1ee5c v\u1ee5 cho nhu c\u1ea7u di chuy\u1ec3n th\u01b0\u1eddng xuy\u00ean. \u0110\u1ec3 t\u1ed1i \u0111a h\u00f3a s\u1ef1 tho\u1ea3i m\u00e1i c\u1ee7a ng\u01b0\u1eddi d\u00f9ng, h\u00e3ng cho ph\u00e9p b\u1ea1n c\u00f3 th\u1ec3 t\u00f9y \u00fd \u0111i\u1ec1u ch\u1ec9nh ph\u1ea7n earhook. B\u00ean c\u1ea1nh \u0111\u00f3, tai nghe c\u00f2n c\u00f3 kh\u1ea3 n\u0103ng ch\u1ed1ng n\u01b0\u1edbc, ch\u1ed1ng m\u1ed3 h\u00f4i chu\u1ea9n IPX45 cho ph\u00e9p b\u1ea1n tho\u1ea3i m\u00e1i s\u1eed d\u1ee5ng khi v\u1eadn \u0111\u1ed9ng m\u1ea1nh ho\u1eb7c d\u01b0\u1edbi \u0111i\u1ec1u ki\u1ec7n th\u1eddi ti\u1ebft x\u1ea5u. V\u00e0 v\u1edbi th\u1eddi gian nghe l\u00ean \u0111\u1ebfn 15 gi\u1edd, b\u1ea1n kh\u00f4ng ch\u1ec9 c\u00f3 kh\u1ea3 n\u0103ng th\u1ef1c hi\u1ec7n nhi\u1ec1u b\u00e0i workout kh\u00e1c nhau m\u00e0 c\u00f2n \u0111\u01b0\u1ee3c ti\u1ebfp th\u00eam s\u1ee9c m\u1ea1nh cho qu\u00e1 tr\u00ecnh luy\u1ec7n t\u1eadp c\u1ee7a m\u00ecnh v\u1edbi \u00e2m thanh ch\u1ea5t l\u01b0\u1ee3ng cao.<\/p>\n<h3><strong>\u00c2m thanh ch\u1ea5t l\u01b0\u1ee3ng cao<\/strong><\/h3>\n<p>Powerbeats t\u1ef1 h\u00e0o c\u00f3 \u00e2m thanh c\u00e2n b\u1eb1ng, m\u1ea1nh m\u1ebd nh\u01b0 Powerbeats Pro, mang \u0111\u1ebfn kh\u1ea3 n\u0103ng t\u00e1i t\u1ea1o \u00e2m thanh thu\u1ea7n t\u00fay, n\u00e2ng cao \u0111\u1ed9 r\u00f5 n\u00e9t v\u00e0 d\u1ea3i \u0111\u1ed9ng. \u00c2m thanh \u0111\u1ec9nh cao b\u1eaft ngu\u1ed3n t\u1eeb s\u1ef1 v\u1eeba v\u1eb7n ph\u00f9 h\u1ee3p, v\u00ec v\u1eady m\u00e0 nh\u1eefng chi\u1ebfc tai nghe n\u00e0y \u0111\u01b0\u1ee3c ch\u1ebf t\u1ea1o \u0111\u1ec3 t\u1eadp trung v\u00e0o s\u1ef1 tho\u1ea3i m\u00e1i v\u1ec1 c\u00f4ng th\u00e1i h\u1ecdc cho ng\u01b0\u1eddi d\u00f9ng \u0111\u1ec3 mang l\u1ea1i tr\u1ea3i nghi\u1ec7m nghe t\u1ed1t nh\u1ea5t.<\/p>\n<h3><strong>Ki\u1ec3m so\u00e1t qu\u00e1 tr\u00ecnh t\u1eadp luy\u1ec7n c\u1ee7a b\u1ea1n&nbsp;<\/strong><\/h3>\n<p>T\u1eadn h\u01b0\u1edfng kh\u1ea3 n\u0103ng ki\u1ec3m so\u00e1t \u00e2m thanh t\u1ed1i \u01b0u tr\u1ef1c ti\u1ebfp t\u1eeb tai nghe b\u00ean ph\u1ea3i c\u1ee7a b\u1ea1n. B\u1ea1n c\u00f3 th\u1ec3 s\u1eed d\u1ee5ng n\u00fat b \u0111\u1ec3 ph\u00e1t\/t\u1ea1m d\u1eebng, thay \u0111\u1ed5i b\u1ea3n nh\u1ea1c ho\u1eb7c th\u1eadm ch\u00ed nh\u1eadn cu\u1ed9c g\u1ecdi. V\u00e0 v\u1edbi n\u00fat ch\u1ec9nh \u00e2m l\u01b0\u1ee3ng hai chi\u1ec1u, b\u1ea1n c\u00f3 th\u1ec3 d\u1ec5 d\u00e0ng t\u0103ng (ho\u1eb7c gi\u1ea3m) nh\u1ea1c v\u00e0 gi\u1eef nguy\u00ean t\u00f9y theo \u00fd th\u00edch. B\u1ea1n c\u0169ng c\u00f3 th\u1ec3 b\u1eadt ch\u1ebf \u0111\u1ed9 r\u1ea3nh tay v\u1edbi &#8220;&#8221;Hey Siri&#8221;&#8221; 2 tr\u00ean c\u00e1c thi\u1ebft b\u1ecb iOS ho\u1eb7c k\u00edch ho\u1ea1t tr\u1ee3 l\u00fd gi\u1ecdng n\u00f3i b\u1eb1ng c\u00e1ch nh\u1ea5n v\u00e0 gi\u1eef n\u00fat b tr\u00ean c\u00e1c thi\u1ebft b\u1ecb t\u01b0\u01a1ng th\u00edch.<\/p>\n<h3><strong>Th\u1eddi l\u01b0\u1ee3ng pin l\u00ean \u0111\u1ebfn 15 gi\u1edd<\/strong><\/h3>\n<p>Nhi\u1ec1u gi\u1edd t\u1eadp luy\u1ec7n li\u00ean t\u1ee5c? Marathon? Nhi\u1ec1u b\u00e0i workout? Kh\u00f4ng th\u00e0nh v\u1ea5n \u0111\u1ec1. Powerbeats c\u00f3 th\u1eddi gian nghe l\u00ean \u0111\u1ebfn 15 gi\u1edd \u0111\u1ec3 gi\u00fap tr\u1ea3i nghi\u1ec7m \u00e2m thanh c\u1ee7a b\u1ea1n kh\u00f4ng b\u1ecb gi\u00e1n \u0111o\u1ea1n. Ngo\u00e0i ra, v\u1edbi t\u00ednh n\u0103ng s\u1ea1c nhanh trong 5 ph\u00fat cho ph\u00e9p b\u1ea1n ph\u00e1t l\u1ea1i 1 gi\u1edd trong t\u00ecnh tr\u1ea1ng pin y\u1ebfu. Gi\u1edd \u0111\u00e2y, b\u1ea1n c\u00f3 th\u1ec3 d\u00e0nh \u00edt th\u1eddi gian h\u01a1n \u0111\u1ec3 lo l\u1eafng v\u1ec1 vi\u1ec7c s\u1ea1c pin v\u00e0 c\u00f3 nhi\u1ec1u th\u1eddi gian h\u01a1n \u0111\u1ec3 th\u1ef1c hi\u1ec7n c\u00f4ng vi\u1ec7c c\u1ee7a m\u00ecnh.<\/p>\n<h3><strong>K\u1ebft n\u1ed1i kh\u00f4ng d\u00e2y nhanh ch\u00f3ng<\/strong><\/h3>\n<p>Powerbeats lu\u00f4n s\u1eb5n s\u00e0ng ho\u1ea1t \u0111\u1ed9ng khi b\u1ea1n c\u1ea7n. V\u1edbi c\u00f4ng ngh\u1ec7 Bluetooth Class 1, nh\u1eefng chi\u1ebfc tai nghe kh\u00f4ng d\u00e2y n\u00e0y cung c\u1ea5p ph\u1ea1m vi m\u1edf r\u1ed9ng v\u00e0 \u00edt b\u1ecb m\u1ea5t k\u1ebft n\u1ed1i h\u01a1n \u0111\u00e1ng k\u1ec3. C\u1ea3m bi\u1ebfn ph\u00e1t hi\u1ec7n gi\u1ecdng n\u00f3i v\u00e0 micr\u00f4 h\u1ed7 tr\u1ee3 t\u1eadp trung v\u00e0o gi\u1ecdng n\u00f3i c\u1ee7a b\u1ea1n v\u00e0 l\u1ecdc b\u1edbt ti\u1ebfng \u1ed3n b\u00ean ngo\u00e0i. Ch\u00fang ngay l\u1eadp t\u1ee9c thi\u1ebft l\u1eadp \u2014 b\u1ea1n ch\u1ec9 c\u1ea7n b\u1eadt ngu\u1ed3n v\u00e0 \u0111\u1eb7t g\u1ea7n iPhone \u2014 r\u1ed3i t\u1ef1 \u0111\u1ed9ng k\u1ebft n\u1ed1i v\u1edbi Apple Watch, iPad ho\u1eb7c Mac c\u1ee7a b\u1ea1n.<\/p>\n<h3><strong>Chia s\u1ebb \u00e2m thanh c\u1ee7a b\u1ea1n v\u1edbi m\u1ecdi ng\u01b0\u1eddi<\/strong><\/h3>\n<p>T\u00ednh n\u0103ng chia s\u1ebb \u00e2m thanh cho ph\u00e9p b\u1ea1n chia s\u1ebb \u00e2m thanh kh\u00f4ng d\u00e2y c\u1ee7a Powerbeats v\u00e0 b\u1ea5t k\u1ef3 tai nghe Beats 4 ho\u1eb7c AirPods n\u00e0o kh\u00e1c. B\u1ea1n c\u00f3 th\u1ec3 chia s\u1ebb nhi\u1ec1u lo\u1ea1i \u00e2m thanh kh\u00e1c nhau t\u1eeb b\u00e0i h\u00e1t, \u0111\u1ebfn podcast hay th\u1eadm ch\u00ed l\u00e0 m\u1ed9t b\u1ed9 phim. Gi\u1edd \u0111\u00e2y, b\u1ea1n c\u00f3 th\u1ec3 d\u1ec5 d\u00e0ng chia s\u1ebb b\u1ea5t k\u1ef3 n\u1ed9i dung n\u00e0o b\u1ea1n \u0111ang nghe tr\u00ean iPhone ho\u1eb7c iPad m\u00e0 m\u1ed7i ng\u01b0\u1eddi nghe \u0111\u1ec1u c\u00f3 th\u1ec3 t\u00f9y \u00fd \u0111i\u1ec1u khi\u1ec3n \u00e2m l\u01b0\u1ee3ng cho ri\u00eang m\u00ecnh. Ch\u1ec9 c\u1ea7n mang b\u1ed9 tai nghe th\u1ee9 hai \u0111\u1ebfn g\u1ea7n thi\u1ebft b\u1ecb Apple c\u1ee7a b\u1ea1n v\u00e0 k\u1ebft n\u1ed1i ch\u1ec9 v\u1edbi m\u1ed9t n\u00fat ch\u1ea1m. T\u1ea5t c\u1ea3 nh\u1eefng g\u00ec c\u00f2n l\u1ea1i c\u1ea7n l\u00e0m l\u00e0 l\u1eafng nghe \u2014 c\u00f9ng nhau.<\/p>\n<h3><strong>T\u00ecm l\u1ea1i tai nghe d\u1ec5 d\u00e0ng v\u1edbi t\u00ednh n\u0103ng Find My<\/strong><\/h3>\n<p>Khi tai nghe \u0111ang \u1edf g\u1ea7n m\u1ed9t trong c\u00e1c thi\u1ebft b\u1ecb Apple c\u1ee7a b\u1ea1n, h\u00e3y s\u1eed d\u1ee5ng t\u00ednh n\u0103ng Find My \u0111\u1ec3 ph\u00e1t \u00e2m thanh nh\u1eb1m x\u00e1c \u0111\u1ecbnh v\u1ecb tr\u00ed c\u1ee7a ch\u00fang ho\u1eb7c b\u1ea1n c\u00f3 th\u1ec3 x\u00e1c \u0111\u1ecbnh v\u1ecb tr\u00ed c\u1ee7a tai nghe tr\u00ean b\u1ea3n \u0111\u1ed3. N\u1ebfu b\u1ea1n v\u00f4 t\u00ecnh \u0111\u00e1nh m\u1ea5t Powerbeats, \u1ee9ng d\u1ee5ng Find My v\u1eabn c\u00f3 th\u1ec3 gi\u00fap b\u1ea1n theo d\u00f5i ch\u00fang b\u1eb1ng c\u00e1ch s\u1eed d\u1ee5ng m\u1ea1ng l\u01b0\u1edbi to\u00e0n c\u1ea7u Find My r\u1ed9ng l\u1edbn, \u0111\u01b0\u1ee3c t\u1ea1o th\u00e0nh t\u1eeb h\u00e0ng tr\u0103m tri\u1ec7u thi\u1ebft b\u1ecb Apple. C\u00e1c thi\u1ebft b\u1ecb trong m\u1ea1ng Find My s\u1eed d\u1ee5ng c\u00f4ng ngh\u1ec7 Bluetooth an to\u00e0n \u0111\u1ec3 ph\u00e1t hi\u1ec7n c\u00e1c thi\u1ebft b\u1ecb c\u1ee7a b\u1ea1n \u1edf g\u1ea7n v\u00e0 b\u00e1o c\u00e1o l\u1ea1i v\u1ecb tr\u00ed g\u1ea7n \u0111\u00fang c\u1ee7a ch\u00fang cho b\u1ea1n, t\u1eeb \u0111\u00f3 gi\u00fap b\u1ea1n d\u1ec5 d\u00e0ng t\u00ecm th\u1ea5y ch\u00fang.<\/p>\n<div class=\"bg-article\"><\/div>\n<p> <a href=\"javascript:;\" class=\"btn-detail\" onclick=\"$(this).remove();$('.bg-article').remove();$('.text-detail').addClass('expand')\"><span>Xem th\u00eam<\/span><\/a><\/p>\n","protected":false},"excerpt":{"rendered":"<p>Hi\u1ec7u su\u1ea5t m\u1ea1nh m\u1ebd&nbsp; \u0110\u01b0\u1ee3c h\u1ed7 tr\u1ee3 b\u1edfi chip tai nghe Apple H1, tai nghe Powerbeats kh\u00f4ng d\u00e2y hi\u1ec7u su\u1ea5t cao \u0111\u01b0\u1ee3c ch\u1ebf t\u1ea1o \u0111\u1ec3 ph\u1ee5c v\u1ee5 cho nhu c\u1ea7u di chuy\u1ec3n th\u01b0\u1eddng xuy\u00ean. \u0110\u1ec3 t\u1ed1i \u0111a h\u00f3a s\u1ef1 tho\u1ea3i m\u00e1i c\u1ee7a ng\u01b0\u1eddi d\u00f9ng, h\u00e3ng cho ph\u00e9p b\u1ea1n c\u00f3 th\u1ec3 t\u00f9y \u00fd \u0111i\u1ec1u ch\u1ec9nh ph\u1ea7n &#8230; <a title=\"Tai nghe kh\u00f4ng d\u00e2y Beats High-Performance\" class=\"read-more\" href=\"https:\/\/demo8.thuythu.com\/lebaostore\/am-thanh\/beats\/tai-nghe-khong-day-beats-high-performance\/\" aria-label=\"More on Tai nghe kh\u00f4ng d\u00e2y Beats High-Performance\">Read more<\/a><\/p>\n","protected":false},"featured_media":2069,"template":"","meta":[],"product_cat":[101,21],"product_tag":[],"_links":{"self":[{"href":"https:\/\/demo8.thuythu.com\/lebaostore\/wp-json\/wp\/v2\/product\/2737"}],"collection":[{"href":"https:\/\/demo8.thuythu.com\/lebaostore\/wp-json\/wp\/v2\/product"}],"about":[{"href":"https:\/\/demo8.thuythu.com\/lebaostore\/wp-json\/wp\/v2\/types\/product"}],"wp:featuredmedia":[{"embeddable":true,"href":"https:\/\/demo8.thuythu.com\/lebaostore\/wp-json\/wp\/v2\/media\/2069"}],"wp:attachment":[{"href":"https:\/\/demo8.thuythu.com\/lebaostore\/wp-json\/wp\/v2\/media?parent=2737"}],"wp:term":[{"taxonomy":"product_cat","embeddable":true,"href":"https:\/\/demo8.thuythu.com\/lebaostore\/wp-json\/wp\/v2\/product_cat?post=2737"},{"taxonomy":"product_tag","embeddable":true,"href":"https:\/\/demo8.thuythu.com\/lebaostore\/wp-json\/wp\/v2\/product_tag?post=2737"}],"curies":[{"name":"wp","href":"https:\/\/api.w.org\/{rel}","templated":true}]}}