{"id":2750,"date":"2022-01-21T11:50:26","date_gmt":"2022-01-21T04:50:26","guid":{"rendered":"https:\/\/demo8.thuythu.com\/lebaostore\/product\/tai-nghe-true-wireless-beats-pro-totally\/"},"modified":"2022-01-21T11:50:27","modified_gmt":"2022-01-21T04:50:27","slug":"tai-nghe-true-wireless-beats-pro-totally","status":"publish","type":"product","link":"https:\/\/demo8.thuythu.com\/lebaostore\/am-thanh\/beats\/tai-nghe-true-wireless-beats-pro-totally\/","title":{"rendered":"Tai nghe True Wireless Beats Pro-Totally"},"content":{"rendered":"<h3><strong>Tai nghe v\u1edbi hi\u1ec7u n\u0103ng m\u1ea1nh m\u1ebd<\/strong><\/h3>\n<p>Powerbeats Pro, s\u1edf h\u1eefu hi\u1ec7u n\u0103ng m\u1ea1nh m\u1ebd \u0111\u1ebfn t\u1eeb chip tai nghe Apple H1, s\u1ebd c\u00e1ch m\u1ea1ng h\u00f3a c\u00e1ch b\u1ea1n t\u1eadp luy\u1ec7n. \u0110\u01b0\u1ee3c ch\u1ebf t\u1ea1o cho c\u00e1c v\u1eadn \u0111\u1ed9ng vi\u00ean chuy\u00ean nghi\u1ec7p, nh\u1eefng chi\u1ebfc tai nghe kh\u00f4ng d\u00e2y n\u00e0y ho\u00e0n to\u00e0n kh\u00f4ng c\u00f3 d\u00e2y \u0111\u1ec3 n\u00edu ch\u00e2n b\u1ea1n.Ph\u1ea7n earhook c\u00f3 th\u1ec3 \u0111i\u1ec1u ch\u1ec9nh v\u1edbi nhi\u1ec1u t\u00f9y ch\u1ecdn \u0111\u1ea7u tai \u0111\u1ec3 mang l\u1ea1i s\u1ef1 tho\u1ea3i m\u00e1i trong th\u1eddi gian d\u00e0i v\u00e0 \u0111\u01b0\u1ee3c thi\u1ebft k\u1ebf ch\u1eafc ch\u1eafn, v\u1eeba kh\u00edt v\u1edbi tai b\u1ea5t k\u1ec3 b\u1ea1n v\u1eadn \u0111\u1ed9ng m\u1ea1nh nh\u01b0 th\u1ebf n\u00e0o. Tai nghe si\u00eau nh\u1eb9 \u0111\u01b0\u1ee3c thi\u1ebft k\u1ebf \u0111\u1ec3 mang l\u1ea1i hi\u1ec7u su\u1ea5t cao v\u1edbi kh\u1ea3 n\u0103ng ch\u1ed1ng n\u01b0\u1edbc v\u00e0 m\u1ed3 h\u00f4i \u0111\u1ea1t chu\u1ea9n IPX45 \u0111\u1ec3 b\u1ea1n c\u00f3 th\u1ec3 \u0111\u01b0a vi\u1ec7c t\u1eadp luy\u1ec7n c\u1ee7a m\u00ecnh l\u00ean m\u1ed9t t\u1ea7m cao m\u1edbi. V\u1edbi th\u1eddi gian nghe l\u00ean \u0111\u1ebfn 9 gi\u1edd, b\u1ea1n ho\u00e0n to\u00e0n c\u00f3 th\u1ec3 y\u00ean t\u00e2m luy\u1ec7n t\u1eadp m\u00e0 kh\u00f4ng b\u1ecb gi\u00e1n \u0111o\u1ea1n.<\/p>\n<h3><strong>\u00c2m thanh ch\u1ea5t l\u01b0\u1ee3ng cao<\/strong><\/h3>\n<p>Th\u1ea5u hi\u1ec3u nh\u1eefng v\u1eadn \u0111\u1ed9ng vi\u00ean th\u1ef1c th\u1ee5, Apple \u0111\u00e3 thi\u1ebft k\u1ebf tai nghe kh\u00f4ng d\u00e2y ph\u00f9 h\u1ee3p v\u1edbi nh\u1eefng b\u00e0i t\u1eadp luy\u1ec7n kh\u1eafc nghi\u1ec7t nh\u1ea5t c\u1ee7a h\u1ecd. Powerbeats Pro t\u1ef1 h\u00e0o v\u1ec1 \u00e2m thanh m\u1ea1nh m\u1ebd, c\u00e2n b\u1eb1ng nh\u1edd kh\u1ea3 n\u0103ng t\u00e1i t\u1ea1o \u00e2m thanh thu\u1ea7n khi\u1ebft, n\u00e2ng cao \u0111\u1ed9 r\u00f5 n\u00e9t v\u00e0 d\u1ea3i \u0111\u1ed9ng. \u00c2m thanh tuy\u1ec7t v\u1eddi b\u1eaft ngu\u1ed3n t\u1eeb s\u1ef1 v\u1eeba v\u1eb7n ph\u00f9 h\u1ee3p, v\u00ec v\u1eady m\u00e0 nh\u1eefng chi\u1ebfc tai nghe n\u00e0y c\u0169ng \u0111\u01b0\u1ee3c ch\u1ebf t\u1ea1o \u0111\u1ec3 t\u1eadp trung v\u00e0o s\u1ef1 tho\u1ea3i m\u00e1i v\u1ec1 c\u00f4ng th\u00e1i h\u1ecdc \u0111\u1ec3 mang \u0111\u1ebfn cho b\u1ea1n tr\u1ea3i nghi\u1ec7m nghe t\u1ed1t nh\u1ea5t c\u00f3 th\u1ec3.<\/p>\n<h3><strong>\u0110i\u1ec1u ch\u1ec9nh \u00e2m thanh linh ho\u1ea1t<\/strong><\/h3>\n<p>Tr\u00e1i, ph\u1ea3i ho\u1eb7c c\u1ea3 hai, t\u1eadn h\u01b0\u1edfng quy\u1ec1n ki\u1ec3m so\u00e1t t\u1ed1i \u01b0u \u0111\u1ed1i v\u1edbi \u00e2m thanh c\u1ee7a b\u1ea1n. M\u1ed7i mi\u1ebfng \u0111\u1ec7m tai nghe \u0111\u1ec1u c\u00f3 \u0111\u1ea7y \u0111\u1ee7 c\u00e1c n\u00fat \u0111i\u1ec1u khi\u1ec3n \u00e2m l\u01b0\u1ee3ng v\u00e0&nbsp; tr\u00ecnh t\u1ef1 ph\u00e1t, do \u0111\u00f3 b\u1ea1n kh\u00f4ng c\u1ea7n iPhone ho\u1eb7c thi\u1ebft b\u1ecb kh\u00e1c \u0111\u1ec3 \u0111i\u1ec1u ch\u1ec9nh nh\u1ea1c c\u1ee7a m\u00ecnh. C\u1ea3m bi\u1ebfn T\u1ef1 \u0111\u1ed9ng ph\u00e1t\/T\u1ea1m d\u1eebng bi\u1ebft khi n\u00e0o tai nghe \u1edf trong tai b\u1ea1n v\u00e0 lu\u00f4n \u1edf trong tr\u1ea1ng th\u00e1i s\u1eb5n s\u00e0ng khi b\u1ea1n c\u1ea7n. V\u00e0 v\u1edbi kh\u1ea3 n\u0103ng tr\u1ee3 l\u00fd gi\u1ecdng n\u00f3i tr\u00ean nhi\u1ec1u thi\u1ebft b\u1ecb t\u01b0\u01a1ng th\u00edch, b\u1ea1n c\u00f3 th\u1ec3 y\u00ean t\u00e2m luy\u1ec7n t\u1eadp m\u00e0 kh\u00f4ng b\u1ecb gi\u00e1n \u0111o\u1ea1n.<\/p>\n<h3><strong>Th\u1eddi l\u01b0\u1ee3ng pin l\u00ean \u0111\u1ebfn 9 gi\u1edd<\/strong><\/h3>\n<p>Nhi\u1ec1u gi\u1edd t\u1eadp luy\u1ec7n li\u00ean t\u1ee5c? Marathon? Kh\u00f4ng th\u00e0nh v\u1ea5n \u0111\u1ec1. M\u1ed7i tai nghe c\u00f3 th\u1eddi gian nghe l\u00ean \u0111\u1ebfn 9 gi\u1edd \u0111\u1ec3 b\u1ea1n c\u00f3 th\u1ec3 th\u1ecfa s\u1ee9c \u0111\u1eafm ch\u00ecm v\u00e0o kh\u00f4ng gian c\u1ee7a ri\u00eang m\u00ecnh. V\u1edbi h\u1ed9p s\u1ea1c, b\u1ea1n s\u1ebd nh\u1eadn \u0111\u01b0\u1ee3c h\u01a1n 24 gi\u1edd ph\u00e1t l\u1ea1i k\u1ebft h\u1ee3p. Ngo\u00e0i ra, t\u00ednh n\u0103ng s\u1ea1c nhanh 5 ph\u00fat s\u1ebd cho 1,5 gi\u1edd ph\u00e1t l\u1ea1i trong t\u00ecnh tr\u1ea1ng pin y\u1ebfu. \u0110\u1ec3 ti\u1ebft ki\u1ec7m pin h\u01a1n n\u1eefa, c\u1ea3m bi\u1ebfn T\u1ef1 \u0111\u1ed9ng B\u1eadt\/T\u1eaft s\u1ebd ph\u00e1t hi\u1ec7n khi tai nghe kh\u00f4ng ho\u1ea1t \u0111\u1ed9ng v\u00e0 t\u1ef1 \u0111\u1ed9ng chuy\u1ec3n sang ch\u1ebf \u0111\u1ed9 ng\u1ee7. Khi b\u1ea1n \u0111\u00e3 s\u1eb5n s\u00e0ng s\u1eed d\u1ee5ng l\u1ea1i, ch\u1ec9 c\u1ea7n \u0111\u1eb7t ch\u00fang tr\u1edf l\u1ea1i tai v\u00e0 ti\u1ebfp t\u1ee5c c\u00f4ng vi\u1ec7c dang d\u1edf. Gi\u1edd \u0111\u00e2y, b\u1ea1n kh\u00f4ng c\u1ea7n ph\u1ea3i lo l\u1eafng v\u1ec1 vi\u1ec7c d\u00e0nh qu\u00e1 nhi\u1ec1u th\u1eddi gian cho vi\u1ec7c s\u1ea1c pin.<\/p>\n<h3><strong>K\u1ebft n\u1ed1i v\u1edbi Siri m\u1ed9t c\u00e1ch nhanh ch\u00f3ng, d\u1ec5 d\u00e0ng<\/strong><\/h3>\n<p>Gi\u1edd \u0111\u00e2y,&nbsp; vi\u1ec7c n\u00f3i chuy\u1ec7n v\u1edbi tr\u1ee3 l\u00fd c\u00e1 nh\u00e2n y\u00eau th\u00edch c\u1ee7a b\u1ea1n s\u1ebd tr\u1edf n\u00ean d\u1ec5 d\u00e0ng h\u01a1n bao gi\u1edd h\u1ebft. Ch\u1ec9 c\u1ea7n n\u00f3i &#8220;&#8221;Hey Siri&#8221;&#8221; \u0111\u1ec3 \u0111\u01b0\u1ee3c h\u1ed7 tr\u1ee3 k\u00edch ho\u1ea1t b\u1eb1ng gi\u1ecdng n\u00f3i m\u00e0 kh\u00f4ng c\u1ea7n ph\u1ea3i d\u00f9ng \u0111\u1ebfn iPhone c\u1ee7a b\u1ea1n. \u0110\u01b0\u1ee3c h\u1ed7 tr\u1ee3 b\u1edfi chip tai nghe Apple H1 m\u1edbi, Powerbeats Pro cung c\u1ea5p k\u1ebft n\u1ed1i kh\u00f4ng d\u00e2y nhanh h\u01a1n v\u00e0 \u1ed5n \u0111\u1ecbnh h\u01a1n \u0111\u1ebfn c\u00e1c thi\u1ebft b\u1ecb c\u1ee7a b\u1ea1n.<\/p>\n<h3><strong>K\u1ebft n\u1ed1i kh\u00f4ng d\u00e2y nhanh ch\u00f3ng<\/strong><\/h3>\n<p>Powerbeats lu\u00f4n s\u1eb5n s\u00e0ng ho\u1ea1t \u0111\u1ed9ng khi b\u1ea1n c\u1ea7n. V\u1edbi c\u00f4ng ngh\u1ec7 Bluetooth Class 1, nh\u1eefng chi\u1ebfc tai nghe kh\u00f4ng d\u00e2y n\u00e0y cung c\u1ea5p ph\u1ea1m vi m\u1edf r\u1ed9ng v\u00e0 \u00edt b\u1ecb m\u1ea5t k\u1ebft n\u1ed1i h\u01a1n \u0111\u00e1ng k\u1ec3. C\u1ea3m bi\u1ebfn ph\u00e1t hi\u1ec7n gi\u1ecdng n\u00f3i v\u00e0 micr\u00f4 h\u1ed7 tr\u1ee3 t\u1eadp trung v\u00e0o gi\u1ecdng n\u00f3i c\u1ee7a b\u1ea1n v\u00e0 l\u1ecdc b\u1edbt ti\u1ebfng \u1ed3n b\u00ean ngo\u00e0i. Ch\u00fang ngay l\u1eadp t\u1ee9c thi\u1ebft l\u1eadp \u2014 b\u1ea1n ch\u1ec9 c\u1ea7n b\u1eadt ngu\u1ed3n v\u00e0 \u0111\u1eb7t g\u1ea7n iPhone \u2014 r\u1ed3i t\u1ef1 \u0111\u1ed9ng k\u1ebft n\u1ed1i v\u1edbi Apple Watch, iPad ho\u1eb7c Mac c\u1ee7a b\u1ea1n.<\/p>\n<h3><strong>T\u00ecm l\u1ea1i tai nghe d\u1ec5 d\u00e0ng v\u1edbi t\u00ednh n\u0103ng Find My<\/strong><\/h3>\n<p>Khi tai nghe \u0111ang \u1edf g\u1ea7n m\u1ed9t trong c\u00e1c thi\u1ebft b\u1ecb Apple c\u1ee7a b\u1ea1n, h\u00e3y s\u1eed d\u1ee5ng t\u00ednh n\u0103ng Find My \u0111\u1ec3 ph\u00e1t \u00e2m thanh nh\u1eb1m x\u00e1c \u0111\u1ecbnh v\u1ecb tr\u00ed c\u1ee7a ch\u00fang ho\u1eb7c b\u1ea1n c\u00f3 th\u1ec3 x\u00e1c \u0111\u1ecbnh v\u1ecb tr\u00ed c\u1ee7a tai nghe tr\u00ean b\u1ea3n \u0111\u1ed3. N\u1ebfu b\u1ea1n v\u00f4 t\u00ecnh \u0111\u00e1nh m\u1ea5t Powerbeats, \u1ee9ng d\u1ee5ng Find My v\u1eabn c\u00f3 th\u1ec3 gi\u00fap b\u1ea1n theo d\u00f5i ch\u00fang b\u1eb1ng c\u00e1ch s\u1eed d\u1ee5ng m\u1ea1ng l\u01b0\u1edbi to\u00e0n c\u1ea7u Find My r\u1ed9ng l\u1edbn, \u0111\u01b0\u1ee3c t\u1ea1o th\u00e0nh t\u1eeb h\u00e0ng tr\u0103m tri\u1ec7u thi\u1ebft b\u1ecb Apple. C\u00e1c thi\u1ebft b\u1ecb trong m\u1ea1ng Find My s\u1eed d\u1ee5ng c\u00f4ng ngh\u1ec7 Bluetooth an to\u00e0n \u0111\u1ec3 ph\u00e1t hi\u1ec7n c\u00e1c thi\u1ebft b\u1ecb c\u1ee7a b\u1ea1n \u1edf g\u1ea7n v\u00e0 b\u00e1o c\u00e1o l\u1ea1i v\u1ecb tr\u00ed g\u1ea7n \u0111\u00fang c\u1ee7a ch\u00fang cho b\u1ea1n, t\u1eeb \u0111\u00f3 gi\u00fap b\u1ea1n d\u1ec5 d\u00e0ng t\u00ecm th\u1ea5y ch\u00fang.<\/p>\n<div class=\"bg-article\"><\/div>\n<p> <a href=\"javascript:;\" class=\"btn-detail\" onclick=\"$(this).remove();$('.bg-article').remove();$('.text-detail').addClass('expand')\"><span>Xem th\u00eam<\/span><\/a><\/p>\n","protected":false},"excerpt":{"rendered":"<p>Tai nghe v\u1edbi hi\u1ec7u n\u0103ng m\u1ea1nh m\u1ebd Powerbeats Pro, s\u1edf h\u1eefu hi\u1ec7u n\u0103ng m\u1ea1nh m\u1ebd \u0111\u1ebfn t\u1eeb chip tai nghe Apple H1, s\u1ebd c\u00e1ch m\u1ea1ng h\u00f3a c\u00e1ch b\u1ea1n t\u1eadp luy\u1ec7n. \u0110\u01b0\u1ee3c ch\u1ebf t\u1ea1o cho c\u00e1c v\u1eadn \u0111\u1ed9ng vi\u00ean chuy\u00ean nghi\u1ec7p, nh\u1eefng chi\u1ebfc tai nghe kh\u00f4ng d\u00e2y n\u00e0y ho\u00e0n to\u00e0n kh\u00f4ng c\u00f3 d\u00e2y \u0111\u1ec3 n\u00edu ch\u00e2n &#8230; <a title=\"Tai nghe True Wireless Beats Pro-Totally\" class=\"read-more\" href=\"https:\/\/demo8.thuythu.com\/lebaostore\/am-thanh\/beats\/tai-nghe-true-wireless-beats-pro-totally\/\" aria-label=\"More on Tai nghe True Wireless Beats Pro-Totally\">Read more<\/a><\/p>\n","protected":false},"featured_media":1104,"template":"","meta":[],"product_cat":[101,21],"product_tag":[],"_links":{"self":[{"href":"https:\/\/demo8.thuythu.com\/lebaostore\/wp-json\/wp\/v2\/product\/2750"}],"collection":[{"href":"https:\/\/demo8.thuythu.com\/lebaostore\/wp-json\/wp\/v2\/product"}],"about":[{"href":"https:\/\/demo8.thuythu.com\/lebaostore\/wp-json\/wp\/v2\/types\/product"}],"wp:featuredmedia":[{"embeddable":true,"href":"https:\/\/demo8.thuythu.com\/lebaostore\/wp-json\/wp\/v2\/media\/1104"}],"wp:attachment":[{"href":"https:\/\/demo8.thuythu.com\/lebaostore\/wp-json\/wp\/v2\/media?parent=2750"}],"wp:term":[{"taxonomy":"product_cat","embeddable":true,"href":"https:\/\/demo8.thuythu.com\/lebaostore\/wp-json\/wp\/v2\/product_cat?post=2750"},{"taxonomy":"product_tag","embeddable":true,"href":"https:\/\/demo8.thuythu.com\/lebaostore\/wp-json\/wp\/v2\/product_tag?post=2750"}],"curies":[{"name":"wp","href":"https:\/\/api.w.org\/{rel}","templated":true}]}}