{"id":2773,"date":"2022-01-21T11:50:26","date_gmt":"2022-01-21T04:50:26","guid":{"rendered":"https:\/\/demo8.thuythu.com\/lebaostore\/product\/ipad-pro-m1-12-9-inch-wifi-512gb\/"},"modified":"2022-02-27T12:38:22","modified_gmt":"2022-02-27T05:38:22","slug":"ipad-pro-m1-12-9-inch-wifi-512gb","status":"publish","type":"product","link":"https:\/\/demo8.thuythu.com\/lebaostore\/ipad\/ipad-pro-m1\/ipad-pro-m1-12-9-inch-wifi-512gb\/","title":{"rendered":"iPad Pro M1 12.9 inch WiFi 512GB"},"content":{"rendered":"<h3><strong>N\u1ed9i dung v\u1ec1 t\u00ednh n\u0103ng<\/strong><\/h3>\n<p>iPad Pro s\u1edf h\u1eefu chip Apple M1 m\u1ea1nh m\u1ebd, v\u01b0\u01a1n t\u1ea7m hi\u1ec7u n\u0103ng \u0111\u1eb3ng c\u1ea5p m\u1edbi c\u00f9ng th\u1eddi l\u01b0\u1ee3ng pin b\u1ec1n b\u1ec9 c\u1ea3 ng\u00e0y<sup>1<\/sup>. M\u00e0n h\u00ecnh Liquid Retina XDR 12.9 inch s\u1ed1ng \u0111\u1ed9ng \u0111\u1ec3 xem, ch\u1ec9nh s\u1eeda video v\u00e0 h\u00ecnh \u1ea3nh HDR<sup>2<\/sup>. C\u00e1c phi\u00ean b\u1ea3n h\u1ed7 tr\u1ee3 Cellular gi\u00fap b\u1ea1n duy tr\u00ec \u0111\u01b0\u1eddng truy\u1ec1n \u1ed5n \u0111\u1ecbnh ngay khi kh\u00f4ng c\u00f3 Wi-Fi<sup>3<\/sup>. \u0110\u1ed3ng th\u1eddi, camera tr\u01b0\u1edbc v\u1edbi t\u00ednh n\u0103ng Trung T\u00e2m S\u00e2n Kh\u1ea5u s\u1ebd t\u1ef1 \u0111\u1ed9ng canh ch\u1ec9nh \u0111\u1ec3 b\u1ea1n lu\u00f4n \u1edf gi\u1eefa khung h\u00ecnh trong su\u1ed1t cu\u1ed9c g\u1ecdi video. iPad Pro s\u1edf h\u1eefu h\u1ec7 camera chuy\u00ean nghi\u1ec7p v\u00e0 LiDAR Scanner gi\u00fap b\u1ea1n ch\u1ee5p \u1ea3nh v\u00e0 quay video tuy\u1ec7t \u0111\u1eb9p, c\u0169ng nh\u01b0 tr\u1ea3i nghi\u1ec7m c\u00f4ng ngh\u1ec7 th\u1ef1c t\u1ebf \u1ea3o t\u0103ng c\u01b0\u1eddng s\u1ed1ng \u0111\u1ed9ng. C\u1ed5ng Thunderbolt k\u1ebft n\u1ed1i v\u1edbi c\u00e1c ph\u1ee5 ki\u1ec7n hi\u1ec7u n\u0103ng cao. B\u1ea1n c\u00f3 th\u1ec3 s\u1eed d\u1ee5ng th\u00eam Apple Pencil \u0111\u1ec3 ghi ch\u00fa, v\u1ebd v\u00e0 \u0111\u00e1nh d\u1ea5u t\u00e0i li\u1ec7u, c\u00f2n Magic Keyboard s\u1ebd mang l\u1ea1i cho b\u1ea1n tr\u1ea3i nghi\u1ec7m b\u00e0n di v\u00e0 g\u00f5 ph\u00edm nhanh nh\u1ea1y<sup>4<\/sup>.<\/p>\n<h3><strong>T\u00ednh n\u0103ng n\u1ed5i b\u1eadt<\/strong><\/h3>\n<p>\u2022 Chip Apple M1 n\u00e2ng hi\u1ec7u su\u1ea5t l\u00ean m\u1ed9t \u0111\u1eb3ng c\u1ea5p m\u1edbi.<\/p>\n<p>\u2022 M\u00e0n h\u00ecnh Liquid Retina XDR 12.9 inch l\u1ed9ng l\u1eaby<sup>2<\/sup>\u00a0v\u1edbi ProMotion, True Tone v\u00e0 d\u1ea3i m\u00e0u r\u1ed9ng P3.<\/p>\n<p>\u2022 H\u1ec7 th\u1ed1ng camera TrueDepth v\u1edbi camera tr\u01b0\u1edbc Ultra Wide t\u00edch h\u1ee3p t\u00ednh n\u0103ng Trung T\u00e2m S\u00e2n Kh\u1ea5u.<\/p>\n<p>\u2022 Camera Wide 12MP, camera Ultra Wide 10MP v\u00e0 LiDAR Scanner cho tr\u1ea3i nghi\u1ec7m th\u1ef1c t\u1ebf \u1ea3o t\u0103ng c\u01b0\u1eddng s\u1ed1ng \u0111\u1ed9ng.<\/p>\n<p>\u2022 Lu\u00f4n k\u1ebft n\u1ed1i v\u1edbi Wi-Fi 6 si\u00eau nhanh v\u00e0 m\u1ea1ng LTE<sup>3<\/sup>.<\/p>\n<p>\u2022 L\u00e0m \u0111\u01b0\u1ee3c nhi\u1ec1u vi\u1ec7c h\u01a1n v\u1edbi th\u1eddi l\u01b0\u1ee3ng pin b\u1ec1n b\u1ec9 c\u1ea3 ng\u00e0y<sup>1<\/sup>.<\/p>\n<p>\u2022 C\u1ed5ng Thunderbolt cho k\u1ebft n\u1ed1i nhanh v\u1edbi b\u1ed9 nh\u1edb ngo\u00e0i, m\u00e0n h\u00ecnh v\u00e0 dock.<\/p>\n<p>\u2022 X\u00e1c th\u1ef1c b\u1ea3o m\u1eadt v\u1edbi Face ID.<\/p>\n<p>\u2022 B\u1ed1n loa \u00e2m thanh v\u00e0 n\u0103m micro chu\u1ea9n studio.<\/p>\n<p>\u2022 H\u1ed7 tr\u1ee3 Apple Pencil (th\u1ebf h\u1ec7 th\u1ee9 2), Magic Keyboard v\u00e0 Smart Keyboard Folio<sup>4<\/sup>.<\/p>\n<p>\u2022 iPadOS m\u1ea1nh m\u1ebd, tr\u1ef1c quan v\u00e0 \u0111\u01b0\u1ee3c thi\u1ebft k\u1ebf ri\u00eang cho iPad.<\/p>\n<p>\u2022 H\u01a1n 1 tri\u1ec7u \u1ee9ng d\u1ee5ng tr\u00ean App Store d\u00e0nh ri\u00eang cho iPad.<\/p>\n<h3><strong>Ph\u00e1p l\u00fd<\/strong><\/h3>\n<p>\u1ee8ng d\u1ee5ng c\u00f3 s\u1eb5n tr\u00ean App Store. N\u1ed9i dung \u0111\u01b0\u1ee3c cung c\u1ea5p c\u00f3 th\u1ec3 thay \u0111\u1ed5i.<\/p>\n<p><sup>1<\/sup>Th\u1eddi l\u01b0\u1ee3ng pin kh\u00e1c nhau t\u00f9y theo c\u00e1ch s\u1eed d\u1ee5ng v\u00e0 c\u1ea5u h\u00ecnh. Truy c\u1eadp apple.com\/batteries \u0111\u1ec3 bi\u1ebft th\u00eam th\u00f4ng tin.<\/p>\n<p><sup>2<\/sup>M\u00e0n h\u00ecnh c\u00f3 c\u00e1c g\u00f3c bo tr\u00f2n. Khi t\u00ednh theo h\u00ecnh ch\u1eef nh\u1eadt, k\u00edch th\u01b0\u1edbc m\u00e0n h\u00ecnh iPad Pro 12.9 inch<br \/>\nl\u00e0 12.9 inch theo \u0111\u01b0\u1eddng ch\u00e9o. Di\u1ec7n t\u00edch hi\u1ec3n th\u1ecb th\u1ef1c t\u1ebf nh\u1ecf h\u01a1n.<\/p>\n<p><sup>3<\/sup>C\u1ea7n c\u00f3 g\u00f3i c\u01b0\u1edbc d\u1eef li\u1ec7u. Li\u00ean h\u1ec7 v\u1edbi nh\u00e0 m\u1ea1ng t\u1ea1i th\u1ecb tr\u01b0\u1eddng c\u1ee7a b\u1ea1n \u0111\u1ec3 bi\u1ebft th\u00eam chi ti\u1ebft. T\u1ed1c \u0111\u1ed9 c\u00f3 th\u1ec3 thay \u0111\u1ed5i t\u00f9y \u0111\u1ecba \u0111i\u1ec3m.<\/p>\n<p><sup>4<\/sup>Ph\u1ee5 ki\u1ec7n \u0111\u01b0\u1ee3c b\u00e1n ri\u00eang. Kh\u1ea3 n\u0103ng t\u01b0\u01a1ng th\u00edch t\u00f9y thu\u1ed9c th\u1ebf h\u1ec7 s\u1ea3n ph\u1ea9m.<\/p>\n<div class=\"bg-article\"><\/div>\n<p><a class=\"btn-detail\">Xem th\u00eam<\/a><\/p>\n","protected":false},"excerpt":{"rendered":"<p>N\u1ed9i dung v\u1ec1 t\u00ednh n\u0103ng iPad Pro s\u1edf h\u1eefu chip Apple M1 m\u1ea1nh m\u1ebd, v\u01b0\u01a1n t\u1ea7m hi\u1ec7u n\u0103ng \u0111\u1eb3ng c\u1ea5p m\u1edbi c\u00f9ng th\u1eddi l\u01b0\u1ee3ng pin b\u1ec1n b\u1ec9 c\u1ea3 ng\u00e0y1. M\u00e0n h\u00ecnh Liquid Retina XDR 12.9 inch s\u1ed1ng \u0111\u1ed9ng \u0111\u1ec3 xem, ch\u1ec9nh s\u1eeda video v\u00e0 h\u00ecnh \u1ea3nh HDR2. C\u00e1c phi\u00ean b\u1ea3n h\u1ed7 tr\u1ee3 Cellular gi\u00fap b\u1ea1n &#8230; <a title=\"iPad Pro M1 12.9 inch WiFi 512GB\" class=\"read-more\" href=\"https:\/\/demo8.thuythu.com\/lebaostore\/ipad\/ipad-pro-m1\/ipad-pro-m1-12-9-inch-wifi-512gb\/\" aria-label=\"More on iPad Pro M1 12.9 inch WiFi 512GB\">Read more<\/a><\/p>\n","protected":false},"featured_media":1110,"template":"","meta":[],"product_cat":[102,19],"product_tag":[],"_links":{"self":[{"href":"https:\/\/demo8.thuythu.com\/lebaostore\/wp-json\/wp\/v2\/product\/2773"}],"collection":[{"href":"https:\/\/demo8.thuythu.com\/lebaostore\/wp-json\/wp\/v2\/product"}],"about":[{"href":"https:\/\/demo8.thuythu.com\/lebaostore\/wp-json\/wp\/v2\/types\/product"}],"wp:featuredmedia":[{"embeddable":true,"href":"https:\/\/demo8.thuythu.com\/lebaostore\/wp-json\/wp\/v2\/media\/1110"}],"wp:attachment":[{"href":"https:\/\/demo8.thuythu.com\/lebaostore\/wp-json\/wp\/v2\/media?parent=2773"}],"wp:term":[{"taxonomy":"product_cat","embeddable":true,"href":"https:\/\/demo8.thuythu.com\/lebaostore\/wp-json\/wp\/v2\/product_cat?post=2773"},{"taxonomy":"product_tag","embeddable":true,"href":"https:\/\/demo8.thuythu.com\/lebaostore\/wp-json\/wp\/v2\/product_tag?post=2773"}],"curies":[{"name":"wp","href":"https:\/\/api.w.org\/{rel}","templated":true}]}}