{"id":2823,"date":"2022-01-21T11:50:41","date_gmt":"2022-01-21T04:50:41","guid":{"rendered":"https:\/\/demo8.thuythu.com\/lebaostore\/product\/ipad-air-4-10-9-inch-wifi-64gb\/"},"modified":"2022-02-26T20:56:39","modified_gmt":"2022-02-26T13:56:39","slug":"ipad-air-4-10-9-inch-wifi-64gb","status":"publish","type":"product","link":"https:\/\/demo8.thuythu.com\/lebaostore\/ipad\/ipad-air\/ipad-air-4-10-9-inch-wifi-64gb\/","title":{"rendered":"iPad Air 4 10.9 inch WiFi 64GB"},"content":{"rendered":"<p><img class=\" lazyloaded\" title=\"iPad Air 4 10.9 inch 4G 64GB - iPad Air\" src=\"https:\/\/demo8.thuythu.com\/lebaostore\/wp-content\/uploads\/2022\/01\/ipad-air-4-wifi-cellular-64gb-2020-081021-092959.jpg\" alt=\"iPad Air 4 10.9 inch 4G 64GB - iPad Air\" data-src=\"https:\/\/demo8.thuythu.com\/lebaostore\/wp-content\/uploads\/2022\/01\/ipad-air-4-wifi-cellular-64gb-2020-081021-092959.jpg\" \/><img class=\" lazyloaded\" title=\"iPad Air 4 10.9 inch 4G 64GB - Thi\u1ebft k\u1ebf\" src=\"https:\/\/demo8.thuythu.com\/lebaostore\/wp-content\/uploads\/2022\/01\/ipad-air-4-wifi-cellular-64gb-2020-081021-083343-1.jpg\" alt=\"iPad Air 4 10.9 inch 4G 64GB - Thi\u1ebft k\u1ebf\" data-src=\"https:\/\/demo8.thuythu.com\/lebaostore\/wp-content\/uploads\/2022\/01\/ipad-air-4-wifi-cellular-64gb-2020-081021-083343-1.jpg\" \/><img class=\" lazyloaded\" title=\"iPad Air 4 10.9 inch 4G 64GB - Hi\u1ec7u n\u0103ng\" src=\"https:\/\/demo8.thuythu.com\/lebaostore\/wp-content\/uploads\/2022\/01\/ipad-air-4-wifi-cellular-64gb-2020-081021-083344.jpg\" alt=\"iPad Air 4 10.9 inch 4G 64GB - Hi\u1ec7u n\u0103ng\" data-src=\"https:\/\/demo8.thuythu.com\/lebaostore\/wp-content\/uploads\/2022\/01\/ipad-air-4-wifi-cellular-64gb-2020-081021-083344.jpg\" \/><img class=\" lazyloaded\" title=\"iPad Air 4 10.9 inch 4G 64GB - Apple Pencil\" src=\"https:\/\/demo8.thuythu.com\/lebaostore\/wp-content\/uploads\/2022\/01\/ipad-air-4-wifi-cellular-64gb-2020-081021-083345.jpg\" alt=\"iPad Air 4 10.9 inch 4G 64GB - Apple Pencil\" data-src=\"https:\/\/demo8.thuythu.com\/lebaostore\/wp-content\/uploads\/2022\/01\/ipad-air-4-wifi-cellular-64gb-2020-081021-083345.jpg\" \/><img class=\" lazyloaded\" title=\"iPad Air 4 10.9 inch 4G 64GB - B\u00e0n ph\u00edm\" src=\"https:\/\/demo8.thuythu.com\/lebaostore\/wp-content\/uploads\/2022\/01\/ipad-air-4-wifi-cellular-64gb-2020-081021-083345-1.jpg\" alt=\"iPad Air 4 10.9 inch 4G 64GB - B\u00e0n ph\u00edm\" data-src=\"https:\/\/demo8.thuythu.com\/lebaostore\/wp-content\/uploads\/2022\/01\/ipad-air-4-wifi-cellular-64gb-2020-081021-083345-1.jpg\" \/><img class=\" lazyloaded\" title=\"iPad Air 4 10.9 inch 4G 64GB - iPadOS\" src=\"https:\/\/demo8.thuythu.com\/lebaostore\/wp-content\/uploads\/2022\/01\/ipad-air-4-wifi-cellular-64gb-2020-081021-083346.jpg\" alt=\"iPad Air 4 10.9 inch 4G 64GB - iPadOS\" data-src=\"https:\/\/demo8.thuythu.com\/lebaostore\/wp-content\/uploads\/2022\/01\/ipad-air-4-wifi-cellular-64gb-2020-081021-083346.jpg\" \/><img class=\" lazyloaded\" title=\"iPad Air 4 10.9 inch 4G 64GB - K\u1ebft n\u1ed1i\" src=\"https:\/\/demo8.thuythu.com\/lebaostore\/wp-content\/uploads\/2022\/01\/ipad-air-4-wifi-cellular-64gb-2020-081021-083346-1.jpg\" alt=\"iPad Air 4 10.9 inch 4G 64GB - K\u1ebft n\u1ed1i\" data-src=\"https:\/\/demo8.thuythu.com\/lebaostore\/wp-content\/uploads\/2022\/01\/ipad-air-4-wifi-cellular-64gb-2020-081021-083346-1.jpg\" \/><img class=\"lazyload\" title=\"iPad Air 4 10.9 inch 4G 64GB - So s\u00e1nh\" alt=\"iPad Air 4 10.9 inch 4G 64GB - So s\u00e1nh\" data-src=\"https:\/\/demo8.thuythu.com\/lebaostore\/wp-content\/uploads\/2022\/01\/ipad-air-4-wifi-cellular-64gb-2020-081021-083401-scaled.jpg\" \/><\/p>\n<h3><strong>N\u1ed9i dung v\u1ec1 t\u00ednh n\u0103ng<\/strong><\/h3>\n<p>iPad Air ho\u00e0n to\u00e0n m\u1edbi l\u00e0 ng\u01b0\u1eddi b\u1ea1n \u0111\u1ed3ng h\u00e0nh ho\u00e0n h\u1ea3o trong h\u1ecdc t\u1eadp. V\u1edbi m\u00e0n h\u00ecnh Liquid Retina 10.9 inch l\u1ed9ng l\u1eaby<sup>1<\/sup>\u00a0v\u00e0 chip A14 Bionic m\u1ea1nh m\u1ebd t\u00edch h\u1ee3p Neural Engine, sinh vi\u00ean c\u00f3 th\u1ec3 so\u1ea1n th\u1ea3o c\u00e1c b\u00e0i thuy\u1ebft tr\u00ecnh \u0111\u1eb9p m\u1eaft, vi\u1ebft b\u00e0i ti\u1ec3u lu\u1eadn, bi\u00ean t\u1eadp video 4K, thi\u1ebft k\u1ebf m\u00f4 h\u00ecnh 3D, m\u1edf b\u00e0i t\u1eadp nh\u00f3m v\u1edbi b\u1ea1n h\u1ecdc t\u1eeb b\u1ea5t k\u1ef3 n\u01a1i \u0111\u00e2u, m\u1ecdi vi\u1ec7c th\u1eadt qu\u00e1 d\u1ec5 d\u00e0ng. Gi\u1edd \u0111\u00e2y, v\u1edbi kh\u1ea3 n\u0103ng h\u1ed7 tr\u1ee3 Magic Keyboard v\u00e0 Apple Pencil (th\u1ebf h\u1ec7 th\u1ee9 2)<sup>2<\/sup>, Touch ID nhanh nh\u1ea1y, d\u1ec5 s\u1eed d\u1ee5ng v\u00e0 b\u1ea3o m\u1eadt, m\u1ed9t camera sau 12MP v\u00e0 camera FaceTime HD 7MP, c\u1ed5ng k\u1ebft n\u1ed1i USB-C \u0111\u1ec3 s\u1ea1c v\u00e0 k\u1ebft n\u1ed1i ph\u1ee5 ki\u1ec7n, th\u1eddi l\u01b0\u1ee3ng pin b\u1ec1n b\u1ec9 c\u1ea3 ng\u00e0y<sup>3<\/sup>, m\u1ea1ng kh\u00f4ng d\u00e2y t\u1ed1c \u0111\u1ed9 cao<sup>4<\/sup>, vi\u1ec7c h\u1ecdc t\u1eadp tr\u00ean iPad Air gi\u1edd \u0111\u00e3 linh ho\u1ea1t h\u01a1n bao gi\u1edd h\u1ebft.<\/p>\n<h3><strong>Ph\u00e1p l\u00fd<\/strong><\/h3>\n<p>\u1ee8ng d\u1ee5ng c\u00f3 s\u1eb5n tr\u00ean App Store. N\u1ed9i dung \u0111\u01b0\u1ee3c cung c\u1ea5p c\u00f3 th\u1ec3 thay \u0111\u1ed5i.<br \/>\n<sup>1<\/sup>M\u00e0n h\u00ecnh c\u00f3 c\u00e1c g\u00f3c bo tr\u00f2n. Khi t\u00ednh theo h\u00ecnh ch\u1eef nh\u1eadt, k\u00edch th\u01b0\u1edbc m\u00e0n h\u00ecnh iPad Air (th\u1ebf h\u1ec7 th\u1ee9 4) l\u00e0 10.86 inch theo \u0111\u01b0\u1eddng ch\u00e9o. Di\u1ec7n t\u00edch hi\u1ec3n th\u1ecb th\u1ef1c t\u1ebf nh\u1ecf h\u01a1n.<br \/>\n<sup>2<\/sup>Ph\u1ee5 ki\u1ec7n \u0111\u01b0\u1ee3c b\u00e1n ri\u00eang. Kh\u1ea3 n\u0103ng t\u01b0\u01a1ng th\u00edch t\u00f9y thu\u1ed9c th\u1ebf h\u1ec7 s\u1ea3n ph\u1ea9m.<br \/>\n<sup>3<\/sup>Th\u1eddi l\u01b0\u1ee3ng pin kh\u00e1c nhau t\u00f9y theo c\u00e1ch s\u1eed d\u1ee5ng v\u00e0 c\u1ea5u h\u00ecnh. Truy c\u1eadp\u00a0apple.com\/batteries\u00a0\u0111\u1ec3 bi\u1ebft th\u00eam th\u00f4ng tin.<br \/>\n<sup>4<\/sup>C\u1ea7n c\u00f3 g\u00f3i c\u01b0\u1edbc d\u1eef li\u1ec7u. Li\u00ean h\u1ec7 v\u1edbi nh\u00e0 m\u1ea1ng t\u1ea1i th\u1ecb tr\u01b0\u1eddng c\u1ee7a b\u1ea1n \u0111\u1ec3 bi\u1ebft th\u00eam chi ti\u1ebft. T\u1ed1c \u0111\u1ed9 c\u00f3 th\u1ec3 thay \u0111\u1ed5i t\u00f9y \u0111\u1ecba \u0111i\u1ec3m.<\/p>\n<div id=\"highlighter--hover-tools\" style=\"display: none;\">\n<div id=\"highlighter--hover-tools--container\">\n<div class=\"highlighter--icon highlighter--icon-copy\" title=\"Copy\"><\/div>\n<div class=\"highlighter--separator\"><\/div>\n<div class=\"highlighter--icon highlighter--icon-delete\" title=\"Delete\"><\/div>\n<\/div>\n<\/div>\n<div id=\"highlighter--hover-tools\" style=\"display: none;\">\n<div id=\"highlighter--hover-tools--container\">\n<div class=\"highlighter--icon highlighter--icon-copy\" title=\"Copy\"><\/div>\n<div class=\"highlighter--separator\"><\/div>\n<div class=\"highlighter--icon highlighter--icon-delete\" title=\"Delete\"><\/div>\n<\/div>\n<\/div>\n<div id=\"highlighter--hover-tools\" style=\"display: none;\">\n<div id=\"highlighter--hover-tools--container\">\n<div class=\"highlighter--icon highlighter--icon-copy\" title=\"Copy\"><\/div>\n<div class=\"highlighter--separator\"><\/div>\n<div class=\"highlighter--icon highlighter--icon-delete\" title=\"Delete\"><\/div>\n<\/div>\n<\/div>\n<div id=\"highlighter--hover-tools\" style=\"display: none;\">\n<div id=\"highlighter--hover-tools--container\">\n<div class=\"highlighter--icon highlighter--icon-copy\" title=\"Copy\"><\/div>\n<div class=\"highlighter--separator\"><\/div>\n<div class=\"highlighter--icon highlighter--icon-delete\" title=\"Delete\"><\/div>\n<\/div>\n<\/div>\n<div id=\"highlighter--hover-tools\" style=\"display: none;\">\n<div id=\"highlighter--hover-tools--container\">\n<div class=\"highlighter--icon highlighter--icon-copy\" title=\"Copy\"><\/div>\n<div class=\"highlighter--separator\"><\/div>\n<div class=\"highlighter--icon highlighter--icon-delete\" title=\"Delete\"><\/div>\n<\/div>\n<\/div>\n<div id=\"highlighter--hover-tools\" style=\"display: none;\">\n<div id=\"highlighter--hover-tools--container\">\n<div class=\"highlighter--icon highlighter--icon-copy\" title=\"Copy\"><\/div>\n<div class=\"highlighter--separator\"><\/div>\n<div class=\"highlighter--icon highlighter--icon-delete\" title=\"Delete\"><\/div>\n<\/div>\n<\/div>\n<div id=\"highlighter--hover-tools\" style=\"display: none;\">\n<div id=\"highlighter--hover-tools--container\">\n<div class=\"highlighter--icon highlighter--icon-copy\" title=\"Copy\"><\/div>\n<div class=\"highlighter--separator\"><\/div>\n<div class=\"highlighter--icon highlighter--icon-delete\" title=\"Delete\"><\/div>\n<\/div>\n<\/div>\n<div id=\"highlighter--hover-tools\" style=\"display: none;\">\n<div id=\"highlighter--hover-tools--container\">\n<div class=\"highlighter--icon highlighter--icon-copy\" title=\"Copy\"><\/div>\n<div class=\"highlighter--separator\"><\/div>\n<div class=\"highlighter--icon highlighter--icon-delete\" title=\"Delete\"><\/div>\n<\/div>\n<\/div>\n<div id=\"highlighter--hover-tools\" style=\"display: none;\">\n<div id=\"highlighter--hover-tools--container\">\n<div class=\"highlighter--icon highlighter--icon-copy\" title=\"Copy\"><\/div>\n<div class=\"highlighter--separator\"><\/div>\n<div class=\"highlighter--icon highlighter--icon-delete\" title=\"Delete\"><\/div>\n<\/div>\n<\/div>\n<div id=\"highlighter--hover-tools\" style=\"display: none;\">\n<div id=\"highlighter--hover-tools--container\">\n<div class=\"highlighter--icon highlighter--icon-copy\" title=\"Copy\"><\/div>\n<div class=\"highlighter--separator\"><\/div>\n<div class=\"highlighter--icon highlighter--icon-delete\" title=\"Delete\"><\/div>\n<\/div>\n<\/div>\n<div id=\"highlighter--hover-tools\" style=\"display: none;\">\n<div id=\"highlighter--hover-tools--container\">\n<div class=\"highlighter--icon highlighter--icon-copy\" title=\"Copy\"><\/div>\n<div class=\"highlighter--separator\"><\/div>\n<div class=\"highlighter--icon highlighter--icon-delete\" title=\"Delete\"><\/div>\n<\/div>\n<\/div>\n<div id=\"highlighter--hover-tools\" style=\"display: none;\">\n<div id=\"highlighter--hover-tools--container\">\n<div class=\"highlighter--icon highlighter--icon-copy\" title=\"Copy\"><\/div>\n<div class=\"highlighter--separator\"><\/div>\n<div class=\"highlighter--icon highlighter--icon-delete\" title=\"Delete\"><\/div>\n<\/div>\n<\/div>\n<div id=\"highlighter--hover-tools\" style=\"display: none;\">\n<div id=\"highlighter--hover-tools--container\">\n<div class=\"highlighter--icon highlighter--icon-copy\" title=\"Copy\"><\/div>\n<div class=\"highlighter--separator\"><\/div>\n<div class=\"highlighter--icon highlighter--icon-delete\" title=\"Delete\"><\/div>\n<\/div>\n<\/div>\n<div id=\"highlighter--hover-tools\" style=\"display: none;\">\n<div id=\"highlighter--hover-tools--container\">\n<div class=\"highlighter--icon highlighter--icon-copy\" title=\"Copy\"><\/div>\n<div class=\"highlighter--separator\"><\/div>\n<div class=\"highlighter--icon highlighter--icon-delete\" title=\"Delete\"><\/div>\n<\/div>\n<\/div>\n<div id=\"highlighter--hover-tools\" style=\"display: none;\">\n<div id=\"highlighter--hover-tools--container\">\n<div class=\"highlighter--icon highlighter--icon-copy\" title=\"Copy\"><\/div>\n<div class=\"highlighter--separator\"><\/div>\n<div class=\"highlighter--icon highlighter--icon-delete\" title=\"Delete\"><\/div>\n<\/div>\n<\/div>\n<div id=\"highlighter--hover-tools\" style=\"display: none;\">\n<div id=\"highlighter--hover-tools--container\">\n<div class=\"highlighter--icon highlighter--icon-copy\" title=\"Copy\"><\/div>\n<div class=\"highlighter--separator\"><\/div>\n<div class=\"highlighter--icon highlighter--icon-delete\" title=\"Delete\"><\/div>\n<\/div>\n<\/div>\n<div id=\"highlighter--hover-tools\" style=\"display: none;\">\n<div id=\"highlighter--hover-tools--container\">\n<div class=\"highlighter--icon highlighter--icon-copy\" title=\"Copy\"><\/div>\n<div class=\"highlighter--separator\"><\/div>\n<div class=\"highlighter--icon highlighter--icon-delete\" title=\"Delete\"><\/div>\n<\/div>\n<\/div>\n<div id=\"highlighter--hover-tools\" style=\"display: none;\">\n<div id=\"highlighter--hover-tools--container\">\n<div class=\"highlighter--icon highlighter--icon-copy\" title=\"Copy\"><\/div>\n<div class=\"highlighter--separator\"><\/div>\n<div class=\"highlighter--icon highlighter--icon-delete\" title=\"Delete\"><\/div>\n<\/div>\n<\/div>\n<div id=\"highlighter--hover-tools\" style=\"display: none;\">\n<div id=\"highlighter--hover-tools--container\">\n<div class=\"highlighter--icon highlighter--icon-copy\" title=\"Copy\"><\/div>\n<div class=\"highlighter--separator\"><\/div>\n<div class=\"highlighter--icon highlighter--icon-delete\" title=\"Delete\"><\/div>\n<\/div>\n<\/div>\n<div class=\"bg-article\"><\/div>\n<p><a class=\"btn-detail\">Xem th\u00eam<\/a><\/p>\n","protected":false},"excerpt":{"rendered":"<p>N\u1ed9i dung v\u1ec1 t\u00ednh n\u0103ng iPad Air ho\u00e0n to\u00e0n m\u1edbi l\u00e0 ng\u01b0\u1eddi b\u1ea1n \u0111\u1ed3ng h\u00e0nh ho\u00e0n h\u1ea3o trong h\u1ecdc t\u1eadp. V\u1edbi m\u00e0n h\u00ecnh Liquid Retina 10.9 inch l\u1ed9ng l\u1eaby1\u00a0v\u00e0 chip A14 Bionic m\u1ea1nh m\u1ebd t\u00edch h\u1ee3p Neural Engine, sinh vi\u00ean c\u00f3 th\u1ec3 so\u1ea1n th\u1ea3o c\u00e1c b\u00e0i thuy\u1ebft tr\u00ecnh \u0111\u1eb9p m\u1eaft, vi\u1ebft b\u00e0i ti\u1ec3u lu\u1eadn, bi\u00ean &#8230; <a title=\"iPad Air 4 10.9 inch WiFi 64GB\" class=\"read-more\" href=\"https:\/\/demo8.thuythu.com\/lebaostore\/ipad\/ipad-air\/ipad-air-4-10-9-inch-wifi-64gb\/\" aria-label=\"More on iPad Air 4 10.9 inch WiFi 64GB\">Read more<\/a><\/p>\n","protected":false},"featured_media":1141,"template":"","meta":[],"product_cat":[104,19],"product_tag":[],"_links":{"self":[{"href":"https:\/\/demo8.thuythu.com\/lebaostore\/wp-json\/wp\/v2\/product\/2823"}],"collection":[{"href":"https:\/\/demo8.thuythu.com\/lebaostore\/wp-json\/wp\/v2\/product"}],"about":[{"href":"https:\/\/demo8.thuythu.com\/lebaostore\/wp-json\/wp\/v2\/types\/product"}],"wp:featuredmedia":[{"embeddable":true,"href":"https:\/\/demo8.thuythu.com\/lebaostore\/wp-json\/wp\/v2\/media\/1141"}],"wp:attachment":[{"href":"https:\/\/demo8.thuythu.com\/lebaostore\/wp-json\/wp\/v2\/media?parent=2823"}],"wp:term":[{"taxonomy":"product_cat","embeddable":true,"href":"https:\/\/demo8.thuythu.com\/lebaostore\/wp-json\/wp\/v2\/product_cat?post=2823"},{"taxonomy":"product_tag","embeddable":true,"href":"https:\/\/demo8.thuythu.com\/lebaostore\/wp-json\/wp\/v2\/product_tag?post=2823"}],"curies":[{"name":"wp","href":"https:\/\/api.w.org\/{rel}","templated":true}]}}