{"id":2832,"date":"2022-01-21T11:50:41","date_gmt":"2022-01-21T04:50:41","guid":{"rendered":"https:\/\/demo8.thuythu.com\/lebaostore\/product\/ipad-9-10-2-inch-wifi-256gb\/"},"modified":"2022-02-26T18:47:05","modified_gmt":"2022-02-26T11:47:05","slug":"ipad-9-10-2-inch-wifi-256gb","status":"publish","type":"product","link":"https:\/\/demo8.thuythu.com\/lebaostore\/ipad\/ipad-10-2-inch\/ipad-9-10-2-inch-wifi-256gb\/","title":{"rendered":"iPad 9 10.2 inch WiFi 256GB"},"content":{"rendered":"<p><img class=\" ls-is-cached lazyloaded\" title=\"iPad 9 Gi\u1edbi Thi\u1ec7u\" src=\"https:\/\/demo8.thuythu.com\/lebaostore\/wp-content\/uploads\/2022\/01\/ipad-gen-9-141021-110025-scaled.jpg\" alt=\"iPad 9 Gi\u1edbi Thi\u1ec7u\" data-src=\"https:\/\/demo8.thuythu.com\/lebaostore\/wp-content\/uploads\/2022\/01\/ipad-gen-9-141021-110025-scaled.jpg\" \/><\/p>\n<p><img class=\" ls-is-cached lazyloaded\" title=\"iPad 9 Hi\u1ec7u N\u0103ng\" src=\"https:\/\/demo8.thuythu.com\/lebaostore\/wp-content\/uploads\/2022\/01\/ipad-gen-9-141021-110027-scaled.jpg\" alt=\"iPad 9 Hi\u1ec7u N\u0103ng\" data-src=\"https:\/\/demo8.thuythu.com\/lebaostore\/wp-content\/uploads\/2022\/01\/ipad-gen-9-141021-110027-scaled.jpg\" \/><\/p>\n<p><img class=\" ls-is-cached lazyloaded\" title=\"iPad 9 M\u00e0n H\u00ecnh\" src=\"https:\/\/demo8.thuythu.com\/lebaostore\/wp-content\/uploads\/2022\/01\/ipad-gen-9-141021-110028-1.jpg\" alt=\"iPad 9 M\u00e0n H\u00ecnh\" data-src=\"https:\/\/demo8.thuythu.com\/lebaostore\/wp-content\/uploads\/2022\/01\/ipad-gen-9-141021-110028-1.jpg\" \/><\/p>\n<h3><strong>N\u1ed9i dung t\u00ednh n\u0103ng<\/strong><\/h3>\n<p>M\u1ea1nh m\u1ebd. D\u1ec5 s\u1eed d\u1ee5ng. \u0110a n\u0103ng. iPad m\u1edbi c\u00f3 m\u00e0n h\u00ecnh Retina 10.2 inch tuy\u1ec7t \u0111\u1eb9p, chip A13 Bionic m\u1ea1nh m\u1ebd, camera tr\u01b0\u1edbc Ultra Wide c\u00f3 t\u00ednh n\u0103ng Trung T\u00e2m M\u00e0n H\u00ecnh, t\u01b0\u01a1ng th\u00edch v\u1edbi Apple Pencil v\u00e0 Smart Keyboard.<sup>1<\/sup> iPad gi\u00fap b\u1ea1n d\u1ec5 d\u00e0ng l\u00e0m \u0111\u01b0\u1ee3c nhi\u1ec1u vi\u1ec7c h\u01a1n n\u1eefa. T\u1ea5t c\u1ea3 t\u00ednh n\u0103ng v\u1edbi m\u1ee9c gi\u00e1 \u1ea5n t\u01b0\u1ee3ng.<\/p>\n<h3><strong>Ph\u00e1p l\u00fd\u00a0<\/strong><\/h3>\n<p>\u1ee8ng d\u1ee5ng c\u00f3 s\u1eb5n tr\u00ean App Store. N\u1ed9i dung \u0111\u01b0\u1ee3c cung c\u1ea5p c\u00f3 th\u1ec3 thay \u0111\u1ed5i.<\/p>\n<p><sup>1<\/sup>Ph\u1ee5 ki\u1ec7n \u0111\u01b0\u1ee3c b\u00e1n ri\u00eang. Kh\u1ea3 n\u0103ng t\u01b0\u01a1ng th\u00edch t\u00f9y thu\u1ed9c th\u1ebf h\u1ec7 s\u1ea3n ph\u1ea9m.<\/p>\n","protected":false},"excerpt":{"rendered":"<p>N\u1ed9i dung t\u00ednh n\u0103ng M\u1ea1nh m\u1ebd. D\u1ec5 s\u1eed d\u1ee5ng. \u0110a n\u0103ng. iPad m\u1edbi c\u00f3 m\u00e0n h\u00ecnh Retina 10.2 inch tuy\u1ec7t \u0111\u1eb9p, chip A13 Bionic m\u1ea1nh m\u1ebd, camera tr\u01b0\u1edbc Ultra Wide c\u00f3 t\u00ednh n\u0103ng Trung T\u00e2m M\u00e0n H\u00ecnh, t\u01b0\u01a1ng th\u00edch v\u1edbi Apple Pencil v\u00e0 Smart Keyboard.1 iPad gi\u00fap b\u1ea1n d\u1ec5 d\u00e0ng l\u00e0m \u0111\u01b0\u1ee3c nhi\u1ec1u vi\u1ec7c h\u01a1n &#8230; <a title=\"iPad 9 10.2 inch WiFi 256GB\" class=\"read-more\" href=\"https:\/\/demo8.thuythu.com\/lebaostore\/ipad\/ipad-10-2-inch\/ipad-9-10-2-inch-wifi-256gb\/\" aria-label=\"More on iPad 9 10.2 inch WiFi 256GB\">Read more<\/a><\/p>\n","protected":false},"featured_media":1188,"template":"","meta":[],"product_cat":[105,19],"product_tag":[],"_links":{"self":[{"href":"https:\/\/demo8.thuythu.com\/lebaostore\/wp-json\/wp\/v2\/product\/2832"}],"collection":[{"href":"https:\/\/demo8.thuythu.com\/lebaostore\/wp-json\/wp\/v2\/product"}],"about":[{"href":"https:\/\/demo8.thuythu.com\/lebaostore\/wp-json\/wp\/v2\/types\/product"}],"wp:featuredmedia":[{"embeddable":true,"href":"https:\/\/demo8.thuythu.com\/lebaostore\/wp-json\/wp\/v2\/media\/1188"}],"wp:attachment":[{"href":"https:\/\/demo8.thuythu.com\/lebaostore\/wp-json\/wp\/v2\/media?parent=2832"}],"wp:term":[{"taxonomy":"product_cat","embeddable":true,"href":"https:\/\/demo8.thuythu.com\/lebaostore\/wp-json\/wp\/v2\/product_cat?post=2832"},{"taxonomy":"product_tag","embeddable":true,"href":"https:\/\/demo8.thuythu.com\/lebaostore\/wp-json\/wp\/v2\/product_tag?post=2832"}],"curies":[{"name":"wp","href":"https:\/\/api.w.org\/{rel}","templated":true}]}}