{"id":2854,"date":"2022-01-21T11:50:49","date_gmt":"2022-01-21T04:50:49","guid":{"rendered":"https:\/\/demo8.thuythu.com\/lebaostore\/product\/ipad-mini-6-8-3-inch-wifi-256gb\/"},"modified":"2022-02-27T09:51:50","modified_gmt":"2022-02-27T02:51:50","slug":"ipad-mini-6-8-3-inch-wifi-256gb","status":"publish","type":"product","link":"https:\/\/demo8.thuythu.com\/lebaostore\/ipad\/ipad-mini\/ipad-mini-6-8-3-inch-wifi-256gb\/","title":{"rendered":"iPad mini 6 8.3 inch WiFi 256GB"},"content":{"rendered":"<p><img class=\" lazyloaded\" title=\"iPad mini 6 t\u1ed5ng quan\" src=\"https:\/\/demo8.thuythu.com\/lebaostore\/wp-content\/uploads\/2022\/01\/ipad-mini-6-cellular-64gb-141021-100543.jpg\" alt=\"iPad mini 6 t\u1ed5ng quan\" data-src=\"https:\/\/demo8.thuythu.com\/lebaostore\/wp-content\/uploads\/2022\/01\/ipad-mini-6-cellular-64gb-141021-100543.jpg\" \/><img class=\" lazyloaded\" title=\"iPad mini 6 Thi\u1ebft k\u1ebf\" src=\"https:\/\/demo8.thuythu.com\/lebaostore\/wp-content\/uploads\/2022\/01\/ipad-mini-6-cellular-64gb-141021-100547-1.jpg\" alt=\"iPad mini 6 Thi\u1ebft k\u1ebf\" data-src=\"https:\/\/demo8.thuythu.com\/lebaostore\/wp-content\/uploads\/2022\/01\/ipad-mini-6-cellular-64gb-141021-100547-1.jpg\" \/><img class=\" lazyloaded\" title=\"iPad mini 6 Hi\u1ec7u n\u0103ng\" src=\"https:\/\/demo8.thuythu.com\/lebaostore\/wp-content\/uploads\/2022\/01\/ipad-mini-6-cellular-64gb-141021-100545.jpg\" alt=\"iPad mini 6 Hi\u1ec7u n\u0103ng\" data-src=\"https:\/\/demo8.thuythu.com\/lebaostore\/wp-content\/uploads\/2022\/01\/ipad-mini-6-cellular-64gb-141021-100545.jpg\" \/><img class=\" lazyloaded\" title=\"iPad mini 6 k\u1ebft n\u1ed1i\" src=\"https:\/\/demo8.thuythu.com\/lebaostore\/wp-content\/uploads\/2022\/01\/ipad-mini-6-cellular-64gb-141021-100543-1.jpg\" alt=\"iPad mini 6 k\u1ebft n\u1ed1i\" data-src=\"https:\/\/demo8.thuythu.com\/lebaostore\/wp-content\/uploads\/2022\/01\/ipad-mini-6-cellular-64gb-141021-100543-1.jpg\" \/><img class=\" lazyloaded\" title=\"iPad mini 6 Camera\" src=\"https:\/\/demo8.thuythu.com\/lebaostore\/wp-content\/uploads\/2022\/01\/ipad-mini-6-cellular-64gb-141021-100544.jpg\" alt=\"iPad mini 6 Camera\" data-src=\"https:\/\/demo8.thuythu.com\/lebaostore\/wp-content\/uploads\/2022\/01\/ipad-mini-6-cellular-64gb-141021-100544.jpg\" \/><img class=\" lazyloaded\" title=\"iPad mini 6 ph\u1ee5 ki\u1ec7n\" src=\"https:\/\/demo8.thuythu.com\/lebaostore\/wp-content\/uploads\/2022\/01\/ipad-mini-6-cellular-64gb-141021-100546.jpg\" alt=\"iPad mini 6 ph\u1ee5 ki\u1ec7n\" data-src=\"https:\/\/demo8.thuythu.com\/lebaostore\/wp-content\/uploads\/2022\/01\/ipad-mini-6-cellular-64gb-141021-100546.jpg\" \/><img class=\" lazyloaded\" title=\"iPad mini 6 iPadOS\" src=\"https:\/\/demo8.thuythu.com\/lebaostore\/wp-content\/uploads\/2022\/01\/ipad-mini-6-cellular-64gb-141021-100545-1.jpg\" alt=\"iPad mini 6 iPadOS\" data-src=\"https:\/\/demo8.thuythu.com\/lebaostore\/wp-content\/uploads\/2022\/01\/ipad-mini-6-cellular-64gb-141021-100545-1.jpg\" \/><img class=\" lazyloaded\" title=\"So s\u00e1nh c\u00e1c th\u1ebf h\u1ec7 iPad\" src=\"https:\/\/demo8.thuythu.com\/lebaostore\/wp-content\/uploads\/2022\/01\/ipad-mini-6-cellular-64gb-141021-100547-scaled.jpg\" alt=\"So s\u00e1nh c\u00e1c th\u1ebf h\u1ec7 iPad\" data-src=\"https:\/\/demo8.thuythu.com\/lebaostore\/wp-content\/uploads\/2022\/01\/ipad-mini-6-cellular-64gb-141021-100547-scaled.jpg\" \/><\/p>\n<h3><strong>N\u1ed9i dung t\u00ednh n\u0103ng<\/strong><\/h3>\n<p>iPad mini m\u1edbi. Thi\u1ebft k\u1ebf m\u00e0n h\u00ecnh to\u00e0n ph\u1ea7n v\u1edbi m\u00e0n h\u00ecnh Liquid Retina 8.3 inch.<sup>1<\/sup>\u00a0Chip A15 Bionic m\u1ea1nh m\u1ebd v\u1edbi Neural Engine. Camera tr\u01b0\u1edbc Ultra Wide 12MP v\u1edbi t\u00ednh n\u0103ng Trung T\u00e2m M\u00e0n H\u00ecnh. C\u1ed5ng k\u1ebft n\u1ed1i USB-C. M\u1ea1ng 5G si\u00eau nhanh.<sup>2<\/sup>\u00a0Ghi ch\u00fa, \u0111\u00e1nh d\u1ea5u t\u00e0i li\u1ec7u ho\u1eb7c ph\u00e1c th\u1ea3o ngay khi nh\u1eefng \u00fd t\u01b0\u1edfng l\u1edbn xu\u1ea5t hi\u1ec7n trong \u0111\u1ea7u v\u1edbi Apple Pencil (th\u1ebf h\u1ec7 th\u1ee9 2) c\u00f3 kh\u1ea3 n\u0103ng g\u1eafn k\u1ebft b\u1eb1ng nam ch\u00e2m v\u00e0 s\u1ea1c kh\u00f4ng d\u00e2y.<sup>3<\/sup><\/p>\n<h3><strong>Ph\u00e1p l\u00fd<\/strong><\/h3>\n<p><sup>1<\/sup>M\u00e0n h\u00ecnh c\u00f3 c\u00e1c g\u00f3c bo tr\u00f2n. Khi t\u00ednh theo \u0111\u01b0\u1eddng ch\u00e9o h\u00ecnh ch\u1eef nh\u1eadt, m\u00e0n h\u00ecnh iPad mini 8.3 inch c\u00f3 k\u00edch th\u01b0\u1edbc l\u00e0 8.3 inch. Di\u1ec7n t\u00edch hi\u1ec3n th\u1ecb th\u1ef1c t\u1ebf nh\u1ecf h\u01a1n.<\/p>\n<p><sup>2<\/sup>C\u1ea7n c\u00f3 g\u00f3i c\u01b0\u1edbc d\u1eef li\u1ec7u. M\u1ea1ng 5G, LTE Gigabit, LTE v\u00e0 g\u1ecdi Wi-Fi ch\u1ec9 kh\u1ea3 d\u1ee5ng \u1edf m\u1ed9t s\u1ed1 th\u1ecb tr\u01b0\u1eddng v\u00e0 \u0111\u01b0\u1ee3c cung c\u1ea5p qua m\u1ed9t s\u1ed1 nh\u00e0 m\u1ea1ng. T\u1ed1c \u0111\u1ed9 ph\u1ee5 thu\u1ed9c v\u00e0o th\u00f4ng l\u01b0\u1ee3ng l\u00fd thuy\u1ebft v\u00e0 c\u00f3 th\u1ec3 thay \u0111\u1ed5i t\u00f9y \u0111\u1ecba \u0111i\u1ec3m v\u00e0 nh\u00e0 m\u1ea1ng. \u0110\u1ec3 bi\u1ebft th\u00f4ng tin v\u1ec1 h\u1ed7 tr\u1ee3 m\u1ea1ng 5G v\u00e0 LTE, vui l\u00f2ng li\u00ean h\u1ec7 nh\u00e0 m\u1ea1ng v\u00e0 truy c\u1eadp apple.com\/ipad\/cellular.<\/p>\n<p><sup>3<\/sup>Ph\u1ee5 ki\u1ec7n \u0111\u01b0\u1ee3c b\u00e1n ri\u00eang. Kh\u1ea3 n\u0103ng t\u01b0\u01a1ng th\u00edch t\u00f9y thu\u1ed9c th\u1ebf h\u1ec7 s\u1ea3n ph\u1ea9m.<\/p>\n<div class=\"bg-article\"><\/div>\n<p><a class=\"btn-detail\">Xem th\u00eam<\/a><\/p>\n","protected":false},"excerpt":{"rendered":"<p>N\u1ed9i dung t\u00ednh n\u0103ng iPad mini m\u1edbi. Thi\u1ebft k\u1ebf m\u00e0n h\u00ecnh to\u00e0n ph\u1ea7n v\u1edbi m\u00e0n h\u00ecnh Liquid Retina 8.3 inch.1\u00a0Chip A15 Bionic m\u1ea1nh m\u1ebd v\u1edbi Neural Engine. Camera tr\u01b0\u1edbc Ultra Wide 12MP v\u1edbi t\u00ednh n\u0103ng Trung T\u00e2m M\u00e0n H\u00ecnh. C\u1ed5ng k\u1ebft n\u1ed1i USB-C. M\u1ea1ng 5G si\u00eau nhanh.2\u00a0Ghi ch\u00fa, \u0111\u00e1nh d\u1ea5u t\u00e0i li\u1ec7u ho\u1eb7c ph\u00e1c th\u1ea3o &#8230; <a title=\"iPad mini 6 8.3 inch WiFi 256GB\" class=\"read-more\" href=\"https:\/\/demo8.thuythu.com\/lebaostore\/ipad\/ipad-mini\/ipad-mini-6-8-3-inch-wifi-256gb\/\" aria-label=\"More on iPad mini 6 8.3 inch WiFi 256GB\">Read more<\/a><\/p>\n","protected":false},"featured_media":1203,"template":"","meta":[],"product_cat":[106,19],"product_tag":[],"_links":{"self":[{"href":"https:\/\/demo8.thuythu.com\/lebaostore\/wp-json\/wp\/v2\/product\/2854"}],"collection":[{"href":"https:\/\/demo8.thuythu.com\/lebaostore\/wp-json\/wp\/v2\/product"}],"about":[{"href":"https:\/\/demo8.thuythu.com\/lebaostore\/wp-json\/wp\/v2\/types\/product"}],"wp:featuredmedia":[{"embeddable":true,"href":"https:\/\/demo8.thuythu.com\/lebaostore\/wp-json\/wp\/v2\/media\/1203"}],"wp:attachment":[{"href":"https:\/\/demo8.thuythu.com\/lebaostore\/wp-json\/wp\/v2\/media?parent=2854"}],"wp:term":[{"taxonomy":"product_cat","embeddable":true,"href":"https:\/\/demo8.thuythu.com\/lebaostore\/wp-json\/wp\/v2\/product_cat?post=2854"},{"taxonomy":"product_tag","embeddable":true,"href":"https:\/\/demo8.thuythu.com\/lebaostore\/wp-json\/wp\/v2\/product_tag?post=2854"}],"curies":[{"name":"wp","href":"https:\/\/api.w.org\/{rel}","templated":true}]}}