{"id":2858,"date":"2022-01-21T11:50:49","date_gmt":"2022-01-21T04:50:49","guid":{"rendered":"https:\/\/demo8.thuythu.com\/lebaostore\/product\/ipad-mini-7-9-inch-wifi-cellular-64gb\/"},"modified":"2022-01-25T13:29:40","modified_gmt":"2022-01-25T06:29:40","slug":"ipad-mini-7-9-inch-wifi-cellular-64gb","status":"publish","type":"product","link":"https:\/\/demo8.thuythu.com\/lebaostore\/ipad\/ipad-mini\/ipad-mini-7-9-inch-wifi-cellular-64gb\/","title":{"rendered":"iPad Mini 7.9 inch WiFi Cellular 64GB"},"content":{"rendered":"<h3><strong>N\u1ed9i dung v\u1ec1 t\u00ednh n\u0103ng<\/strong><\/h3>\n<p>Chi\u1ebfc iPad mini 7.9 inch \u0111\u00e1ng y\u00eau nay tr\u1edf n\u00ean m\u1ea1nh m\u1ebd h\u01a1n bao gi\u1edd h\u1ebft. M\u00e1y s\u1edf h\u1eefu chip A12 Bionic\u00a0v\u1edbi Neural Engine, s\u1eed d\u1ee5ng c\u00f4ng ngh\u1ec7 m\u00e1y h\u1ecdc theo th\u1eddi gian th\u1ef1c \u0111\u1ec3 thay \u0111\u1ed5i c\u00e1ch b\u1ea1n tr\u1ea3i nghi\u1ec7m \u1ea3nh ch\u1ee5p, ch\u01a1i game, th\u1ef1c t\u1ebf \u1ea3o t\u0103ng c\u01b0\u1eddng (AR) v\u00e0 h\u01a1n th\u1ebf n\u1eefa. M\u00e0n h\u00ecnh Retina tuy\u1ec7t \u0111\u1eb9p v\u1edbi True Tone gi\u00fap b\u1ea1n xem d\u1ec5 d\u00e0ng h\u01a1n trong m\u1ecdi m\u00f4i tr\u01b0\u1eddng \u00e1nh s\u00e1ng. H\u1ed7 tr\u1ee3 Apple Pencil (th\u1ebf h\u1ec7 th\u1ee9 1).<sup>1<\/sup>\u00a0Wi-Fi v\u00e0 LTE.<sup>2<\/sup>\u00a0Camera sau 8MP v\u00e0 camera FaceTime HD 7MP. B\u00ean c\u1ea1nh th\u1eddi l\u01b0\u1ee3ng pin b\u1ec1n b\u1ec9 c\u1ea3 ng\u00e0y<sup>3<\/sup>\u00a0v\u00e0 Touch ID \u2013 trong m\u1ed9t chi\u1ebfc iPad v\u1eeba tay b\u1ea1n.<\/p>\n<h3><strong>T\u00ednh n\u0103ng n\u1ed5i b\u1eadt<\/strong><\/h3>\n<p>\u2022 M\u00e0n h\u00ecnh Retina 7.9 inch v\u1edbi True Tone v\u00e0 d\u1ea3i m\u00e0u r\u1ed9ng.<\/p>\n<p>\u2022\u00a0Chip A12 Bionic.<\/p>\n<p>\u2022\u00a0C\u1ea3m bi\u1ebfn v\u00e2n tay Touch ID.<\/p>\n<p>\u2022\u00a0Camera sau 8MP, camera tr\u01b0\u1edbc FaceTime HD 7MP.<\/p>\n<p>\u2022\u00a0Loa stereo.<\/p>\n<p>\u2022\u00a0Wi-Fi 802.11ac v\u1edbi LTE<sup>2<\/sup>.<\/p>\n<p>\u2022\u00a0Th\u1eddi l\u01b0\u1ee3ng pin l\u00ean \u0111\u1ebfn 10 gi\u1edd<sup>3<\/sup>.<\/p>\n<p>\u2022\u00a0C\u1ed5ng k\u1ebft n\u1ed1i Lightning \u0111\u1ec3 s\u1ea1c v\u00e0 k\u1ebft n\u1ed1i ph\u1ee5 ki\u1ec7n.<\/p>\n<p>\u2022\u00a0H\u1ed7 tr\u1ee3 Apple Pencil (th\u1ebf h\u1ec7 th\u1ee9 1)<sup>1<\/sup>.<\/p>\n<p>\u2022\u00a0iPadOS 14 mang \u0111\u1ebfn cho b\u1ea1n c\u00e1c ch\u1ee9c n\u0103ng m\u1edbi \u0111\u01b0\u1ee3c thi\u1ebft k\u1ebf d\u00e0nh ri\u00eang cho iPad.<\/p>\n<h3><strong>Ph\u00e1p l\u00fd<\/strong><\/h3>\n<p><sup>1<\/sup>Ph\u1ee5 ki\u1ec7n \u0111\u01b0\u1ee3c b\u00e1n ri\u00eang. Kh\u1ea3 n\u0103ng t\u01b0\u01a1ng th\u00edch t\u00f9y thu\u1ed9c th\u1ebf h\u1ec7 s\u1ea3n ph\u1ea9m.<\/p>\n<p><sup>2<\/sup>C\u1ea7n c\u00f3 g\u00f3i c\u01b0\u1edbc d\u1eef li\u1ec7u. Li\u00ean h\u1ec7 v\u1edbi nh\u00e0 m\u1ea1ng t\u1ea1i th\u1ecb tr\u01b0\u1eddng c\u1ee7a b\u1ea1n \u0111\u1ec3 bi\u1ebft th\u00eam chi ti\u1ebft. T\u1ed1c \u0111\u1ed9 c\u00f3 th\u1ec3 thay \u0111\u1ed5i t\u00f9y \u0111\u1ecba \u0111i\u1ec3m.<\/p>\n<p><sup>3<\/sup>Th\u1eddi l\u01b0\u1ee3ng pin kh\u00e1c nhau t\u00f9y theo c\u00e1ch s\u1eed d\u1ee5ng v\u00e0 c\u1ea5u h\u00ecnh. Truy c\u1eadp\u00a0apple.com\/batteries\u00a0\u0111\u1ec3 bi\u1ebft th\u00eam th\u00f4ng tin.<\/p>\n<div class=\"bg-article\"><\/div>\n<p><a class=\"btn-detail\">Xem th\u00eam<\/a><\/p>\n","protected":false},"excerpt":{"rendered":"<p>N\u1ed9i dung v\u1ec1 t\u00ednh n\u0103ng Chi\u1ebfc iPad mini 7.9 inch \u0111\u00e1ng y\u00eau nay tr\u1edf n\u00ean m\u1ea1nh m\u1ebd h\u01a1n bao gi\u1edd h\u1ebft. M\u00e1y s\u1edf h\u1eefu chip A12 Bionic\u00a0v\u1edbi Neural Engine, s\u1eed d\u1ee5ng c\u00f4ng ngh\u1ec7 m\u00e1y h\u1ecdc theo th\u1eddi gian th\u1ef1c \u0111\u1ec3 thay \u0111\u1ed5i c\u00e1ch b\u1ea1n tr\u1ea3i nghi\u1ec7m \u1ea3nh ch\u1ee5p, ch\u01a1i game, th\u1ef1c t\u1ebf \u1ea3o t\u0103ng c\u01b0\u1eddng &#8230; <a title=\"iPad Mini 7.9 inch WiFi Cellular 64GB\" class=\"read-more\" href=\"https:\/\/demo8.thuythu.com\/lebaostore\/ipad\/ipad-mini\/ipad-mini-7-9-inch-wifi-cellular-64gb\/\" aria-label=\"More on iPad Mini 7.9 inch WiFi Cellular 64GB\">Read more<\/a><\/p>\n","protected":false},"featured_media":1232,"template":"","meta":[],"product_cat":[106,19],"product_tag":[],"_links":{"self":[{"href":"https:\/\/demo8.thuythu.com\/lebaostore\/wp-json\/wp\/v2\/product\/2858"}],"collection":[{"href":"https:\/\/demo8.thuythu.com\/lebaostore\/wp-json\/wp\/v2\/product"}],"about":[{"href":"https:\/\/demo8.thuythu.com\/lebaostore\/wp-json\/wp\/v2\/types\/product"}],"wp:featuredmedia":[{"embeddable":true,"href":"https:\/\/demo8.thuythu.com\/lebaostore\/wp-json\/wp\/v2\/media\/1232"}],"wp:attachment":[{"href":"https:\/\/demo8.thuythu.com\/lebaostore\/wp-json\/wp\/v2\/media?parent=2858"}],"wp:term":[{"taxonomy":"product_cat","embeddable":true,"href":"https:\/\/demo8.thuythu.com\/lebaostore\/wp-json\/wp\/v2\/product_cat?post=2858"},{"taxonomy":"product_tag","embeddable":true,"href":"https:\/\/demo8.thuythu.com\/lebaostore\/wp-json\/wp\/v2\/product_tag?post=2858"}],"curies":[{"name":"wp","href":"https:\/\/api.w.org\/{rel}","templated":true}]}}