{"id":2889,"date":"2022-01-21T11:51:04","date_gmt":"2022-01-21T04:51:04","guid":{"rendered":"https:\/\/demo8.thuythu.com\/lebaostore\/product\/apple-watch-se-gps-44mm\/"},"modified":"2022-01-24T16:35:29","modified_gmt":"2022-01-24T09:35:29","slug":"apple-watch-se-gps-44mm","status":"publish","type":"product","link":"https:\/\/demo8.thuythu.com\/lebaostore\/watch\/apple-watch-se\/apple-watch-se-gps-44mm\/","title":{"rendered":"Apple Watch SE GPS 44mm"},"content":{"rendered":"<p><img class=\" ls-is-cached lazyloaded\" title=\"Apple Watch SE GPS 40mm - \u0110\u1eb7c \u0111i\u1ec3m n\u1ed5i b\u1eadt\" src=\"https:\/\/demo8.thuythu.com\/lebaostore\/wp-content\/uploads\/2022\/01\/se-40mm-vien-nhom-day-cao-su-hong-111021-035446.jpg\" alt=\"Apple Watch SE GPS 40mm - \u0110\u1eb7c \u0111i\u1ec3m n\u1ed5i b\u1eadt\" data-src=\"https:\/\/demo8.thuythu.com\/lebaostore\/wp-content\/uploads\/2022\/01\/se-40mm-vien-nhom-day-cao-su-hong-111021-035446.jpg\" \/><img class=\" lazyloaded\" title=\"Apple Watch SE GPS 40mm - Th\u1ec3 d\u1ee5c\" src=\"https:\/\/demo8.thuythu.com\/lebaostore\/wp-content\/uploads\/2022\/01\/se-40mm-vien-nhom-day-cao-su-hong-111021-035447.jpg\" alt=\"Apple Watch SE GPS 40mm - Th\u1ec3 d\u1ee5c\" data-src=\"https:\/\/demo8.thuythu.com\/lebaostore\/wp-content\/uploads\/2022\/01\/se-40mm-vien-nhom-day-cao-su-hong-111021-035447.jpg\" \/><img class=\" lazyloaded\" title=\"Apple Watch SE GPS 40mm - K\u1ebft n\u1ed1i\" src=\"https:\/\/demo8.thuythu.com\/lebaostore\/wp-content\/uploads\/2022\/01\/se-40mm-vien-nhom-day-cao-su-hong-111021-035449.jpg\" alt=\"Apple Watch SE GPS 40mm - K\u1ebft n\u1ed1i\" data-src=\"https:\/\/demo8.thuythu.com\/lebaostore\/wp-content\/uploads\/2022\/01\/se-40mm-vien-nhom-day-cao-su-hong-111021-035449.jpg\" \/><img class=\" lazyloaded\" title=\"Apple Watch SE GPS 40mm - S\u1ee9c kho\u1ebb\" src=\"https:\/\/demo8.thuythu.com\/lebaostore\/wp-content\/uploads\/2022\/01\/se-40mm-vien-nhom-day-cao-su-hong-111021-035450.jpg\" alt=\"Apple Watch SE GPS 40mm - S\u1ee9c kho\u1ebb\" data-src=\"https:\/\/demo8.thuythu.com\/lebaostore\/wp-content\/uploads\/2022\/01\/se-40mm-vien-nhom-day-cao-su-hong-111021-035450.jpg\" \/><img class=\" lazyloaded\" title=\"Apple Watch SE GPS 40mm - M\u1eb7t \u0111\u1ed3ng h\u1ed3\" src=\"https:\/\/demo8.thuythu.com\/lebaostore\/wp-content\/uploads\/2022\/01\/se-40mm-vien-nhom-day-cao-su-hong-111021-035451.jpg\" alt=\"Apple Watch SE GPS 40mm - M\u1eb7t \u0111\u1ed3ng h\u1ed3\" data-src=\"https:\/\/demo8.thuythu.com\/lebaostore\/wp-content\/uploads\/2022\/01\/se-40mm-vien-nhom-day-cao-su-hong-111021-035451.jpg\" \/><img class=\" lazyloaded\" title=\"Apple Watch SE GPS 40mm - Apple Watch\" src=\"https:\/\/demo8.thuythu.com\/lebaostore\/wp-content\/uploads\/2022\/01\/se-40mm-vien-nhom-day-cao-su-hong-111021-035452.jpg\" alt=\"Apple Watch SE GPS 40mm - Apple Watch\" data-src=\"https:\/\/demo8.thuythu.com\/lebaostore\/wp-content\/uploads\/2022\/01\/se-40mm-vien-nhom-day-cao-su-hong-111021-035452.jpg\" \/><img class=\" lazyloaded\" title=\"Apple Watch SE GPS 40mm - So s\u00e1nh\" src=\"https:\/\/demo8.thuythu.com\/lebaostore\/wp-content\/uploads\/2022\/01\/se-40mm-vien-nhom-day-cao-su-hong-111021-035453.jpg\" alt=\"Apple Watch SE GPS 40mm - So s\u00e1nh\" data-src=\"https:\/\/demo8.thuythu.com\/lebaostore\/wp-content\/uploads\/2022\/01\/se-40mm-vien-nhom-day-cao-su-hong-111021-035453.jpg\" \/><\/p>\n<h3><strong>N\u1ed9i dung v\u1ec1 t\u00ednh n\u0103ng<\/strong><\/h3>\n<p>Apple Watch SE c\u00f3 m\u00e0n h\u00ecnh l\u1edbn nh\u01b0 m\u00e0n h\u00ecnh Retina c\u1ee7a Series\u00a06, v\u00ec v\u1eady b\u1ea1n c\u00f3 th\u1ec3 xem nhanh \u0111\u01b0\u1ee3c nhi\u1ec1u th\u00f4ng tin h\u01a1n. C\u00e1c c\u1ea3m bi\u1ebfn ti\u00ean ti\u1ebfn \u0111\u1ec3 theo d\u00f5i m\u1ee5c ti\u00eau th\u1ec3 d\u1ee5c v\u00e0 t\u1eadp luy\u1ec7n c\u1ee7a b\u1ea1n. V\u00e0 nh\u1eefng t\u00ednh n\u0103ng \u01b0u vi\u1ec7t \u0111\u1ec3 gi\u00fap b\u1ea1n lu\u00f4n kh\u1ecfe m\u1ea1nh v\u00e0 an to\u00e0n. \u1ee8ng d\u1ee5ng Gi\u1ea5c Ng\u1ee7 thi\u1ebft l\u1eadp th\u00f3i quen \u0111i ng\u1ee7 v\u00e0 theo d\u00f5i gi\u1ea5c ng\u1ee7. B\u1ea1n c\u0169ng c\u00f3 th\u1ec3 nh\u1eadn cu\u1ed9c g\u1ecdi, tin nh\u1eafn v\u00e0 nghe nh\u1ea1c ngay t\u1eeb c\u1ed5 tay. \u0110\u00e2y l\u00e0 chi\u1ebfc \u0111\u1ed3ng h\u1ed3 c\u00f3 v\u00f4 v\u00e0n t\u00ednh n\u0103ng nh\u01b0ng gi\u00e1 nh\u1eb9 nh\u00e0ng kh\u00f4ng t\u01b0\u1edfng.<\/p>\n<div class=\"bg-article\"><\/div>\n<p><a class=\"btn-detail\">Xem th\u00eam<\/a><\/p>\n","protected":false},"excerpt":{"rendered":"<p>N\u1ed9i dung v\u1ec1 t\u00ednh n\u0103ng Apple Watch SE c\u00f3 m\u00e0n h\u00ecnh l\u1edbn nh\u01b0 m\u00e0n h\u00ecnh Retina c\u1ee7a Series\u00a06, v\u00ec v\u1eady b\u1ea1n c\u00f3 th\u1ec3 xem nhanh \u0111\u01b0\u1ee3c nhi\u1ec1u th\u00f4ng tin h\u01a1n. C\u00e1c c\u1ea3m bi\u1ebfn ti\u00ean ti\u1ebfn \u0111\u1ec3 theo d\u00f5i m\u1ee5c ti\u00eau th\u1ec3 d\u1ee5c v\u00e0 t\u1eadp luy\u1ec7n c\u1ee7a b\u1ea1n. V\u00e0 nh\u1eefng t\u00ednh n\u0103ng \u01b0u vi\u1ec7t \u0111\u1ec3 gi\u00fap &#8230; <a title=\"Apple Watch SE GPS 44mm\" class=\"read-more\" href=\"https:\/\/demo8.thuythu.com\/lebaostore\/watch\/apple-watch-se\/apple-watch-se-gps-44mm\/\" aria-label=\"More on Apple Watch SE GPS 44mm\">Read more<\/a><\/p>\n","protected":false},"featured_media":2251,"template":"","meta":[],"product_cat":[120,22],"product_tag":[],"_links":{"self":[{"href":"https:\/\/demo8.thuythu.com\/lebaostore\/wp-json\/wp\/v2\/product\/2889"}],"collection":[{"href":"https:\/\/demo8.thuythu.com\/lebaostore\/wp-json\/wp\/v2\/product"}],"about":[{"href":"https:\/\/demo8.thuythu.com\/lebaostore\/wp-json\/wp\/v2\/types\/product"}],"wp:featuredmedia":[{"embeddable":true,"href":"https:\/\/demo8.thuythu.com\/lebaostore\/wp-json\/wp\/v2\/media\/2251"}],"wp:attachment":[{"href":"https:\/\/demo8.thuythu.com\/lebaostore\/wp-json\/wp\/v2\/media?parent=2889"}],"wp:term":[{"taxonomy":"product_cat","embeddable":true,"href":"https:\/\/demo8.thuythu.com\/lebaostore\/wp-json\/wp\/v2\/product_cat?post=2889"},{"taxonomy":"product_tag","embeddable":true,"href":"https:\/\/demo8.thuythu.com\/lebaostore\/wp-json\/wp\/v2\/product_tag?post=2889"}],"curies":[{"name":"wp","href":"https:\/\/api.w.org\/{rel}","templated":true}]}}