{"id":2916,"date":"2022-01-21T11:51:14","date_gmt":"2022-01-21T04:51:14","guid":{"rendered":"https:\/\/demo8.thuythu.com\/lebaostore\/product\/apple-watch-series-6-gps-2-cellular-40mm\/"},"modified":"2022-01-24T16:29:25","modified_gmt":"2022-01-24T09:29:25","slug":"apple-watch-series-6-gps-2-cellular-40mm","status":"publish","type":"product","link":"https:\/\/demo8.thuythu.com\/lebaostore\/watch\/apple-watch-series-6\/apple-watch-series-6-gps-2-cellular-40mm\/","title":{"rendered":"Apple Watch Series 6 GPS 2 + Cellular 40mm"},"content":{"rendered":"<p><img class=\" ls-is-cached lazyloaded\" title=\"Apple Watch S6 LTE 44mm - \u0110\u1eb7c \u0111i\u1ec3m n\u1ed5i b\u1eadt\" src=\"https:\/\/demo8.thuythu.com\/lebaostore\/wp-content\/uploads\/2022\/01\/s6-lte-44mm-vien-thep-day-cao-su-121021-083102.jpg\" alt=\"Apple Watch S6 LTE 44mm - \u0110\u1eb7c \u0111i\u1ec3m n\u1ed5i b\u1eadt\" data-src=\"https:\/\/demo8.thuythu.com\/lebaostore\/wp-content\/uploads\/2022\/01\/s6-lte-44mm-vien-thep-day-cao-su-121021-083102.jpg\" \/><img class=\" ls-is-cached lazyloaded\" title=\"Apple Watch S6 LTE 44mm - S\u1ee9c kho\u1ebb\" src=\"https:\/\/demo8.thuythu.com\/lebaostore\/wp-content\/uploads\/2022\/01\/s6-lte-44mm-vien-thep-day-cao-su-121021-083103.jpg\" alt=\"Apple Watch S6 LTE 44mm - S\u1ee9c kho\u1ebb\" data-src=\"https:\/\/demo8.thuythu.com\/lebaostore\/wp-content\/uploads\/2022\/01\/s6-lte-44mm-vien-thep-day-cao-su-121021-083103.jpg\" \/><img class=\" ls-is-cached lazyloaded\" title=\"Apple Watch S6 LTE 44mm - Th\u1ec3 d\u1ee5c\" src=\"https:\/\/demo8.thuythu.com\/lebaostore\/wp-content\/uploads\/2022\/01\/s6-lte-44mm-vien-thep-day-cao-su-121021-083104.jpg\" alt=\"Apple Watch S6 LTE 44mm - Th\u1ec3 d\u1ee5c\" data-src=\"https:\/\/demo8.thuythu.com\/lebaostore\/wp-content\/uploads\/2022\/01\/s6-lte-44mm-vien-thep-day-cao-su-121021-083104.jpg\" \/><img class=\" ls-is-cached lazyloaded\" title=\"Apple Watch S6 LTE 44mm - K\u1ebft n\u1ed1i\" src=\"https:\/\/demo8.thuythu.com\/lebaostore\/wp-content\/uploads\/2022\/01\/s6-lte-44mm-vien-thep-day-cao-su-121021-083104-1.jpg\" alt=\"Apple Watch S6 LTE 44mm - K\u1ebft n\u1ed1i\" data-src=\"https:\/\/demo8.thuythu.com\/lebaostore\/wp-content\/uploads\/2022\/01\/s6-lte-44mm-vien-thep-day-cao-su-121021-083104-1.jpg\" \/><img class=\" ls-is-cached lazyloaded\" title=\"Apple Watch S6 LTE 44mm - Thi\u1ebft k\u1ebf\" src=\"https:\/\/demo8.thuythu.com\/lebaostore\/wp-content\/uploads\/2022\/01\/s6-lte-44mm-vien-thep-day-cao-su-121021-083105.jpg\" alt=\"Apple Watch S6 LTE 44mm - Thi\u1ebft k\u1ebf\" data-src=\"https:\/\/demo8.thuythu.com\/lebaostore\/wp-content\/uploads\/2022\/01\/s6-lte-44mm-vien-thep-day-cao-su-121021-083105.jpg\" \/><img class=\" ls-is-cached lazyloaded\" title=\"Apple Watch S6 LTE 44mm - Apple Watch\" src=\"https:\/\/demo8.thuythu.com\/lebaostore\/wp-content\/uploads\/2022\/01\/s6-lte-44mm-vien-thep-day-cao-su-121021-083105-1.jpg\" alt=\"Apple Watch S6 LTE 44mm - Apple Watch\" data-src=\"https:\/\/demo8.thuythu.com\/lebaostore\/wp-content\/uploads\/2022\/01\/s6-lte-44mm-vien-thep-day-cao-su-121021-083105-1.jpg\" \/><img class=\" ls-is-cached lazyloaded\" title=\"Apple Watch S6 LTE 44mm - So s\u00e1nh\" src=\"https:\/\/demo8.thuythu.com\/lebaostore\/wp-content\/uploads\/2022\/01\/s6-lte-44mm-vien-thep-day-cao-su-121021-083106.jpg\" alt=\"Apple Watch S6 LTE 44mm - So s\u00e1nh\" data-src=\"https:\/\/demo8.thuythu.com\/lebaostore\/wp-content\/uploads\/2022\/01\/s6-lte-44mm-vien-thep-day-cao-su-121021-083106.jpg\" \/><\/p>\n<h3><strong>N\u1ed9i dung v\u1ec1 t\u00ednh n\u0103ng<\/strong><\/h3>\n<p>Theo d\u00f5i c\u00e1c b\u00e0i t\u1eadp th\u1ec3 ch\u1ea5t v\u00e0 ho\u1ea1t \u0111\u1ed9ng ch\u00ednh x\u00e1c h\u01a1n bao gi\u1edd h\u1ebft &#8211; d\u00f9 \u1edf d\u01b0\u1edbi n\u01b0\u1edbc, \u1edf ph\u00f2ng t\u1eadp gym hay tr\u00ean \u0111\u01b0\u1eddng. Xem c\u00e1c ch\u1ec9 s\u1ed1 c\u1ee7a b\u1ea1n tr\u00ean m\u00e0n h\u00ecnh Retina Lu\u00f4n B\u1eadt \u0111\u00e3 \u0111\u01b0\u1ee3c c\u1ea3i ti\u1ebfn m\u00e0 kh\u00f4ng c\u1ea7n n\u00e2ng c\u1ed5 tay. Chinh ph\u1ee5c t\u1ea7m cao m\u1edbi, \u0111\u1ed9 s\u00e2u m\u1edbi v\u00e0 nh\u1eefng ch\u1eb7ng \u0111\u01b0\u1eddng m\u1edbi v\u1edbi GPS, c\u00e1c s\u1ed1 \u0111o \u0111\u1ed9 cao theo th\u1eddi gian th\u1ef1c v\u00e0 la b\u00e0n \u0111\u01b0\u1ee3c t\u00edch h\u1ee3p s\u1eb5n cho vi\u1ec7c \u0111i\u1ec1u h\u01b0\u1edbng. Ho\u00e0n th\u00e0nh c\u00e1c v\u00f2ng Ho\u1ea1t \u0110\u1ed9ng cho m\u1ed7i ng\u00e0y th\u00eam kh\u1ecfe m\u1ea1nh h\u01a1n. V\u00e0 lu\u00f4n gi\u1eef ngu\u1ed3n c\u1ea3m h\u1ee9ng \u0111\u1ec3 ti\u1ebfp t\u1ee5c v\u1eadn \u0111\u1ed9ng b\u1eb1ng c\u00e1ch nghe nh\u1ea1c v\u00e0 podcast tr\u1ef1c tuy\u1ebfn t\u1eeb \u0111\u1ed3ng h\u1ed3 c\u1ee7a b\u1ea1n.*<\/p>\n<h3><strong>Ph\u00e1p l\u00fd<\/strong><\/h3>\n<p>Apple Watch Series 6 t\u01b0\u01a1ng th\u00edch v\u1edbi iPhone 6s ho\u1eb7c c\u00e1c phi\u00ean b\u1ea3n cao h\u01a1n s\u1eed d\u1ee5ng iOS 14 ho\u1eb7c c\u00e1c b\u1ea3n c\u1eadp nh\u1eadt cao h\u01a1n.<\/p>\n<p>*T\u00ednh n\u0103ng nghe nh\u1ea1c tr\u1ef1c tuy\u1ebfn y\u00eau c\u1ea7u s\u1eed d\u1ee5ng Apple Watch (GPS + Cellular) Series 3 tr\u1edf l\u00ean.<\/p>\n<div class=\"bg-article\"><\/div>\n<p><a class=\"btn-detail\">Xem th\u00eam<\/a><\/p>\n","protected":false},"excerpt":{"rendered":"<p>N\u1ed9i dung v\u1ec1 t\u00ednh n\u0103ng Theo d\u00f5i c\u00e1c b\u00e0i t\u1eadp th\u1ec3 ch\u1ea5t v\u00e0 ho\u1ea1t \u0111\u1ed9ng ch\u00ednh x\u00e1c h\u01a1n bao gi\u1edd h\u1ebft &#8211; d\u00f9 \u1edf d\u01b0\u1edbi n\u01b0\u1edbc, \u1edf ph\u00f2ng t\u1eadp gym hay tr\u00ean \u0111\u01b0\u1eddng. Xem c\u00e1c ch\u1ec9 s\u1ed1 c\u1ee7a b\u1ea1n tr\u00ean m\u00e0n h\u00ecnh Retina Lu\u00f4n B\u1eadt \u0111\u00e3 \u0111\u01b0\u1ee3c c\u1ea3i ti\u1ebfn m\u00e0 kh\u00f4ng c\u1ea7n n\u00e2ng c\u1ed5 tay. &#8230; <a title=\"Apple Watch Series 6 GPS 2 + Cellular 40mm\" class=\"read-more\" href=\"https:\/\/demo8.thuythu.com\/lebaostore\/watch\/apple-watch-series-6\/apple-watch-series-6-gps-2-cellular-40mm\/\" aria-label=\"More on Apple Watch Series 6 GPS 2 + Cellular 40mm\">Read more<\/a><\/p>\n","protected":false},"featured_media":2332,"template":"","meta":[],"product_cat":[108,22],"product_tag":[],"_links":{"self":[{"href":"https:\/\/demo8.thuythu.com\/lebaostore\/wp-json\/wp\/v2\/product\/2916"}],"collection":[{"href":"https:\/\/demo8.thuythu.com\/lebaostore\/wp-json\/wp\/v2\/product"}],"about":[{"href":"https:\/\/demo8.thuythu.com\/lebaostore\/wp-json\/wp\/v2\/types\/product"}],"wp:featuredmedia":[{"embeddable":true,"href":"https:\/\/demo8.thuythu.com\/lebaostore\/wp-json\/wp\/v2\/media\/2332"}],"wp:attachment":[{"href":"https:\/\/demo8.thuythu.com\/lebaostore\/wp-json\/wp\/v2\/media?parent=2916"}],"wp:term":[{"taxonomy":"product_cat","embeddable":true,"href":"https:\/\/demo8.thuythu.com\/lebaostore\/wp-json\/wp\/v2\/product_cat?post=2916"},{"taxonomy":"product_tag","embeddable":true,"href":"https:\/\/demo8.thuythu.com\/lebaostore\/wp-json\/wp\/v2\/product_tag?post=2916"}],"curies":[{"name":"wp","href":"https:\/\/api.w.org\/{rel}","templated":true}]}}