{"id":2930,"date":"2022-01-21T11:51:14","date_gmt":"2022-01-21T04:51:14","guid":{"rendered":"https:\/\/demo8.thuythu.com\/lebaostore\/product\/apple-watch-series-3-gps-38mm\/"},"modified":"2022-01-24T16:38:38","modified_gmt":"2022-01-24T09:38:38","slug":"apple-watch-series-3-gps-38mm","status":"publish","type":"product","link":"https:\/\/demo8.thuythu.com\/lebaostore\/watch\/apple-watch-series-3\/apple-watch-series-3-gps-38mm\/","title":{"rendered":"Apple Watch Series 3 GPS 38mm"},"content":{"rendered":"<h3><strong>N\u1ed9i dung v\u1ec1 t\u00ednh n\u0103ng<\/strong><\/h3>\n<p>Theo d\u00f5i nh\u1ecbp tim v\u00e0 nh\u1eadn th\u00f4ng b\u00e1o khi nh\u1ecbp tim ch\u1eadm, nhanh hay nh\u1ecbp tim kh\u00f4ng \u0111\u1ec1u.<sup>1\u00a0<\/sup>\u0110o l\u01b0\u1eddng ch\u1ec9 s\u1ed1 c\u00e1c b\u00e0i t\u1eadp th\u1ec3 ch\u1ea5t, theo d\u00f5i v\u00e0 chia s\u1ebb ho\u1ea1t \u0111\u1ed9ng c\u1ee7a b\u1ea1n. Nh\u1eadn cu\u1ed9c g\u1ecdi, tr\u1ea3 l\u1eddi tin nh\u1eafn v\u00e0 \u0111\u1ed3ng b\u1ed9 nh\u1ea1c v\u00e0 podcast y\u00eau th\u00edch. V\u1edbi Apple Watch Series 3, t\u1ea5t c\u1ea3 \u0111\u1ec1u g\u1ea7n trong t\u1ea7m tay.<\/p>\n<h3><strong>T\u00ednh n\u0103ng n\u1ed5i b\u1eadt<\/strong><\/h3>\n<p>\u2022\u00a0Xem nhanh th\u00f4ng tin quan tr\u1ecdng tr\u00ean m\u00e0n h\u00ecnh Retina<\/p>\n<p>\u2022\u00a0Th\u00f4ng b\u00e1o nh\u1ecbp tim nhanh hay ch\u1eadm v\u00e0 th\u00f4ng b\u00e1o nh\u1ecbp tim kh\u00f4ng \u0111\u1ec1u<sup>1<\/sup><\/p>\n<p>\u2022\u00a0Nh\u1eadn cu\u1ed9c g\u1ecdi v\u00e0 tr\u1ea3 l\u1eddi tin nh\u1eafn ngay t\u1eeb c\u1ed5 tay<\/p>\n<p>\u2022\u00a0\u0110\u1ed3ng b\u1ed9 nh\u1ea1c v\u00e0 podcast y\u00eau th\u00edch<\/p>\n<p>\u2022\u00a0Theo d\u00f5i ho\u1ea1t \u0111\u1ed9ng h\u00e0ng ng\u00e0y c\u1ee7a b\u1ea1n tr\u00ean Apple Watch v\u00e0 xem xu h\u01b0\u1edbng c\u1ee7a b\u1ea1n trong \u1ee9ng d\u1ee5ng Th\u1ec3 D\u1ee5c tr\u00ean iPhone<\/p>\n<p>\u2022\u00a0\u0110o l\u01b0\u1eddng c\u00e1c ho\u1ea1t \u0111\u1ed9ng th\u1ec3 d\u1ee5c c\u1ee7a b\u1ea1n nh\u01b0 ch\u1ea1y, \u0111i b\u1ed9, \u0111\u1ea1p xe, t\u1eadp yoga, b\u01a1i l\u1ed9i v\u00e0 khi\u00eau v\u0169<\/p>\n<p>\u2022\u00a0Thi\u1ebft k\u1ebf ch\u1ed1ng th\u1ea5m n\u01b0\u1edbc khi b\u01a1i l\u1ed9i<sup>2<\/sup><\/p>\n<p>\u2022\u00a0SOS Kh\u1ea9n C\u1ea5p gi\u00fap b\u1ea1n g\u1ecdi xin tr\u1ee3 gi\u00fap ngay t\u1eeb c\u1ed5 tay<sup>3<\/sup><\/p>\n<p>\u2022\u00a0S3 c\u00f3 b\u1ed9 x\u1eed l\u00fd l\u00f5i k\u00e9p<\/p>\n<p>\u2022\u00a0watchOS 7 s\u1edf h\u1eefu t\u00ednh n\u0103ng theo d\u00f5i gi\u1ea5c ng\u1ee7, ch\u1ec9 \u0111\u01b0\u1eddng khi \u0111i xe \u0111\u1ea1p v\u00e0 m\u1eb7t \u0111\u1ed3ng h\u1ed3 c\u00f3 th\u1ec3 t\u00f9y ch\u1ec9nh<\/p>\n<p>\u2022\u00a0V\u1ecf nh\u00f4m hi\u1ec7n c\u00f3 hai m\u00e0u<\/p>\n<h3><strong>Ph\u00e1p l\u00fd<\/strong><\/h3>\n<p>Apple Watch Series 3 t\u01b0\u01a1ng th\u00edch v\u1edbi iPhone 6s ho\u1eb7c c\u00e1c phi\u00ean b\u1ea3n cao h\u01a1n s\u1eed d\u1ee5ng iOS 14 ho\u1eb7c c\u00e1c b\u1ea3n c\u1eadp nh\u1eadt cao h\u01a1n.<\/p>\n<p><sup>1<\/sup>T\u00ednh n\u0103ng th\u00f4ng b\u00e1o nh\u1ecbp tim kh\u00f4ng \u0111\u1ec1u \u0111\u00f2i h\u1ecfi ph\u1ea3i c\u00f3 c\u00e1c phi\u00ean b\u1ea3n watchOS v\u00e0 iOS m\u1edbi nh\u1ea5t. T\u00ednh n\u0103ng n\u00e0y kh\u00f4ng d\u00e0nh cho ng\u01b0\u1eddi d\u01b0\u1edbi 22 tu\u1ed5i v\u00e0 kh\u00f4ng \u0111\u01b0\u1ee3c thi\u1ebft k\u1ebf d\u00e0nh cho ng\u01b0\u1eddi t\u1eebng c\u00f3 k\u1ebft qu\u1ea3 ch\u1ea9n \u0111o\u00e1n b\u1ecb rung nh\u0129 (Afib).<\/p>\n<p><sup>2<\/sup>Ti\u00eau chu\u1ea9n ISO 22810:2010. Ph\u00f9 h\u1ee3p cho c\u00e1c ho\u1ea1t \u0111\u1ed9ng d\u01b0\u1edbi n\u01b0\u1edbc n\u00f4ng nh\u01b0 b\u01a1i l\u1ed9i. Khuy\u1ebfn ngh\u1ecb kh\u00f4ng s\u1eed d\u1ee5ng s\u1ea3n ph\u1ea9m d\u01b0\u1edbi \u0111\u1ed9 s\u00e2u cho ph\u00e9p v\u00e0 khi tham gia c\u00e1c ho\u1ea1t \u0111\u1ed9ng c\u00f3 t\u1ed1c \u0111\u1ed9 cao d\u01b0\u1edbi n\u01b0\u1edbc.<\/p>\n<p><sup>3<\/sup>\u0110\u1ec3 s\u1eed d\u1ee5ng SOS Kh\u1ea9n C\u1ea5p, iPhone ph\u1ea3i \u1edf g\u1ea7n b\u1ea1n. N\u1ebfu iPhone kh\u00f4ng \u1edf g\u1ea7n b\u1ea1n, Apple Watch c\u1ea7n \u0111\u01b0\u1ee3c k\u1ebft n\u1ed1i v\u1edbi m\u1ea1ng Wi-Fi \u0111\u00e3 x\u00e1c \u0111\u1ecbnh v\u00e0 b\u1ea1n ph\u1ea3i thi\u1ebft l\u1eadp Cu\u1ed9c G\u1ecdi Wi-Fi.<\/p>\n<div class=\"bg-article\"><\/div>\n<p><a class=\"btn-detail\">Xem th\u00eam<\/a><\/p>\n","protected":false},"excerpt":{"rendered":"<p>N\u1ed9i dung v\u1ec1 t\u00ednh n\u0103ng Theo d\u00f5i nh\u1ecbp tim v\u00e0 nh\u1eadn th\u00f4ng b\u00e1o khi nh\u1ecbp tim ch\u1eadm, nhanh hay nh\u1ecbp tim kh\u00f4ng \u0111\u1ec1u.1\u00a0\u0110o l\u01b0\u1eddng ch\u1ec9 s\u1ed1 c\u00e1c b\u00e0i t\u1eadp th\u1ec3 ch\u1ea5t, theo d\u00f5i v\u00e0 chia s\u1ebb ho\u1ea1t \u0111\u1ed9ng c\u1ee7a b\u1ea1n. Nh\u1eadn cu\u1ed9c g\u1ecdi, tr\u1ea3 l\u1eddi tin nh\u1eafn v\u00e0 \u0111\u1ed3ng b\u1ed9 nh\u1ea1c v\u00e0 podcast y\u00eau th\u00edch. &#8230; <a title=\"Apple Watch Series 3 GPS 38mm\" class=\"read-more\" href=\"https:\/\/demo8.thuythu.com\/lebaostore\/watch\/apple-watch-series-3\/apple-watch-series-3-gps-38mm\/\" aria-label=\"More on Apple Watch Series 3 GPS 38mm\">Read more<\/a><\/p>\n","protected":false},"featured_media":2378,"template":"","meta":[],"product_cat":[122,22],"product_tag":[],"_links":{"self":[{"href":"https:\/\/demo8.thuythu.com\/lebaostore\/wp-json\/wp\/v2\/product\/2930"}],"collection":[{"href":"https:\/\/demo8.thuythu.com\/lebaostore\/wp-json\/wp\/v2\/product"}],"about":[{"href":"https:\/\/demo8.thuythu.com\/lebaostore\/wp-json\/wp\/v2\/types\/product"}],"wp:featuredmedia":[{"embeddable":true,"href":"https:\/\/demo8.thuythu.com\/lebaostore\/wp-json\/wp\/v2\/media\/2378"}],"wp:attachment":[{"href":"https:\/\/demo8.thuythu.com\/lebaostore\/wp-json\/wp\/v2\/media?parent=2930"}],"wp:term":[{"taxonomy":"product_cat","embeddable":true,"href":"https:\/\/demo8.thuythu.com\/lebaostore\/wp-json\/wp\/v2\/product_cat?post=2930"},{"taxonomy":"product_tag","embeddable":true,"href":"https:\/\/demo8.thuythu.com\/lebaostore\/wp-json\/wp\/v2\/product_tag?post=2930"}],"curies":[{"name":"wp","href":"https:\/\/api.w.org\/{rel}","templated":true}]}}