{"id":2936,"date":"2022-01-21T11:51:14","date_gmt":"2022-01-21T04:51:14","guid":{"rendered":"https:\/\/demo8.thuythu.com\/lebaostore\/product\/cap-chuyen-doi-usb-c-sang-sd\/"},"modified":"2022-01-21T11:51:18","modified_gmt":"2022-01-21T04:51:18","slug":"cap-chuyen-doi-usb-c-sang-sd","status":"publish","type":"product","link":"https:\/\/demo8.thuythu.com\/lebaostore\/phu-kien\/cap-chuyen-doi-usb-c-sang-sd\/","title":{"rendered":"C\u00e1p chuy\u1ec3n \u0111\u1ed5i USB-C sang SD"},"content":{"rendered":"<p>\u0110\u1ea7u \u0110\u1ecdc Th\u1ebb SD sang USB-C chuy\u1ec3n \u1ea3nh v\u00e0 video c\u00f3 \u0111\u1ed9 ph\u00e2n gi\u1ea3i cao v\u1edbi t\u1ed1c \u0111\u1ed9 UHS-II sang Mac ho\u1eb7c iPad c\u00f3 c\u1ed5ng USB-C. \u0110\u01b0\u1ee3c thi\u1ebft k\u1ebf \u0111\u1ec3 kh\u00f4ng ch\u1eb7n c\u00e1c c\u1ed5ng kh\u00e1c, \u0111\u1ea7u \u0111\u1ecdc th\u1ebb n\u00e0y t\u01b0\u01a1ng th\u00edch v\u1edbi th\u1ebb SD UHS-II v\u00e0 t\u01b0\u01a1ng th\u00edch ng\u01b0\u1ee3c v\u1edbi c\u00e1c c\u00e1p chuy\u1ec3n \u0111\u1ed5i v\u00e0 th\u1ebb SD kh\u00e1c.<\/p>\n","protected":false},"excerpt":{"rendered":"<p>\u0110\u1ea7u \u0110\u1ecdc Th\u1ebb SD sang USB-C chuy\u1ec3n \u1ea3nh v\u00e0 video c\u00f3 \u0111\u1ed9 ph\u00e2n gi\u1ea3i cao v\u1edbi t\u1ed1c \u0111\u1ed9 UHS-II sang Mac ho\u1eb7c iPad c\u00f3 c\u1ed5ng USB-C. \u0110\u01b0\u1ee3c thi\u1ebft k\u1ebf \u0111\u1ec3 kh\u00f4ng ch\u1eb7n c\u00e1c c\u1ed5ng kh\u00e1c, \u0111\u1ea7u \u0111\u1ecdc th\u1ebb n\u00e0y t\u01b0\u01a1ng th\u00edch v\u1edbi th\u1ebb SD UHS-II v\u00e0 t\u01b0\u01a1ng th\u00edch ng\u01b0\u1ee3c v\u1edbi c\u00e1c c\u00e1p chuy\u1ec3n \u0111\u1ed5i v\u00e0 &#8230; <a title=\"C\u00e1p chuy\u1ec3n \u0111\u1ed5i USB-C sang SD\" class=\"read-more\" href=\"https:\/\/demo8.thuythu.com\/lebaostore\/phu-kien\/cap-chuyen-doi-usb-c-sang-sd\/\" aria-label=\"More on C\u00e1p chuy\u1ec3n \u0111\u1ed5i USB-C sang SD\">Read more<\/a><\/p>\n","protected":false},"featured_media":510,"template":"","meta":[],"product_cat":[23],"product_tag":[],"_links":{"self":[{"href":"https:\/\/demo8.thuythu.com\/lebaostore\/wp-json\/wp\/v2\/product\/2936"}],"collection":[{"href":"https:\/\/demo8.thuythu.com\/lebaostore\/wp-json\/wp\/v2\/product"}],"about":[{"href":"https:\/\/demo8.thuythu.com\/lebaostore\/wp-json\/wp\/v2\/types\/product"}],"wp:featuredmedia":[{"embeddable":true,"href":"https:\/\/demo8.thuythu.com\/lebaostore\/wp-json\/wp\/v2\/media\/510"}],"wp:attachment":[{"href":"https:\/\/demo8.thuythu.com\/lebaostore\/wp-json\/wp\/v2\/media?parent=2936"}],"wp:term":[{"taxonomy":"product_cat","embeddable":true,"href":"https:\/\/demo8.thuythu.com\/lebaostore\/wp-json\/wp\/v2\/product_cat?post=2936"},{"taxonomy":"product_tag","embeddable":true,"href":"https:\/\/demo8.thuythu.com\/lebaostore\/wp-json\/wp\/v2\/product_tag?post=2936"}],"curies":[{"name":"wp","href":"https:\/\/api.w.org\/{rel}","templated":true}]}}