{"id":2944,"date":"2022-01-21T11:51:14","date_gmt":"2022-01-21T04:51:14","guid":{"rendered":"https:\/\/demo8.thuythu.com\/lebaostore\/product\/adapter-sac-apple-usb-5w\/"},"modified":"2022-01-21T11:51:20","modified_gmt":"2022-01-21T04:51:20","slug":"adapter-sac-apple-usb-5w","status":"publish","type":"product","link":"https:\/\/demo8.thuythu.com\/lebaostore\/phu-kien\/adapter-sac-apple-usb-5w\/","title":{"rendered":"Adapter s\u1ea1c Apple USB 5W"},"content":{"rendered":"<div class=\"text-detail expand\">\n<p>S\u1edf h\u1eefu thi\u1ebft k\u1ebf si\u00eau nh\u1ecf g\u1ecdn, b\u1ed9 s\u1ea1c n\u00e0y gi\u00fap b\u1ea1n s\u1ea1c nhanh v\u00e0 hi\u1ec7u qu\u1ea3 t\u1ea1i nh\u00e0, trong v\u0103n ph\u00f2ng ho\u1eb7c khi \u0111ang di chuy\u1ec3n. B\u1ed9 s\u1ea1c t\u01b0\u01a1ng th\u00edch v\u1edbi t\u1ea5t c\u1ea3 c\u00e1c phi\u00ean b\u1ea3n Apple Watch, iPhone ho\u1eb7c iPod.&nbsp;<\/p>\n<p>L\u01b0u \u00fd quan tr\u1ecdng: B\u1ed9 S\u1ea1c USB c\u00f3 ch\u1ea5u c\u1ed1 \u0111\u1ecbnh \u0111\u01b0\u1ee3c thi\u1ebft k\u1ebf \u0111\u1ec3 s\u1eed d\u1ee5ng t\u1ea1i Hoa K\u1ef3, Canada, Nh\u1eadt B\u1ea3n, \u0110\u00e0i Loan v\u00e0 c\u00e1c khu v\u1ef1c kh\u00e1c \u1edf Ch\u00e2u M\u1ef9 Latin.<\/p>\n<p>Kh\u00f4ng b\u00e1n k\u00e8m c\u00e1p s\u1ea1c.<\/p>\n<\/p><\/div>\n","protected":false},"excerpt":{"rendered":"<p>S\u1edf h\u1eefu thi\u1ebft k\u1ebf si\u00eau nh\u1ecf g\u1ecdn, b\u1ed9 s\u1ea1c n\u00e0y gi\u00fap b\u1ea1n s\u1ea1c nhanh v\u00e0 hi\u1ec7u qu\u1ea3 t\u1ea1i nh\u00e0, trong v\u0103n ph\u00f2ng ho\u1eb7c khi \u0111ang di chuy\u1ec3n. B\u1ed9 s\u1ea1c t\u01b0\u01a1ng th\u00edch v\u1edbi t\u1ea5t c\u1ea3 c\u00e1c phi\u00ean b\u1ea3n Apple Watch, iPhone ho\u1eb7c iPod.&nbsp; L\u01b0u \u00fd quan tr\u1ecdng: B\u1ed9 S\u1ea1c USB c\u00f3 ch\u1ea5u c\u1ed1 \u0111\u1ecbnh \u0111\u01b0\u1ee3c thi\u1ebft &#8230; <a title=\"Adapter s\u1ea1c Apple USB 5W\" class=\"read-more\" href=\"https:\/\/demo8.thuythu.com\/lebaostore\/phu-kien\/adapter-sac-apple-usb-5w\/\" aria-label=\"More on Adapter s\u1ea1c Apple USB 5W\">Read more<\/a><\/p>\n","protected":false},"featured_media":1316,"template":"","meta":[],"product_cat":[23],"product_tag":[],"_links":{"self":[{"href":"https:\/\/demo8.thuythu.com\/lebaostore\/wp-json\/wp\/v2\/product\/2944"}],"collection":[{"href":"https:\/\/demo8.thuythu.com\/lebaostore\/wp-json\/wp\/v2\/product"}],"about":[{"href":"https:\/\/demo8.thuythu.com\/lebaostore\/wp-json\/wp\/v2\/types\/product"}],"wp:featuredmedia":[{"embeddable":true,"href":"https:\/\/demo8.thuythu.com\/lebaostore\/wp-json\/wp\/v2\/media\/1316"}],"wp:attachment":[{"href":"https:\/\/demo8.thuythu.com\/lebaostore\/wp-json\/wp\/v2\/media?parent=2944"}],"wp:term":[{"taxonomy":"product_cat","embeddable":true,"href":"https:\/\/demo8.thuythu.com\/lebaostore\/wp-json\/wp\/v2\/product_cat?post=2944"},{"taxonomy":"product_tag","embeddable":true,"href":"https:\/\/demo8.thuythu.com\/lebaostore\/wp-json\/wp\/v2\/product_tag?post=2944"}],"curies":[{"name":"wp","href":"https:\/\/api.w.org\/{rel}","templated":true}]}}