{"id":2946,"date":"2022-01-21T11:51:14","date_gmt":"2022-01-21T04:51:14","guid":{"rendered":"https:\/\/demo8.thuythu.com\/lebaostore\/product\/adapter-sac-apple-usb-12w\/"},"modified":"2022-01-21T11:51:21","modified_gmt":"2022-01-21T04:51:21","slug":"adapter-sac-apple-usb-12w","status":"publish","type":"product","link":"https:\/\/demo8.thuythu.com\/lebaostore\/phu-kien\/adapter-sac-apple-usb-12w\/","title":{"rendered":"Adapter s\u1ea1c Apple USB 12W"},"content":{"rendered":"<div class=\"text-detail expand\">\n<p>S\u1eed d\u1ee5ng b\u1ed9 s\u1ea1c USB g\u1ecdn g\u00e0ng v\u00e0 ti\u1ec7n l\u1ee3i n\u00e0y \u0111\u1ec3 s\u1ea1c iPhone, iPad ho\u1eb7c iPod c\u00f3 c\u1ed5ng Lightning t\u1ea1i nh\u00e0, khi \u0111ang di chuy\u1ec3n ho\u1eb7c b\u1ea5t c\u1ee9 \u0111\u00e2u khi kh\u00f4ng c\u00f3 k\u1ebft n\u1ed1i v\u1edbi m\u00e1y t\u00ednh. B\u1ea1n c\u00f3 th\u1ec3 k\u1ebft n\u1ed1i b\u1ed9 s\u1ea1c tr\u1ef1c ti\u1ebfp v\u1edbi thi\u1ebft b\u1ecb c\u1ee7a m\u00ecnh qua c\u1ed5ng Lightning.<\/p>\n<p>S\u1edf h\u1eefu thi\u1ebft k\u1ebf g\u1ecdn nh\u1eb9, b\u1ed9 s\u1ea1c n\u00e0y c\u00f3 th\u1ec3 s\u1ea1c nhanh v\u00e0 hi\u1ec7u qu\u1ea3.<\/p>\n<p>Kh\u00f4ng b\u00e1n k\u00e8m c\u00e1p s\u1ea1c.<\/p>\n<\/p><\/div>\n","protected":false},"excerpt":{"rendered":"<p>S\u1eed d\u1ee5ng b\u1ed9 s\u1ea1c USB g\u1ecdn g\u00e0ng v\u00e0 ti\u1ec7n l\u1ee3i n\u00e0y \u0111\u1ec3 s\u1ea1c iPhone, iPad ho\u1eb7c iPod c\u00f3 c\u1ed5ng Lightning t\u1ea1i nh\u00e0, khi \u0111ang di chuy\u1ec3n ho\u1eb7c b\u1ea5t c\u1ee9 \u0111\u00e2u khi kh\u00f4ng c\u00f3 k\u1ebft n\u1ed1i v\u1edbi m\u00e1y t\u00ednh. B\u1ea1n c\u00f3 th\u1ec3 k\u1ebft n\u1ed1i b\u1ed9 s\u1ea1c tr\u1ef1c ti\u1ebfp v\u1edbi thi\u1ebft b\u1ecb c\u1ee7a m\u00ecnh qua c\u1ed5ng Lightning. &#8230; <a title=\"Adapter s\u1ea1c Apple USB 12W\" class=\"read-more\" href=\"https:\/\/demo8.thuythu.com\/lebaostore\/phu-kien\/adapter-sac-apple-usb-12w\/\" aria-label=\"More on Adapter s\u1ea1c Apple USB 12W\">Read more<\/a><\/p>\n","protected":false},"featured_media":1320,"template":"","meta":[],"product_cat":[23],"product_tag":[],"_links":{"self":[{"href":"https:\/\/demo8.thuythu.com\/lebaostore\/wp-json\/wp\/v2\/product\/2946"}],"collection":[{"href":"https:\/\/demo8.thuythu.com\/lebaostore\/wp-json\/wp\/v2\/product"}],"about":[{"href":"https:\/\/demo8.thuythu.com\/lebaostore\/wp-json\/wp\/v2\/types\/product"}],"wp:featuredmedia":[{"embeddable":true,"href":"https:\/\/demo8.thuythu.com\/lebaostore\/wp-json\/wp\/v2\/media\/1320"}],"wp:attachment":[{"href":"https:\/\/demo8.thuythu.com\/lebaostore\/wp-json\/wp\/v2\/media?parent=2946"}],"wp:term":[{"taxonomy":"product_cat","embeddable":true,"href":"https:\/\/demo8.thuythu.com\/lebaostore\/wp-json\/wp\/v2\/product_cat?post=2946"},{"taxonomy":"product_tag","embeddable":true,"href":"https:\/\/demo8.thuythu.com\/lebaostore\/wp-json\/wp\/v2\/product_tag?post=2946"}],"curies":[{"name":"wp","href":"https:\/\/api.w.org\/{rel}","templated":true}]}}