{"id":2950,"date":"2022-01-21T11:51:22","date_gmt":"2022-01-21T04:51:22","guid":{"rendered":"https:\/\/demo8.thuythu.com\/lebaostore\/product\/magic-trackpad-2\/"},"modified":"2022-01-21T11:51:23","modified_gmt":"2022-01-21T04:51:23","slug":"magic-trackpad-2","status":"publish","type":"product","link":"https:\/\/demo8.thuythu.com\/lebaostore\/phu-kien\/magic-trackpad-2\/","title":{"rendered":"Magic Trackpad 2"},"content":{"rendered":"<div class=\"text-detail \">\n<p><span data-sheets-userformat=\"{\" 2\":513,\"3\":{\"1\":0},\"12\":0}\"=\"\" data-sheets-value=\"{\" 1\":2,\"2\":\"magic=\"\" trackpad=\"\" kh\u00f4ng=\"\" d\u00e2y=\"\" v\u00e0=\"\" c\u00f3=\"\" th\u1ec3=\"\" s\u1ea1c=\"\" l\u1ea1i=\"\" \u0111\u01b0\u1ee3c,=\"\" n\u00f3=\"\" bao=\"\" g\u1ed3m=\"\" \u0111\u1ea7y=\"\" \u0111\u1ee7=\"\" c\u00e1c=\"\" c\u1eed=\"\" ch\u1ec9=\"\" ch\u1ea1m=\"\" \u0111a=\"\" \u0111i\u1ec3m=\"\" c\u00f4ng=\"\" ngh\u1ec7=\"\" force=\"\" touch.=\"\" c\u1ea3m=\"\" bi\u1ebfn=\"\" b\u00ean=\"\" d\u01b0\u1edbi=\"\" b\u1ec1=\"\" m\u1eb7t=\"\" b\u00e0n=\"\" di=\"\" chu\u1ed9t=\"\" ph\u00e1t=\"\" hi\u1ec7n=\"\" nh\u1eefng=\"\" kh\u00e1c=\"\" bi\u1ec7t=\"\" nh\u1ecf=\"\" v\u1ec1=\"\" l\u1ef1c=\"\" m\u00e0=\"\" b\u1ea1n=\"\" t\u00e1c=\"\" d\u1ee5ng,=\"\" mang=\"\" nhi\u1ec1u=\"\" ch\u1ee9c=\"\" n\u0103ng=\"\" h\u01a1n=\"\" khi=\"\" s\u1eed=\"\" d\u1ee5ng=\"\" ng\u00f3n=\"\" tay=\"\" cho=\"\" ph\u00e9p=\"\" n\u00e2ng=\"\" cao=\"\" hi\u1ec7u=\"\" su\u1ea5t=\"\" l\u00e0m=\"\" vi\u1ec7c=\"\" c\u1ee7a=\"\" b\u1ea1n.=\"\" di\u1ec7n=\"\" t\u00edch=\"\" k\u00ednh=\"\" l\u1edbn,=\"\" gi\u00fap=\"\" cu\u1ed9n=\"\" l\u01b0\u1edbt=\"\" qua=\"\" n\u1ed9i=\"\" dung=\"\" tr\u1edf=\"\" n\u00ean=\"\" qu\u1ea3=\"\" tho\u1ea3i=\"\" m\u00e1i=\"\" gi\u1edd=\"\" h\u1ebft.nmagic=\"\" t\u1ef1=\"\" \u0111\u1ed9ng=\"\" gh\u00e9p=\"\" n\u1ed1i=\"\" v\u1edbi=\"\" m\u00e1y=\"\" mac=\"\" b\u1ea1n,=\"\" v\u00ec=\"\" v\u1eady=\"\" b\u1eaft=\"\" \u0111\u1ea7u=\"\" ngay=\"\" l\u1eadp=\"\" t\u1ee9c.=\"\" th\u1eddi=\"\" l\u01b0\u1ee3ng=\"\" pin=\"\" c\u1ef1c=\"\" d\u00e0i=\"\" s\u1ebd=\"\" cung=\"\" c\u1ea5p=\"\" trong=\"\" kho\u1ea3ng=\"\" m\u1ed9t=\"\" th\u00e1ng=\"\" ho\u1eb7c=\"\" gi\u1eefa=\"\" l\u1ea7n=\"\" c\u0169ng=\"\" c\u00e1p=\"\" usb-c=\"\" lightning=\"\" b\u1eb1ng=\"\" c\u00e1ch=\"\" k\u1ebft=\"\" c\u1ed5ng=\"\" tr\u00ean=\"\" b\u1ea1n.\"}\"=\"\" style=\"color: rgb(0, 0, 0); font-size: 10pt; font-family: Arial;\">Magic Trackpad kh\u00f4ng d\u00e2y v\u00e0 c\u00f3 th\u1ec3 s\u1ea1c l\u1ea1i \u0111\u01b0\u1ee3c, v\u00e0 n\u00f3 bao g\u1ed3m \u0111\u1ea7y \u0111\u1ee7 c\u00e1c c\u1eed ch\u1ec9 ch\u1ea1m \u0111a \u0111i\u1ec3m v\u00e0 c\u00f4ng ngh\u1ec7 Force Touch. C\u00e1c c\u1ea3m bi\u1ebfn b\u00ean d\u01b0\u1edbi b\u1ec1 m\u1eb7t b\u00e0n di chu\u1ed9t ph\u00e1t hi\u1ec7n nh\u1eefng kh\u00e1c bi\u1ec7t nh\u1ecf v\u1ec1 l\u1ef1c m\u00e0 b\u1ea1n t\u00e1c d\u1ee5ng, mang l\u1ea1i nhi\u1ec1u ch\u1ee9c n\u0103ng h\u01a1n khi s\u1eed d\u1ee5ng ng\u00f3n tay v\u00e0 cho ph\u00e9p n\u00e2ng cao hi\u1ec7u su\u1ea5t l\u00e0m vi\u1ec7c c\u1ee7a b\u1ea1n. N\u00f3 c\u00f3 di\u1ec7n t\u00edch b\u1ec1 m\u1eb7t k\u00ednh l\u1edbn, gi\u00fap cho vi\u1ec7c cu\u1ed9n v\u00e0 l\u01b0\u1edbt qua n\u1ed9i dung tr\u1edf n\u00ean hi\u1ec7u qu\u1ea3 v\u00e0 tho\u1ea3i m\u00e1i h\u01a1n bao gi\u1edd h\u1ebft.<\/span><\/p>\n<p><span data-sheets-userformat=\"{\" 2\":513,\"3\":{\"1\":0},\"12\":0}\"=\"\" data-sheets-value=\"{\" 1\":2,\"2\":\"magic=\"\" trackpad=\"\" kh\u00f4ng=\"\" d\u00e2y=\"\" v\u00e0=\"\" c\u00f3=\"\" th\u1ec3=\"\" s\u1ea1c=\"\" l\u1ea1i=\"\" \u0111\u01b0\u1ee3c,=\"\" n\u00f3=\"\" bao=\"\" g\u1ed3m=\"\" \u0111\u1ea7y=\"\" \u0111\u1ee7=\"\" c\u00e1c=\"\" c\u1eed=\"\" ch\u1ec9=\"\" ch\u1ea1m=\"\" \u0111a=\"\" \u0111i\u1ec3m=\"\" c\u00f4ng=\"\" ngh\u1ec7=\"\" force=\"\" touch.=\"\" c\u1ea3m=\"\" bi\u1ebfn=\"\" b\u00ean=\"\" d\u01b0\u1edbi=\"\" b\u1ec1=\"\" m\u1eb7t=\"\" b\u00e0n=\"\" di=\"\" chu\u1ed9t=\"\" ph\u00e1t=\"\" hi\u1ec7n=\"\" nh\u1eefng=\"\" kh\u00e1c=\"\" bi\u1ec7t=\"\" nh\u1ecf=\"\" v\u1ec1=\"\" l\u1ef1c=\"\" m\u00e0=\"\" b\u1ea1n=\"\" t\u00e1c=\"\" d\u1ee5ng,=\"\" mang=\"\" nhi\u1ec1u=\"\" ch\u1ee9c=\"\" n\u0103ng=\"\" h\u01a1n=\"\" khi=\"\" s\u1eed=\"\" d\u1ee5ng=\"\" ng\u00f3n=\"\" tay=\"\" cho=\"\" ph\u00e9p=\"\" n\u00e2ng=\"\" cao=\"\" hi\u1ec7u=\"\" su\u1ea5t=\"\" l\u00e0m=\"\" vi\u1ec7c=\"\" c\u1ee7a=\"\" b\u1ea1n.=\"\" di\u1ec7n=\"\" t\u00edch=\"\" k\u00ednh=\"\" l\u1edbn,=\"\" gi\u00fap=\"\" cu\u1ed9n=\"\" l\u01b0\u1edbt=\"\" qua=\"\" n\u1ed9i=\"\" dung=\"\" tr\u1edf=\"\" n\u00ean=\"\" qu\u1ea3=\"\" tho\u1ea3i=\"\" m\u00e1i=\"\" gi\u1edd=\"\" h\u1ebft.nmagic=\"\" t\u1ef1=\"\" \u0111\u1ed9ng=\"\" gh\u00e9p=\"\" n\u1ed1i=\"\" v\u1edbi=\"\" m\u00e1y=\"\" mac=\"\" b\u1ea1n,=\"\" v\u00ec=\"\" v\u1eady=\"\" b\u1eaft=\"\" \u0111\u1ea7u=\"\" ngay=\"\" l\u1eadp=\"\" t\u1ee9c.=\"\" th\u1eddi=\"\" l\u01b0\u1ee3ng=\"\" pin=\"\" c\u1ef1c=\"\" d\u00e0i=\"\" s\u1ebd=\"\" cung=\"\" c\u1ea5p=\"\" trong=\"\" kho\u1ea3ng=\"\" m\u1ed9t=\"\" th\u00e1ng=\"\" ho\u1eb7c=\"\" gi\u1eefa=\"\" l\u1ea7n=\"\" c\u0169ng=\"\" c\u00e1p=\"\" usb-c=\"\" lightning=\"\" b\u1eb1ng=\"\" c\u00e1ch=\"\" k\u1ebft=\"\" c\u1ed5ng=\"\" tr\u00ean=\"\" b\u1ea1n.\"}\"=\"\" style=\"color: rgb(0, 0, 0); font-size: 10pt; font-family: Arial;\">Magic Trackpad t\u1ef1 \u0111\u1ed9ng gh\u00e9p n\u1ed1i v\u1edbi m\u00e1y Mac c\u1ee7a b\u1ea1n, v\u00ec v\u1eady b\u1ea1n c\u00f3 th\u1ec3 b\u1eaft \u0111\u1ea7u l\u00e0m vi\u1ec7c ngay l\u1eadp t\u1ee9c. Th\u1eddi l\u01b0\u1ee3ng pin c\u1ef1c d\u00e0i s\u1ebd cung c\u1ea5p n\u0103ng l\u01b0\u1ee3ng trong kho\u1ea3ng m\u1ed9t th\u00e1ng ho\u1eb7c h\u01a1n gi\u1eefa c\u00e1c l\u1ea7n s\u1ea1c v\u00e0 n\u00f3 c\u0169ng bao g\u1ed3m c\u00e1p USB-C v\u00e0 c\u00e1p Lightning cho ph\u00e9p b\u1ea1n gh\u00e9p n\u1ed1i v\u00e0 s\u1ea1c b\u1eb1ng c\u00e1ch k\u1ebft n\u1ed1i v\u1edbi c\u1ed5ng USB-C tr\u00ean m\u00e1y Mac c\u1ee7a b\u1ea1n.<\/span><\/p>\n<div class=\"bg-article\"><\/div>\n<p> <a href=\"javascript:;\" class=\"btn-detail\" onclick=\"$(this).remove();$('.bg-article').remove();$('.text-detail').addClass('expand')\"><span>Xem th\u00eam<\/span><\/a> <\/div>\n","protected":false},"excerpt":{"rendered":"<p>Magic Trackpad kh\u00f4ng d\u00e2y v\u00e0 c\u00f3 th\u1ec3 s\u1ea1c l\u1ea1i \u0111\u01b0\u1ee3c, v\u00e0 n\u00f3 bao g\u1ed3m \u0111\u1ea7y \u0111\u1ee7 c\u00e1c c\u1eed ch\u1ec9 ch\u1ea1m \u0111a \u0111i\u1ec3m v\u00e0 c\u00f4ng ngh\u1ec7 Force Touch. C\u00e1c c\u1ea3m bi\u1ebfn b\u00ean d\u01b0\u1edbi b\u1ec1 m\u1eb7t b\u00e0n di chu\u1ed9t ph\u00e1t hi\u1ec7n nh\u1eefng kh\u00e1c bi\u1ec7t nh\u1ecf v\u1ec1 l\u1ef1c m\u00e0 b\u1ea1n t\u00e1c d\u1ee5ng, mang l\u1ea1i nhi\u1ec1u ch\u1ee9c n\u0103ng h\u01a1n &#8230; <a title=\"Magic Trackpad 2\" class=\"read-more\" href=\"https:\/\/demo8.thuythu.com\/lebaostore\/phu-kien\/magic-trackpad-2\/\" aria-label=\"More on Magic Trackpad 2\">Read more<\/a><\/p>\n","protected":false},"featured_media":1330,"template":"","meta":[],"product_cat":[23],"product_tag":[],"_links":{"self":[{"href":"https:\/\/demo8.thuythu.com\/lebaostore\/wp-json\/wp\/v2\/product\/2950"}],"collection":[{"href":"https:\/\/demo8.thuythu.com\/lebaostore\/wp-json\/wp\/v2\/product"}],"about":[{"href":"https:\/\/demo8.thuythu.com\/lebaostore\/wp-json\/wp\/v2\/types\/product"}],"wp:featuredmedia":[{"embeddable":true,"href":"https:\/\/demo8.thuythu.com\/lebaostore\/wp-json\/wp\/v2\/media\/1330"}],"wp:attachment":[{"href":"https:\/\/demo8.thuythu.com\/lebaostore\/wp-json\/wp\/v2\/media?parent=2950"}],"wp:term":[{"taxonomy":"product_cat","embeddable":true,"href":"https:\/\/demo8.thuythu.com\/lebaostore\/wp-json\/wp\/v2\/product_cat?post=2950"},{"taxonomy":"product_tag","embeddable":true,"href":"https:\/\/demo8.thuythu.com\/lebaostore\/wp-json\/wp\/v2\/product_tag?post=2950"}],"curies":[{"name":"wp","href":"https:\/\/api.w.org\/{rel}","templated":true}]}}