{"id":2956,"date":"2022-01-21T11:51:22","date_gmt":"2022-01-21T04:51:22","guid":{"rendered":"https:\/\/demo8.thuythu.com\/lebaostore\/product\/bo-chuyen-doi-chan-sac-world-travel-adapter-kit\/"},"modified":"2022-01-21T11:51:24","modified_gmt":"2022-01-21T04:51:24","slug":"bo-chuyen-doi-chan-sac-world-travel-adapter-kit","status":"publish","type":"product","link":"https:\/\/demo8.thuythu.com\/lebaostore\/phu-kien\/bo-chuyen-doi-chan-sac-world-travel-adapter-kit\/","title":{"rendered":"B\u1ed9 chuy\u1ec3n \u0111\u1ed5i ch\u00e2n s\u1ea1c World Travel Adapter Kit"},"content":{"rendered":"<div class=\"text-detail \">\n<p><span data-sheets-userformat=\"{\" 2\":513,\"3\":{\"1\":0},\"12\":0}\"=\"\" data-sheets-value=\"{\" 1\":2,\"2\":\"b\u1ed9=\"\" chuy\u1ec3n=\"\" \u0111\u1ed5i=\"\" ch\u00e2n=\"\" s\u1ea1c=\"\" world=\"\" travel=\"\" adapter=\"\" kit=\"\" apple=\"\" bao=\"\" g\u1ed3m=\"\" m\u1ed9t=\"\" b\u1ed9=\"\" b\u1ea3y=\"\" ph\u00edch=\"\" c\u1eafm=\"\" ac=\"\" c\u00f3=\"\" ng\u1ea1nh=\"\" ph\u00f9=\"\" h\u1ee3p=\"\" v\u1edbi=\"\" c\u00e1c=\"\" \u1ed5=\"\" \u0111i\u1ec7n=\"\" kh\u00e1c=\"\" nhau=\"\" tr\u00ean=\"\" kh\u1eafp=\"\" th\u1ebf=\"\" gi\u1edbi,=\"\" m\u1ed7i=\"\" \u0111\u01b0\u1ee3c=\"\" kh\u1eafc=\"\" b\u1eb1ng=\"\" tia=\"\" laze=\"\" khu=\"\" v\u1ef1c=\"\" m\u00e0=\"\" ch\u00fang=\"\" t\u01b0\u01a1ng=\"\" th\u00edch.=\"\" \u0110\u1ed1i=\"\" nh\u1eefng=\"\" ng\u01b0\u1eddi=\"\" \u0111am=\"\" m\u00ea=\"\" du=\"\" l\u1ecbch=\"\" th\u00ec=\"\" \u0111\u00e2y=\"\" l\u00e0=\"\" d\u1ee5ng=\"\" c\u1ee5=\"\" ho\u00e0n=\"\" h\u1ea3o=\"\" \u0111\u1ec3=\"\" \u0111\u1ea3m=\"\" b\u1ea3o=\"\" k\u1ebft=\"\" n\u1ed1i=\"\" n\u0103ng=\"\" \u1edf=\"\" h\u1ea7u=\"\" h\u1ebft=\"\" qu\u1ed1c=\"\" gia=\"\" b\u1ea1n=\"\" mu\u1ed1n=\"\" \u0111\u1eb7t=\"\" \u0111\u1ebfn.nb\u1ed9=\"\" thi\u1ebft=\"\" k\u1ebf=\"\" ho\u1ea1t=\"\" \u0111\u1ed9ng=\"\" ipod,=\"\" iphone,=\"\" ipad=\"\" v\u00e0=\"\" m\u00e1y=\"\" t\u00ednh=\"\" x\u00e1ch=\"\" tay=\"\" mac.=\"\" n\u00f3=\"\" th\u00edch=\"\" type=\"\" c=\"\" c\u1ee7a=\"\" apple,=\"\" magsafe=\"\" 2,=\"\" usb=\"\" 10w=\"\" 12w=\"\" \u0111a=\"\" n\u0103ng.\"}\"=\"\" style=\"color: rgb(0, 0, 0); font-size: 10pt; font-family: Arial;\">B\u1ed9 chuy\u1ec3n \u0111\u1ed5i ch\u00e2n s\u1ea1c World Travel Adapter Kit Apple bao g\u1ed3m m\u1ed9t b\u1ed9 b\u1ea3y ph\u00edch c\u1eafm AC c\u00f3 ng\u1ea1nh ph\u00f9 h\u1ee3p v\u1edbi c\u00e1c \u1ed5 c\u1eafm \u0111i\u1ec7n kh\u00e1c nhau tr\u00ean kh\u1eafp th\u1ebf gi\u1edbi, m\u1ed7i \u1ed5 c\u1eafm \u0111\u01b0\u1ee3c kh\u1eafc b\u1eb1ng tia laze ph\u00f9 h\u1ee3p v\u1edbi c\u00e1c khu v\u1ef1c m\u00e0 ch\u00fang t\u01b0\u01a1ng th\u00edch. \u0110\u1ed1i v\u1edbi nh\u1eefng ng\u01b0\u1eddi \u0111am m\u00ea du l\u1ecbch th\u00ec \u0111\u00e2y l\u00e0 b\u1ed9 d\u1ee5ng c\u1ee5 ho\u00e0n h\u1ea3o \u0111\u1ec3 \u0111\u1ea3m b\u1ea3o k\u1ebft n\u1ed1i \u0111i\u1ec7n n\u0103ng \u1edf h\u1ea7u h\u1ebft c\u00e1c qu\u1ed1c gia m\u00e0 b\u1ea1n mu\u1ed1n \u0111\u1eb7t ch\u00e2n \u0111\u1ebfn.<\/span><\/p>\n<p><span data-sheets-userformat=\"{\" 2\":513,\"3\":{\"1\":0},\"12\":0}\"=\"\" data-sheets-value=\"{\" 1\":2,\"2\":\"b\u1ed9=\"\" chuy\u1ec3n=\"\" \u0111\u1ed5i=\"\" ch\u00e2n=\"\" s\u1ea1c=\"\" world=\"\" travel=\"\" adapter=\"\" kit=\"\" apple=\"\" bao=\"\" g\u1ed3m=\"\" m\u1ed9t=\"\" b\u1ed9=\"\" b\u1ea3y=\"\" ph\u00edch=\"\" c\u1eafm=\"\" ac=\"\" c\u00f3=\"\" ng\u1ea1nh=\"\" ph\u00f9=\"\" h\u1ee3p=\"\" v\u1edbi=\"\" c\u00e1c=\"\" \u1ed5=\"\" \u0111i\u1ec7n=\"\" kh\u00e1c=\"\" nhau=\"\" tr\u00ean=\"\" kh\u1eafp=\"\" th\u1ebf=\"\" gi\u1edbi,=\"\" m\u1ed7i=\"\" \u0111\u01b0\u1ee3c=\"\" kh\u1eafc=\"\" b\u1eb1ng=\"\" tia=\"\" laze=\"\" khu=\"\" v\u1ef1c=\"\" m\u00e0=\"\" ch\u00fang=\"\" t\u01b0\u01a1ng=\"\" th\u00edch.=\"\" \u0110\u1ed1i=\"\" nh\u1eefng=\"\" ng\u01b0\u1eddi=\"\" \u0111am=\"\" m\u00ea=\"\" du=\"\" l\u1ecbch=\"\" th\u00ec=\"\" \u0111\u00e2y=\"\" l\u00e0=\"\" d\u1ee5ng=\"\" c\u1ee5=\"\" ho\u00e0n=\"\" h\u1ea3o=\"\" \u0111\u1ec3=\"\" \u0111\u1ea3m=\"\" b\u1ea3o=\"\" k\u1ebft=\"\" n\u1ed1i=\"\" n\u0103ng=\"\" \u1edf=\"\" h\u1ea7u=\"\" h\u1ebft=\"\" qu\u1ed1c=\"\" gia=\"\" b\u1ea1n=\"\" mu\u1ed1n=\"\" \u0111\u1eb7t=\"\" \u0111\u1ebfn.nb\u1ed9=\"\" thi\u1ebft=\"\" k\u1ebf=\"\" ho\u1ea1t=\"\" \u0111\u1ed9ng=\"\" ipod,=\"\" iphone,=\"\" ipad=\"\" v\u00e0=\"\" m\u00e1y=\"\" t\u00ednh=\"\" x\u00e1ch=\"\" tay=\"\" mac.=\"\" n\u00f3=\"\" th\u00edch=\"\" type=\"\" c=\"\" c\u1ee7a=\"\" apple,=\"\" magsafe=\"\" 2,=\"\" usb=\"\" 10w=\"\" 12w=\"\" \u0111a=\"\" n\u0103ng.\"}\"=\"\" style=\"color: rgb(0, 0, 0); font-size: 10pt; font-family: Arial;\">B\u1ed9 kit \u0111\u01b0\u1ee3c thi\u1ebft k\u1ebf \u0111\u1ec3 ho\u1ea1t \u0111\u1ed9ng v\u1edbi iPod, iPhone, iPad v\u00e0 m\u00e1y t\u00ednh x\u00e1ch tay Mac. N\u00f3 t\u01b0\u01a1ng th\u00edch v\u1edbi Adapter s\u1ea1c type C c\u1ee7a Apple, Adapter MagSafe v\u00e0 MagSafe 2, Adapter USB 10W v\u00e0 12W v\u00e0 c\u00e1c \u1ed5 c\u1eafm \u0111a n\u0103ng.<\/span><\/p>\n<div class=\"bg-article\"><\/div>\n<p> <a href=\"javascript:;\" class=\"btn-detail\" onclick=\"$(this).remove();$('.bg-article').remove();$('.text-detail').addClass('expand')\"><span>Xem th\u00eam<\/span><\/a> <\/div>\n","protected":false},"excerpt":{"rendered":"<p>B\u1ed9 chuy\u1ec3n \u0111\u1ed5i ch\u00e2n s\u1ea1c World Travel Adapter Kit Apple bao g\u1ed3m m\u1ed9t b\u1ed9 b\u1ea3y ph\u00edch c\u1eafm AC c\u00f3 ng\u1ea1nh ph\u00f9 h\u1ee3p v\u1edbi c\u00e1c \u1ed5 c\u1eafm \u0111i\u1ec7n kh\u00e1c nhau tr\u00ean kh\u1eafp th\u1ebf gi\u1edbi, m\u1ed7i \u1ed5 c\u1eafm \u0111\u01b0\u1ee3c kh\u1eafc b\u1eb1ng tia laze ph\u00f9 h\u1ee3p v\u1edbi c\u00e1c khu v\u1ef1c m\u00e0 ch\u00fang t\u01b0\u01a1ng th\u00edch. \u0110\u1ed1i v\u1edbi nh\u1eefng ng\u01b0\u1eddi &#8230; <a title=\"B\u1ed9 chuy\u1ec3n \u0111\u1ed5i ch\u00e2n s\u1ea1c World Travel Adapter Kit\" class=\"read-more\" href=\"https:\/\/demo8.thuythu.com\/lebaostore\/phu-kien\/bo-chuyen-doi-chan-sac-world-travel-adapter-kit\/\" aria-label=\"More on B\u1ed9 chuy\u1ec3n \u0111\u1ed5i ch\u00e2n s\u1ea1c World Travel Adapter Kit\">Read more<\/a><\/p>\n","protected":false},"featured_media":1343,"template":"","meta":[],"product_cat":[23],"product_tag":[],"_links":{"self":[{"href":"https:\/\/demo8.thuythu.com\/lebaostore\/wp-json\/wp\/v2\/product\/2956"}],"collection":[{"href":"https:\/\/demo8.thuythu.com\/lebaostore\/wp-json\/wp\/v2\/product"}],"about":[{"href":"https:\/\/demo8.thuythu.com\/lebaostore\/wp-json\/wp\/v2\/types\/product"}],"wp:featuredmedia":[{"embeddable":true,"href":"https:\/\/demo8.thuythu.com\/lebaostore\/wp-json\/wp\/v2\/media\/1343"}],"wp:attachment":[{"href":"https:\/\/demo8.thuythu.com\/lebaostore\/wp-json\/wp\/v2\/media?parent=2956"}],"wp:term":[{"taxonomy":"product_cat","embeddable":true,"href":"https:\/\/demo8.thuythu.com\/lebaostore\/wp-json\/wp\/v2\/product_cat?post=2956"},{"taxonomy":"product_tag","embeddable":true,"href":"https:\/\/demo8.thuythu.com\/lebaostore\/wp-json\/wp\/v2\/product_tag?post=2956"}],"curies":[{"name":"wp","href":"https:\/\/api.w.org\/{rel}","templated":true}]}}