{"id":2960,"date":"2022-01-21T11:51:22","date_gmt":"2022-01-21T04:51:22","guid":{"rendered":"https:\/\/demo8.thuythu.com\/lebaostore\/product\/day-da-apple-watch-44mm-my9h2fe-a\/"},"modified":"2022-01-21T11:51:24","modified_gmt":"2022-01-21T04:51:24","slug":"day-da-apple-watch-44mm-my9h2fe-a","status":"publish","type":"product","link":"https:\/\/demo8.thuythu.com\/lebaostore\/phu-kien\/day-da-apple-watch-44mm-my9h2fe-a\/","title":{"rendered":"D\u00e2y da Apple Watch 44mm MY9H2FE\/A"},"content":{"rendered":"<div class=\"text-detail expand\">\n<p>D\u00e2y Da Ki\u1ec3u M\u1eaft X\u00edch \u0111\u01b0\u1ee3c l\u00e0m t\u1eeb da Roux Granada ch\u1ebf t\u00e1c th\u1ee7 c\u00f4ng, s\u1ea3n xu\u1ea5t t\u1ea1i Ph\u00e1p. D\u00e2y \u00f4m nh\u1eb9 quanh c\u1ed5 tay v\u00e0 d\u00ednh ch\u1eafc k\u1ef3 di\u1ec7u nh\u1edd nh\u1eefng vi\u00ean nam ch\u00e2m \u0111\u00fac khu\u00f4n linh ho\u1ea1t. Nam ch\u00e2m c\u00f3 \u0111\u1ed9 cong nh\u1eb9 \u0111\u1ec3 gi\u1ea3m t\u00ecnh hu\u1ed1ng d\u00e2y t\u1ef1 ch\u1ec9nh ngo\u00e0i \u00fd mu\u1ed1n trong su\u1ed1t c\u1ea3 ng\u00e0y.<\/p>\n<h3><strong>Th\u00f4ng s\u1ed1 k\u1ef9 thu\u1eadt<\/strong><\/h3>\n<p>Ch\u1ea5t li\u1ec7u: Da<\/p>\n<h3><strong>T\u01b0\u01a1ng th\u00edch<\/strong><\/h3>\n<h3><span style=\"font-size: 13px;\">B\u1ea1n c\u00f3 th\u1ec3 s\u1eed d\u1ee5ng d\u00e2y n\u00e0y v\u1edbi m\u1eb7t c\u1ee7a b\u1ea5t c\u1ee9 Apple Watch Series 6 n\u00e0o c\u00f3 c\u00f9ng k\u00edch th\u01b0\u1edbc. Ngo\u00e0i ra, d\u00e2y c\u00f2n ph\u00f9 h\u1ee3p v\u1edbi m\u1ecdi phi\u00ean b\u1ea3n tr\u01b0\u1edbc c\u1ee7a Apple Watch, bao g\u1ed3m Apple Watch Series 3. D\u00e2y 40mm d\u00e0nh cho m\u1eb7t 38mm; d\u00e2y 44mm d\u00e0nh cho m\u1eb7t 42mm.<\/span><\/h3>\n<p>&nbsp;<\/p>\n<p>&nbsp;<\/p>\n<\/p><\/div>\n","protected":false},"excerpt":{"rendered":"<p>D\u00e2y Da Ki\u1ec3u M\u1eaft X\u00edch \u0111\u01b0\u1ee3c l\u00e0m t\u1eeb da Roux Granada ch\u1ebf t\u00e1c th\u1ee7 c\u00f4ng, s\u1ea3n xu\u1ea5t t\u1ea1i Ph\u00e1p. D\u00e2y \u00f4m nh\u1eb9 quanh c\u1ed5 tay v\u00e0 d\u00ednh ch\u1eafc k\u1ef3 di\u1ec7u nh\u1edd nh\u1eefng vi\u00ean nam ch\u00e2m \u0111\u00fac khu\u00f4n linh ho\u1ea1t. Nam ch\u00e2m c\u00f3 \u0111\u1ed9 cong nh\u1eb9 \u0111\u1ec3 gi\u1ea3m t\u00ecnh hu\u1ed1ng d\u00e2y t\u1ef1 ch\u1ec9nh ngo\u00e0i \u00fd mu\u1ed1n &#8230; <a title=\"D\u00e2y da Apple Watch 44mm MY9H2FE\/A\" class=\"read-more\" href=\"https:\/\/demo8.thuythu.com\/lebaostore\/phu-kien\/day-da-apple-watch-44mm-my9h2fe-a\/\" aria-label=\"More on D\u00e2y da Apple Watch 44mm MY9H2FE\/A\">Read more<\/a><\/p>\n","protected":false},"featured_media":1353,"template":"","meta":[],"product_cat":[23],"product_tag":[],"_links":{"self":[{"href":"https:\/\/demo8.thuythu.com\/lebaostore\/wp-json\/wp\/v2\/product\/2960"}],"collection":[{"href":"https:\/\/demo8.thuythu.com\/lebaostore\/wp-json\/wp\/v2\/product"}],"about":[{"href":"https:\/\/demo8.thuythu.com\/lebaostore\/wp-json\/wp\/v2\/types\/product"}],"wp:featuredmedia":[{"embeddable":true,"href":"https:\/\/demo8.thuythu.com\/lebaostore\/wp-json\/wp\/v2\/media\/1353"}],"wp:attachment":[{"href":"https:\/\/demo8.thuythu.com\/lebaostore\/wp-json\/wp\/v2\/media?parent=2960"}],"wp:term":[{"taxonomy":"product_cat","embeddable":true,"href":"https:\/\/demo8.thuythu.com\/lebaostore\/wp-json\/wp\/v2\/product_cat?post=2960"},{"taxonomy":"product_tag","embeddable":true,"href":"https:\/\/demo8.thuythu.com\/lebaostore\/wp-json\/wp\/v2\/product_tag?post=2960"}],"curies":[{"name":"wp","href":"https:\/\/api.w.org\/{rel}","templated":true}]}}