{"id":2962,"date":"2022-01-21T11:51:22","date_gmt":"2022-01-21T04:51:22","guid":{"rendered":"https:\/\/demo8.thuythu.com\/lebaostore\/product\/day-vai-apple-watch-44mm-mjg13fe-a\/"},"modified":"2022-01-21T11:51:25","modified_gmt":"2022-01-21T04:51:25","slug":"day-vai-apple-watch-44mm-mjg13fe-a","status":"publish","type":"product","link":"https:\/\/demo8.thuythu.com\/lebaostore\/phu-kien\/day-vai-apple-watch-44mm-mjg13fe-a\/","title":{"rendered":"D\u00e2y v\u1ea3i Apple Watch 44mm MJG13FE\/A"},"content":{"rendered":"<div class=\"text-detail expand\">\n<p>M\u1ec1m m\u1ea1i, tho\u00e1ng kh\u00ed v\u00e0 nh\u1eb9 nh\u00e0ng, D\u00e2y Qu\u1ea5n Th\u1ec3 Thao c\u00f3 thi\u1ebft k\u1ebf c\u00e0i b\u0103ng d\u00ednh d\u00e1n gi\u00fap b\u1ea1n \u0111i\u1ec1u ch\u1ec9nh d\u1ec5 d\u00e0ng v\u00e0 nhanh ch\u00f3ng. Ki\u1ec3u b\u1ec7n nylon 2 l\u1edbp t\u1ea1o ra c\u00e1c \u0111\u01b0\u1eddng v\u00f2ng k\u00edn \u1edf m\u1eb7t ti\u1ebfp x\u00fac v\u1edbi da, h\u00ecnh th\u00e0nh n\u00ean l\u1edbp \u0111\u1ec7m m\u1ec1m nh\u01b0ng v\u1eabn c\u00f3 th\u1ec3 tho\u00e1t \u1ea9m. \u1ede m\u1eb7t trong, c\u00e1c v\u00f2ng d\u00e1n \u0111\u01b0\u1ee3c c\u1ed1 \u0111\u1ecbnh ch\u1eafc ch\u1eafn cho \u0111\u1ed9 b\u1ec1n v\u01b0\u1ee3t tr\u1ed9i.<\/p>\n<h3><strong>Th\u00f4ng s\u1ed1 k\u1ef9 thu\u1eadt<\/strong><\/h3>\n<p>Ch\u1ea5t li\u1ec7u: Nylon b\u1ec7n<\/p>\n<h3><strong>T\u01b0\u01a1ng th\u00edch<\/strong><\/h3>\n<p>B\u1ea1n c\u00f3 th\u1ec3 s\u1eed d\u1ee5ng d\u00e2y n\u00e0y v\u1edbi m\u1eb7t c\u1ee7a b\u1ea5t c\u1ee9 Apple Watch Series 6 n\u00e0o c\u00f3 c\u00f9ng k\u00edch th\u01b0\u1edbc. Ngo\u00e0i ra, d\u00e2y c\u00f2n ph\u00f9 h\u1ee3p v\u1edbi m\u1ecdi phi\u00ean b\u1ea3n tr\u01b0\u1edbc c\u1ee7a Apple Watch, bao g\u1ed3m Apple Watch Series 3. D\u00e2y 40mm d\u00e0nh cho m\u1eb7t 38mm; d\u00e2y 44mm d\u00e0nh cho m\u1eb7t 42mm.<\/p>\n<\/p><\/div>\n","protected":false},"excerpt":{"rendered":"<p>M\u1ec1m m\u1ea1i, tho\u00e1ng kh\u00ed v\u00e0 nh\u1eb9 nh\u00e0ng, D\u00e2y Qu\u1ea5n Th\u1ec3 Thao c\u00f3 thi\u1ebft k\u1ebf c\u00e0i b\u0103ng d\u00ednh d\u00e1n gi\u00fap b\u1ea1n \u0111i\u1ec1u ch\u1ec9nh d\u1ec5 d\u00e0ng v\u00e0 nhanh ch\u00f3ng. Ki\u1ec3u b\u1ec7n nylon 2 l\u1edbp t\u1ea1o ra c\u00e1c \u0111\u01b0\u1eddng v\u00f2ng k\u00edn \u1edf m\u1eb7t ti\u1ebfp x\u00fac v\u1edbi da, h\u00ecnh th\u00e0nh n\u00ean l\u1edbp \u0111\u1ec7m m\u1ec1m nh\u01b0ng v\u1eabn c\u00f3 th\u1ec3 tho\u00e1t &#8230; <a title=\"D\u00e2y v\u1ea3i Apple Watch 44mm MJG13FE\/A\" class=\"read-more\" href=\"https:\/\/demo8.thuythu.com\/lebaostore\/phu-kien\/day-vai-apple-watch-44mm-mjg13fe-a\/\" aria-label=\"More on D\u00e2y v\u1ea3i Apple Watch 44mm MJG13FE\/A\">Read more<\/a><\/p>\n","protected":false},"featured_media":1356,"template":"","meta":[],"product_cat":[23],"product_tag":[],"_links":{"self":[{"href":"https:\/\/demo8.thuythu.com\/lebaostore\/wp-json\/wp\/v2\/product\/2962"}],"collection":[{"href":"https:\/\/demo8.thuythu.com\/lebaostore\/wp-json\/wp\/v2\/product"}],"about":[{"href":"https:\/\/demo8.thuythu.com\/lebaostore\/wp-json\/wp\/v2\/types\/product"}],"wp:featuredmedia":[{"embeddable":true,"href":"https:\/\/demo8.thuythu.com\/lebaostore\/wp-json\/wp\/v2\/media\/1356"}],"wp:attachment":[{"href":"https:\/\/demo8.thuythu.com\/lebaostore\/wp-json\/wp\/v2\/media?parent=2962"}],"wp:term":[{"taxonomy":"product_cat","embeddable":true,"href":"https:\/\/demo8.thuythu.com\/lebaostore\/wp-json\/wp\/v2\/product_cat?post=2962"},{"taxonomy":"product_tag","embeddable":true,"href":"https:\/\/demo8.thuythu.com\/lebaostore\/wp-json\/wp\/v2\/product_tag?post=2962"}],"curies":[{"name":"wp","href":"https:\/\/api.w.org\/{rel}","templated":true}]}}