{"id":2968,"date":"2022-01-21T11:51:22","date_gmt":"2022-01-21T04:51:22","guid":{"rendered":"https:\/\/demo8.thuythu.com\/lebaostore\/product\/day-silicone-apple-watch-40mm-mtp62fe-a\/"},"modified":"2022-01-21T11:51:27","modified_gmt":"2022-01-21T04:51:27","slug":"day-silicone-apple-watch-40mm-mtp62fe-a","status":"publish","type":"product","link":"https:\/\/demo8.thuythu.com\/lebaostore\/phu-kien\/day-silicone-apple-watch-40mm-mtp62fe-a\/","title":{"rendered":"D\u00e2y silicone Apple Watch 40mm MTP62FE\/A"},"content":{"rendered":"<div class=\"text-detail expand\">\n<p>L\u00e0m b\u1eb1ng ch\u1ea5t li\u1ec7u fluoroelastomer ch\u1ea5t l\u01b0\u1ee3ng cao \u0111\u01b0\u1ee3c ch\u1ebf t\u1ea1o \u0111\u1eb7c th\u00f9, D\u00e2y \u0110eo Th\u1ec3 Thao b\u1ec1n b\u1ec9, ch\u1eafc ch\u1eafn nh\u01b0ng l\u1ea1i v\u00f4 c\u00f9ng m\u1ec1m m\u1ea1i. Ch\u1ea5t li\u1ec7u nguy\u00ean kh\u1ed1i \u00eam \u00e1i n\u00e0y \u00f4m kh\u00edt c\u1ed5 tay r\u1ea5t thanh l\u1ecbch, \u0111\u1ed3ng th\u1eddi mang l\u1ea1i c\u1ea3m gi\u00e1c tho\u1ea3i m\u00e1i cho da. Thi\u1ebft k\u1ebf kh\u00f3a c\u00e0i v\u00e0 ch\u1ed1t s\u00e1ng t\u1ea1o \u0111\u1ea3m b\u1ea3o v\u1eeba \u0111\u1eb9p v\u1edbi m\u1ecdi c\u1ed5 tay.<\/p>\n<h3><strong>Th\u00f4ng s\u1ed1 k\u1ef9 thu\u1eadt<\/strong><\/h3>\n<p>Ch\u1ea5t li\u1ec7u: Fluoroelastomer<\/p>\n<h3><strong>T\u01b0\u01a1ng th\u00edch<\/strong><\/h3>\n<p>B\u1ea1n c\u00f3 th\u1ec3 s\u1eed d\u1ee5ng d\u00e2y n\u00e0y v\u1edbi m\u1eb7t c\u1ee7a b\u1ea5t c\u1ee9 Apple Watch Series 6 n\u00e0o c\u00f3 c\u00f9ng k\u00edch th\u01b0\u1edbc. Ngo\u00e0i ra, d\u00e2y c\u00f2n ph\u00f9 h\u1ee3p v\u1edbi m\u1ecdi phi\u00ean b\u1ea3n tr\u01b0\u1edbc c\u1ee7a Apple Watch, bao g\u1ed3m Apple Watch Series 3. D\u00e2y 40mm d\u00e0nh cho m\u1eb7t 38mm; d\u00e2y 44mm d\u00e0nh cho m\u1eb7t 42mm.<\/p>\n<\/p><\/div>\n","protected":false},"excerpt":{"rendered":"<p>L\u00e0m b\u1eb1ng ch\u1ea5t li\u1ec7u fluoroelastomer ch\u1ea5t l\u01b0\u1ee3ng cao \u0111\u01b0\u1ee3c ch\u1ebf t\u1ea1o \u0111\u1eb7c th\u00f9, D\u00e2y \u0110eo Th\u1ec3 Thao b\u1ec1n b\u1ec9, ch\u1eafc ch\u1eafn nh\u01b0ng l\u1ea1i v\u00f4 c\u00f9ng m\u1ec1m m\u1ea1i. Ch\u1ea5t li\u1ec7u nguy\u00ean kh\u1ed1i \u00eam \u00e1i n\u00e0y \u00f4m kh\u00edt c\u1ed5 tay r\u1ea5t thanh l\u1ecbch, \u0111\u1ed3ng th\u1eddi mang l\u1ea1i c\u1ea3m gi\u00e1c tho\u1ea3i m\u00e1i cho da. Thi\u1ebft k\u1ebf kh\u00f3a c\u00e0i &#8230; <a title=\"D\u00e2y silicone Apple Watch 40mm MTP62FE\/A\" class=\"read-more\" href=\"https:\/\/demo8.thuythu.com\/lebaostore\/phu-kien\/day-silicone-apple-watch-40mm-mtp62fe-a\/\" aria-label=\"More on D\u00e2y silicone Apple Watch 40mm MTP62FE\/A\">Read more<\/a><\/p>\n","protected":false},"featured_media":1363,"template":"","meta":[],"product_cat":[23],"product_tag":[],"_links":{"self":[{"href":"https:\/\/demo8.thuythu.com\/lebaostore\/wp-json\/wp\/v2\/product\/2968"}],"collection":[{"href":"https:\/\/demo8.thuythu.com\/lebaostore\/wp-json\/wp\/v2\/product"}],"about":[{"href":"https:\/\/demo8.thuythu.com\/lebaostore\/wp-json\/wp\/v2\/types\/product"}],"wp:featuredmedia":[{"embeddable":true,"href":"https:\/\/demo8.thuythu.com\/lebaostore\/wp-json\/wp\/v2\/media\/1363"}],"wp:attachment":[{"href":"https:\/\/demo8.thuythu.com\/lebaostore\/wp-json\/wp\/v2\/media?parent=2968"}],"wp:term":[{"taxonomy":"product_cat","embeddable":true,"href":"https:\/\/demo8.thuythu.com\/lebaostore\/wp-json\/wp\/v2\/product_cat?post=2968"},{"taxonomy":"product_tag","embeddable":true,"href":"https:\/\/demo8.thuythu.com\/lebaostore\/wp-json\/wp\/v2\/product_tag?post=2968"}],"curies":[{"name":"wp","href":"https:\/\/api.w.org\/{rel}","templated":true}]}}