{"id":2970,"date":"2022-01-21T11:51:22","date_gmt":"2022-01-21T04:51:22","guid":{"rendered":"https:\/\/demo8.thuythu.com\/lebaostore\/product\/remote-siri-apple-tv\/"},"modified":"2022-01-21T11:51:27","modified_gmt":"2022-01-21T04:51:27","slug":"remote-siri-apple-tv","status":"publish","type":"product","link":"https:\/\/demo8.thuythu.com\/lebaostore\/phu-kien\/remote-siri-apple-tv\/","title":{"rendered":"Remote Siri Apple TV"},"content":{"rendered":"<div class=\"text-detail expand\">\n<p>Apple TV Remote (th\u1ebf h\u1ec7 th\u1ee9 hai) gi\u00fap b\u1ea1n \u0111i\u1ec1u khi\u1ec3n ch\u00ednh x\u00e1c Apple TV 4K v\u00e0 Apple TV HD.<sup>1 <\/sup>B\u1ea3ng b\u1ea5m h\u1ed7 tr\u1ee3 c\u1ea3m \u1ee9ng ho\u00e0n to\u00e0n m\u1edbi cho ph\u00e9p b\u1ea1n nh\u1ea5p v\u00e0o ti\u00eau \u0111\u1ec1, l\u01b0\u1edbt qua danh s\u00e1ch ph\u00e1t v\u00e0 vu\u1ed1t tr\u00f2n tr\u00ean v\u00f9ng r\u00eca \u0111\u1ec3 t\u00ecm ch\u00ednh x\u00e1c ph\u00e2n c\u1ea3nh m\u00e0 b\u1ea1n mu\u1ed1n xem.&nbsp;<\/p>\n<p><sup>1<\/sup>M\u1ed9t s\u1ed1 n\u1ed9i dung kh\u00f4ng c\u00f3 \u0111\u1ed9 ph\u00e2n gi\u1ea3i 4K HDR. C\u1ea7n c\u00f3 TV 4K \u0111\u1ec3 xem n\u1ed9i dung c\u00f3 \u0111\u1ed9 ph\u00e2n gi\u1ea3i 4K. Ch\u1ea5t l\u01b0\u1ee3ng ph\u00e1t s\u1ebd ph\u1ee5 thu\u1ed9c v\u00e0o ph\u1ea7n c\u1ee9ng v\u00e0 k\u1ebft n\u1ed1i Internet.<\/p>\n<p>&nbsp;<\/p>\n<\/p><\/div>\n","protected":false},"excerpt":{"rendered":"<p>Apple TV Remote (th\u1ebf h\u1ec7 th\u1ee9 hai) gi\u00fap b\u1ea1n \u0111i\u1ec1u khi\u1ec3n ch\u00ednh x\u00e1c Apple TV 4K v\u00e0 Apple TV HD.1 B\u1ea3ng b\u1ea5m h\u1ed7 tr\u1ee3 c\u1ea3m \u1ee9ng ho\u00e0n to\u00e0n m\u1edbi cho ph\u00e9p b\u1ea1n nh\u1ea5p v\u00e0o ti\u00eau \u0111\u1ec1, l\u01b0\u1edbt qua danh s\u00e1ch ph\u00e1t v\u00e0 vu\u1ed1t tr\u00f2n tr\u00ean v\u00f9ng r\u00eca \u0111\u1ec3 t\u00ecm ch\u00ednh x\u00e1c ph\u00e2n c\u1ea3nh m\u00e0 b\u1ea1n &#8230; <a title=\"Remote Siri Apple TV\" class=\"read-more\" href=\"https:\/\/demo8.thuythu.com\/lebaostore\/phu-kien\/remote-siri-apple-tv\/\" aria-label=\"More on Remote Siri Apple TV\">Read more<\/a><\/p>\n","protected":false},"featured_media":1366,"template":"","meta":[],"product_cat":[23],"product_tag":[],"_links":{"self":[{"href":"https:\/\/demo8.thuythu.com\/lebaostore\/wp-json\/wp\/v2\/product\/2970"}],"collection":[{"href":"https:\/\/demo8.thuythu.com\/lebaostore\/wp-json\/wp\/v2\/product"}],"about":[{"href":"https:\/\/demo8.thuythu.com\/lebaostore\/wp-json\/wp\/v2\/types\/product"}],"wp:featuredmedia":[{"embeddable":true,"href":"https:\/\/demo8.thuythu.com\/lebaostore\/wp-json\/wp\/v2\/media\/1366"}],"wp:attachment":[{"href":"https:\/\/demo8.thuythu.com\/lebaostore\/wp-json\/wp\/v2\/media?parent=2970"}],"wp:term":[{"taxonomy":"product_cat","embeddable":true,"href":"https:\/\/demo8.thuythu.com\/lebaostore\/wp-json\/wp\/v2\/product_cat?post=2970"},{"taxonomy":"product_tag","embeddable":true,"href":"https:\/\/demo8.thuythu.com\/lebaostore\/wp-json\/wp\/v2\/product_tag?post=2970"}],"curies":[{"name":"wp","href":"https:\/\/api.w.org\/{rel}","templated":true}]}}