{"id":2974,"date":"2022-01-21T11:51:22","date_gmt":"2022-01-21T04:51:22","guid":{"rendered":"https:\/\/demo8.thuythu.com\/lebaostore\/product\/apple-tv-4k-32gb\/"},"modified":"2022-01-21T11:51:28","modified_gmt":"2022-01-21T04:51:28","slug":"apple-tv-4k-32gb","status":"publish","type":"product","link":"https:\/\/demo8.thuythu.com\/lebaostore\/phu-kien\/apple-tv-4k-32gb\/","title":{"rendered":"Apple TV 4K 32GB"},"content":{"rendered":"<div class=\"text-detail \">\n<p>Apple TV 4K m\u1edbi mang \u0111\u1ebfn cho b\u1ea1n c\u00e1c ch\u01b0\u01a1ng tr\u00ecnh, phim \u1ea3nh, th\u1ec3 thao v\u00e0 n\u1ed9i dung truy\u1ec1n h\u00ecnh tr\u1ef1c ti\u1ebfp hay nh\u1ea5t, c\u00f9ng c\u00e1c thi\u1ebft b\u1ecb v\u00e0 d\u1ecbch v\u1ee5 Apple b\u1ea1n y\u00eau th\u00edch.<sup>1<\/sup> Nay \u0111\u00e3 c\u00f3 \u0111\u1ecbnh d\u1ea1ng 4K HDR T\u1ed1c \u0110\u1ed9 Khung H\u00ecnh Cao, cho ch\u1ea5t l\u01b0\u1ee3ng video m\u01b0\u1ee3t m\u00e0, s\u1eafc n\u00e9t.<sup>2<\/sup> Xem Apple Originals v\u1edbi Apple TV+.<sup>3<\/sup> Tr\u1ea3i nghi\u1ec7m th\u00eam nhi\u1ec1u c\u00e1ch th\u01b0\u1edfng th\u1ee9c TV v\u1edbi Apple Arcade, App Store v\u00e0 Apple Music.<sup>3 <\/sup>V\u00e0 s\u1eed d\u1ee5ng \u0111i\u1ec1u khi\u1ec3n t\u1eeb xa ho\u00e0n to\u00e0n m\u1edbi c\u00f3 t\u00edch h\u1ee3p b\u1ea3ng b\u1ea5m h\u1ed7 tr\u1ee3 c\u1ea3m \u1ee9ng \u0111\u1ec3 \u0111i\u1ec1u khi\u1ec3n m\u1ecdi th\u1ee9.<\/p>\n<h3><strong>T\u00ednh n\u0103ng n\u1ed5i b\u1eadt&nbsp;<\/strong><\/h3>\n<ul>\n<li>Dolby Atmos cho \u00e2m thanh v\u00f2m s\u1ed1ng \u0111\u1ed9ng tr\u00e0n ng\u1eadp kh\u00f4ng gian.<sup>4<\/sup><\/li>\n<li>Chip A12 Bionic c\u1ea3i ti\u1ebfn m\u1ea1nh m\u1ebd ch\u1ea5t l\u01b0\u1ee3ng \u00e2m thanh, video v\u00e0 \u0111\u1ed3 h\u1ecda cho b\u1ea1n tr\u1ea3i nghi\u1ec7m t\u1ed1t h\u01a1n khi ch\u01a1i game v\u00e0 t\u01b0\u01a1ng t\u00e1c \u1ee9ng d\u1ee5ng.<\/li>\n<li>4K HDR T\u1ed1c \u0110\u1ed9 Khung H\u00ecnh Cao v\u1edbi Dolby Vision cho video m\u01b0\u1ee3t m\u00e0, s\u1ed1ng \u0111\u1ed9ng.<sup>2&nbsp;<\/sup><\/li>\n<li>C\u00e1c ch\u01b0\u01a1ng tr\u00ecnh v\u00e0 phim Apple Originals tr\u00ean Apple TV+.<sup>3<\/sup><\/li>\n<li>C\u00e1c ch\u01b0\u01a1ng tr\u00ecnh \u0103n kh\u00e1ch m\u1edbi nh\u1ea5t t\u1eeb Amazon Prime Video, MUBI, Netflix v\u00e0 nhi\u1ec1u k\u00eanh kh\u00e1c.<sup>1<\/sup><\/li>\n<li>Th\u00eam nhi\u1ec1u c\u00e1ch \u0111\u1ec3 th\u01b0\u1edfng th\u1ee9c TV c\u1ee7a b\u1ea1n v\u1edbi Apple Arcade, App Store v\u00e0 Apple Music.<sup>3<\/sup><\/li>\n<li>\u0110i\u1ec1u khi\u1ec3n t\u1eeb xa ho\u00e0n to\u00e0n m\u1edbi v\u1edbi b\u1ea3ng b\u1ea5m h\u1ed7 tr\u1ee3 c\u1ea3m \u1ee9ng.<\/li>\n<li>Ch\u1ebf \u0111\u1ed9 nghe m\u1ed9t m\u00ecnh v\u1edbi t\u1ed1i \u0111a hai b\u1ed9 AirPods.<\/li>\n<li>S\u1eed d\u1ee5ng AirPlay \u0111\u1ec3 chia s\u1ebb l\u00ean m\u00e0n h\u00ecnh TV c\u00e1c h\u00ecnh \u1ea3nh, video v\u00e0 nhi\u1ec1u th\u1ee9 kh\u00e1c t\u1eeb iPhone, iPad v\u00e0 m\u00e1y Mac c\u1ee7a b\u1ea1n.<sup>5<\/sup><\/li>\n<li>Xem tr\u1ef1c ti\u1ebfp c\u00e1c camera h\u1ed7 tr\u1ee3 HomeKit v\u00e0 \u0111i\u1ec1u khi\u1ec3n c\u00e1c ph\u1ee5 ki\u1ec7n nh\u00e0 th\u00f4ng minh c\u1ee7a b\u1ea1n.<\/li>\n<\/ul>\n<h3><strong>Ph\u00e1p l\u00fd<\/strong><\/h3>\n<p><sup>1<\/sup>M\u1ed9t s\u1ed1 n\u1ed9i dung c\u00f3 th\u1ec3 c\u1ea7n \u0111\u0103ng k\u00fd thu\u00ea bao \u0111\u1ec3 truy c\u1eadp. M\u1ed9t s\u1ed1 n\u1ed9i dung kh\u00f4ng c\u00f3 \u0111\u1ed9 ph\u00e2n gi\u1ea3i 4K, 4K HDR ho\u1eb7c 4K HDR T\u1ed1c \u0110\u1ed9 Khung H\u00ecnh Cao. C\u1ea7n c\u00f3 TV 4K \u0111\u1ec3 xem n\u1ed9i dung c\u00f3 \u0111\u1ed9 ph\u00e2n gi\u1ea3i 4K. N\u1ed9i dung v\u00e0 \u1ee9ng d\u1ee5ng \u0111\u01b0\u1ee3c cung c\u1ea5p c\u00f3 th\u1ec3 thay \u0111\u1ed5i. M\u1ed9t s\u1ed1 \u1ee9ng d\u1ee5ng kh\u00f4ng c\u00f3 s\u1eb5n \u1edf t\u1ea5t c\u1ea3 c\u00e1c khu v\u1ef1c.<br \/><sup>2<\/sup>N\u1ed9i dung HDR T\u1ed1c \u0110\u1ed9 Khung H\u00ecnh Cao hi\u1ec7n b\u1ecb gi\u1edbi h\u1ea1n. N\u1ed9i dung b\u1ed5 sung s\u1ebd s\u1edbm \u0111\u01b0\u1ee3c ph\u00e1t h\u00e0nh.<br \/><sup>3<\/sup>C\u1ea7n \u0111\u0103ng k\u00fd \u0111\u1ec3 truy c\u1eadp Apple Music, Apple TV+ v\u00e0 Apple Arcade.<br \/><sup>4<\/sup>T\u00ednh n\u0103ng Dolby Atmos y\u00eau c\u1ea7u thi\u1ebft b\u1ecb t\u01b0\u01a1ng th\u00edch Dolby Atmos v\u00e0 c\u00f3 th\u1ec3 kh\u00f4ng kh\u1ea3 d\u1ee5ng \u0111\u1ed1i v\u1edbi m\u1ed9t s\u1ed1 n\u1ed9i dung v\u00e0 ng\u00f4n ng\u1eef.<br \/><sup>5<\/sup>AirPlay t\u01b0\u01a1ng th\u00edch v\u1edbi Apple TV th\u1ebf h\u1ec7 th\u1ee9 hai ho\u1eb7c cao h\u01a1n.<\/p>\n<div class=\"bg-article\"><\/div>\n<p> <a href=\"javascript:;\" class=\"btn-detail\" onclick=\"$(this).remove();$('.bg-article').remove();$('.text-detail').addClass('expand')\"><span>Xem th\u00eam<\/span><\/a> <\/div>\n","protected":false},"excerpt":{"rendered":"<p>Apple TV 4K m\u1edbi mang \u0111\u1ebfn cho b\u1ea1n c\u00e1c ch\u01b0\u01a1ng tr\u00ecnh, phim \u1ea3nh, th\u1ec3 thao v\u00e0 n\u1ed9i dung truy\u1ec1n h\u00ecnh tr\u1ef1c ti\u1ebfp hay nh\u1ea5t, c\u00f9ng c\u00e1c thi\u1ebft b\u1ecb v\u00e0 d\u1ecbch v\u1ee5 Apple b\u1ea1n y\u00eau th\u00edch.1 Nay \u0111\u00e3 c\u00f3 \u0111\u1ecbnh d\u1ea1ng 4K HDR T\u1ed1c \u0110\u1ed9 Khung H\u00ecnh Cao, cho ch\u1ea5t l\u01b0\u1ee3ng video m\u01b0\u1ee3t m\u00e0, s\u1eafc n\u00e9t.2 &#8230; <a title=\"Apple TV 4K 32GB\" class=\"read-more\" href=\"https:\/\/demo8.thuythu.com\/lebaostore\/phu-kien\/apple-tv-4k-32gb\/\" aria-label=\"More on Apple TV 4K 32GB\">Read more<\/a><\/p>\n","protected":false},"featured_media":1371,"template":"","meta":[],"product_cat":[23],"product_tag":[],"_links":{"self":[{"href":"https:\/\/demo8.thuythu.com\/lebaostore\/wp-json\/wp\/v2\/product\/2974"}],"collection":[{"href":"https:\/\/demo8.thuythu.com\/lebaostore\/wp-json\/wp\/v2\/product"}],"about":[{"href":"https:\/\/demo8.thuythu.com\/lebaostore\/wp-json\/wp\/v2\/types\/product"}],"wp:featuredmedia":[{"embeddable":true,"href":"https:\/\/demo8.thuythu.com\/lebaostore\/wp-json\/wp\/v2\/media\/1371"}],"wp:attachment":[{"href":"https:\/\/demo8.thuythu.com\/lebaostore\/wp-json\/wp\/v2\/media?parent=2974"}],"wp:term":[{"taxonomy":"product_cat","embeddable":true,"href":"https:\/\/demo8.thuythu.com\/lebaostore\/wp-json\/wp\/v2\/product_cat?post=2974"},{"taxonomy":"product_tag","embeddable":true,"href":"https:\/\/demo8.thuythu.com\/lebaostore\/wp-json\/wp\/v2\/product_tag?post=2974"}],"curies":[{"name":"wp","href":"https:\/\/api.w.org\/{rel}","templated":true}]}}