{"id":2976,"date":"2022-01-21T11:51:22","date_gmt":"2022-01-21T04:51:22","guid":{"rendered":"https:\/\/demo8.thuythu.com\/lebaostore\/product\/adapter-sac-apple-type-c-20w\/"},"modified":"2022-01-21T11:51:28","modified_gmt":"2022-01-21T04:51:28","slug":"adapter-sac-apple-type-c-20w","status":"publish","type":"product","link":"https:\/\/demo8.thuythu.com\/lebaostore\/phu-kien\/adapter-sac-apple-type-c-20w\/","title":{"rendered":"Adapter s\u1ea1c Apple Type C 20W"},"content":{"rendered":"<div class=\"text-detail expand\">\n<p>B\u1ed9 S\u1ea1c Apple USB-C 20W gi\u00fap s\u1ea1c nhanh v\u00e0 hi\u1ec7u qu\u1ea3 t\u1ea1i nh\u00e0, trong v\u0103n ph\u00f2ng ho\u1eb7c khi \u0111ang di chuy\u1ec3n. M\u1eb7c d\u00f9 b\u1ed9 s\u1ea1c n\u00e0y t\u01b0\u01a1ng th\u00edch v\u1edbi m\u1ecdi thi\u1ebft b\u1ecb c\u00f3 c\u1ed5ng USB\u2011C, Apple khuy\u00ean b\u1ea1n n\u00ean s\u1eed d\u1ee5ng ph\u1ee5 ki\u1ec7n n\u00e0y v\u1edbi iPad Pro v\u00e0 iPad Air \u0111\u1ec3 \u0111\u1ea1t hi\u1ec7u qu\u1ea3 s\u1ea1c t\u1ed1i \u01b0u. B\u1ea1n c\u0169ng c\u00f3 th\u1ec3 s\u1eed d\u1ee5ng v\u1edbi iPhone 8 ho\u1eb7c c\u00e1c phi\u00ean b\u1ea3n cao h\u01a1n \u0111\u1ec3 t\u1eadn d\u1ee5ng t\u00ednh n\u0103ng s\u1ea1c nhanh.&nbsp;<\/p>\n<p>Kh\u00f4ng b\u00e1n k\u00e8m c\u00e1p s\u1ea1c.<\/p>\n<\/p><\/div>\n","protected":false},"excerpt":{"rendered":"<p>B\u1ed9 S\u1ea1c Apple USB-C 20W gi\u00fap s\u1ea1c nhanh v\u00e0 hi\u1ec7u qu\u1ea3 t\u1ea1i nh\u00e0, trong v\u0103n ph\u00f2ng ho\u1eb7c khi \u0111ang di chuy\u1ec3n. M\u1eb7c d\u00f9 b\u1ed9 s\u1ea1c n\u00e0y t\u01b0\u01a1ng th\u00edch v\u1edbi m\u1ecdi thi\u1ebft b\u1ecb c\u00f3 c\u1ed5ng USB\u2011C, Apple khuy\u00ean b\u1ea1n n\u00ean s\u1eed d\u1ee5ng ph\u1ee5 ki\u1ec7n n\u00e0y v\u1edbi iPad Pro v\u00e0 iPad Air \u0111\u1ec3 \u0111\u1ea1t hi\u1ec7u qu\u1ea3 s\u1ea1c &#8230; <a title=\"Adapter s\u1ea1c Apple Type C 20W\" class=\"read-more\" href=\"https:\/\/demo8.thuythu.com\/lebaostore\/phu-kien\/adapter-sac-apple-type-c-20w\/\" aria-label=\"More on Adapter s\u1ea1c Apple Type C 20W\">Read more<\/a><\/p>\n","protected":false},"featured_media":1382,"template":"","meta":[],"product_cat":[23],"product_tag":[],"_links":{"self":[{"href":"https:\/\/demo8.thuythu.com\/lebaostore\/wp-json\/wp\/v2\/product\/2976"}],"collection":[{"href":"https:\/\/demo8.thuythu.com\/lebaostore\/wp-json\/wp\/v2\/product"}],"about":[{"href":"https:\/\/demo8.thuythu.com\/lebaostore\/wp-json\/wp\/v2\/types\/product"}],"wp:featuredmedia":[{"embeddable":true,"href":"https:\/\/demo8.thuythu.com\/lebaostore\/wp-json\/wp\/v2\/media\/1382"}],"wp:attachment":[{"href":"https:\/\/demo8.thuythu.com\/lebaostore\/wp-json\/wp\/v2\/media?parent=2976"}],"wp:term":[{"taxonomy":"product_cat","embeddable":true,"href":"https:\/\/demo8.thuythu.com\/lebaostore\/wp-json\/wp\/v2\/product_cat?post=2976"},{"taxonomy":"product_tag","embeddable":true,"href":"https:\/\/demo8.thuythu.com\/lebaostore\/wp-json\/wp\/v2\/product_tag?post=2976"}],"curies":[{"name":"wp","href":"https:\/\/api.w.org\/{rel}","templated":true}]}}