{"id":2978,"date":"2022-01-21T11:51:22","date_gmt":"2022-01-21T04:51:22","guid":{"rendered":"https:\/\/demo8.thuythu.com\/lebaostore\/product\/magic-mouse\/"},"modified":"2022-01-21T11:51:29","modified_gmt":"2022-01-21T04:51:29","slug":"magic-mouse","status":"publish","type":"product","link":"https:\/\/demo8.thuythu.com\/lebaostore\/phu-kien\/magic-mouse\/","title":{"rendered":"Magic Mouse"},"content":{"rendered":"<div class=\"text-detail expand\">\n<p>Magic Mouse c\u00f3 th\u1ec3 k\u1ebft n\u1ed1i kh\u00f4ng d\u00e2y v\u00e0 s\u1ea1c l\u1ea1i \u0111\u01b0\u1ee3c, v\u1edbi ph\u1ea7n \u0111\u1ebf \u0111\u01b0\u1ee3c thi\u1ebft k\u1ebf t\u1ed1i \u01b0u gi\u00fap di chuy\u1ec3n d\u1ec5 d\u00e0ng tr\u00ean m\u1eb7t b\u00e0n. B\u1ec1 m\u1eb7t Multi-Touch cho ph\u00e9p b\u1ea1n th\u1ef1c hi\u1ec7n c\u00e1c thao t\u00e1c \u0111\u01a1n gi\u1ea3n nh\u01b0 vu\u1ed1t gi\u1eefa c\u00e1c trang web v\u00e0 cu\u1ed9n qua l\u1ea1i gi\u1eefa c\u00e1c t\u00e0i li\u1ec7u.&nbsp;<\/p>\n<p>Th\u1eddi l\u01b0\u1ee3ng pin d\u00e0i \u1ea5n t\u01b0\u1ee3ng gi\u00fap Magic Mouse ho\u1ea1t \u0111\u1ed9ng trong kho\u1ea3ng th\u1eddi gian m\u1ed9t th\u00e1ng ho\u1eb7c l\u00e2u h\u01a1n sau m\u1ed7i l\u1ea7n s\u1ea1c. B\u1ea1n c\u00f3 th\u1ec3 s\u1eed d\u1ee5ng ngay khi v\u1eeba khui kh\u1ecfi h\u1ed9p v\u00e0 chu\u1ed9t s\u1ebd t\u1ef1 \u0111\u1ed9ng k\u1ebft n\u1ed1i v\u1edbi Mac. Magic Mouse c\u00f3 c\u00e1p b\u1ec7n chuy\u1ec3n \u0111\u1ed5i t\u1eeb USB-C sang Lightning \u0111\u1ec3 b\u1ea1n k\u1ebft n\u1ed1i v\u1edbi c\u1ed5ng USB-C tr\u00ean Mac \u0111\u1ec3 s\u1ea1c.&nbsp;<\/p>\n<p>&nbsp;<\/p>\n<p>&nbsp;<\/p>\n<\/p><\/div>\n","protected":false},"excerpt":{"rendered":"<p>Magic Mouse c\u00f3 th\u1ec3 k\u1ebft n\u1ed1i kh\u00f4ng d\u00e2y v\u00e0 s\u1ea1c l\u1ea1i \u0111\u01b0\u1ee3c, v\u1edbi ph\u1ea7n \u0111\u1ebf \u0111\u01b0\u1ee3c thi\u1ebft k\u1ebf t\u1ed1i \u01b0u gi\u00fap di chuy\u1ec3n d\u1ec5 d\u00e0ng tr\u00ean m\u1eb7t b\u00e0n. B\u1ec1 m\u1eb7t Multi-Touch cho ph\u00e9p b\u1ea1n th\u1ef1c hi\u1ec7n c\u00e1c thao t\u00e1c \u0111\u01a1n gi\u1ea3n nh\u01b0 vu\u1ed1t gi\u1eefa c\u00e1c trang web v\u00e0 cu\u1ed9n qua l\u1ea1i gi\u1eefa c\u00e1c t\u00e0i li\u1ec7u.&nbsp; &#8230; <a title=\"Magic Mouse\" class=\"read-more\" href=\"https:\/\/demo8.thuythu.com\/lebaostore\/phu-kien\/magic-mouse\/\" aria-label=\"More on Magic Mouse\">Read more<\/a><\/p>\n","protected":false},"featured_media":1386,"template":"","meta":[],"product_cat":[23],"product_tag":[],"_links":{"self":[{"href":"https:\/\/demo8.thuythu.com\/lebaostore\/wp-json\/wp\/v2\/product\/2978"}],"collection":[{"href":"https:\/\/demo8.thuythu.com\/lebaostore\/wp-json\/wp\/v2\/product"}],"about":[{"href":"https:\/\/demo8.thuythu.com\/lebaostore\/wp-json\/wp\/v2\/types\/product"}],"wp:featuredmedia":[{"embeddable":true,"href":"https:\/\/demo8.thuythu.com\/lebaostore\/wp-json\/wp\/v2\/media\/1386"}],"wp:attachment":[{"href":"https:\/\/demo8.thuythu.com\/lebaostore\/wp-json\/wp\/v2\/media?parent=2978"}],"wp:term":[{"taxonomy":"product_cat","embeddable":true,"href":"https:\/\/demo8.thuythu.com\/lebaostore\/wp-json\/wp\/v2\/product_cat?post=2978"},{"taxonomy":"product_tag","embeddable":true,"href":"https:\/\/demo8.thuythu.com\/lebaostore\/wp-json\/wp\/v2\/product_tag?post=2978"}],"curies":[{"name":"wp","href":"https:\/\/api.w.org\/{rel}","templated":true}]}}