{"id":2986,"date":"2022-01-21T11:51:22","date_gmt":"2022-01-21T04:51:22","guid":{"rendered":"https:\/\/demo8.thuythu.com\/lebaostore\/product\/op-lung-silicone-iphone-12-12-pro-sac-magsafe\/"},"modified":"2022-01-21T11:51:34","modified_gmt":"2022-01-21T04:51:34","slug":"op-lung-silicone-iphone-12-12-pro-sac-magsafe","status":"publish","type":"product","link":"https:\/\/demo8.thuythu.com\/lebaostore\/phu-kien\/op-lung-silicone-iphone-12-12-pro-sac-magsafe\/","title":{"rendered":"\u1ed0p l\u01b0ng Silicone iPhone 12 | 12 Pro S\u1ea1c MagSafe"},"content":{"rendered":"<div class=\"text-detail expand\">\n<p>\u0110\u01b0\u1ee3c Apple thi\u1ebft k\u1ebf \u0111\u1ec3 b\u1ed5 tr\u1ee3 cho iPhone 12 | 12 Pro, \u1ed1p l\u01b0ng silicone t\u00edch h\u1ee3p s\u1ea1c MagSafe l\u00e0 m\u1ed9t c\u00e1ch th\u00fa v\u1ecb \u0111\u1ec3 b\u1ea3o v\u1ec7 iPhone c\u1ee7a b\u1ea1n.<br \/>L\u1edbp silicone ho\u00e0n thi\u1ec7n m\u1ec1m m\u1ea1i, m\u01b0\u1ee3t m\u00e0 s\u1ebd t\u1ea1o c\u1ea3m gi\u00e1c tuy\u1ec7t v\u1eddi khi c\u1ea7m tr\u00ean tay. V\u00e0 \u1edf l\u1edbp trong, c\u00f3 m\u1ed9t l\u1edbp l\u00f3t l\u00e0m t\u1eeb s\u1ee3i si\u00eau m\u1ecfng c\u1ef1c k\u00ec m\u1ec1m m\u1ea1i \u0111\u1ec3 t\u0103ng \u0111\u1ed9 b\u1ea3o v\u1ec7 cho chi\u1ebfc iPhone c\u1ee7a b\u1ea1n.<\/p>\n<p>T\u00edch h\u1ee3p nam ch\u00e2m gi\u00fap c\u0103n ch\u1ec9nh ho\u00e0n h\u1ea3o v\u1edbi iPhone 12 | 12 Pro, chi\u1ebfc \u1ed1p l\u01b0ng n\u00e0y mang \u0111\u1ebfn tr\u1ea3i nghi\u1ec7m tuy\u1ec7t v\u1eddi khi g\u1eafn v\u00e0o v\u00e0 th\u00e1o ra, \u0111\u00f2ng th\u1eddi c\u0169ng gi\u00fap vi\u1ec7c s\u1ea1c kh\u00f4ng d\u00e2y nhanh h\u01a1n \u0111\u00e1ng k\u1ec3. Khi s\u1ea1c, ch\u1ec9 c\u1ea7n \u0111\u1ec3 \u1ed1p tr\u00ean iPhone v\u00e0 k\u1ebft n\u1ed1i v\u1edbi b\u1ed9 s\u1ea1c MagSafe ho\u1eb7c \u0111\u1eb7t n\u00f3 tr\u00ean b\u1ed9 s\u1ea1c \u0111\u01b0\u1ee3c ch\u1ee9ng nh\u1eadn Qi.<\/p>\n<p>T\u01b0\u01a1ng t\u1ef1 m\u1ecdi s\u1ea3n ph\u1ea9m \u1ed1p l\u01b0ng do Apple thi\u1ebft k\u1ebf, n\u00f3 ph\u1ea3i tr\u1ea3i qua h\u00e0ng ngh\u00ecn gi\u1edd th\u1eed nghi\u1ec7m trong su\u1ed1t qu\u00e1 tr\u00ecnh thi\u1ebft k\u1ebf v\u00e0 s\u1ea3n xu\u1ea5t. V\u00ec v\u1eady, n\u00f3 kh\u00f4ng ch\u1ec9 s\u1edf h\u1eefu thi\u1ebft k\u1ebf b\u1eaft m\u1eaft m\u00e0 c\u00f2n \u0111\u01b0\u1ee3c ch\u1ebf t\u1ea1o \u0111\u1ec3 b\u1ea3o v\u1ec7 iPhone c\u1ee7a b\u1ea1n kh\u1ecfi tr\u1ea7y x\u01b0\u1edbc v\u00e0 r\u01a1i r\u1edbt.<\/p>\n<\/p><\/div>\n","protected":false},"excerpt":{"rendered":"<p>\u0110\u01b0\u1ee3c Apple thi\u1ebft k\u1ebf \u0111\u1ec3 b\u1ed5 tr\u1ee3 cho iPhone 12 | 12 Pro, \u1ed1p l\u01b0ng silicone t\u00edch h\u1ee3p s\u1ea1c MagSafe l\u00e0 m\u1ed9t c\u00e1ch th\u00fa v\u1ecb \u0111\u1ec3 b\u1ea3o v\u1ec7 iPhone c\u1ee7a b\u1ea1n.L\u1edbp silicone ho\u00e0n thi\u1ec7n m\u1ec1m m\u1ea1i, m\u01b0\u1ee3t m\u00e0 s\u1ebd t\u1ea1o c\u1ea3m gi\u00e1c tuy\u1ec7t v\u1eddi khi c\u1ea7m tr\u00ean tay. V\u00e0 \u1edf l\u1edbp trong, c\u00f3 m\u1ed9t l\u1edbp &#8230; <a title=\"\u1ed0p l\u01b0ng Silicone iPhone 12 | 12 Pro S\u1ea1c MagSafe\" class=\"read-more\" href=\"https:\/\/demo8.thuythu.com\/lebaostore\/phu-kien\/op-lung-silicone-iphone-12-12-pro-sac-magsafe\/\" aria-label=\"More on \u1ed0p l\u01b0ng Silicone iPhone 12 | 12 Pro S\u1ea1c MagSafe\">Read more<\/a><\/p>\n","protected":false},"featured_media":1396,"template":"","meta":[],"product_cat":[23],"product_tag":[],"_links":{"self":[{"href":"https:\/\/demo8.thuythu.com\/lebaostore\/wp-json\/wp\/v2\/product\/2986"}],"collection":[{"href":"https:\/\/demo8.thuythu.com\/lebaostore\/wp-json\/wp\/v2\/product"}],"about":[{"href":"https:\/\/demo8.thuythu.com\/lebaostore\/wp-json\/wp\/v2\/types\/product"}],"wp:featuredmedia":[{"embeddable":true,"href":"https:\/\/demo8.thuythu.com\/lebaostore\/wp-json\/wp\/v2\/media\/1396"}],"wp:attachment":[{"href":"https:\/\/demo8.thuythu.com\/lebaostore\/wp-json\/wp\/v2\/media?parent=2986"}],"wp:term":[{"taxonomy":"product_cat","embeddable":true,"href":"https:\/\/demo8.thuythu.com\/lebaostore\/wp-json\/wp\/v2\/product_cat?post=2986"},{"taxonomy":"product_tag","embeddable":true,"href":"https:\/\/demo8.thuythu.com\/lebaostore\/wp-json\/wp\/v2\/product_tag?post=2986"}],"curies":[{"name":"wp","href":"https:\/\/api.w.org\/{rel}","templated":true}]}}