{"id":2989,"date":"2022-01-21T11:51:31","date_gmt":"2022-01-21T04:51:31","guid":{"rendered":"https:\/\/demo8.thuythu.com\/lebaostore\/product\/adapter-sac-apple-type-c-87w\/"},"modified":"2022-01-21T11:51:32","modified_gmt":"2022-01-21T04:51:32","slug":"adapter-sac-apple-type-c-87w","status":"publish","type":"product","link":"https:\/\/demo8.thuythu.com\/lebaostore\/phu-kien\/adapter-sac-apple-type-c-87w\/","title":{"rendered":"Adapter s\u1ea1c Apple Type C 87W"},"content":{"rendered":"<div class=\"text-detail expand\">\n<p><span style=\"color: rgb(0, 0, 0); font-family: Arial; white-space: pre-wrap;\">Adapter USB-C 87W c\u00f3 kh\u1ea3 n\u0103ng s\u1ea1c nhanh, hi\u1ec7u qu\u1ea3 khi l\u00e0m vi\u1ec7c t\u1ea1i nh\u00e0, v\u0103n ph\u00f2ng ho\u1eb7c c\u1ea3 khi \u0111ang di chuy\u1ec3n. Adapter n\u00e0y t\u01b0\u01a1ng th\u00edch v\u1edbi b\u1ea5t k\u1ef3 thi\u1ebft b\u1ecb h\u1ed7 tr\u1ee3 USB-C nh\u01b0 \u0111i\u1ec7n tho\u1ea1i, laptop, m\u00e1y t\u00ednh b\u1ea3ng,&#8230; Apple khuy\u1ebfn ngh\u1ecb b\u1ea1n n\u00ean s\u1eed d\u1ee5ng v\u1edbi Macbook Pro 16 inch \u0111\u1ec3 \u0111\u1ea1t \u0111\u01b0\u1ee3c hi\u1ec7u su\u1ea5t s\u1ea1c t\u1ed1t nh\u1ea5t.<\/span><\/p>\n<p>Kh\u00f4ng b\u00e1n k\u00e8m c\u00e1p s\u1ea1c.<\/p>\n<\/p><\/div>\n","protected":false},"excerpt":{"rendered":"<p>Adapter USB-C 87W c\u00f3 kh\u1ea3 n\u0103ng s\u1ea1c nhanh, hi\u1ec7u qu\u1ea3 khi l\u00e0m vi\u1ec7c t\u1ea1i nh\u00e0, v\u0103n ph\u00f2ng ho\u1eb7c c\u1ea3 khi \u0111ang di chuy\u1ec3n. Adapter n\u00e0y t\u01b0\u01a1ng th\u00edch v\u1edbi b\u1ea5t k\u1ef3 thi\u1ebft b\u1ecb h\u1ed7 tr\u1ee3 USB-C nh\u01b0 \u0111i\u1ec7n tho\u1ea1i, laptop, m\u00e1y t\u00ednh b\u1ea3ng,&#8230; Apple khuy\u1ebfn ngh\u1ecb b\u1ea1n n\u00ean s\u1eed d\u1ee5ng v\u1edbi Macbook Pro 16 inch \u0111\u1ec3 &#8230; <a title=\"Adapter s\u1ea1c Apple Type C 87W\" class=\"read-more\" href=\"https:\/\/demo8.thuythu.com\/lebaostore\/phu-kien\/adapter-sac-apple-type-c-87w\/\" aria-label=\"More on Adapter s\u1ea1c Apple Type C 87W\">Read more<\/a><\/p>\n","protected":false},"featured_media":1408,"template":"","meta":[],"product_cat":[23],"product_tag":[],"_links":{"self":[{"href":"https:\/\/demo8.thuythu.com\/lebaostore\/wp-json\/wp\/v2\/product\/2989"}],"collection":[{"href":"https:\/\/demo8.thuythu.com\/lebaostore\/wp-json\/wp\/v2\/product"}],"about":[{"href":"https:\/\/demo8.thuythu.com\/lebaostore\/wp-json\/wp\/v2\/types\/product"}],"wp:featuredmedia":[{"embeddable":true,"href":"https:\/\/demo8.thuythu.com\/lebaostore\/wp-json\/wp\/v2\/media\/1408"}],"wp:attachment":[{"href":"https:\/\/demo8.thuythu.com\/lebaostore\/wp-json\/wp\/v2\/media?parent=2989"}],"wp:term":[{"taxonomy":"product_cat","embeddable":true,"href":"https:\/\/demo8.thuythu.com\/lebaostore\/wp-json\/wp\/v2\/product_cat?post=2989"},{"taxonomy":"product_tag","embeddable":true,"href":"https:\/\/demo8.thuythu.com\/lebaostore\/wp-json\/wp\/v2\/product_tag?post=2989"}],"curies":[{"name":"wp","href":"https:\/\/api.w.org\/{rel}","templated":true}]}}