{"id":3013,"date":"2022-01-21T11:51:31","date_gmt":"2022-01-21T04:51:31","guid":{"rendered":"https:\/\/demo8.thuythu.com\/lebaostore\/product\/op-lung-da-iphone-12-pro-max\/"},"modified":"2022-01-21T11:51:37","modified_gmt":"2022-01-21T04:51:37","slug":"op-lung-da-iphone-12-pro-max","status":"publish","type":"product","link":"https:\/\/demo8.thuythu.com\/lebaostore\/phu-kien\/op-lung-da-iphone-12-pro-max\/","title":{"rendered":"\u1ed0p l\u01b0ng da iPhone 12 Pro Max"},"content":{"rendered":"<div class=\"text-detail \">\n<p><span .=\"\" 12=\"\" a=\"\" apple=\"\" bao=\"\" c=\"\" cao=\"\" case=\"\" ch=\"\" cho=\"\" clear=\"\" da=\"\" dai=\"\" data-sheets-userformat=\"{\" data-sheets-value=\"{\" do=\"\" gian=\"\" gian.=\"\" i=\"\" i.=\"\" iphone=\"\" khi=\"\" lo=\"\" m=\"\" magsafe=\"\" mang=\"\" n=\"\" n.=\"\" nam=\"\" ng=\"\" nh=\"\" nhanh=\"\" o=\"\" p=\"\" pro=\"\" qi.=\"\" qua=\"\" ra=\"\" silicon=\"\" style=\"color: rgb(0, 0, 0); font-size: 10pt; font-family: Arial;\" t=\"\" t.=\"\" theo=\"\" trong=\"\" u=\"\" y=\"\">\u0110\u01b0\u1ee3c Apple thi\u1ebft k\u1ebf \u0111\u1ec3 b\u1ed5 tr\u1ee3 cho iPhone 12 Pro Max, \u1ed1p l\u01b0ng MagSafe l\u00e0 m\u1ed9t c\u00e1ch th\u00fa v\u1ecb \u0111\u1ec3 b\u1ea3o v\u1ec7 b\u1ea1n \u0111\u1ed3ng th\u1eddi t\u0103ng th\u00eam c\u00e1 t\u00ednh cho chi\u1ebfc iPhone c\u1ee7a b\u1ea1n.<\/span><\/p>\n<p><span .=\"\" 12=\"\" a=\"\" apple=\"\" bao=\"\" c=\"\" cao=\"\" case=\"\" ch=\"\" cho=\"\" clear=\"\" da=\"\" dai=\"\" data-sheets-userformat=\"{\" data-sheets-value=\"{\" do=\"\" gian=\"\" gian.=\"\" i=\"\" i.=\"\" iphone=\"\" khi=\"\" lo=\"\" m=\"\" magsafe=\"\" mang=\"\" n=\"\" n.=\"\" nam=\"\" ng=\"\" nh=\"\" nhanh=\"\" o=\"\" p=\"\" pro=\"\" qi.=\"\" qua=\"\" ra=\"\" silicon=\"\" style=\"color: rgb(0, 0, 0); font-size: 10pt; font-family: Arial;\" t=\"\" t.=\"\" theo=\"\" trong=\"\" u=\"\" y=\"\">\u0110\u01b0\u1ee3c l\u00e0m t\u1eeb ch\u1ea5t li\u1ec7u da \u0111\u1eb7c bi\u1ec7t, ph\u1ea7n b\u00ean ngo\u00e0i \u1ed1p t\u1ea1o c\u1ea3m gi\u00e1c m\u1ec1m m\u1ea1i khi ch\u1ea1m v\u00e0o v\u00e0 theo th\u1eddi gian s\u1ebd h\u00ecnh th\u00e0nh m\u1ed9t l\u1edbp g\u1ec9 t\u1ef1 nhi\u00ean. \u1ed0p l\u01b0ng nhanh ch\u00f3ng h\u00edt v\u00e0o \u0111\u00fang v\u1ecb tr\u00ed v\u00e0 v\u1eeba kh\u00edt v\u1edbi chi\u1ebfc iPhone c\u1ee7a b\u1ea1n.<\/span><\/p>\n<p><span .=\"\" 12=\"\" a=\"\" apple=\"\" bao=\"\" c=\"\" cao=\"\" case=\"\" ch=\"\" cho=\"\" clear=\"\" da=\"\" dai=\"\" data-sheets-userformat=\"{\" data-sheets-value=\"{\" do=\"\" gian=\"\" gian.=\"\" i=\"\" i.=\"\" iphone=\"\" khi=\"\" lo=\"\" m=\"\" magsafe=\"\" mang=\"\" n=\"\" n.=\"\" nam=\"\" ng=\"\" nh=\"\" nhanh=\"\" o=\"\" p=\"\" pro=\"\" qi.=\"\" qua=\"\" ra=\"\" silicon=\"\" style=\"color: rgb(0, 0, 0); font-size: 10pt; font-family: Arial;\" t=\"\" t.=\"\" theo=\"\" trong=\"\" u=\"\" y=\"\">T\u00edch h\u1ee3p nam ch\u00e2m gi\u00fap c\u0103n ch\u1ec9nh ho\u00e0n h\u1ea3o v\u1edbi iPhone 12 Pro Max, chi\u1ebfc \u1ed1p l\u01b0ng n\u00e0y mang \u0111\u1ebfn tr\u1ea3i nghi\u1ec7m g\u1eafn v\u00e0 th\u00e1o ra tuy\u1ec7t v\u1eddi m\u1ecdi l\u00fac, m\u1ecdi n\u01a1i. S\u1ef1 c\u0103n ch\u1ec9nh ho\u00e0n h\u1ea3o \u0111\u00f3 c\u00f2n gi\u00fap s\u1ea1c kh\u00f4ng d\u00e2y tr\u1edf n\u00ean nhanh v\u00e0 d\u1ec5 d\u00e0ng h\u01a1n bao gi\u1edd h\u1ebft. V\u00e0 khi \u0111\u1ebfn l\u00fac s\u1ea1c, ch\u1ec9 c\u1ea7n \u0111\u1ec3 \u1ed1p l\u01b0ng tr\u00ean iPhone v\u00e0 g\u1eafn v\u00e0o b\u1ed9 s\u1ea1c MagSafe ho\u1eb7c \u0111\u1eb7t n\u00f3 tr\u00ean b\u1ed9 s\u1ea1c \u0111\u01b0\u1ee3c ch\u1ee9ng nh\u1eadn Qi.<\/span><\/p>\n<p><span style=\"color: rgb(0, 0, 0); font-family: Arial; font-size: 10pt;\">Gi\u1ed1ng nh\u01b0 c\u00e1c s\u1ea3n ph\u1ea9m \u1ed1p l\u01b0ng kh\u00e1c do Apple thi\u1ebft k\u1ebf, n\u00f3 ph\u1ea3i tr\u1ea3i qua h\u00e0ng ngh\u00ecn gi\u1edd th\u1eed nghi\u1ec7m trong su\u1ed1t qu\u00e1 tr\u00ecnh thi\u1ebft k\u1ebf v\u00e0 s\u1ea3n xu\u1ea5t. V\u00ec v\u1eady, n\u00f3 kh\u00f4ng ch\u1ec9 s\u1edf h\u1eefu thi\u1ebft k\u1ebf \u0111\u1eb9p m\u1eaft m\u00e0 c\u00f2n \u0111\u01b0\u1ee3c ch\u1ebf t\u1ea1o \u0111\u1ec3 b\u1ea3o v\u1ec7 iPhone c\u1ee7a b\u1ea1n kh\u1ecfi tr\u1ea7y x\u01b0\u1edbc v\u00e0 r\u01a1i r\u1edbt v\u00f4 c\u00f9ng hi\u1ec7u qu\u1ea3.<\/span><\/p>\n<p><span .=\"\" 12=\"\" a=\"\" apple=\"\" bao=\"\" c=\"\" cao=\"\" case=\"\" ch=\"\" cho=\"\" clear=\"\" da=\"\" dai=\"\" data-sheets-userformat=\"{\" data-sheets-value=\"{\" do=\"\" gian=\"\" gian.=\"\" i=\"\" i.=\"\" iphone=\"\" khi=\"\" lo=\"\" m=\"\" magsafe=\"\" mang=\"\" n=\"\" n.=\"\" nam=\"\" ng=\"\" nh=\"\" nhanh=\"\" o=\"\" p=\"\" pro=\"\" qi.=\"\" qua=\"\" ra=\"\" silicon=\"\" style=\"color: rgb(0, 0, 0); font-size: 10pt; font-family: Arial;\" t=\"\" t.=\"\" theo=\"\" trong=\"\" u=\"\" y=\"\">\u1ed0p l\u01b0ng n\u00e0y \u0111\u01b0\u1ee3c l\u00e0m b\u1eb1ng da cao c\u1ea5p, d\u1ebbo dai \u0111\u1ec3 b\u1ea3o v\u1ec7 iPhone c\u1ee7a b\u1ea1n. Da l\u00e0 m\u1ed9t v\u1eadt li\u1ec7u t\u1ef1 nhi\u00ean v\u00e0 t\u01b0\u01a1ng t\u1ef1 nh\u01b0 m\u1ecdi chi\u1ebfc th\u1eaft l\u01b0ng da t\u1ed1t, n\u00f3 c\u00f3 th\u1ec3 xu\u1ea5t hi\u1ec7n c\u00e1c n\u1ebfp nh\u0103n, v\u1ebft h\u1eb1n ho\u1eb7c l\u1edbp g\u1ec9 theo th\u1eddi gian. B\u00ean c\u1ea1nh \u0111\u00f3 khi \u1ed1p ti\u1ebfp x\u00fac v\u1edbi c\u00e1c ph\u1ee5 ki\u1ec7n MagSafe s\u1ebd \u0111\u1ec3 l\u1ea1i nh\u1eefng d\u1ea5u \u1ea5n nh\u1eb9 (nh\u01b0 trong h\u00ecnh \u1ea3nh cu\u1ed1i c\u00f9ng c\u1ee7a b\u1ed9 s\u01b0u t\u1eadp).&nbsp;<\/span><\/p>\n<div class=\"bg-article\"><\/div>\n<p> <a href=\"javascript:;\" class=\"btn-detail\" onclick=\"$(this).remove();$('.bg-article').remove();$('.text-detail').addClass('expand')\"><span>Xem th\u00eam<\/span><\/a> <\/div>\n","protected":false},"excerpt":{"rendered":"<p>\u0110\u01b0\u1ee3c Apple thi\u1ebft k\u1ebf \u0111\u1ec3 b\u1ed5 tr\u1ee3 cho iPhone 12 Pro Max, \u1ed1p l\u01b0ng MagSafe l\u00e0 m\u1ed9t c\u00e1ch th\u00fa v\u1ecb \u0111\u1ec3 b\u1ea3o v\u1ec7 b\u1ea1n \u0111\u1ed3ng th\u1eddi t\u0103ng th\u00eam c\u00e1 t\u00ednh cho chi\u1ebfc iPhone c\u1ee7a b\u1ea1n. \u0110\u01b0\u1ee3c l\u00e0m t\u1eeb ch\u1ea5t li\u1ec7u da \u0111\u1eb7c bi\u1ec7t, ph\u1ea7n b\u00ean ngo\u00e0i \u1ed1p t\u1ea1o c\u1ea3m gi\u00e1c m\u1ec1m m\u1ea1i khi ch\u1ea1m v\u00e0o &#8230; <a title=\"\u1ed0p l\u01b0ng da iPhone 12 Pro Max\" class=\"read-more\" href=\"https:\/\/demo8.thuythu.com\/lebaostore\/phu-kien\/op-lung-da-iphone-12-pro-max\/\" aria-label=\"More on \u1ed0p l\u01b0ng da iPhone 12 Pro Max\">Read more<\/a><\/p>\n","protected":false},"featured_media":1464,"template":"","meta":[],"product_cat":[23],"product_tag":[],"_links":{"self":[{"href":"https:\/\/demo8.thuythu.com\/lebaostore\/wp-json\/wp\/v2\/product\/3013"}],"collection":[{"href":"https:\/\/demo8.thuythu.com\/lebaostore\/wp-json\/wp\/v2\/product"}],"about":[{"href":"https:\/\/demo8.thuythu.com\/lebaostore\/wp-json\/wp\/v2\/types\/product"}],"wp:featuredmedia":[{"embeddable":true,"href":"https:\/\/demo8.thuythu.com\/lebaostore\/wp-json\/wp\/v2\/media\/1464"}],"wp:attachment":[{"href":"https:\/\/demo8.thuythu.com\/lebaostore\/wp-json\/wp\/v2\/media?parent=3013"}],"wp:term":[{"taxonomy":"product_cat","embeddable":true,"href":"https:\/\/demo8.thuythu.com\/lebaostore\/wp-json\/wp\/v2\/product_cat?post=3013"},{"taxonomy":"product_tag","embeddable":true,"href":"https:\/\/demo8.thuythu.com\/lebaostore\/wp-json\/wp\/v2\/product_tag?post=3013"}],"curies":[{"name":"wp","href":"https:\/\/api.w.org\/{rel}","templated":true}]}}