{"id":3017,"date":"2022-01-21T11:51:31","date_gmt":"2022-01-21T04:51:31","guid":{"rendered":"https:\/\/demo8.thuythu.com\/lebaostore\/product\/op-lung-nhua-trong-iphone-13-sac-magsafe\/"},"modified":"2022-01-21T11:51:37","modified_gmt":"2022-01-21T04:51:37","slug":"op-lung-nhua-trong-iphone-13-sac-magsafe","status":"publish","type":"product","link":"https:\/\/demo8.thuythu.com\/lebaostore\/phu-kien\/op-lung-nhua-trong-iphone-13-sac-magsafe\/","title":{"rendered":"\u1ed0p l\u01b0ng nh\u1ef1a trong iPhone 13 s\u1ea1c MagSafe"},"content":{"rendered":"<div class=\"text-detail \">\n<p><span data-sheets-userformat=\"{\" 2\":513,\"3\":{\"1\":0},\"12\":0}\"=\"\" data-sheets-value=\"{\" 1\":2,\"2\":\"m\u1ecfng,=\"\" nh\u1eb9=\"\" v\u00e0=\"\" d\u1ec5=\"\" c\u1ea7m=\"\" n\u1eafm=\"\" -=\"\" chi\u1ebfc=\"\" \u1ed1p=\"\" l\u01b0ng=\"\" do=\"\" apple=\"\" thi\u1ebft=\"\" k\u1ebf=\"\" n\u00e0y=\"\" t\u00f4=\"\" \u0111i\u1ec3m=\"\" th\u00eam=\"\" cho=\"\" m\u00e0u=\"\" s\u1eafc=\"\" tuy\u1ec7t=\"\" \u0111\u1eb9p=\"\" v\u1ed1n=\"\" c\u00f3=\"\" c\u1ee7a=\"\" iphone=\"\" 13=\"\" \u0111\u1ed3ng=\"\" th\u1eddi=\"\" cung=\"\" c\u1ea5p=\"\" kh\u1ea3=\"\" n\u0103ng=\"\" b\u1ea3o=\"\" v\u1ec7=\"\" hi\u1ec7u=\"\" qu\u1ea3=\"\" \u0111i\u1ec7n=\"\" tho\u1ea1i=\"\" b\u1ea1n.n\u0110\u01b0\u1ee3c=\"\" ch\u1ebf=\"\" t\u00e1c=\"\" b\u1eb1ng=\"\" s\u1ef1=\"\" pha=\"\" tr\u1ed9n=\"\" gi\u1eefa=\"\" polycarbonate=\"\" quang=\"\" h\u1ecdc=\"\" trong=\"\" su\u1ed1t=\"\" c\u00f9ng=\"\" nhi\u1ec1u=\"\" v\u1eadt=\"\" li\u1ec7u=\"\" d\u1ebbo=\"\" dai=\"\" kh\u00e1c,=\"\" m\u00e1y=\"\" \u0111\u01b0\u1ee3c=\"\" l\u00e0m=\"\" v\u1eeba=\"\" v\u1eb7n=\"\" v\u1edbi=\"\" c\u00e1c=\"\" n\u00fat=\"\" \u0111\u1ec3=\"\" b\u1ea1n=\"\" d\u00e0ng=\"\" thao=\"\" t\u00e1c.=\"\" b\u1ec1=\"\" m\u1eb7t=\"\" ph\u1ee7=\"\" m\u1ed9t=\"\" l\u1edbp=\"\" ch\u1ed1ng=\"\" x\u01b0\u1edbc=\"\" t\u1eeb=\"\" ra=\"\" ngo\u00e0i.=\"\" t\u1ea5t=\"\" c\u1ea3=\"\" \u0111\u1ec1u=\"\" t\u1ed1i=\"\" \u01b0u=\"\" h\u00f3a=\"\" t\u00ecnh=\"\" tr\u1ea1ng=\"\" \u1ed1=\"\" v\u00e0ng=\"\" theo=\"\" gian.=\"\" nt\u00edch=\"\" h\u1ee3p=\"\" nam=\"\" ch\u00e2m=\"\" gi\u00fap=\"\" c\u0103n=\"\" ch\u1ec9nh=\"\" ho\u00e0n=\"\" h\u1ea3o=\"\" 13,=\"\" mang=\"\" \u0111\u1ebfn=\"\" tr\u1ea3i=\"\" nghi\u1ec7m=\"\" g\u1eafn=\"\" th\u00e1o=\"\" v\u1eddi,=\"\" c\u0169ng=\"\" h\u1ed7=\"\" tr\u1ee3=\"\" s\u1ea1c=\"\" kh\u00f4ng=\"\" d\u00e2y=\"\" nhanh=\"\" \u0111\u00e1ng=\"\" k\u1ec3.=\"\" khi=\"\" s\u1ea1c,=\"\" ch\u1ec9=\"\" c\u1ea7n=\"\" tr\u00ean=\"\" v\u00e0o=\"\" b\u1ed9=\"\" magsafe=\"\" ho\u1eb7c=\"\" \u0111\u1eb7t=\"\" n\u00f3=\"\" ch\u1ee9ng=\"\" nh\u1eadn=\"\" qi.=\"\" nt\u01b0\u01a1ng=\"\" t\u1ef1=\"\" m\u1ecdi=\"\" k\u1ebf,=\"\" ph\u1ea3i=\"\" qua=\"\" h\u00e0ng=\"\" ngh\u00ecn=\"\" gi\u1edd=\"\" th\u1eed=\"\" qu\u00e1=\"\" tr\u00ecnh=\"\" s\u1ea3n=\"\" xu\u1ea5t.=\"\" v\u00ec=\"\" v\u1eady,=\"\" s\u1edf=\"\" h\u1eefu=\"\" \u01b0a=\"\" nh\u00ecn=\"\" m\u00e0=\"\" c\u00f2n=\"\" t\u1ea1o=\"\" kh\u1ecfi=\"\" tr\u1ea7y=\"\" r\u01a1i=\"\" r\u1edbt=\"\" c\u00e1ch=\"\" qu\u1ea3.\"}\"=\"\" style=\"color: rgb(0, 0, 0); font-size: 10pt; font-family: Arial;\">M\u1ecfng, nh\u1eb9 v\u00e0 d\u1ec5 s\u1eed d\u1ee5ng &#8211; chi\u1ebfc \u1ed1p l\u01b0ng do Apple thi\u1ebft k\u1ebf n\u00e0y t\u00f4 \u0111i\u1ec3m th\u00eam cho m\u00e0u s\u1eafc tuy\u1ec7t \u0111\u1eb9p v\u1ed1n c\u00f3 c\u1ee7a iPhone 13 \u0111\u1ed3ng th\u1eddi cung c\u1ea5p kh\u1ea3 n\u0103ng b\u1ea3o v\u1ec7 hi\u1ec7u qu\u1ea3 cho chi\u1ebfc \u0111i\u1ec7n tho\u1ea1i c\u1ee7a b\u1ea1n.<\/span><\/p>\n<p><span data-sheets-userformat=\"{\" 2\":513,\"3\":{\"1\":0},\"12\":0}\"=\"\" data-sheets-value=\"{\" 1\":2,\"2\":\"m\u1ecfng,=\"\" nh\u1eb9=\"\" v\u00e0=\"\" d\u1ec5=\"\" c\u1ea7m=\"\" n\u1eafm=\"\" -=\"\" chi\u1ebfc=\"\" \u1ed1p=\"\" l\u01b0ng=\"\" do=\"\" apple=\"\" thi\u1ebft=\"\" k\u1ebf=\"\" n\u00e0y=\"\" t\u00f4=\"\" \u0111i\u1ec3m=\"\" th\u00eam=\"\" cho=\"\" m\u00e0u=\"\" s\u1eafc=\"\" tuy\u1ec7t=\"\" \u0111\u1eb9p=\"\" v\u1ed1n=\"\" c\u00f3=\"\" c\u1ee7a=\"\" iphone=\"\" 13=\"\" \u0111\u1ed3ng=\"\" th\u1eddi=\"\" cung=\"\" c\u1ea5p=\"\" kh\u1ea3=\"\" n\u0103ng=\"\" b\u1ea3o=\"\" v\u1ec7=\"\" hi\u1ec7u=\"\" qu\u1ea3=\"\" \u0111i\u1ec7n=\"\" tho\u1ea1i=\"\" b\u1ea1n.n\u0110\u01b0\u1ee3c=\"\" ch\u1ebf=\"\" t\u00e1c=\"\" b\u1eb1ng=\"\" s\u1ef1=\"\" pha=\"\" tr\u1ed9n=\"\" gi\u1eefa=\"\" polycarbonate=\"\" quang=\"\" h\u1ecdc=\"\" trong=\"\" su\u1ed1t=\"\" c\u00f9ng=\"\" nhi\u1ec1u=\"\" v\u1eadt=\"\" li\u1ec7u=\"\" d\u1ebbo=\"\" dai=\"\" kh\u00e1c,=\"\" m\u00e1y=\"\" \u0111\u01b0\u1ee3c=\"\" l\u00e0m=\"\" v\u1eeba=\"\" v\u1eb7n=\"\" v\u1edbi=\"\" c\u00e1c=\"\" n\u00fat=\"\" \u0111\u1ec3=\"\" b\u1ea1n=\"\" d\u00e0ng=\"\" thao=\"\" t\u00e1c.=\"\" b\u1ec1=\"\" m\u1eb7t=\"\" ph\u1ee7=\"\" m\u1ed9t=\"\" l\u1edbp=\"\" ch\u1ed1ng=\"\" x\u01b0\u1edbc=\"\" t\u1eeb=\"\" ra=\"\" ngo\u00e0i.=\"\" t\u1ea5t=\"\" c\u1ea3=\"\" \u0111\u1ec1u=\"\" t\u1ed1i=\"\" \u01b0u=\"\" h\u00f3a=\"\" t\u00ecnh=\"\" tr\u1ea1ng=\"\" \u1ed1=\"\" v\u00e0ng=\"\" theo=\"\" gian.=\"\" nt\u00edch=\"\" h\u1ee3p=\"\" nam=\"\" ch\u00e2m=\"\" gi\u00fap=\"\" c\u0103n=\"\" ch\u1ec9nh=\"\" ho\u00e0n=\"\" h\u1ea3o=\"\" 13,=\"\" mang=\"\" \u0111\u1ebfn=\"\" tr\u1ea3i=\"\" nghi\u1ec7m=\"\" g\u1eafn=\"\" th\u00e1o=\"\" v\u1eddi,=\"\" c\u0169ng=\"\" h\u1ed7=\"\" tr\u1ee3=\"\" s\u1ea1c=\"\" kh\u00f4ng=\"\" d\u00e2y=\"\" nhanh=\"\" \u0111\u00e1ng=\"\" k\u1ec3.=\"\" khi=\"\" s\u1ea1c,=\"\" ch\u1ec9=\"\" c\u1ea7n=\"\" tr\u00ean=\"\" v\u00e0o=\"\" b\u1ed9=\"\" magsafe=\"\" ho\u1eb7c=\"\" \u0111\u1eb7t=\"\" n\u00f3=\"\" ch\u1ee9ng=\"\" nh\u1eadn=\"\" qi.=\"\" nt\u01b0\u01a1ng=\"\" t\u1ef1=\"\" m\u1ecdi=\"\" k\u1ebf,=\"\" ph\u1ea3i=\"\" qua=\"\" h\u00e0ng=\"\" ngh\u00ecn=\"\" gi\u1edd=\"\" th\u1eed=\"\" qu\u00e1=\"\" tr\u00ecnh=\"\" s\u1ea3n=\"\" xu\u1ea5t.=\"\" v\u00ec=\"\" v\u1eady,=\"\" s\u1edf=\"\" h\u1eefu=\"\" \u01b0a=\"\" nh\u00ecn=\"\" m\u00e0=\"\" c\u00f2n=\"\" t\u1ea1o=\"\" kh\u1ecfi=\"\" tr\u1ea7y=\"\" r\u01a1i=\"\" r\u1edbt=\"\" c\u00e1ch=\"\" qu\u1ea3.\"}\"=\"\" style=\"color: rgb(0, 0, 0); font-size: 10pt; font-family: Arial;\">\u0110\u01b0\u1ee3c ch\u1ebf t\u00e1c b\u1eb1ng s\u1ef1 pha tr\u1ed9n gi\u1eefa polycarbonate quang h\u1ecdc trong su\u1ed1t c\u00f9ng nhi\u1ec1u v\u1eadt li\u1ec7u d\u1ebbo dai kh\u00e1c, \u1ed1p l\u01b0ng m\u00e1y \u0111\u01b0\u1ee3c l\u00e0m v\u1eeba v\u1eb7n v\u1edbi c\u00e1c n\u00fat \u0111\u1ec3 b\u1ea1n d\u1ec5 d\u00e0ng thao t\u00e1c. B\u1ec1 m\u1eb7t \u1ed1p \u0111\u01b0\u1ee3c ph\u1ee7 m\u1ed9t l\u1edbp ch\u1ed1ng x\u01b0\u1edbc t\u1eeb trong ra ngo\u00e0i. T\u1ea5t c\u1ea3 c\u00e1c v\u1eadt li\u1ec7u v\u00e0 l\u1edbp ph\u1ee7 \u0111\u1ec1u \u0111\u01b0\u1ee3c t\u1ed1i \u01b0u h\u00f3a \u0111\u1ec3 ch\u1ed1ng t\u00ecnh tr\u1ea1ng \u1ed1 v\u00e0ng theo th\u1eddi gian.<\/span><\/p>\n<p><span data-sheets-userformat=\"{\" 2\":513,\"3\":{\"1\":0},\"12\":0}\"=\"\" data-sheets-value=\"{\" 1\":2,\"2\":\"m\u1ecfng,=\"\" nh\u1eb9=\"\" v\u00e0=\"\" d\u1ec5=\"\" c\u1ea7m=\"\" n\u1eafm=\"\" -=\"\" chi\u1ebfc=\"\" \u1ed1p=\"\" l\u01b0ng=\"\" do=\"\" apple=\"\" thi\u1ebft=\"\" k\u1ebf=\"\" n\u00e0y=\"\" t\u00f4=\"\" \u0111i\u1ec3m=\"\" th\u00eam=\"\" cho=\"\" m\u00e0u=\"\" s\u1eafc=\"\" tuy\u1ec7t=\"\" \u0111\u1eb9p=\"\" v\u1ed1n=\"\" c\u00f3=\"\" c\u1ee7a=\"\" iphone=\"\" 13=\"\" \u0111\u1ed3ng=\"\" th\u1eddi=\"\" cung=\"\" c\u1ea5p=\"\" kh\u1ea3=\"\" n\u0103ng=\"\" b\u1ea3o=\"\" v\u1ec7=\"\" hi\u1ec7u=\"\" qu\u1ea3=\"\" \u0111i\u1ec7n=\"\" tho\u1ea1i=\"\" b\u1ea1n.n\u0110\u01b0\u1ee3c=\"\" ch\u1ebf=\"\" t\u00e1c=\"\" b\u1eb1ng=\"\" s\u1ef1=\"\" pha=\"\" tr\u1ed9n=\"\" gi\u1eefa=\"\" polycarbonate=\"\" quang=\"\" h\u1ecdc=\"\" trong=\"\" su\u1ed1t=\"\" c\u00f9ng=\"\" nhi\u1ec1u=\"\" v\u1eadt=\"\" li\u1ec7u=\"\" d\u1ebbo=\"\" dai=\"\" kh\u00e1c,=\"\" m\u00e1y=\"\" \u0111\u01b0\u1ee3c=\"\" l\u00e0m=\"\" v\u1eeba=\"\" v\u1eb7n=\"\" v\u1edbi=\"\" c\u00e1c=\"\" n\u00fat=\"\" \u0111\u1ec3=\"\" b\u1ea1n=\"\" d\u00e0ng=\"\" thao=\"\" t\u00e1c.=\"\" b\u1ec1=\"\" m\u1eb7t=\"\" ph\u1ee7=\"\" m\u1ed9t=\"\" l\u1edbp=\"\" ch\u1ed1ng=\"\" x\u01b0\u1edbc=\"\" t\u1eeb=\"\" ra=\"\" ngo\u00e0i.=\"\" t\u1ea5t=\"\" c\u1ea3=\"\" \u0111\u1ec1u=\"\" t\u1ed1i=\"\" \u01b0u=\"\" h\u00f3a=\"\" t\u00ecnh=\"\" tr\u1ea1ng=\"\" \u1ed1=\"\" v\u00e0ng=\"\" theo=\"\" gian.=\"\" nt\u00edch=\"\" h\u1ee3p=\"\" nam=\"\" ch\u00e2m=\"\" gi\u00fap=\"\" c\u0103n=\"\" ch\u1ec9nh=\"\" ho\u00e0n=\"\" h\u1ea3o=\"\" 13,=\"\" mang=\"\" \u0111\u1ebfn=\"\" tr\u1ea3i=\"\" nghi\u1ec7m=\"\" g\u1eafn=\"\" th\u00e1o=\"\" v\u1eddi,=\"\" c\u0169ng=\"\" h\u1ed7=\"\" tr\u1ee3=\"\" s\u1ea1c=\"\" kh\u00f4ng=\"\" d\u00e2y=\"\" nhanh=\"\" \u0111\u00e1ng=\"\" k\u1ec3.=\"\" khi=\"\" s\u1ea1c,=\"\" ch\u1ec9=\"\" c\u1ea7n=\"\" tr\u00ean=\"\" v\u00e0o=\"\" b\u1ed9=\"\" magsafe=\"\" ho\u1eb7c=\"\" \u0111\u1eb7t=\"\" n\u00f3=\"\" ch\u1ee9ng=\"\" nh\u1eadn=\"\" qi.=\"\" nt\u01b0\u01a1ng=\"\" t\u1ef1=\"\" m\u1ecdi=\"\" k\u1ebf,=\"\" ph\u1ea3i=\"\" qua=\"\" h\u00e0ng=\"\" ngh\u00ecn=\"\" gi\u1edd=\"\" th\u1eed=\"\" qu\u00e1=\"\" tr\u00ecnh=\"\" s\u1ea3n=\"\" xu\u1ea5t.=\"\" v\u00ec=\"\" v\u1eady,=\"\" s\u1edf=\"\" h\u1eefu=\"\" \u01b0a=\"\" nh\u00ecn=\"\" m\u00e0=\"\" c\u00f2n=\"\" t\u1ea1o=\"\" kh\u1ecfi=\"\" tr\u1ea7y=\"\" r\u01a1i=\"\" r\u1edbt=\"\" c\u00e1ch=\"\" qu\u1ea3.\"}\"=\"\" style=\"color: rgb(0, 0, 0); font-size: 10pt; font-family: Arial;\">T\u00edch h\u1ee3p nam ch\u00e2m gi\u00fap c\u0103n ch\u1ec9nh ho\u00e0n h\u1ea3o cho iPhone 13, chi\u1ebfc \u1ed1p l\u01b0ng n\u00e0y mang \u0111\u1ebfn tr\u1ea3i nghi\u1ec7m g\u1eafn v\u00e0 th\u00e1o tuy\u1ec7t v\u1eddi, \u0111\u1ed3ng th\u1eddi c\u0169ng h\u1ed7 tr\u1ee3 s\u1ea1c kh\u00f4ng d\u00e2y nhanh \u0111\u00e1ng k\u1ec3. Khi s\u1ea1c, ch\u1ec9 c\u1ea7n \u0111\u1ec3 \u1ed1p tr\u00ean iPhone v\u00e0 g\u1eafn v\u00e0o b\u1ed9 s\u1ea1c MagSafe ho\u1eb7c \u0111\u1eb7t n\u00f3 tr\u00ean b\u1ed9 s\u1ea1c \u0111\u01b0\u1ee3c ch\u1ee9ng nh\u1eadn Qi.<\/span><\/p>\n<p><span data-sheets-userformat=\"{\" 2\":513,\"3\":{\"1\":0},\"12\":0}\"=\"\" data-sheets-value=\"{\" 1\":2,\"2\":\"m\u1ecfng,=\"\" nh\u1eb9=\"\" v\u00e0=\"\" d\u1ec5=\"\" c\u1ea7m=\"\" n\u1eafm=\"\" -=\"\" chi\u1ebfc=\"\" \u1ed1p=\"\" l\u01b0ng=\"\" do=\"\" apple=\"\" thi\u1ebft=\"\" k\u1ebf=\"\" n\u00e0y=\"\" t\u00f4=\"\" \u0111i\u1ec3m=\"\" th\u00eam=\"\" cho=\"\" m\u00e0u=\"\" s\u1eafc=\"\" tuy\u1ec7t=\"\" \u0111\u1eb9p=\"\" v\u1ed1n=\"\" c\u00f3=\"\" c\u1ee7a=\"\" iphone=\"\" 13=\"\" \u0111\u1ed3ng=\"\" th\u1eddi=\"\" cung=\"\" c\u1ea5p=\"\" kh\u1ea3=\"\" n\u0103ng=\"\" b\u1ea3o=\"\" v\u1ec7=\"\" hi\u1ec7u=\"\" qu\u1ea3=\"\" \u0111i\u1ec7n=\"\" tho\u1ea1i=\"\" b\u1ea1n.n\u0110\u01b0\u1ee3c=\"\" ch\u1ebf=\"\" t\u00e1c=\"\" b\u1eb1ng=\"\" s\u1ef1=\"\" pha=\"\" tr\u1ed9n=\"\" gi\u1eefa=\"\" polycarbonate=\"\" quang=\"\" h\u1ecdc=\"\" trong=\"\" su\u1ed1t=\"\" c\u00f9ng=\"\" nhi\u1ec1u=\"\" v\u1eadt=\"\" li\u1ec7u=\"\" d\u1ebbo=\"\" dai=\"\" kh\u00e1c,=\"\" m\u00e1y=\"\" \u0111\u01b0\u1ee3c=\"\" l\u00e0m=\"\" v\u1eeba=\"\" v\u1eb7n=\"\" v\u1edbi=\"\" c\u00e1c=\"\" n\u00fat=\"\" \u0111\u1ec3=\"\" b\u1ea1n=\"\" d\u00e0ng=\"\" thao=\"\" t\u00e1c.=\"\" b\u1ec1=\"\" m\u1eb7t=\"\" ph\u1ee7=\"\" m\u1ed9t=\"\" l\u1edbp=\"\" ch\u1ed1ng=\"\" x\u01b0\u1edbc=\"\" t\u1eeb=\"\" ra=\"\" ngo\u00e0i.=\"\" t\u1ea5t=\"\" c\u1ea3=\"\" \u0111\u1ec1u=\"\" t\u1ed1i=\"\" \u01b0u=\"\" h\u00f3a=\"\" t\u00ecnh=\"\" tr\u1ea1ng=\"\" \u1ed1=\"\" v\u00e0ng=\"\" theo=\"\" gian.=\"\" nt\u00edch=\"\" h\u1ee3p=\"\" nam=\"\" ch\u00e2m=\"\" gi\u00fap=\"\" c\u0103n=\"\" ch\u1ec9nh=\"\" ho\u00e0n=\"\" h\u1ea3o=\"\" 13,=\"\" mang=\"\" \u0111\u1ebfn=\"\" tr\u1ea3i=\"\" nghi\u1ec7m=\"\" g\u1eafn=\"\" th\u00e1o=\"\" v\u1eddi,=\"\" c\u0169ng=\"\" h\u1ed7=\"\" tr\u1ee3=\"\" s\u1ea1c=\"\" kh\u00f4ng=\"\" d\u00e2y=\"\" nhanh=\"\" \u0111\u00e1ng=\"\" k\u1ec3.=\"\" khi=\"\" s\u1ea1c,=\"\" ch\u1ec9=\"\" c\u1ea7n=\"\" tr\u00ean=\"\" v\u00e0o=\"\" b\u1ed9=\"\" magsafe=\"\" ho\u1eb7c=\"\" \u0111\u1eb7t=\"\" n\u00f3=\"\" ch\u1ee9ng=\"\" nh\u1eadn=\"\" qi.=\"\" nt\u01b0\u01a1ng=\"\" t\u1ef1=\"\" m\u1ecdi=\"\" k\u1ebf,=\"\" ph\u1ea3i=\"\" qua=\"\" h\u00e0ng=\"\" ngh\u00ecn=\"\" gi\u1edd=\"\" th\u1eed=\"\" qu\u00e1=\"\" tr\u00ecnh=\"\" s\u1ea3n=\"\" xu\u1ea5t.=\"\" v\u00ec=\"\" v\u1eady,=\"\" s\u1edf=\"\" h\u1eefu=\"\" \u01b0a=\"\" nh\u00ecn=\"\" m\u00e0=\"\" c\u00f2n=\"\" t\u1ea1o=\"\" kh\u1ecfi=\"\" tr\u1ea7y=\"\" r\u01a1i=\"\" r\u1edbt=\"\" c\u00e1ch=\"\" qu\u1ea3.\"}\"=\"\" style=\"color: rgb(0, 0, 0); font-size: 10pt; font-family: Arial;\">T\u01b0\u01a1ng t\u1ef1 m\u1ecdi \u1ed1p l\u01b0ng do Apple thi\u1ebft k\u1ebf, n\u00f3 ph\u1ea3i tr\u1ea3i qua h\u00e0ng ngh\u00ecn gi\u1edd th\u1eed nghi\u1ec7m trong su\u1ed1t qu\u00e1 tr\u00ecnh thi\u1ebft k\u1ebf v\u00e0 s\u1ea3n xu\u1ea5t. V\u00ec v\u1eady, n\u00f3 kh\u00f4ng ch\u1ec9 s\u1edf h\u1eefu thi\u1ebft k\u1ebf \u01b0a nh\u00ecn m\u00e0 c\u00f2n \u0111\u01b0\u1ee3c ch\u1ebf t\u1ea1o \u0111\u1ec3 b\u1ea3o v\u1ec7 iPhone c\u1ee7a b\u1ea1n kh\u1ecfi tr\u1ea7y x\u01b0\u1edbc v\u00e0 r\u01a1i r\u1edbt m\u1ed9t c\u00e1ch hi\u1ec7u qu\u1ea3.<\/span><\/p>\n<div class=\"bg-article\"><\/div>\n<p> <a href=\"javascript:;\" class=\"btn-detail\" onclick=\"$(this).remove();$('.bg-article').remove();$('.text-detail').addClass('expand')\"><span>Xem th\u00eam<\/span><\/a> <\/div>\n","protected":false},"excerpt":{"rendered":"<p>M\u1ecfng, nh\u1eb9 v\u00e0 d\u1ec5 s\u1eed d\u1ee5ng &#8211; chi\u1ebfc \u1ed1p l\u01b0ng do Apple thi\u1ebft k\u1ebf n\u00e0y t\u00f4 \u0111i\u1ec3m th\u00eam cho m\u00e0u s\u1eafc tuy\u1ec7t \u0111\u1eb9p v\u1ed1n c\u00f3 c\u1ee7a iPhone 13 \u0111\u1ed3ng th\u1eddi cung c\u1ea5p kh\u1ea3 n\u0103ng b\u1ea3o v\u1ec7 hi\u1ec7u qu\u1ea3 cho chi\u1ebfc \u0111i\u1ec7n tho\u1ea1i c\u1ee7a b\u1ea1n. \u0110\u01b0\u1ee3c ch\u1ebf t\u00e1c b\u1eb1ng s\u1ef1 pha tr\u1ed9n gi\u1eefa polycarbonate quang h\u1ecdc &#8230; <a title=\"\u1ed0p l\u01b0ng nh\u1ef1a trong iPhone 13 s\u1ea1c MagSafe\" class=\"read-more\" href=\"https:\/\/demo8.thuythu.com\/lebaostore\/phu-kien\/op-lung-nhua-trong-iphone-13-sac-magsafe\/\" aria-label=\"More on \u1ed0p l\u01b0ng nh\u1ef1a trong iPhone 13 s\u1ea1c MagSafe\">Read more<\/a><\/p>\n","protected":false},"featured_media":1470,"template":"","meta":[],"product_cat":[23],"product_tag":[],"_links":{"self":[{"href":"https:\/\/demo8.thuythu.com\/lebaostore\/wp-json\/wp\/v2\/product\/3017"}],"collection":[{"href":"https:\/\/demo8.thuythu.com\/lebaostore\/wp-json\/wp\/v2\/product"}],"about":[{"href":"https:\/\/demo8.thuythu.com\/lebaostore\/wp-json\/wp\/v2\/types\/product"}],"wp:featuredmedia":[{"embeddable":true,"href":"https:\/\/demo8.thuythu.com\/lebaostore\/wp-json\/wp\/v2\/media\/1470"}],"wp:attachment":[{"href":"https:\/\/demo8.thuythu.com\/lebaostore\/wp-json\/wp\/v2\/media?parent=3017"}],"wp:term":[{"taxonomy":"product_cat","embeddable":true,"href":"https:\/\/demo8.thuythu.com\/lebaostore\/wp-json\/wp\/v2\/product_cat?post=3017"},{"taxonomy":"product_tag","embeddable":true,"href":"https:\/\/demo8.thuythu.com\/lebaostore\/wp-json\/wp\/v2\/product_tag?post=3017"}],"curies":[{"name":"wp","href":"https:\/\/api.w.org\/{rel}","templated":true}]}}