{"id":3045,"date":"2022-01-21T11:51:40","date_gmt":"2022-01-21T04:51:40","guid":{"rendered":"https:\/\/demo8.thuythu.com\/lebaostore\/product\/cap-chuyen-doi-usb-c-sang-vga-multiport\/"},"modified":"2022-01-21T11:51:44","modified_gmt":"2022-01-21T04:51:44","slug":"cap-chuyen-doi-usb-c-sang-vga-multiport","status":"publish","type":"product","link":"https:\/\/demo8.thuythu.com\/lebaostore\/phu-kien\/cap-chuyen-doi-usb-c-sang-vga-multiport\/","title":{"rendered":"C\u00e1p chuy\u1ec3n \u0111\u1ed5i USB-C sang VGA Multiport"},"content":{"rendered":"<div class=\"text-detail expand\">\n<p>C\u00e1p USB-C VGA Multiport cho ph\u00e9p b\u1ea1n k\u1ebft n\u1ed1i Mac v\u00e0 iPad Pro h\u1ed7 tr\u1ee3 USB-C ho\u1eb7c Thunderbolt 3 (USB-C) v\u1edbi m\u00e0n h\u00ecnh VGA, \u0111\u1ed3ng th\u1eddi k\u1ebft n\u1ed1i thi\u1ebft b\u1ecb USB ti\u00eau chu\u1ea9n v\u00e0 c\u00e1p s\u1ea1c USB-C.<\/p>\n<p>C\u00e1p USB-C VGA Multiport cho ph\u00e9p b\u1ea1n ph\u1ea3n chi\u1ebfu m\u00e0n h\u00ecnh Mac ho\u1eb7c iPad Pro l\u00ean m\u00e0n h\u00ecnh ho\u1eb7c TV h\u1ed7 tr\u1ee3 VGA v\u1edbi \u0111\u1ed9 ph\u00e2n gi\u1ea3i l\u00ean \u0111\u1ebfn 1080p. Ph\u1ee5 ki\u1ec7n n\u00e0y c\u0169ng xu\u1ea5t n\u1ed9i dung video nh\u01b0 phim v\u00e0 video \u0111\u00e3 quay. Ch\u1ec9 c\u1ea7n k\u1ebft n\u1ed1i c\u00e1p chuy\u1ec3n \u0111\u1ed5i v\u1edbi c\u1ed5ng USB-C ho\u1eb7c Thunderbolt 3 (USB-C) tr\u00ean Mac ho\u1eb7c iPad v\u00e0 sau \u0111\u00f3 l\u00e0 TV ho\u1eb7c m\u00e1y chi\u1ebfu qua c\u00e1p VGA (kh\u00f4ng b\u00e1n k\u00e8m).<\/p>\n<p>S\u1eed d\u1ee5ng c\u1ed5ng USB ti\u00eau chu\u1ea9n \u0111\u1ec3 k\u1ebft n\u1ed1i c\u00e1c thi\u1ebft b\u1ecb nh\u01b0 \u1ed5 \u0111\u0129a flash ho\u1eb7c m\u00e1y \u1ea3nh \u0111\u1ec3 \u0111\u1ed3ng b\u1ed9 h\u00f3a v\u00e0 s\u1ea1c iPhone, iPad ho\u1eb7c iPod. B\u1ea1n c\u0169ng c\u00f3 th\u1ec3 k\u1ebft n\u1ed1i c\u00e1p s\u1ea1c v\u1edbi c\u1ed5ng USB-C \u0111\u1ec3 s\u1ea1c Mac ho\u1eb7c iPad Pro.<\/p>\n<\/p><\/div>\n","protected":false},"excerpt":{"rendered":"<p>C\u00e1p USB-C VGA Multiport cho ph\u00e9p b\u1ea1n k\u1ebft n\u1ed1i Mac v\u00e0 iPad Pro h\u1ed7 tr\u1ee3 USB-C ho\u1eb7c Thunderbolt 3 (USB-C) v\u1edbi m\u00e0n h\u00ecnh VGA, \u0111\u1ed3ng th\u1eddi k\u1ebft n\u1ed1i thi\u1ebft b\u1ecb USB ti\u00eau chu\u1ea9n v\u00e0 c\u00e1p s\u1ea1c USB-C. C\u00e1p USB-C VGA Multiport cho ph\u00e9p b\u1ea1n ph\u1ea3n chi\u1ebfu m\u00e0n h\u00ecnh Mac ho\u1eb7c iPad Pro l\u00ean m\u00e0n h\u00ecnh &#8230; <a title=\"C\u00e1p chuy\u1ec3n \u0111\u1ed5i USB-C sang VGA Multiport\" class=\"read-more\" href=\"https:\/\/demo8.thuythu.com\/lebaostore\/phu-kien\/cap-chuyen-doi-usb-c-sang-vga-multiport\/\" aria-label=\"More on C\u00e1p chuy\u1ec3n \u0111\u1ed5i USB-C sang VGA Multiport\">Read more<\/a><\/p>\n","protected":false},"featured_media":1531,"template":"","meta":[],"product_cat":[23],"product_tag":[],"_links":{"self":[{"href":"https:\/\/demo8.thuythu.com\/lebaostore\/wp-json\/wp\/v2\/product\/3045"}],"collection":[{"href":"https:\/\/demo8.thuythu.com\/lebaostore\/wp-json\/wp\/v2\/product"}],"about":[{"href":"https:\/\/demo8.thuythu.com\/lebaostore\/wp-json\/wp\/v2\/types\/product"}],"wp:featuredmedia":[{"embeddable":true,"href":"https:\/\/demo8.thuythu.com\/lebaostore\/wp-json\/wp\/v2\/media\/1531"}],"wp:attachment":[{"href":"https:\/\/demo8.thuythu.com\/lebaostore\/wp-json\/wp\/v2\/media?parent=3045"}],"wp:term":[{"taxonomy":"product_cat","embeddable":true,"href":"https:\/\/demo8.thuythu.com\/lebaostore\/wp-json\/wp\/v2\/product_cat?post=3045"},{"taxonomy":"product_tag","embeddable":true,"href":"https:\/\/demo8.thuythu.com\/lebaostore\/wp-json\/wp\/v2\/product_tag?post=3045"}],"curies":[{"name":"wp","href":"https:\/\/api.w.org\/{rel}","templated":true}]}}