{"id":3047,"date":"2022-01-21T11:51:40","date_gmt":"2022-01-21T04:51:40","guid":{"rendered":"https:\/\/demo8.thuythu.com\/lebaostore\/product\/cap-chuyen-doi-thunderbolt-3-usb-c-sang-thunderbolt-2\/"},"modified":"2022-01-21T11:51:44","modified_gmt":"2022-01-21T04:51:44","slug":"cap-chuyen-doi-thunderbolt-3-usb-c-sang-thunderbolt-2","status":"publish","type":"product","link":"https:\/\/demo8.thuythu.com\/lebaostore\/phu-kien\/cap-chuyen-doi-thunderbolt-3-usb-c-sang-thunderbolt-2\/","title":{"rendered":"C\u00e1p chuy\u1ec3n \u0111\u1ed5i Thunderbolt 3 (USB-C) sang Thunderbolt 2"},"content":{"rendered":"<div class=\"text-detail \">\n<p>C\u00e1p Chuy\u1ec3n \u0110\u1ed5i Thunderbolt 2 sang Thunderbolt 3 (USB-C) cho ph\u00e9p b\u1ea1n k\u1ebft n\u1ed1i c\u00e1c thi\u1ebft b\u1ecb Thunderbolt v\u00e0 Thunderbolt 2, ch\u1eb3ng h\u1ea1n nh\u01b0 \u1ed5 \u0111\u0129a c\u1ee9ng ngo\u00e0i v\u00e0 dock Thunderbolt v\u1edbi b\u1ea5t k\u1ef3 c\u1ed5ng Thunderbolt 3 (USB-C)\/USB 4 n\u00e0o tr\u00ean m\u00e1y Mac.<\/p>\n<p>L\u00e0 c\u00e1p chuy\u1ec3n \u0111\u1ed5i hai chi\u1ec1u, c\u00e1p n\u00e0y c\u0169ng c\u00f3 th\u1ec3 k\u1ebft n\u1ed1i c\u00e1c thi\u1ebft b\u1ecb m\u1edbi c\u00f3 c\u1ed5ng Thunderbolt 3 v\u1edbi m\u00e1y t\u00ednh Mac c\u00f3 c\u1ed5ng Thunderbolt ho\u1eb7c Thunderbolt 2 v\u00e0 thi\u1ebft b\u1ecb ch\u1ea1y h\u1ec7 \u0111i\u1ec1u h\u00e0nh macOS Sierra ho\u1eb7c c\u00e1c phi\u00ean b\u1ea3n cao h\u01a1n.<\/p>\n<p>Ngo\u00e0i ra, c\u00e1p chuy\u1ec3n \u0111\u1ed5i n\u00e0y c\u00f3 th\u1ec3 \u0111\u01b0\u1ee3c s\u1eed d\u1ee5ng \u0111\u1ec3 k\u1ebft n\u1ed1i m\u00e0n h\u00ecnh h\u1ed7 tr\u1ee3 Thunderbolt, ch\u1eb3ng h\u1ea1n nh\u01b0 m\u00e0n h\u00ecnh Apple Thunderbolt Display v\u00e0 LG Thunderbolt 2 v\u1edbi b\u1ea5t k\u1ef3 c\u1ed5ng Thunderbolt 3 (USB-C)\/USB 4 n\u00e0o tr\u00ean m\u00e1y Mac. Tuy nhi\u00ean, vi\u1ec7c s\u1eed d\u1ee5ng c\u00e1p chuy\u1ec3n \u0111\u1ed5i n\u00e0y v\u1edbi m\u00e0n h\u00ecnh Apple Thunderbolt Display c\u1ea7n ph\u1ea3i c\u00f3 ngu\u1ed3n \u0111i\u1ec7n v\u00ec m\u00e0n h\u00ecnh kh\u00f4ng cung c\u1ea5p \u0111i\u1ec7n qua c\u00e1p chuy\u1ec3n \u0111\u1ed5i.<\/p>\n<p>L\u01b0u \u00fd: C\u00e1p chuy\u1ec3n \u0111\u1ed5i n\u00e0y kh\u00f4ng h\u1ed7 tr\u1ee3 c\u00e1c m\u00e0n h\u00ecnh DisplayPort nh\u01b0 Apple LED Cinema Display ho\u1eb7c m\u00e0n h\u00ecnh Mini DisplayPort ho\u1eb7c DisplayPort c\u1ee7a b\u00ean th\u1ee9 3.&nbsp;<\/p>\n<div class=\"bg-article\"><\/div>\n<p> <a href=\"javascript:;\" class=\"btn-detail\" onclick=\"$(this).remove();$('.bg-article').remove();$('.text-detail').addClass('expand')\"><span>Xem th\u00eam<\/span><\/a> <\/div>\n","protected":false},"excerpt":{"rendered":"<p>C\u00e1p Chuy\u1ec3n \u0110\u1ed5i Thunderbolt 2 sang Thunderbolt 3 (USB-C) cho ph\u00e9p b\u1ea1n k\u1ebft n\u1ed1i c\u00e1c thi\u1ebft b\u1ecb Thunderbolt v\u00e0 Thunderbolt 2, ch\u1eb3ng h\u1ea1n nh\u01b0 \u1ed5 \u0111\u0129a c\u1ee9ng ngo\u00e0i v\u00e0 dock Thunderbolt v\u1edbi b\u1ea5t k\u1ef3 c\u1ed5ng Thunderbolt 3 (USB-C)\/USB 4 n\u00e0o tr\u00ean m\u00e1y Mac. L\u00e0 c\u00e1p chuy\u1ec3n \u0111\u1ed5i hai chi\u1ec1u, c\u00e1p n\u00e0y c\u0169ng c\u00f3 th\u1ec3 k\u1ebft &#8230; <a title=\"C\u00e1p chuy\u1ec3n \u0111\u1ed5i Thunderbolt 3 (USB-C) sang Thunderbolt 2\" class=\"read-more\" href=\"https:\/\/demo8.thuythu.com\/lebaostore\/phu-kien\/cap-chuyen-doi-thunderbolt-3-usb-c-sang-thunderbolt-2\/\" aria-label=\"More on C\u00e1p chuy\u1ec3n \u0111\u1ed5i Thunderbolt 3 (USB-C) sang Thunderbolt 2\">Read more<\/a><\/p>\n","protected":false},"featured_media":1535,"template":"","meta":[],"product_cat":[23],"product_tag":[],"_links":{"self":[{"href":"https:\/\/demo8.thuythu.com\/lebaostore\/wp-json\/wp\/v2\/product\/3047"}],"collection":[{"href":"https:\/\/demo8.thuythu.com\/lebaostore\/wp-json\/wp\/v2\/product"}],"about":[{"href":"https:\/\/demo8.thuythu.com\/lebaostore\/wp-json\/wp\/v2\/types\/product"}],"wp:featuredmedia":[{"embeddable":true,"href":"https:\/\/demo8.thuythu.com\/lebaostore\/wp-json\/wp\/v2\/media\/1535"}],"wp:attachment":[{"href":"https:\/\/demo8.thuythu.com\/lebaostore\/wp-json\/wp\/v2\/media?parent=3047"}],"wp:term":[{"taxonomy":"product_cat","embeddable":true,"href":"https:\/\/demo8.thuythu.com\/lebaostore\/wp-json\/wp\/v2\/product_cat?post=3047"},{"taxonomy":"product_tag","embeddable":true,"href":"https:\/\/demo8.thuythu.com\/lebaostore\/wp-json\/wp\/v2\/product_tag?post=3047"}],"curies":[{"name":"wp","href":"https:\/\/api.w.org\/{rel}","templated":true}]}}