{"id":3053,"date":"2022-01-21T11:51:40","date_gmt":"2022-01-21T04:51:40","guid":{"rendered":"https:\/\/demo8.thuythu.com\/lebaostore\/product\/cap-sac-usb-c-1m\/"},"modified":"2022-01-21T11:51:46","modified_gmt":"2022-01-21T04:51:46","slug":"cap-sac-usb-c-1m","status":"publish","type":"product","link":"https:\/\/demo8.thuythu.com\/lebaostore\/phu-kien\/cap-sac-usb-c-1m\/","title":{"rendered":"C\u00e1p s\u1ea1c USB-C 1m"},"content":{"rendered":"<div class=\"text-detail expand\">\n<p>C\u00e1p s\u1ea1c d\u00e0i 1m n\u00e0y \u2014 v\u1edbi c\u1ed5ng k\u1ebft n\u1ed1i USB-C \u1edf c\u1ea3 hai \u0111\u1ea7u \u2014 l\u00e0 ph\u1ee5 ki\u1ec7n l\u00fd t\u01b0\u1edfng \u0111\u1ec3 s\u1ea1c, \u0111\u1ed3ng b\u1ed9 h\u00f3a v\u00e0 chuy\u1ec3n d\u1eef li\u1ec7u gi\u1eefa c\u00e1c thi\u1ebft b\u1ecb USB-C. K\u1ebft n\u1ed1i C\u00e1p S\u1ea1c USB-C v\u1edbi b\u1ed9 s\u1ea1c USB-C t\u01b0\u01a1ng th\u00edch \u0111\u1ec3 s\u1ea1c thi\u1ebft b\u1ecb t\u1eeb \u1ed5 c\u1eafm \u0111i\u1ec7n tr\u00ean t\u01b0\u1eddng v\u00e0 t\u1eadn d\u1ee5ng t\u00ednh n\u0103ng s\u1ea1c nhanh. Kh\u00f4ng b\u00e1n k\u00e8m B\u1ed9 S\u1ea1c USB-C.<\/p>\n<p>Apple khuy\u1ebfn ngh\u1ecb k\u1ebft h\u1ee3p nh\u01b0 sau:&nbsp;<\/p>\n<p>iPad Pro 11 inch (th\u1ebf h\u1ec7 th\u1ee9 1, 2 v\u00e0 3), iPad Pro 12.9 inch (th\u1ebf h\u1ec7 th\u1ee9 3, 4 v\u00e0 5) v\u00e0 iPad Air (th\u1ebf h\u1ec7 th\u1ee9 4) v\u1edbi B\u1ed9 S\u1ea1c Apple USB-C 20W.<\/p>\n<\/p><\/div>\n","protected":false},"excerpt":{"rendered":"<p>C\u00e1p s\u1ea1c d\u00e0i 1m n\u00e0y \u2014 v\u1edbi c\u1ed5ng k\u1ebft n\u1ed1i USB-C \u1edf c\u1ea3 hai \u0111\u1ea7u \u2014 l\u00e0 ph\u1ee5 ki\u1ec7n l\u00fd t\u01b0\u1edfng \u0111\u1ec3 s\u1ea1c, \u0111\u1ed3ng b\u1ed9 h\u00f3a v\u00e0 chuy\u1ec3n d\u1eef li\u1ec7u gi\u1eefa c\u00e1c thi\u1ebft b\u1ecb USB-C. K\u1ebft n\u1ed1i C\u00e1p S\u1ea1c USB-C v\u1edbi b\u1ed9 s\u1ea1c USB-C t\u01b0\u01a1ng th\u00edch \u0111\u1ec3 s\u1ea1c thi\u1ebft b\u1ecb t\u1eeb \u1ed5 c\u1eafm \u0111i\u1ec7n tr\u00ean &#8230; <a title=\"C\u00e1p s\u1ea1c USB-C 1m\" class=\"read-more\" href=\"https:\/\/demo8.thuythu.com\/lebaostore\/phu-kien\/cap-sac-usb-c-1m\/\" aria-label=\"More on C\u00e1p s\u1ea1c USB-C 1m\">Read more<\/a><\/p>\n","protected":false},"featured_media":1552,"template":"","meta":[],"product_cat":[23],"product_tag":[],"_links":{"self":[{"href":"https:\/\/demo8.thuythu.com\/lebaostore\/wp-json\/wp\/v2\/product\/3053"}],"collection":[{"href":"https:\/\/demo8.thuythu.com\/lebaostore\/wp-json\/wp\/v2\/product"}],"about":[{"href":"https:\/\/demo8.thuythu.com\/lebaostore\/wp-json\/wp\/v2\/types\/product"}],"wp:featuredmedia":[{"embeddable":true,"href":"https:\/\/demo8.thuythu.com\/lebaostore\/wp-json\/wp\/v2\/media\/1552"}],"wp:attachment":[{"href":"https:\/\/demo8.thuythu.com\/lebaostore\/wp-json\/wp\/v2\/media?parent=3053"}],"wp:term":[{"taxonomy":"product_cat","embeddable":true,"href":"https:\/\/demo8.thuythu.com\/lebaostore\/wp-json\/wp\/v2\/product_cat?post=3053"},{"taxonomy":"product_tag","embeddable":true,"href":"https:\/\/demo8.thuythu.com\/lebaostore\/wp-json\/wp\/v2\/product_tag?post=3053"}],"curies":[{"name":"wp","href":"https:\/\/api.w.org\/{rel}","templated":true}]}}