{"id":3057,"date":"2022-01-21T11:51:48","date_gmt":"2022-01-21T04:51:48","guid":{"rendered":"https:\/\/demo8.thuythu.com\/lebaostore\/product\/cap-usb-c-thunderbolt-3-apple-0-8-m\/"},"modified":"2022-01-21T11:51:50","modified_gmt":"2022-01-21T04:51:50","slug":"cap-usb-c-thunderbolt-3-apple-0-8-m","status":"publish","type":"product","link":"https:\/\/demo8.thuythu.com\/lebaostore\/phu-kien\/cap-usb-c-thunderbolt-3-apple-0-8-m\/","title":{"rendered":"C\u00e1p USB-C Thunderbolt 3 Apple 0.8 m"},"content":{"rendered":"<div class=\"text-detail expand\">\n<p>C\u00e1p d\u00e0i 0.8m n\u00e0y h\u1ed7 tr\u1ee3 truy\u1ec1n d\u1eef li\u1ec7u Thunderbolt 3 v\u1edbi t\u1ed1c \u0111\u1ed9 l\u00ean \u0111\u1ebfn 40Gbps, truy\u1ec1n d\u1eef li\u1ec7u USB 3.1 Gen 2 l\u00ean \u0111\u1ebfn 10Gbps, \u0111\u1ea7u ra video DisplayPort (HBR3) v\u00e0 s\u1ea1c c\u00f3 c\u00f4ng su\u1ea5t l\u00ean \u0111\u1ebfn 100W. S\u1eed d\u1ee5ng c\u00e1p n\u00e0y \u0111\u1ec3 k\u1ebft n\u1ed1i Mac c\u00f3 c\u1ed5ng Thunderbolt 3 (USB-C)\/USB4 v\u1edbi c\u00e1c thi\u1ebft b\u1ecb Thunderbolt 3, ch\u1eb3ng h\u1ea1n nh\u01b0 dock, \u1ed5 \u0111\u0129a c\u1ee9ng v\u00e0 m\u00e0n h\u00ecnh. B\u1ea1n c\u00f3 th\u1ec3 k\u1ebft n\u1ed1i ngang h\u00e0ng t\u1edbi s\u00e1u thi\u1ebft b\u1ecb Thunderbolt 3.<\/p>\n<h3><strong>\u0110i\u1ec3m n\u1ed5i b\u1eadt<\/strong><\/h3>\n<ul>\n<li>Truy\u1ec1n d\u1eef li\u1ec7u v\u1edbi t\u1ed1c \u0111\u1ed9 l\u00ean \u0111\u1ebfn 40Gbps.<\/li>\n<li>Truy\u1ec1n d\u1eef li\u1ec7u USB 3.1 Gen 2 v\u1edbi t\u1ed1c \u0111\u1ed9 l\u00ean \u0111\u1ebfn 10Gbps.<\/li>\n<li>\u0110\u1ea7u ra video DisplayPort (HBR3).<\/li>\n<li>K\u1ebft n\u1ed1i v\u1edbi c\u00e1c m\u00e0n h\u00ecnh v\u00e0 thi\u1ebft b\u1ecb c\u00f3 c\u1ed5ng Thunderbolt 3 ho\u1eb7c USB-C.<\/li>\n<li>S\u1ea1c \u0111i\u1ec7n v\u1edbi c\u00f4ng su\u1ea5t l\u00ean \u0111\u1ebfn 100 watt.<\/li>\n<li>Logo Thunderbolt \u0111\u01b0\u1ee3c kh\u1eafc tr\u00ean \u0111\u1ea7u k\u1ebft n\u1ed1i gi\u00fap c\u00e1p n\u1ed5i b\u1eadt.<\/li>\n<li>K\u1ebft n\u1ed1i ngang h\u00e0ng t\u1ed1i \u0111a s\u00e1u thi\u1ebft b\u1ecb Thunderbolt 3.<\/li>\n<\/ul><\/div>\n","protected":false},"excerpt":{"rendered":"<p>C\u00e1p d\u00e0i 0.8m n\u00e0y h\u1ed7 tr\u1ee3 truy\u1ec1n d\u1eef li\u1ec7u Thunderbolt 3 v\u1edbi t\u1ed1c \u0111\u1ed9 l\u00ean \u0111\u1ebfn 40Gbps, truy\u1ec1n d\u1eef li\u1ec7u USB 3.1 Gen 2 l\u00ean \u0111\u1ebfn 10Gbps, \u0111\u1ea7u ra video DisplayPort (HBR3) v\u00e0 s\u1ea1c c\u00f3 c\u00f4ng su\u1ea5t l\u00ean \u0111\u1ebfn 100W. S\u1eed d\u1ee5ng c\u00e1p n\u00e0y \u0111\u1ec3 k\u1ebft n\u1ed1i Mac c\u00f3 c\u1ed5ng Thunderbolt 3 (USB-C)\/USB4 v\u1edbi c\u00e1c &#8230; <a title=\"C\u00e1p USB-C Thunderbolt 3 Apple 0.8 m\" class=\"read-more\" href=\"https:\/\/demo8.thuythu.com\/lebaostore\/phu-kien\/cap-usb-c-thunderbolt-3-apple-0-8-m\/\" aria-label=\"More on C\u00e1p USB-C Thunderbolt 3 Apple 0.8 m\">Read more<\/a><\/p>\n","protected":false},"featured_media":1560,"template":"","meta":[],"product_cat":[23],"product_tag":[],"_links":{"self":[{"href":"https:\/\/demo8.thuythu.com\/lebaostore\/wp-json\/wp\/v2\/product\/3057"}],"collection":[{"href":"https:\/\/demo8.thuythu.com\/lebaostore\/wp-json\/wp\/v2\/product"}],"about":[{"href":"https:\/\/demo8.thuythu.com\/lebaostore\/wp-json\/wp\/v2\/types\/product"}],"wp:featuredmedia":[{"embeddable":true,"href":"https:\/\/demo8.thuythu.com\/lebaostore\/wp-json\/wp\/v2\/media\/1560"}],"wp:attachment":[{"href":"https:\/\/demo8.thuythu.com\/lebaostore\/wp-json\/wp\/v2\/media?parent=3057"}],"wp:term":[{"taxonomy":"product_cat","embeddable":true,"href":"https:\/\/demo8.thuythu.com\/lebaostore\/wp-json\/wp\/v2\/product_cat?post=3057"},{"taxonomy":"product_tag","embeddable":true,"href":"https:\/\/demo8.thuythu.com\/lebaostore\/wp-json\/wp\/v2\/product_tag?post=3057"}],"curies":[{"name":"wp","href":"https:\/\/api.w.org\/{rel}","templated":true}]}}