{"id":3063,"date":"2022-01-21T11:51:48","date_gmt":"2022-01-21T04:51:48","guid":{"rendered":"https:\/\/demo8.thuythu.com\/lebaostore\/product\/cap-sac-lightning-1m\/"},"modified":"2022-01-21T11:51:49","modified_gmt":"2022-01-21T04:51:49","slug":"cap-sac-lightning-1m","status":"publish","type":"product","link":"https:\/\/demo8.thuythu.com\/lebaostore\/phu-kien\/cap-sac-lightning-1m\/","title":{"rendered":"C\u00e1p s\u1ea1c Lightning 1m"},"content":{"rendered":"<div class=\"text-detail expand\">\n<p>C\u00e1p USB 2.0 n\u00e0y k\u1ebft n\u1ed1i iPhone, iPad ho\u1eb7c iPod c\u00f3 c\u1ed5ng Lightning v\u1edbi c\u1ed5ng USB tr\u00ean m\u00e1y vi t\u00ednh \u0111\u1ec3 \u0111\u1ed3ng b\u1ed9 h\u00f3a v\u00e0 s\u1ea1c. Ho\u1eb7c b\u1ea1n c\u00f3 th\u1ec3 k\u1ebft n\u1ed1i v\u1edbi B\u1ed9 S\u1ea1c Apple USB \u0111\u1ec3 s\u1ea1c t\u1eeb \u1ed5 c\u1eafm \u0111i\u1ec7n tr\u00ean t\u01b0\u1eddng.*<\/p>\n<p>*Kh\u00f4ng h\u1ed7 tr\u1ee3 \u0111\u1ea7u ra video ho\u1eb7c \u00e2m thanh.<\/p>\n<p>&nbsp;<\/p>\n<\/p><\/div>\n","protected":false},"excerpt":{"rendered":"<p>C\u00e1p USB 2.0 n\u00e0y k\u1ebft n\u1ed1i iPhone, iPad ho\u1eb7c iPod c\u00f3 c\u1ed5ng Lightning v\u1edbi c\u1ed5ng USB tr\u00ean m\u00e1y vi t\u00ednh \u0111\u1ec3 \u0111\u1ed3ng b\u1ed9 h\u00f3a v\u00e0 s\u1ea1c. Ho\u1eb7c b\u1ea1n c\u00f3 th\u1ec3 k\u1ebft n\u1ed1i v\u1edbi B\u1ed9 S\u1ea1c Apple USB \u0111\u1ec3 s\u1ea1c t\u1eeb \u1ed5 c\u1eafm \u0111i\u1ec7n tr\u00ean t\u01b0\u1eddng.* *Kh\u00f4ng h\u1ed7 tr\u1ee3 \u0111\u1ea7u ra video ho\u1eb7c \u00e2m thanh. &nbsp;<\/p>\n","protected":false},"featured_media":1573,"template":"","meta":[],"product_cat":[23],"product_tag":[],"_links":{"self":[{"href":"https:\/\/demo8.thuythu.com\/lebaostore\/wp-json\/wp\/v2\/product\/3063"}],"collection":[{"href":"https:\/\/demo8.thuythu.com\/lebaostore\/wp-json\/wp\/v2\/product"}],"about":[{"href":"https:\/\/demo8.thuythu.com\/lebaostore\/wp-json\/wp\/v2\/types\/product"}],"wp:featuredmedia":[{"embeddable":true,"href":"https:\/\/demo8.thuythu.com\/lebaostore\/wp-json\/wp\/v2\/media\/1573"}],"wp:attachment":[{"href":"https:\/\/demo8.thuythu.com\/lebaostore\/wp-json\/wp\/v2\/media?parent=3063"}],"wp:term":[{"taxonomy":"product_cat","embeddable":true,"href":"https:\/\/demo8.thuythu.com\/lebaostore\/wp-json\/wp\/v2\/product_cat?post=3063"},{"taxonomy":"product_tag","embeddable":true,"href":"https:\/\/demo8.thuythu.com\/lebaostore\/wp-json\/wp\/v2\/product_tag?post=3063"}],"curies":[{"name":"wp","href":"https:\/\/api.w.org\/{rel}","templated":true}]}}