{"id":3067,"date":"2022-01-21T11:51:48","date_gmt":"2022-01-21T04:51:48","guid":{"rendered":"https:\/\/demo8.thuythu.com\/lebaostore\/product\/adapter-sac-magsafe-cho-apple-watch-1-m\/"},"modified":"2022-01-21T11:51:50","modified_gmt":"2022-01-21T04:51:50","slug":"adapter-sac-magsafe-cho-apple-watch-1-m","status":"publish","type":"product","link":"https:\/\/demo8.thuythu.com\/lebaostore\/phu-kien\/adapter-sac-magsafe-cho-apple-watch-1-m\/","title":{"rendered":"Adapter s\u1ea1c MagSafe cho Apple Watch 1 m"},"content":{"rendered":"<div class=\"text-detail expand\">\n<p>S\u1ea1c Apple Watch c\u1ef1c \u0111\u01a1n gi\u1ea3n v\u00e0 d\u1ec5 d\u00e0ng. Gi\u1ea3i ph\u00e1p n\u00e0y k\u1ebft h\u1ee3p c\u00f4ng ngh\u1ec7 MagSafe v\u1edbi s\u1ea1c c\u1ea3m \u1ee9ng. \u0110\u00e2y l\u00e0 m\u1ed9t h\u1ec7 th\u1ed1ng ho\u00e0n to\u00e0n k\u00edn, tr\u00e1nh m\u1ecdi ti\u1ebfp x\u00fac t\u1eeb b\u00ean ngo\u00e0i. \u0110\u1ebf s\u1ea1c r\u1ea5t thu\u1eadn ti\u1ec7n khi s\u1eed d\u1ee5ng, kh\u00f4ng y\u00eau c\u1ea7u ph\u1ea3i k\u1ebft n\u1ed1i th\u1eadt ch\u00ednh x\u00e1c. Ch\u1ec9 c\u1ea7n \u0111\u01b0a \u0111\u1ea7u k\u1ebft n\u1ed1i l\u1ea1i g\u1ea7n m\u1eb7t l\u01b0ng c\u1ee7a \u0111\u1ed3ng h\u1ed3, nam ch\u00e2m \u0111\u01b0\u1ee3c t\u00edch h\u1ee3p s\u1eb5n s\u1ebd t\u1ef1 \u0111\u1ed9ng h\u00fat \u0111\u1ed3ng h\u1ed3 v\u00e0o \u0111\u00fang v\u1ecb tr\u00ed tr\u00ean \u0111\u1ebf s\u1ea1c.<\/p>\n<p>&nbsp;<\/p>\n<\/p><\/div>\n","protected":false},"excerpt":{"rendered":"<p>S\u1ea1c Apple Watch c\u1ef1c \u0111\u01a1n gi\u1ea3n v\u00e0 d\u1ec5 d\u00e0ng. Gi\u1ea3i ph\u00e1p n\u00e0y k\u1ebft h\u1ee3p c\u00f4ng ngh\u1ec7 MagSafe v\u1edbi s\u1ea1c c\u1ea3m \u1ee9ng. \u0110\u00e2y l\u00e0 m\u1ed9t h\u1ec7 th\u1ed1ng ho\u00e0n to\u00e0n k\u00edn, tr\u00e1nh m\u1ecdi ti\u1ebfp x\u00fac t\u1eeb b\u00ean ngo\u00e0i. \u0110\u1ebf s\u1ea1c r\u1ea5t thu\u1eadn ti\u1ec7n khi s\u1eed d\u1ee5ng, kh\u00f4ng y\u00eau c\u1ea7u ph\u1ea3i k\u1ebft n\u1ed1i th\u1eadt ch\u00ednh x\u00e1c. Ch\u1ec9 c\u1ea7n &#8230; <a title=\"Adapter s\u1ea1c MagSafe cho Apple Watch 1 m\" class=\"read-more\" href=\"https:\/\/demo8.thuythu.com\/lebaostore\/phu-kien\/adapter-sac-magsafe-cho-apple-watch-1-m\/\" aria-label=\"More on Adapter s\u1ea1c MagSafe cho Apple Watch 1 m\">Read more<\/a><\/p>\n","protected":false},"featured_media":1582,"template":"","meta":[],"product_cat":[23],"product_tag":[],"_links":{"self":[{"href":"https:\/\/demo8.thuythu.com\/lebaostore\/wp-json\/wp\/v2\/product\/3067"}],"collection":[{"href":"https:\/\/demo8.thuythu.com\/lebaostore\/wp-json\/wp\/v2\/product"}],"about":[{"href":"https:\/\/demo8.thuythu.com\/lebaostore\/wp-json\/wp\/v2\/types\/product"}],"wp:featuredmedia":[{"embeddable":true,"href":"https:\/\/demo8.thuythu.com\/lebaostore\/wp-json\/wp\/v2\/media\/1582"}],"wp:attachment":[{"href":"https:\/\/demo8.thuythu.com\/lebaostore\/wp-json\/wp\/v2\/media?parent=3067"}],"wp:term":[{"taxonomy":"product_cat","embeddable":true,"href":"https:\/\/demo8.thuythu.com\/lebaostore\/wp-json\/wp\/v2\/product_cat?post=3067"},{"taxonomy":"product_tag","embeddable":true,"href":"https:\/\/demo8.thuythu.com\/lebaostore\/wp-json\/wp\/v2\/product_tag?post=3067"}],"curies":[{"name":"wp","href":"https:\/\/api.w.org\/{rel}","templated":true}]}}