{"id":3070,"date":"2022-01-21T11:51:48","date_gmt":"2022-01-21T04:51:48","guid":{"rendered":"https:\/\/demo8.thuythu.com\/lebaostore\/product\/cap-usb-c-thunderbolt-apple-2-m\/"},"modified":"2022-01-21T11:51:51","modified_gmt":"2022-01-21T04:51:51","slug":"cap-usb-c-thunderbolt-apple-2-m","status":"publish","type":"product","link":"https:\/\/demo8.thuythu.com\/lebaostore\/phu-kien\/cap-usb-c-thunderbolt-apple-2-m\/","title":{"rendered":"C\u00e1p USB-C Thunderbolt Apple 2 m"},"content":{"rendered":"<div class=\"text-detail expand\">\n<p>C\u00f4ng ngh\u1ec7 Thunderbolt h\u1ed7 tr\u1ee3 truy\u1ec1n d\u1eef li\u1ec7u nhanh v\u1edbi hai k\u00eanh \u0111\u1ed9c l\u1eadp, m\u1ed7i k\u00eanh c\u00f3 t\u1ed1c \u0111\u1ed9 10Gb\/s. V\u00e0 c\u00f4ng ngh\u1ec7 Thunderbolt 2 c\u00f3 th\u1ec3 li\u00ean k\u1ebft hai \u0111\u1ea7u k\u1ebft n\u1ed1i v\u1edbi t\u1ed1c \u0111\u1ed9 si\u00eau nhanh 20Gb\/gi\u00e2y. S\u1eed d\u1ee5ng c\u00e1p n\u00e0y \u0111\u1ec3 k\u1ebft n\u1ed1i c\u00e1c thi\u1ebft b\u1ecb c\u00f3 \u0111\u1ea7u k\u1ebft n\u1ed1i Thunderbolt v\u1edbi c\u1ed5ng Thunderbolt ho\u1eb7c Thunderbolt 2 tr\u00ean m\u00e1y Mac.<\/p>\n<p>C\u00e1p Apple Thunderbolt cho ph\u00e9p b\u1ea1n k\u1ebft n\u1ed1i m\u00e1y t\u00ednh \u0111\u01b0\u1ee3c trang b\u1ecb c\u1ed5ng Thunderbolt v\u1edbi thi\u1ebft b\u1ecb Thunderbolt. K\u1ebft n\u1ed1i m\u00e1y Mac \u0111\u01b0\u1ee3c trang b\u1ecb Thunderbolt \u1edf ch\u1ebf \u0111\u1ed9 \u1ed5 \u0111\u0129a g\u1eafn ngo\u00e0i v\u1edbi m\u1ed9t m\u00e1y Mac kh\u00e1c \u0111\u1ec3 di tr\u00fa h\u1ec7 th\u1ed1ng ho\u1eb7c truy c\u1eadp d\u1eef li\u1ec7u nhanh, hay k\u1ebft n\u1ed1i hai m\u00e1y t\u00ednh \u0111\u01b0\u1ee3c trang b\u1ecb Thunderbolt.<\/p>\n<\/p><\/div>\n","protected":false},"excerpt":{"rendered":"<p>C\u00f4ng ngh\u1ec7 Thunderbolt h\u1ed7 tr\u1ee3 truy\u1ec1n d\u1eef li\u1ec7u nhanh v\u1edbi hai k\u00eanh \u0111\u1ed9c l\u1eadp, m\u1ed7i k\u00eanh c\u00f3 t\u1ed1c \u0111\u1ed9 10Gb\/s. V\u00e0 c\u00f4ng ngh\u1ec7 Thunderbolt 2 c\u00f3 th\u1ec3 li\u00ean k\u1ebft hai \u0111\u1ea7u k\u1ebft n\u1ed1i v\u1edbi t\u1ed1c \u0111\u1ed9 si\u00eau nhanh 20Gb\/gi\u00e2y. S\u1eed d\u1ee5ng c\u00e1p n\u00e0y \u0111\u1ec3 k\u1ebft n\u1ed1i c\u00e1c thi\u1ebft b\u1ecb c\u00f3 \u0111\u1ea7u k\u1ebft n\u1ed1i Thunderbolt v\u1edbi &#8230; <a title=\"C\u00e1p USB-C Thunderbolt Apple 2 m\" class=\"read-more\" href=\"https:\/\/demo8.thuythu.com\/lebaostore\/phu-kien\/cap-usb-c-thunderbolt-apple-2-m\/\" aria-label=\"More on C\u00e1p USB-C Thunderbolt Apple 2 m\">Read more<\/a><\/p>\n","protected":false},"featured_media":1587,"template":"","meta":[],"product_cat":[23],"product_tag":[],"_links":{"self":[{"href":"https:\/\/demo8.thuythu.com\/lebaostore\/wp-json\/wp\/v2\/product\/3070"}],"collection":[{"href":"https:\/\/demo8.thuythu.com\/lebaostore\/wp-json\/wp\/v2\/product"}],"about":[{"href":"https:\/\/demo8.thuythu.com\/lebaostore\/wp-json\/wp\/v2\/types\/product"}],"wp:featuredmedia":[{"embeddable":true,"href":"https:\/\/demo8.thuythu.com\/lebaostore\/wp-json\/wp\/v2\/media\/1587"}],"wp:attachment":[{"href":"https:\/\/demo8.thuythu.com\/lebaostore\/wp-json\/wp\/v2\/media?parent=3070"}],"wp:term":[{"taxonomy":"product_cat","embeddable":true,"href":"https:\/\/demo8.thuythu.com\/lebaostore\/wp-json\/wp\/v2\/product_cat?post=3070"},{"taxonomy":"product_tag","embeddable":true,"href":"https:\/\/demo8.thuythu.com\/lebaostore\/wp-json\/wp\/v2\/product_tag?post=3070"}],"curies":[{"name":"wp","href":"https:\/\/api.w.org\/{rel}","templated":true}]}}