{"id":3074,"date":"2022-01-21T11:51:48","date_gmt":"2022-01-21T04:51:48","guid":{"rendered":"https:\/\/demo8.thuythu.com\/lebaostore\/product\/smart-cover-cho-ipad-gen-9\/"},"modified":"2022-01-21T11:51:51","modified_gmt":"2022-01-21T04:51:51","slug":"smart-cover-cho-ipad-gen-9","status":"publish","type":"product","link":"https:\/\/demo8.thuythu.com\/lebaostore\/phu-kien\/smart-cover-cho-ipad-gen-9\/","title":{"rendered":"Smart Cover cho iPad Gen 9"},"content":{"rendered":"<div class=\"text-detail expand\">\n<p>Smart Cover d\u00e0nh cho iPad \u0111\u01b0\u1ee3c ch\u1ebf t\u1ea1o t\u1eeb nh\u1ef1a polyurethane nguy\u00ean kh\u1ed1i, c\u00f3 ch\u1ee9c n\u0103ng b\u1ea3o v\u1ec7 m\u00e0n h\u00ecnh c\u1ee7a thi\u1ebft b\u1ecb. Smart Cover t\u1ef1 \u0111\u1ed9ng \u0111\u00e1nh th\u1ee9c iPad khi m\u1edf ra v\u00e0 chuy\u1ec3n m\u00e1y v\u1ec1 ch\u1ebf \u0111\u1ed9 ng\u1ee7 khi \u0111\u00f3ng l\u1ea1i. Smart Cover c\u00f3 th\u1ec3 g\u1ea5p l\u1ea1i d\u1ec5 d\u00e0ng theo nhi\u1ec1u c\u00e1ch kh\u00e1c nhau \u0111\u1ec3 t\u1ea1o th\u00e0nh ch\u00e2n \u0111\u1ee1 m\u00e1y khi \u0111\u1ecdc, xem, \u0111\u00e1nh m\u00e1y, ho\u1eb7c g\u1ecdi FaceTime. Ngo\u00e0i ra, b\u1ea1n c\u0169ng c\u00f3 th\u1ec3 d\u1ec5 d\u00e0ng th\u00e1o n\u00f3 ra ho\u1eb7c g\u1eafn n\u00f3 v\u00e0o b\u1ea5t c\u1ee9 khi n\u00e0o b\u1ea1n mu\u1ed1n.<\/p>\n<p>T\u01b0\u01a1ng th\u00edch&nbsp;iPad Pro 10.5 inch, iPad (th\u1ebf h\u1ec7 th\u1ee9 7 v\u00e0 8), iPad Air (th\u1ebf h\u1ec7 th\u1ee9 3).<\/p>\n<\/p><\/div>\n","protected":false},"excerpt":{"rendered":"<p>Smart Cover d\u00e0nh cho iPad \u0111\u01b0\u1ee3c ch\u1ebf t\u1ea1o t\u1eeb nh\u1ef1a polyurethane nguy\u00ean kh\u1ed1i, c\u00f3 ch\u1ee9c n\u0103ng b\u1ea3o v\u1ec7 m\u00e0n h\u00ecnh c\u1ee7a thi\u1ebft b\u1ecb. Smart Cover t\u1ef1 \u0111\u1ed9ng \u0111\u00e1nh th\u1ee9c iPad khi m\u1edf ra v\u00e0 chuy\u1ec3n m\u00e1y v\u1ec1 ch\u1ebf \u0111\u1ed9 ng\u1ee7 khi \u0111\u00f3ng l\u1ea1i. Smart Cover c\u00f3 th\u1ec3 g\u1ea5p l\u1ea1i d\u1ec5 d\u00e0ng theo nhi\u1ec1u c\u00e1ch kh\u00e1c &#8230; <a title=\"Smart Cover cho iPad Gen 9\" class=\"read-more\" href=\"https:\/\/demo8.thuythu.com\/lebaostore\/phu-kien\/smart-cover-cho-ipad-gen-9\/\" aria-label=\"More on Smart Cover cho iPad Gen 9\">Read more<\/a><\/p>\n","protected":false},"featured_media":1595,"template":"","meta":[],"product_cat":[23],"product_tag":[],"_links":{"self":[{"href":"https:\/\/demo8.thuythu.com\/lebaostore\/wp-json\/wp\/v2\/product\/3074"}],"collection":[{"href":"https:\/\/demo8.thuythu.com\/lebaostore\/wp-json\/wp\/v2\/product"}],"about":[{"href":"https:\/\/demo8.thuythu.com\/lebaostore\/wp-json\/wp\/v2\/types\/product"}],"wp:featuredmedia":[{"embeddable":true,"href":"https:\/\/demo8.thuythu.com\/lebaostore\/wp-json\/wp\/v2\/media\/1595"}],"wp:attachment":[{"href":"https:\/\/demo8.thuythu.com\/lebaostore\/wp-json\/wp\/v2\/media?parent=3074"}],"wp:term":[{"taxonomy":"product_cat","embeddable":true,"href":"https:\/\/demo8.thuythu.com\/lebaostore\/wp-json\/wp\/v2\/product_cat?post=3074"},{"taxonomy":"product_tag","embeddable":true,"href":"https:\/\/demo8.thuythu.com\/lebaostore\/wp-json\/wp\/v2\/product_tag?post=3074"}],"curies":[{"name":"wp","href":"https:\/\/api.w.org\/{rel}","templated":true}]}}