{"id":3076,"date":"2022-01-21T11:51:48","date_gmt":"2022-01-21T04:51:48","guid":{"rendered":"https:\/\/demo8.thuythu.com\/lebaostore\/product\/smart-folio-cho-ipad-mini-gen-6\/"},"modified":"2022-01-21T11:51:51","modified_gmt":"2022-01-21T04:51:51","slug":"smart-folio-cho-ipad-mini-gen-6","status":"publish","type":"product","link":"https:\/\/demo8.thuythu.com\/lebaostore\/phu-kien\/smart-folio-cho-ipad-mini-gen-6\/","title":{"rendered":"Smart Folio cho iPad mini Gen 6"},"content":{"rendered":"<div class=\"text-detail expand\">\n<p><span a=\"\" bao=\"\" c=\"\" cho=\"\" da=\"\" data-sheets-userformat=\"{\" data-sheets-value=\"{\" folio=\"\" i=\"\" i.=\"\" ipad=\"\" khi=\"\" mini=\"\" n=\"\" n.=\"\" ng=\"\" nh=\"\" nhau=\"\" o=\"\" p=\"\" ra=\"\" sang=\"\" sau=\"\" smart=\"\" style=\"color: rgb(0, 0, 0); font-size: 10pt; font-family: Arial;\" t=\"\" y=\"\">Bao da Smart Folio cho iPad mini m\u1ecfng v\u00e0 nh\u1eb9, c\u00f3 kh\u1ea3 n\u0103ng b\u1ea3o v\u1ec7 c\u1ea3 m\u1eb7t tr\u01b0\u1edbc v\u00e0 m\u1eb7t sau cho thi\u1ebft b\u1ecb c\u1ee7a b\u1ea1n. Bao da s\u1ebd t\u1ef1 \u0111\u1ed9ng s\u00e1ng m\u00e0n h\u00ecnh iPad c\u1ee7a b\u1ea1n khi m\u1edf ra v\u00e0 chuy\u1ec3n sang ch\u1ebf \u0111\u1ed9 ng\u1ee7 khi \u0111\u00f3ng l\u1ea1i. Smart Folio g\u1eafn t\u1eeb t\u00ednh v\u00e0 b\u1ea1n c\u00f3 th\u1ec3 d\u1ec5 d\u00e0ng g\u1ea5p n\u00f3 v\u00e0o c\u00e1c v\u1ecb tr\u00ed kh\u00e1c nhau \u0111\u1ec3 t\u1ea1o gi\u00e1 \u0111\u1ee1 cho vi\u1ec7c \u0111\u1ecdc, xem, \u0111\u00e1nh m\u00e1y ho\u1eb7c th\u1ef1c hi\u1ec7n cu\u1ed9c g\u1ecdi FaceTime.<\/span><br \/>&nbsp;<\/p>\n<\/p><\/div>\n","protected":false},"excerpt":{"rendered":"<p>Bao da Smart Folio cho iPad mini m\u1ecfng v\u00e0 nh\u1eb9, c\u00f3 kh\u1ea3 n\u0103ng b\u1ea3o v\u1ec7 c\u1ea3 m\u1eb7t tr\u01b0\u1edbc v\u00e0 m\u1eb7t sau cho thi\u1ebft b\u1ecb c\u1ee7a b\u1ea1n. Bao da s\u1ebd t\u1ef1 \u0111\u1ed9ng s\u00e1ng m\u00e0n h\u00ecnh iPad c\u1ee7a b\u1ea1n khi m\u1edf ra v\u00e0 chuy\u1ec3n sang ch\u1ebf \u0111\u1ed9 ng\u1ee7 khi \u0111\u00f3ng l\u1ea1i. Smart Folio g\u1eafn t\u1eeb t\u00ednh v\u00e0 &#8230; <a title=\"Smart Folio cho iPad mini Gen 6\" class=\"read-more\" href=\"https:\/\/demo8.thuythu.com\/lebaostore\/phu-kien\/smart-folio-cho-ipad-mini-gen-6\/\" aria-label=\"More on Smart Folio cho iPad mini Gen 6\">Read more<\/a><\/p>\n","protected":false},"featured_media":1597,"template":"","meta":[],"product_cat":[23],"product_tag":[],"_links":{"self":[{"href":"https:\/\/demo8.thuythu.com\/lebaostore\/wp-json\/wp\/v2\/product\/3076"}],"collection":[{"href":"https:\/\/demo8.thuythu.com\/lebaostore\/wp-json\/wp\/v2\/product"}],"about":[{"href":"https:\/\/demo8.thuythu.com\/lebaostore\/wp-json\/wp\/v2\/types\/product"}],"wp:featuredmedia":[{"embeddable":true,"href":"https:\/\/demo8.thuythu.com\/lebaostore\/wp-json\/wp\/v2\/media\/1597"}],"wp:attachment":[{"href":"https:\/\/demo8.thuythu.com\/lebaostore\/wp-json\/wp\/v2\/media?parent=3076"}],"wp:term":[{"taxonomy":"product_cat","embeddable":true,"href":"https:\/\/demo8.thuythu.com\/lebaostore\/wp-json\/wp\/v2\/product_cat?post=3076"},{"taxonomy":"product_tag","embeddable":true,"href":"https:\/\/demo8.thuythu.com\/lebaostore\/wp-json\/wp\/v2\/product_tag?post=3076"}],"curies":[{"name":"wp","href":"https:\/\/api.w.org\/{rel}","templated":true}]}}