{"id":3080,"date":"2022-01-21T11:51:48","date_gmt":"2022-01-21T04:51:48","guid":{"rendered":"https:\/\/demo8.thuythu.com\/lebaostore\/product\/smart-keyboard-folio-cho-ipad-pro-11-inch\/"},"modified":"2022-01-21T11:51:52","modified_gmt":"2022-01-21T04:51:52","slug":"smart-keyboard-folio-cho-ipad-pro-11-inch","status":"publish","type":"product","link":"https:\/\/demo8.thuythu.com\/lebaostore\/phu-kien\/smart-keyboard-folio-cho-ipad-pro-11-inch\/","title":{"rendered":"Smart Keyboard Folio cho iPad Pro 11 inch"},"content":{"rendered":"<div class=\"text-detail expand\">\n<p>Smart Keyboard Folio gi\u00fap cho iPad Pro v\u00e0 iPad Air (th\u1ebf h\u1ec7 th\u1ee9 4) c\u1ee7a b\u1ea1n tr\u1edf n\u00ean linh ho\u1ea1t h\u01a1n v\u1edbi kh\u1ea3 n\u0103ng tr\u1edf th\u00e0nh m\u1ed9t b\u00e0n ph\u00edm ti\u1ec7n d\u1ee5ng, tho\u1ea3i m\u00e1i khi b\u1ea1n c\u1ea7n. V\u00e0 l\u00e0 v\u1ecf b\u1ea3o v\u1ec7 m\u1eb7t tr\u01b0\u1edbc v\u00e0 m\u1eb7t sau m\u00e1y th\u1eadt ti\u1ec7n l\u1ee3i khi b\u1ea1n \u0111\u00e3 d\u00f9ng xong. Kh\u00f4ng c\u1ea7n s\u1ea1c pin hay gh\u00e9p n\u1ed1i.<\/p>\n<p>Smart Keyboard Folio m\u1edbi \u0111\u01b0\u1ee3c thi\u1ebft k\u1ebf \u0111\u1ec3 t\u1ea1o ra tr\u1ea3i nghi\u1ec7m g\u00f5 ph\u00edm tuy\u1ec7t v\u1eddi nh\u01b0 tr\u00ean m\u1ed9t b\u00e0n ph\u00edm ti\u1ec7n d\u1ee5ng, tho\u1ea3i m\u00e1i b\u1ea5t c\u1ee9 khi n\u00e0o b\u1ea1n c\u1ea7n. Kh\u00f4ng c\u1ea7n s\u1ea1c pin hay gh\u00e9p n\u1ed1i. L\u1edbp v\u1ecf b\u1ec1n v\u00e0 nh\u1eb9 c\u1ee7a b\u00e0n ph\u00edm c\u00f3 ch\u1ee9c n\u0103ng b\u1ea3o v\u1ec7 c\u1ea3 m\u1eb7t tr\u01b0\u1edbc l\u1eabn m\u1eb7t sau c\u1ee7a iPad Pro 11 inch v\u00e0 iPad Air (th\u1ebf h\u1ec7 th\u1ee9 4) c\u1ee7a b\u1ea1n. Ch\u1ec9 c\u1ea7n g\u1eafn v\u00e0o r\u1ed3i g\u00f5 ph\u00edm.<\/p>\n<\/p><\/div>\n","protected":false},"excerpt":{"rendered":"<p>Smart Keyboard Folio gi\u00fap cho iPad Pro v\u00e0 iPad Air (th\u1ebf h\u1ec7 th\u1ee9 4) c\u1ee7a b\u1ea1n tr\u1edf n\u00ean linh ho\u1ea1t h\u01a1n v\u1edbi kh\u1ea3 n\u0103ng tr\u1edf th\u00e0nh m\u1ed9t b\u00e0n ph\u00edm ti\u1ec7n d\u1ee5ng, tho\u1ea3i m\u00e1i khi b\u1ea1n c\u1ea7n. V\u00e0 l\u00e0 v\u1ecf b\u1ea3o v\u1ec7 m\u1eb7t tr\u01b0\u1edbc v\u00e0 m\u1eb7t sau m\u00e1y th\u1eadt ti\u1ec7n l\u1ee3i khi b\u1ea1n \u0111\u00e3 d\u00f9ng xong. &#8230; <a title=\"Smart Keyboard Folio cho iPad Pro 11 inch\" class=\"read-more\" href=\"https:\/\/demo8.thuythu.com\/lebaostore\/phu-kien\/smart-keyboard-folio-cho-ipad-pro-11-inch\/\" aria-label=\"More on Smart Keyboard Folio cho iPad Pro 11 inch\">Read more<\/a><\/p>\n","protected":false},"featured_media":1609,"template":"","meta":[],"product_cat":[23],"product_tag":[],"_links":{"self":[{"href":"https:\/\/demo8.thuythu.com\/lebaostore\/wp-json\/wp\/v2\/product\/3080"}],"collection":[{"href":"https:\/\/demo8.thuythu.com\/lebaostore\/wp-json\/wp\/v2\/product"}],"about":[{"href":"https:\/\/demo8.thuythu.com\/lebaostore\/wp-json\/wp\/v2\/types\/product"}],"wp:featuredmedia":[{"embeddable":true,"href":"https:\/\/demo8.thuythu.com\/lebaostore\/wp-json\/wp\/v2\/media\/1609"}],"wp:attachment":[{"href":"https:\/\/demo8.thuythu.com\/lebaostore\/wp-json\/wp\/v2\/media?parent=3080"}],"wp:term":[{"taxonomy":"product_cat","embeddable":true,"href":"https:\/\/demo8.thuythu.com\/lebaostore\/wp-json\/wp\/v2\/product_cat?post=3080"},{"taxonomy":"product_tag","embeddable":true,"href":"https:\/\/demo8.thuythu.com\/lebaostore\/wp-json\/wp\/v2\/product_tag?post=3080"}],"curies":[{"name":"wp","href":"https:\/\/api.w.org\/{rel}","templated":true}]}}