{"id":3086,"date":"2022-01-21T11:51:48","date_gmt":"2022-01-21T04:51:48","guid":{"rendered":"https:\/\/demo8.thuythu.com\/lebaostore\/product\/magic-keyboard-cho-ipad-pro-11-inch\/"},"modified":"2022-01-21T11:51:53","modified_gmt":"2022-01-21T04:51:53","slug":"magic-keyboard-cho-ipad-pro-11-inch","status":"publish","type":"product","link":"https:\/\/demo8.thuythu.com\/lebaostore\/phu-kien\/magic-keyboard-cho-ipad-pro-11-inch\/","title":{"rendered":"Magic Keyboard cho iPad Pro 11 inch"},"content":{"rendered":"<div class=\"text-detail expand\">\n<p>Magic Keyboard \u0111em \u0111\u1ebfn tr\u1ea3i nghi\u1ec7m g\u00f5 ph\u00edm nhanh nh\u1ea1y v\u00e0 tho\u1ea3i m\u00e1i. B\u00e0n ph\u00edm t\u00edch h\u1ee3p b\u00e0n di, m\u1edf ra nh\u1eefng ph\u01b0\u01a1ng c\u00e1ch l\u00e0m vi\u1ec7c m\u1edbi, kh\u1ea3 n\u0103ng \u0111i\u1ec1u ch\u1ec9nh g\u00f3c m\u01b0\u1ee3t m\u00e0, ph\u00edm c\u00f3 \u0111\u00e8n n\u1ec1n v\u00e0 ch\u1ebf \u0111\u1ed9 b\u1ea3o v\u1ec7 cho c\u1ea3 m\u1eb7t tr\u01b0\u1edbc l\u1eabn m\u1eb7t sau.<\/p>\n<p>Magic Keyboard l\u00e0 ng\u01b0\u1eddi b\u1ea1n \u0111\u1ed3ng h\u00e0nh ho\u00e0n h\u1ea3o c\u1ee7a iPad Pro v\u00e0 iPad Air (th\u1ebf h\u1ec7 th\u1ee9 4). Nay c\u00f3 2 m\u00e0u, b\u00e0n ph\u00edm mang \u0111\u1ebfn tr\u1ea3i nghi\u1ec7m g\u00f5 ph\u00edm tho\u1ea3i m\u00e1i v\u00e0 nhanh nh\u1ea1y, b\u00e0n di m\u1edf ra nhi\u1ec1u ph\u01b0\u01a1ng c\u00e1ch l\u00e0m vi\u1ec7c m\u1edbi, c\u1ed5ng USB-C \u0111\u1ec3 s\u1ea1c, ph\u00edm c\u00f3 \u0111\u00e8n n\u1ec1n v\u00e0 ch\u1ebf \u0111\u1ed9 b\u1ea3o v\u1ec7 cho c\u1ea3 m\u1eb7t tr\u01b0\u1edbc l\u1eabn m\u1eb7t sau. V\u1edbi thi\u1ebft k\u1ebf ki\u1ec3u tr\u1ee5c l\u01a1 l\u1eedng, iPad Pro g\u1eafn k\u1ebft b\u1eb1ng nam ch\u00e2m v\u00e0 c\u00f3 kh\u1ea3 n\u0103ng \u0111i\u1ec1u ch\u1ec9nh m\u01b0\u1ee3t m\u00e0, cho g\u00f3c nh\u00ecn ho\u00e0n h\u1ea3o \u0111\u00fang \u00fd b\u1ea1n.<\/p>\n<\/p><\/div>\n","protected":false},"excerpt":{"rendered":"<p>Magic Keyboard \u0111em \u0111\u1ebfn tr\u1ea3i nghi\u1ec7m g\u00f5 ph\u00edm nhanh nh\u1ea1y v\u00e0 tho\u1ea3i m\u00e1i. B\u00e0n ph\u00edm t\u00edch h\u1ee3p b\u00e0n di, m\u1edf ra nh\u1eefng ph\u01b0\u01a1ng c\u00e1ch l\u00e0m vi\u1ec7c m\u1edbi, kh\u1ea3 n\u0103ng \u0111i\u1ec1u ch\u1ec9nh g\u00f3c m\u01b0\u1ee3t m\u00e0, ph\u00edm c\u00f3 \u0111\u00e8n n\u1ec1n v\u00e0 ch\u1ebf \u0111\u1ed9 b\u1ea3o v\u1ec7 cho c\u1ea3 m\u1eb7t tr\u01b0\u1edbc l\u1eabn m\u1eb7t sau. Magic Keyboard l\u00e0 ng\u01b0\u1eddi b\u1ea1n &#8230; <a title=\"Magic Keyboard cho iPad Pro 11 inch\" class=\"read-more\" href=\"https:\/\/demo8.thuythu.com\/lebaostore\/phu-kien\/magic-keyboard-cho-ipad-pro-11-inch\/\" aria-label=\"More on Magic Keyboard cho iPad Pro 11 inch\">Read more<\/a><\/p>\n","protected":false},"featured_media":1628,"template":"","meta":[],"product_cat":[23],"product_tag":[],"_links":{"self":[{"href":"https:\/\/demo8.thuythu.com\/lebaostore\/wp-json\/wp\/v2\/product\/3086"}],"collection":[{"href":"https:\/\/demo8.thuythu.com\/lebaostore\/wp-json\/wp\/v2\/product"}],"about":[{"href":"https:\/\/demo8.thuythu.com\/lebaostore\/wp-json\/wp\/v2\/types\/product"}],"wp:featuredmedia":[{"embeddable":true,"href":"https:\/\/demo8.thuythu.com\/lebaostore\/wp-json\/wp\/v2\/media\/1628"}],"wp:attachment":[{"href":"https:\/\/demo8.thuythu.com\/lebaostore\/wp-json\/wp\/v2\/media?parent=3086"}],"wp:term":[{"taxonomy":"product_cat","embeddable":true,"href":"https:\/\/demo8.thuythu.com\/lebaostore\/wp-json\/wp\/v2\/product_cat?post=3086"},{"taxonomy":"product_tag","embeddable":true,"href":"https:\/\/demo8.thuythu.com\/lebaostore\/wp-json\/wp\/v2\/product_tag?post=3086"}],"curies":[{"name":"wp","href":"https:\/\/api.w.org\/{rel}","templated":true}]}}