{"id":3090,"date":"2022-01-21T11:51:48","date_gmt":"2022-01-21T04:51:48","guid":{"rendered":"https:\/\/demo8.thuythu.com\/lebaostore\/product\/airtag\/"},"modified":"2022-01-21T11:51:54","modified_gmt":"2022-01-21T04:51:54","slug":"airtag","status":"publish","type":"product","link":"https:\/\/demo8.thuythu.com\/lebaostore\/phu-kien\/airtag\/","title":{"rendered":"AirTag"},"content":{"rendered":"<div class=\"text-detail \">\n<p>AirTag. Theo d\u00f5i v\u1ecb tr\u00ed ch\u00eca kh\u00f3a, v\u00ed, h\u00e0nh l\u00fd, ba l\u00f4 v\u00e0 nhi\u1ec1u v\u1eadt d\u1ee5ng kh\u00e1c, t\u1ea5t c\u1ea3 hi\u1ec3n th\u1ecb trong \u1ee9ng d\u1ee5ng T\u00ecm (Find My). Ph\u00e1t \u00e2m thanh tr\u00ean loa t\u00edch h\u1ee3p. V\u1edbi m\u1ed9t s\u1ed1 phi\u00ean b\u1ea3n iPhone, t\u00ednh n\u0103ng T\u00ecm Ch\u00ednh X\u00e1c c\u00f3 th\u1ec3 d\u1eabn b\u1ea1n \u0111\u1ebfn ngay v\u1ecb tr\u00ed AirTag \u1edf g\u1ea7n b\u1ea1n.<sup>1<\/sup> N\u1ebfu m\u00f3n \u0111\u1ed3 \u1edf c\u00e1ch xa, h\u00e0ng tr\u0103m tri\u1ec7u thi\u1ebft b\u1ecb Apple trong m\u1ea1ng l\u01b0\u1edbi \u1ee9ng d\u1ee5ng T\u00ecm (Find My) c\u00f3 th\u1ec3 gi\u00fap b\u1ea1n theo d\u1ea5u \u0111\u1ed3 d\u00f9ng c\u00f3 g\u1eafn AirTag c\u1ee7a b\u1ea1n.&nbsp; M\u1ecdi th\u00f4ng tin \u0111\u01b0\u1ee3c \u1ea9n danh v\u00e0 m\u00e3 h\u00f3a \u0111\u1ec3 \u0111\u1ea3m b\u1ea3o quy\u1ec1n ri\u00eang t\u01b0.<\/p>\n<h3><strong>T\u00ednh n\u0103ng n\u1ed5i b\u1eadt<\/strong><\/h3>\n<ul>\n<li>Theo d\u00f5i v\u1ecb tr\u00ed v\u00e0 t\u00ecm ki\u1ebfm v\u1eadt d\u1ee5ng c\u1ee7a b\u1ea1n v\u1edbi s\u1ef1 tr\u1ee3 gi\u00fap c\u1ee7a b\u1ea1n b\u00e8 v\u00e0 c\u00e1c thi\u1ebft b\u1ecb trong \u1ee9ng d\u1ee5ng T\u00ecm (Find My).<\/li>\n<li>Thi\u1ebft l\u1eadp m\u1ed9t ch\u1ea1m \u0111\u01a1n gi\u1ea3n k\u1ebft n\u1ed1i ngay l\u1eadp t\u1ee9c th\u1ebb AirTag v\u1edbi iPhone ho\u1eb7c iPad c\u1ee7a b\u1ea1n.<\/li>\n<li>Ph\u00e1t \u00e2m thanh tr\u00ean loa t\u00edch h\u1ee3p \u0111\u1ec3 gi\u00fap b\u1ea1n t\u00ecm th\u1ea5y v\u1eadt d\u1ee5ng c\u1ee7a m\u00ecnh.<\/li>\n<li>T\u00ednh n\u0103ng T\u00ecm Ch\u00ednh X\u00e1c v\u1edbi c\u00f4ng ngh\u1ec7 Ultra Wideband d\u1eabn b\u1ea1n \u0111\u1ebfn ngay v\u1ecb tr\u00ed th\u1ebb AirTag \u1edf g\u1ea7n b\u1ea1n (tr\u00ean m\u1ed9t s\u1ed1 phi\u00ean b\u1ea3n iPhone).<sup>1<\/sup><\/li>\n<li>T\u00ecm ki\u1ebfm c\u00e1c v\u1eadt d\u1ee5ng \u1edf c\u00e1ch xa v\u1edbi s\u1ef1 h\u1ed7 tr\u1ee3 c\u1ee7a h\u00e0ng tr\u0103m tri\u1ec7u thi\u1ebft b\u1ecb Apple trong m\u1ea1ng l\u01b0\u1edbi \u1ee9ng d\u1ee5ng T\u00ecm (Find My).<\/li>\n<li>\u0110\u1eb7t AirTag \u1edf Ch\u1ebf \u0110\u1ed9 M\u1ea5t \u0111\u1ec3 nh\u1eadn th\u00f4ng b\u00e1o t\u1ef1 \u0111\u1ed9ng khi \u0111\u1ed3 d\u00f9ng c\u00f3 g\u1eafn AirTag \u0111\u01b0\u1ee3c t\u00ecm ra trong m\u1ea1ng l\u01b0\u1edbi \u1ee9ng d\u1ee5ng T\u00ecm (Find My).<\/li>\n<li>M\u1ecdi th\u00f4ng tin giao ti\u1ebfp qua m\u1ea1ng l\u01b0\u1edbi T\u00ecm (Find My) \u0111\u1ec1u \u0111\u01b0\u1ee3c \u1ea9n danh v\u00e0 m\u00e3 h\u00f3a \u0111\u1ec3 \u0111\u1ea3m b\u1ea3o quy\u1ec1n ri\u00eang t\u01b0.<\/li>\n<li>D\u1eef li\u1ec7u \u0111\u1ecba \u0111i\u1ec3m v\u00e0 l\u1ecbch s\u1eed kh\u00f4ng bao gi\u1edd \u0111\u01b0\u1ee3c l\u01b0u tr\u1eef tr\u00ean AirTag<\/li>\n<li>Pin thay \u0111\u01b0\u1ee3c v\u1edbi th\u1eddi l\u01b0\u1ee3ng h\u01a1n m\u1ed9t n\u0103m.<sup>2<\/sup>&nbsp;&nbsp;<\/li>\n<li>AirTag c\u00f3 kh\u1ea3 n\u0103ng ch\u1ed1ng n\u01b0\u1edbc v\u00e0 ch\u1ed1ng b\u1ee5i \u0111\u1ea1t m\u1ee9c IP67.<sup>3<\/sup><\/li>\n<li>H\u00e3y ch\u1ecdn cho m\u00ecnh nh\u1eefng chi\u1ebfc AirTag th\u1eadt ph\u00f9 h\u1ee3p v\u1edbi d\u00e0n ph\u1ee5 ki\u1ec7n \u0111\u1ea7y m\u00e0u s\u1eafc \u0111a d\u1ea1ng.<\/li>\n<\/ul>\n<h3><strong>Ph\u00e1p l\u00fd<\/strong><\/h3>\n<p><sup>1<\/sup>T\u00ednh n\u0103ng T\u00ecm Ch\u00ednh X\u00e1c t\u01b0\u01a1ng th\u00edch v\u1edbi iPhone 11, iPhone 11 Pro, iPhone 11 Pro Max, iPhone 12, iPhone 12 mini, iPhone 12 Pro v\u00e0 iPhone 12 Pro Max.&nbsp;<br \/><sup>2<\/sup>Th\u1eed nghi\u1ec7m \u0111\u01b0\u1ee3c Apple th\u1ef1c hi\u1ec7n trong th\u00e1ng 3 n\u0103m 2021 s\u1eed d\u1ee5ng c\u00e1c thi\u1ebft b\u1ecb v\u00e0 ph\u1ea7n m\u1ec1m ti\u1ec1n s\u1ea3n xu\u1ea5t c\u1ee7a AirTag k\u1ebft n\u1ed1i v\u1edbi iPhone 11, iPhone 11 Pro, iPhone 11 Pro Max, iPhone 12 mini, iPhone 12, iPhone 12 Pro, v\u00e0 iPhone 12 Pro Max ch\u1ea1y ph\u1ea7n m\u1ec1m ti\u1ec1n s\u1ea3n xu\u1ea5t. Th\u1eddi l\u01b0\u1ee3ng pin d\u1ef1a tr\u00ean c\u01a1 s\u1edf s\u1eed d\u1ee5ng thi\u1ebft b\u1ecb h\u00e0ng ng\u00e0y v\u1edbi t\u00ecnh hu\u1ed1ng b\u1ed1n l\u1ea7n ph\u00e1t \u00e2m thanh v\u00e0 m\u1ed7i ng\u00e0y T\u00ecm Ch\u00ednh X\u00e1c m\u1ed9t l\u1ea7n. Th\u1eddi l\u01b0\u1ee3ng pin kh\u00e1c nhau t\u00f9y thu\u1ed9c v\u00e0o c\u00e1ch s\u1eed d\u1ee5ng, \u0111i\u1ec1u ki\u1ec7n m\u00f4i tr\u01b0\u1eddng, nh\u00e0 s\u1ea3n xu\u1ea5t pin thay th\u1ebf v\u00e0 nhi\u1ec1u y\u1ebfu t\u1ed1 kh\u00e1c; c\u00e1c k\u1ebft qu\u1ea3 th\u1ef1c t\u1ebf s\u1ebd kh\u00e1c nhau.<br \/><sup>3<\/sup>AirTag c\u00f3 kh\u1ea3 n\u0103ng ch\u1ed1ng tia n\u01b0\u1edbc, ch\u1ed1ng n\u01b0\u1edbc v\u00e0 ch\u1ed1ng b\u1ee5i. S\u1ea3n ph\u1ea9m \u0111\u00e3 qua ki\u1ec3m nghi\u1ec7m trong \u0111i\u1ec1u ki\u1ec7n ph\u00f2ng th\u00ed nghi\u1ec7m c\u00f3 ki\u1ec3m so\u00e1t \u0111\u1ea1t m\u1ee9c IP67 theo ti\u00eau chu\u1ea9n IEC 60529 (ch\u1ed1ng n\u01b0\u1edbc \u1edf \u0111\u1ed9 s\u00e2u t\u1ed1i \u0111a 1 m\u00e9t trong v\u00f2ng t\u1ed1i \u0111a 30 ph\u00fat). Kh\u1ea3 n\u0103ng ch\u1ed1ng tia n\u01b0\u1edbc, ch\u1ed1ng n\u01b0\u1edbc v\u00e0 ch\u1ed1ng b\u1ee5i kh\u00f4ng ph\u1ea3i l\u00e0 c\u00e1c \u0111i\u1ec1u ki\u1ec7n v\u0129nh vi\u1ec5n, v\u00e0 kh\u1ea3 n\u0103ng n\u00e0y c\u00f3 th\u1ec3 gi\u1ea3m do hao m\u00f2n th\u00f4ng th\u01b0\u1eddng. Tham kh\u1ea3o t\u00e0i li\u1ec7u An To\u00e0n v\u00e0 H\u01b0\u1edbng D\u1eabn X\u1eed L\u00fd \u0111\u1ec3 bi\u1ebft c\u00e1ch lau s\u1ea1ch v\u00e0 l\u00e0m kh\u00f4 thi\u1ebft b\u1ecb.<\/p>\n<div class=\"bg-article\"><\/div>\n<p> <a href=\"javascript:;\" class=\"btn-detail\" onclick=\"$(this).remove();$('.bg-article').remove();$('.text-detail').addClass('expand')\"><span>Xem th\u00eam<\/span><\/a> <\/div>\n","protected":false},"excerpt":{"rendered":"<p>AirTag. Theo d\u00f5i v\u1ecb tr\u00ed ch\u00eca kh\u00f3a, v\u00ed, h\u00e0nh l\u00fd, ba l\u00f4 v\u00e0 nhi\u1ec1u v\u1eadt d\u1ee5ng kh\u00e1c, t\u1ea5t c\u1ea3 hi\u1ec3n th\u1ecb trong \u1ee9ng d\u1ee5ng T\u00ecm (Find My). Ph\u00e1t \u00e2m thanh tr\u00ean loa t\u00edch h\u1ee3p. V\u1edbi m\u1ed9t s\u1ed1 phi\u00ean b\u1ea3n iPhone, t\u00ednh n\u0103ng T\u00ecm Ch\u00ednh X\u00e1c c\u00f3 th\u1ec3 d\u1eabn b\u1ea1n \u0111\u1ebfn ngay v\u1ecb tr\u00ed AirTag \u1edf &#8230; <a title=\"AirTag\" class=\"read-more\" href=\"https:\/\/demo8.thuythu.com\/lebaostore\/phu-kien\/airtag\/\" aria-label=\"More on AirTag\">Read more<\/a><\/p>\n","protected":false},"featured_media":1644,"template":"","meta":[],"product_cat":[23],"product_tag":[],"_links":{"self":[{"href":"https:\/\/demo8.thuythu.com\/lebaostore\/wp-json\/wp\/v2\/product\/3090"}],"collection":[{"href":"https:\/\/demo8.thuythu.com\/lebaostore\/wp-json\/wp\/v2\/product"}],"about":[{"href":"https:\/\/demo8.thuythu.com\/lebaostore\/wp-json\/wp\/v2\/types\/product"}],"wp:featuredmedia":[{"embeddable":true,"href":"https:\/\/demo8.thuythu.com\/lebaostore\/wp-json\/wp\/v2\/media\/1644"}],"wp:attachment":[{"href":"https:\/\/demo8.thuythu.com\/lebaostore\/wp-json\/wp\/v2\/media?parent=3090"}],"wp:term":[{"taxonomy":"product_cat","embeddable":true,"href":"https:\/\/demo8.thuythu.com\/lebaostore\/wp-json\/wp\/v2\/product_cat?post=3090"},{"taxonomy":"product_tag","embeddable":true,"href":"https:\/\/demo8.thuythu.com\/lebaostore\/wp-json\/wp\/v2\/product_tag?post=3090"}],"curies":[{"name":"wp","href":"https:\/\/api.w.org\/{rel}","templated":true}]}}