{"id":3092,"date":"2022-01-21T11:51:48","date_gmt":"2022-01-21T04:51:48","guid":{"rendered":"https:\/\/demo8.thuythu.com\/lebaostore\/product\/apple-pencil-the-he-1\/"},"modified":"2022-01-21T11:51:55","modified_gmt":"2022-01-21T04:51:55","slug":"apple-pencil-the-he-1","status":"publish","type":"product","link":"https:\/\/demo8.thuythu.com\/lebaostore\/phu-kien\/apple-pencil-the-he-1\/","title":{"rendered":"Apple Pencil (th\u1ebf h\u1ec7 1)"},"content":{"rendered":"<div class=\"text-detail expand\">\n<p>Apple Pencil cho ph\u00e9p b\u1ea1n d\u1ec5 d\u00e0ng vi\u1ebft, \u0111\u00e1nh d\u1ea5u v\u00e0 v\u1ebd tr\u00ean iPad v\u1edbi \u0111\u1ed9 ch\u00ednh x\u00e1c \u0111\u1ebfn t\u1eebng \u0111i\u1ec3m \u1ea3nh, t\u1ef1 nhi\u00ean nh\u01b0 tr\u00ean gi\u1ea5y.<\/p>\n<p>Apple Pencil ho\u1ea1t \u0111\u1ed9ng ch\u00ednh x\u00e1c, nhanh nh\u1ea1y, tr\u01a1n tru m\u01b0\u1ee3t m\u00e0 nh\u01b0 m\u1ed9t c\u00e2y b\u00fat th\u00f4ng th\u01b0\u1eddng, v\u00e0 t\u00ednh linh ho\u1ea1t \u0111\u1ec3 l\u00e0m nhi\u1ec1u \u0111i\u1ec1u th\u00fa v\u1ecb h\u01a1n th\u1ebf n\u1eefa. V\u1edbi Apple Pencil, b\u1ea1n c\u00f3 th\u1ec3 bi\u1ebfn iPad th\u00e0nh s\u1ed5 ghi ch\u00e9p, toan v\u1ebd ho\u1eb7c b\u1ea5t c\u1ee9 th\u1ee9 g\u00ec b\u1ea1n c\u00f3 th\u1ec3 t\u01b0\u1edfng t\u01b0\u1ee3ng.<\/p>\n<\/p><\/div>\n","protected":false},"excerpt":{"rendered":"<p>Apple Pencil cho ph\u00e9p b\u1ea1n d\u1ec5 d\u00e0ng vi\u1ebft, \u0111\u00e1nh d\u1ea5u v\u00e0 v\u1ebd tr\u00ean iPad v\u1edbi \u0111\u1ed9 ch\u00ednh x\u00e1c \u0111\u1ebfn t\u1eebng \u0111i\u1ec3m \u1ea3nh, t\u1ef1 nhi\u00ean nh\u01b0 tr\u00ean gi\u1ea5y. Apple Pencil ho\u1ea1t \u0111\u1ed9ng ch\u00ednh x\u00e1c, nhanh nh\u1ea1y, tr\u01a1n tru m\u01b0\u1ee3t m\u00e0 nh\u01b0 m\u1ed9t c\u00e2y b\u00fat th\u00f4ng th\u01b0\u1eddng, v\u00e0 t\u00ednh linh ho\u1ea1t \u0111\u1ec3 l\u00e0m nhi\u1ec1u \u0111i\u1ec1u th\u00fa v\u1ecb &#8230; <a title=\"Apple Pencil (th\u1ebf h\u1ec7 1)\" class=\"read-more\" href=\"https:\/\/demo8.thuythu.com\/lebaostore\/phu-kien\/apple-pencil-the-he-1\/\" aria-label=\"More on Apple Pencil (th\u1ebf h\u1ec7 1)\">Read more<\/a><\/p>\n","protected":false},"featured_media":1653,"template":"","meta":[],"product_cat":[23],"product_tag":[],"_links":{"self":[{"href":"https:\/\/demo8.thuythu.com\/lebaostore\/wp-json\/wp\/v2\/product\/3092"}],"collection":[{"href":"https:\/\/demo8.thuythu.com\/lebaostore\/wp-json\/wp\/v2\/product"}],"about":[{"href":"https:\/\/demo8.thuythu.com\/lebaostore\/wp-json\/wp\/v2\/types\/product"}],"wp:featuredmedia":[{"embeddable":true,"href":"https:\/\/demo8.thuythu.com\/lebaostore\/wp-json\/wp\/v2\/media\/1653"}],"wp:attachment":[{"href":"https:\/\/demo8.thuythu.com\/lebaostore\/wp-json\/wp\/v2\/media?parent=3092"}],"wp:term":[{"taxonomy":"product_cat","embeddable":true,"href":"https:\/\/demo8.thuythu.com\/lebaostore\/wp-json\/wp\/v2\/product_cat?post=3092"},{"taxonomy":"product_tag","embeddable":true,"href":"https:\/\/demo8.thuythu.com\/lebaostore\/wp-json\/wp\/v2\/product_tag?post=3092"}],"curies":[{"name":"wp","href":"https:\/\/api.w.org\/{rel}","templated":true}]}}